{"id":1129,"date":"2020-05-04T22:58:38","date_gmt":"2020-05-04T22:58:38","guid":{"rendered":"https:\/\/saude.ufpr.br\/departamentodenutricao\/?page_id=1129"},"modified":"2023-10-05T15:17:35","modified_gmt":"2023-10-05T18:17:35","slug":"formularios","status":"publish","type":"page","link":"https:\/\/saude.ufpr.br\/departamentodenutricao\/formularios\/","title":{"rendered":"Formul\u00e1rios"},"content":{"rendered":"<p><strong>Discentes UFPR:<\/strong><\/p>\n<p><a href=\"https:\/\/saude.ufpr.br\/departamentodenutricao\/wp-content\/uploads\/sites\/53\/2022\/04\/Requerimento-de-Segunda-Chamada.pdf\">Requerimento de Segunda Chamada<\/a>\u00b9<\/p>\n<p>\u00b9 Enviar a documenta\u00e7\u00e3o necess\u00e1ria para <strong>nutricao@ufpr.br<\/strong><\/p>\n<p>\u00b9\u00a0O formul\u00e1rio do Requerimento deve ser enviado separado em formato <strong>PDF.<\/strong><\/p>\n<p><strong>Comunidade externa:<\/strong><\/p>\n<p><a href=\"https:\/\/saude.ufpr.br\/departamentodenutricao\/wp-content\/uploads\/sites\/53\/2022\/10\/Requerimento-Disciplinas-Isoladas-2022.2.pdf\">Requerimento Disciplinas Isoladas 2022.2<\/a>\u00b2<\/p>\n<p>\u00b2 Consultar instru\u00e7\u00f5es e agendamento em <strong>nutricao@ufpr.br<\/strong><\/p>\n<p>&nbsp;<\/p>\n","protected":false},"excerpt":{"rendered":"<p>Discentes UFPR: Requerimento de Segunda Chamada\u00b9 \u00b9 Enviar a documenta\u00e7\u00e3o necess\u00e1ria para nutricao@ufpr.br \u00b9\u00a0O formul\u00e1rio do Requerimento deve ser enviado separado em formato PDF. Comunidade externa: Requerimento Disciplinas Isoladas 2022.2\u00b2 \u00b2 Consultar instru\u00e7\u00f5es e agendamento em nutricao@ufpr.br &nbsp;<\/p>\n","protected":false},"author":1615,"featured_media":0,"parent":0,"menu_order":0,"comment_status":"closed","ping_status":"closed","template":"","meta":{"_acf_changed":false,"_uag_custom_page_level_css":"","footnotes":""},"class_list":["post-1129","page","type-page","status-publish","hentry"],"acf":[],"featured_image_src":null,"uagb_featured_image_src":{"full":false,"thumbnail":false,"medium":false,"medium_large":false,"large":false,"1536x1536":false,"2048x2048":false,"noticias-thumb":false,"banners-thumb":false,"maisnoticias-thumb":false,"post-thumbnail":false},"uagb_author_info":{"display_name":"Guilherme","author_link":"https:\/\/saude.ufpr.br\/departamentodenutricao\/author\/guilhermematos\/"},"uagb_comment_info":0,"uagb_excerpt":"Discentes UFPR: Requerimento de Segunda Chamada\u00b9 \u00b9 Enviar a documenta\u00e7\u00e3o necess\u00e1ria para nutricao@ufpr.br \u00b9\u00a0O formul\u00e1rio do Requerimento deve ser enviado separado em formato PDF. Comunidade externa: Requerimento Disciplinas Isoladas 2022.2\u00b2 \u00b2 Consultar instru\u00e7\u00f5es e agendamento em nutricao@ufpr.br &nbsp;","publishpress_future_action":{"enabled":false,"date":"2026-04-25 07:01:53","action":"change-status","newStatus":"draft","terms":[],"taxonomy":"","extraData":[]},"publishpress_future_workflow_manual_trigger":{"enabledWorkflows":[]},"_links":{"self":[{"href":"https:\/\/saude.ufpr.br\/departamentodenutricao\/wp-json\/wp\/v2\/pages\/1129","targetHints":{"allow":["GET"]}}],"collection":[{"href":"https:\/\/saude.ufpr.br\/departamentodenutricao\/wp-json\/wp\/v2\/pages"}],"about":[{"href":"https:\/\/saude.ufpr.br\/departamentodenutricao\/wp-json\/wp\/v2\/types\/page"}],"author":[{"embeddable":true,"href":"https:\/\/saude.ufpr.br\/departamentodenutricao\/wp-json\/wp\/v2\/users\/1615"}],"replies":[{"embeddable":true,"href":"https:\/\/saude.ufpr.br\/departamentodenutricao\/wp-json\/wp\/v2\/comments?post=1129"}],"version-history":[{"count":14,"href":"https:\/\/saude.ufpr.br\/departamentodenutricao\/wp-json\/wp\/v2\/pages\/1129\/revisions"}],"predecessor-version":[{"id":2386,"href":"https:\/\/saude.ufpr.br\/departamentodenutricao\/wp-json\/wp\/v2\/pages\/1129\/revisions\/2386"}],"wp:attachment":[{"href":"https:\/\/saude.ufpr.br\/departamentodenutricao\/wp-json\/wp\/v2\/media?parent=1129"}],"curies":[{"name":"wp","href":"https:\/\/api.w.org\/{rel}","templated":true}]}}