{"id":1237,"date":"2020-07-27T14:39:54","date_gmt":"2020-07-27T14:39:54","guid":{"rendered":"https:\/\/saude.ufpr.br\/departamentodenutricao\/?page_id=1237"},"modified":"2025-08-06T10:49:28","modified_gmt":"2025-08-06T13:49:28","slug":"contato","status":"publish","type":"page","link":"https:\/\/saude.ufpr.br\/departamentodenutricao\/contato\/","title":{"rendered":"Contato"},"content":{"rendered":"<p><strong>Correspond\u00eancia:<\/strong><\/p>\n<p>Departamento de Nutri\u00e7\u00e3o &#8211; UFPR<br \/>\nAvenida Prefeito Loth\u00e1rio Meissner, 632<br \/>\n(41) 3360-4133\/ 3360-4051<br \/>\nSetor de Ci\u00eancias da Sa\u00fade, Campus Jardim Bot\u00e2nico<br \/>\nCEP 80210-170 | Jardim Bot\u00e2nico | Curitiba | PR | Brasil<\/p>\n<p><strong>Hor\u00e1rio de Atendimento:<\/strong> 7h30 \u00e0s 11h30 e 13h30 \u00e0s 16h (segunda \u00e0 sexta-feira)<\/p>\n<p><strong>E-mail:<\/strong> nutricao@ufpr.br<\/p>\n<p><strong>Equipe<\/strong>:<br \/>\nChefe: Prof\u00aa Dr\u00aa Giane Bentinez Sprada<br \/>\nSuplente: Prof\u00aa Dr\u00aa Ang\u00e9lica Aparecida Mauricio<br \/>\nAssistente em Administra\u00e7\u00e3o: Vanessa Fernanda Aur\u00e9lio<\/p>\n<p>&nbsp;<\/p>\n<p><strong>Formul\u00e1rio:<\/strong><\/p>\n\n<div class=\"wpcf7 no-js\" id=\"wpcf7-f1190-o1\" lang=\"pt-BR\" dir=\"ltr\" data-wpcf7-id=\"1190\">\n<div class=\"screen-reader-response\"><p role=\"status\" aria-live=\"polite\" aria-atomic=\"true\"><\/p> <ul><\/ul><\/div>\n<form action=\"\/departamentodenutricao\/wp-json\/wp\/v2\/pages\/1237#wpcf7-f1190-o1\" method=\"post\" class=\"wpcf7-form init\" aria-label=\"Formul\u00e1rios de contato\" novalidate=\"novalidate\" data-status=\"init\">\n<fieldset class=\"hidden-fields-container\"><input type=\"hidden\" name=\"_wpcf7\" value=\"1190\" \/><input type=\"hidden\" name=\"_wpcf7_version\" value=\"6.1.5\" \/><input type=\"hidden\" name=\"_wpcf7_locale\" value=\"pt_BR\" \/><input type=\"hidden\" name=\"_wpcf7_unit_tag\" value=\"wpcf7-f1190-o1\" \/><input type=\"hidden\" name=\"_wpcf7_container_post\" value=\"0\" \/><input type=\"hidden\" name=\"_wpcf7_posted_data_hash\" value=\"\" \/>\n<\/fieldset>\n<p><label> Seu nome (obrigat\u00f3rio)<br \/>\n<span class=\"wpcf7-form-control-wrap\" data-name=\"your-name\"><input size=\"40\" maxlength=\"400\" class=\"wpcf7-form-control wpcf7-text wpcf7-validates-as-required\" aria-required=\"true\" aria-invalid=\"false\" value=\"\" type=\"text\" name=\"your-name\" \/><\/span> <\/label>\n<\/p>\n<p><label> Seu e-mail (obrigat\u00f3rio)<br \/>\n<span class=\"wpcf7-form-control-wrap\" data-name=\"your-email\"><input size=\"40\" maxlength=\"400\" class=\"wpcf7-form-control wpcf7-email wpcf7-validates-as-required wpcf7-text wpcf7-validates-as-email\" aria-required=\"true\" aria-invalid=\"false\" value=\"\" type=\"email\" name=\"your-email\" \/><\/span> <\/label>\n<\/p>\n<p><label> Assunto<br \/>\n<span class=\"wpcf7-form-control-wrap\" data-name=\"your-subject\"><input size=\"40\" maxlength=\"400\" class=\"wpcf7-form-control wpcf7-text\" aria-invalid=\"false\" value=\"\" type=\"text\" name=\"your-subject\" \/><\/span> <\/label>\n<\/p>\n<p><label> Sua mensagem<br \/>\n<span class=\"wpcf7-form-control-wrap\" data-name=\"your-message\"><textarea cols=\"40\" rows=\"10\" maxlength=\"2000\" class=\"wpcf7-form-control wpcf7-textarea\" aria-invalid=\"false\" name=\"your-message\"><\/textarea><\/span><br \/>\n<\/label>\n<\/p>\n<p><input class=\"wpcf7-form-control wpcf7-submit has-spinner\" type=\"submit\" value=\"Enviar\" \/>\n<\/p><div class=\"wpcf7-response-output\" aria-hidden=\"true\"><\/div>\n<\/form>\n<\/div>\n\n","protected":false},"excerpt":{"rendered":"<p>Correspond\u00eancia: Departamento de Nutri\u00e7\u00e3o &#8211; UFPR Avenida Prefeito Loth\u00e1rio Meissner, 632 (41) 3360-4133\/ 3360-4051 Setor de Ci\u00eancias da Sa\u00fade, Campus Jardim Bot\u00e2nico CEP 80210-170 | Jardim Bot\u00e2nico | Curitiba | PR | Brasil Hor\u00e1rio de Atendimento: 7h30 \u00e0s 11h30 e 13h30 \u00e0s 16h (segunda \u00e0 sexta-feira) E-mail: nutricao@ufpr.br Equipe: Chefe: Prof\u00aa Dr\u00aa Giane Bentinez Sprada<br \/> <a href=\"https:\/\/saude.ufpr.br\/departamentodenutricao\/contato\/\" class=\"button success small readmore\">Leia mais<\/a><\/p>\n","protected":false},"author":15,"featured_media":0,"parent":0,"menu_order":0,"comment_status":"closed","ping_status":"closed","template":"","meta":{"_acf_changed":false,"_uag_custom_page_level_css":"","footnotes":""},"class_list":["post-1237","page","type-page","status-publish","hentry"],"acf":[],"featured_image_src":null,"uagb_featured_image_src":{"full":false,"thumbnail":false,"medium":false,"medium_large":false,"large":false,"1536x1536":false,"2048x2048":false,"noticias-thumb":false,"banners-thumb":false,"maisnoticias-thumb":false,"post-thumbnail":false},"uagb_author_info":{"display_name":"Andrea Jankoski","author_link":"https:\/\/saude.ufpr.br\/departamentodenutricao\/author\/andrea\/"},"uagb_comment_info":0,"uagb_excerpt":"Correspond\u00eancia: Departamento de Nutri\u00e7\u00e3o &#8211; UFPR Avenida Prefeito Loth\u00e1rio Meissner, 632 (41) 3360-4133\/ 3360-4051 Setor de Ci\u00eancias da Sa\u00fade, Campus Jardim Bot\u00e2nico CEP 80210-170 | Jardim Bot\u00e2nico | Curitiba | PR | Brasil Hor\u00e1rio de Atendimento: 7h30 \u00e0s 11h30 e 13h30 \u00e0s 16h (segunda \u00e0 sexta-feira) E-mail: nutricao@ufpr.br Equipe: Chefe: Prof\u00aa Dr\u00aa Giane Bentinez Sprada&hellip;","publishpress_future_action":{"enabled":false,"date":"2026-04-22 06:20:57","action":"change-status","newStatus":"draft","terms":[],"taxonomy":"","extraData":[]},"publishpress_future_workflow_manual_trigger":{"enabledWorkflows":[]},"_links":{"self":[{"href":"https:\/\/saude.ufpr.br\/departamentodenutricao\/wp-json\/wp\/v2\/pages\/1237","targetHints":{"allow":["GET"]}}],"collection":[{"href":"https:\/\/saude.ufpr.br\/departamentodenutricao\/wp-json\/wp\/v2\/pages"}],"about":[{"href":"https:\/\/saude.ufpr.br\/departamentodenutricao\/wp-json\/wp\/v2\/types\/page"}],"author":[{"embeddable":true,"href":"https:\/\/saude.ufpr.br\/departamentodenutricao\/wp-json\/wp\/v2\/users\/15"}],"replies":[{"embeddable":true,"href":"https:\/\/saude.ufpr.br\/departamentodenutricao\/wp-json\/wp\/v2\/comments?post=1237"}],"version-history":[{"count":17,"href":"https:\/\/saude.ufpr.br\/departamentodenutricao\/wp-json\/wp\/v2\/pages\/1237\/revisions"}],"predecessor-version":[{"id":2702,"href":"https:\/\/saude.ufpr.br\/departamentodenutricao\/wp-json\/wp\/v2\/pages\/1237\/revisions\/2702"}],"wp:attachment":[{"href":"https:\/\/saude.ufpr.br\/departamentodenutricao\/wp-json\/wp\/v2\/media?parent=1237"}],"curies":[{"name":"wp","href":"https:\/\/api.w.org\/{rel}","templated":true}]}}