{"id":1470,"date":"2020-08-11T20:21:52","date_gmt":"2020-08-11T23:21:52","guid":{"rendered":"https:\/\/saude.ufpr.br\/departamentodenutricao\/?page_id=1470"},"modified":"2020-08-15T08:57:37","modified_gmt":"2020-08-15T11:57:37","slug":"higiene-de-alimentos","status":"publish","type":"page","link":"https:\/\/saude.ufpr.br\/departamentodenutricao\/laboratorios\/higiene-de-alimentos\/","title":{"rendered":"Higiene de Alimentos"},"content":{"rendered":"<p style=\"text-align: center\"><strong>Laborat\u00f3rio de Higiene de Alimentos<\/strong><\/p>\r\n<p>Prof\u00aa. Respons\u00e1vel: Lize\u00a0Stangarlin<\/p>\r\n<p>T\u00e9cnico: Jaqueline Leobet<\/p>\r\n<p>Hor\u00e1rio de atendimento: segunda e ter\u00e7a-feira &#8211; 09:30 \u00e0s 12:00 e 13:00 \u00e0s 18:30 <br \/>\u00a0 \u00a0 \u00a0 \u00a0 \u00a0 \u00a0 \u00a0 \u00a0 \u00a0 \u00a0 \u00a0 \u00a0 \u00a0 \u00a0 \u00a0 \u00a0 \u00a0 \u00a0 \u00a0 \u00a0 \u00a0 \u00a0 quarta, quinta e sexta-feira &#8211; 07:30 \u00e0s 12:00 e 13:00 \u00e0s 16:30<\/p>\r\n\r\n<h1 style=\"text-align: center\"><strong>Agenda<\/strong><\/h1>\r\n<div id=\"divParametros\">\r\n<p id=\"urlIframe\" style=\"color: white;font-size: 0px\">https:\/\/outlook.office365.com\/owa\/calendar\/21a1335810184c7ea3eb70a34c2b5542@ufpr.br\/ae139621883c49cfab11980a30e1e9ce10741809250704414359\/calendar.html<\/p>\r\n<p id=\"parametrosIframe\" style=\"color: white;font-size: 0px\">position: relative; left:-30px; top: -55px;<\/p>\r\n<p id=\"heightIFrame\" style=\"color: white;font-size: 0px\">500<\/p>\r\n<p id=\"widthIFrame\" style=\"color: white;font-size: 0px\">100%<\/p>\r\n<p id=\"scrollingIframe\" style=\"color: white;font-size: 0px\">no<\/p>\r\n<\/div>\r\n<div id=\"showIframe\" style=\"width: 100%;height: 500px;overflow: hidden\">\u00a0<\/div>\r\n<p>Voc\u00ea pode incorporar esta agenda em seu pr\u00f3prio calend\u00e1rio, pelo <a href=\"https:\/\/outlook.office365.com\/owa\/calendar\/21a1335810184c7ea3eb70a34c2b5542@ufpr.br\/ae139621883c49cfab11980a30e1e9ce10741809250704414359\/calendar.ics\">link<\/a>.<\/p>\r\n\r\n<p>&nbsp;<\/p>","protected":false},"excerpt":{"rendered":"<p>Laborat\u00f3rio de Higiene de Alimentos Prof\u00aa. Respons\u00e1vel: Lize\u00a0Stangarlin T\u00e9cnico: Jaqueline Leobet Hor\u00e1rio de atendimento: segunda e ter\u00e7a-feira &#8211; 09:30 \u00e0s 12:00 e 13:00 \u00e0s 18:30 \u00a0 \u00a0 \u00a0 \u00a0 \u00a0 \u00a0 \u00a0 \u00a0 \u00a0 \u00a0 \u00a0 \u00a0 \u00a0 \u00a0 \u00a0 \u00a0 \u00a0 \u00a0 \u00a0 \u00a0 \u00a0 \u00a0 quarta, quinta e sexta-feira &#8211; 07:30 \u00e0s 12:00<br \/> <a href=\"https:\/\/saude.ufpr.br\/departamentodenutricao\/laboratorios\/higiene-de-alimentos\/\" class=\"button success small readmore\">Leia mais<\/a><\/p>\n","protected":false},"author":1676,"featured_media":0,"parent":1113,"menu_order":0,"comment_status":"closed","ping_status":"closed","template":"","meta":{"_acf_changed":false,"_uag_custom_page_level_css":"","footnotes":""},"class_list":["post-1470","page","type-page","status-publish","hentry"],"acf":[],"featured_image_src":null,"uagb_featured_image_src":{"full":false,"thumbnail":false,"medium":false,"medium_large":false,"large":false,"1536x1536":false,"2048x2048":false,"noticias-thumb":false,"banners-thumb":false,"maisnoticias-thumb":false,"post-thumbnail":false},"uagb_author_info":{"display_name":"Luiz","author_link":"https:\/\/saude.ufpr.br\/departamentodenutricao\/author\/luiz\/"},"uagb_comment_info":0,"uagb_excerpt":"Laborat\u00f3rio de Higiene de Alimentos Prof\u00aa. Respons\u00e1vel: Lize\u00a0Stangarlin T\u00e9cnico: Jaqueline Leobet Hor\u00e1rio de atendimento: segunda e ter\u00e7a-feira &#8211; 09:30 \u00e0s 12:00 e 13:00 \u00e0s 18:30 \u00a0 \u00a0 \u00a0 \u00a0 \u00a0 \u00a0 \u00a0 \u00a0 \u00a0 \u00a0 \u00a0 \u00a0 \u00a0 \u00a0 \u00a0 \u00a0 \u00a0 \u00a0 \u00a0 \u00a0 \u00a0 \u00a0 quarta, quinta e sexta-feira &#8211; 07:30 \u00e0s 12:00&hellip;","publishpress_future_action":{"enabled":false,"date":"2026-05-02 16:01:34","action":"change-status","newStatus":"draft","terms":[],"taxonomy":"","extraData":[]},"publishpress_future_workflow_manual_trigger":{"enabledWorkflows":[]},"_links":{"self":[{"href":"https:\/\/saude.ufpr.br\/departamentodenutricao\/wp-json\/wp\/v2\/pages\/1470","targetHints":{"allow":["GET"]}}],"collection":[{"href":"https:\/\/saude.ufpr.br\/departamentodenutricao\/wp-json\/wp\/v2\/pages"}],"about":[{"href":"https:\/\/saude.ufpr.br\/departamentodenutricao\/wp-json\/wp\/v2\/types\/page"}],"author":[{"embeddable":true,"href":"https:\/\/saude.ufpr.br\/departamentodenutricao\/wp-json\/wp\/v2\/users\/1676"}],"replies":[{"embeddable":true,"href":"https:\/\/saude.ufpr.br\/departamentodenutricao\/wp-json\/wp\/v2\/comments?post=1470"}],"version-history":[{"count":6,"href":"https:\/\/saude.ufpr.br\/departamentodenutricao\/wp-json\/wp\/v2\/pages\/1470\/revisions"}],"predecessor-version":[{"id":1586,"href":"https:\/\/saude.ufpr.br\/departamentodenutricao\/wp-json\/wp\/v2\/pages\/1470\/revisions\/1586"}],"up":[{"embeddable":true,"href":"https:\/\/saude.ufpr.br\/departamentodenutricao\/wp-json\/wp\/v2\/pages\/1113"}],"wp:attachment":[{"href":"https:\/\/saude.ufpr.br\/departamentodenutricao\/wp-json\/wp\/v2\/media?parent=1470"}],"curies":[{"name":"wp","href":"https:\/\/api.w.org\/{rel}","templated":true}]}}