{"id":1474,"date":"2020-08-11T20:24:56","date_gmt":"2020-08-11T23:24:56","guid":{"rendered":"https:\/\/saude.ufpr.br\/departamentodenutricao\/?page_id=1474"},"modified":"2026-04-28T13:50:03","modified_gmt":"2026-04-28T16:50:03","slug":"unidade-metabolica","status":"publish","type":"page","link":"https:\/\/saude.ufpr.br\/departamentodenutricao\/laboratorios\/unidade-metabolica\/","title":{"rendered":"Unidade Metab\u00f3lica"},"content":{"rendered":"<p style=\"text-align: center;\"><b><span data-contrast=\"auto\">Unidade Metab\u00f3lica \u201c<\/span><\/b><b><span data-contrast=\"auto\">Prof\u00aa<\/span><\/b><b><span data-contrast=\"auto\">. Maria Em\u00edlia\u00a0<\/span><\/b><b><span data-contrast=\"auto\">Daudt<\/span><\/b><b><span data-contrast=\"auto\">\u00a0von der\u00a0<\/span><\/b><b><span data-contrast=\"auto\">Heyde<\/span><\/b><b><span data-contrast=\"auto\">\u201c<\/span><\/b><span data-contrast=\"auto\">\u00a0<\/span><span data-ccp-props=\"{&quot;201341983&quot;:0,&quot;335559739&quot;:160,&quot;335559740&quot;:259}\">\u00a0<\/span><\/p>\n<p>Prof\u00aa. Respons\u00e1vel: Simone Bernardes<\/p>\n<p>T\u00e9cnico: Nutricionista Mariane Roratto Foletto<\/p>\n<p>Hor\u00e1rio de atendimento: 7:30 \u00e0s 12:00 \u2013 13:00 \u00e0s 16:30<\/p>\n<p>E-mail: unidade.metabolica@ufpr.br<\/p>\n<p>Endere\u00e7o: Rua Padre Camargo, 285 (Fundos) \u2013 Alto da Gl\u00f3ria | Curitiba-PR | CEP 80060-240<\/p>\n<hr \/>\n<h4 style=\"text-align: center;\"><strong>Solicita\u00e7\u00e3o para utiliza\u00e7\u00e3o e\/ou empr\u00e9stimo de materiais da Unidade Metab\u00f3lica (UM)<\/strong><\/h4>\n<p>Para solicitar a utiliza\u00e7\u00e3o e\/ou empr\u00e9stimo de materiais da Unidade Metab\u00f3lica do Departamento de Nutri\u00e7\u00e3o da UFPR, siga as seguintes etapas:<\/p>\n<ol>\n<li><strong>Procedimento para a solicita\u00e7\u00e3o<\/strong> de agendamento de utiliza\u00e7\u00e3o e\/ou empr\u00e9stimo de materiais da UM. (<a href=\"https:\/\/saude.ufpr.br\/departamentodenutricao\/wp-content\/uploads\/sites\/53\/2026\/03\/POP-PROCEDIMENTO-PARA-SOLICITACAO-DE-AGENDAMENTO-DE-UTILIZACAO-E-OU-EMPRESTIMO-DE-MATERIAIS-DA-UM.pdf\">POP<\/a>)<\/li>\n<li><strong>Verifica\u00e7\u00e3o de Disponibilidade<\/strong>: Consulte a agenda da Unidade Metab\u00f3lica para confirmar as datas dispon\u00edveis.\u00a0 <a href=\"https:\/\/outlook.office365.com\/owa\/calendar\/47b9683040f8403698059fe2db108823@ufpr.br\/436de7fe1fd34eeb9e2648f28d22c0c77030818594748592254\/calendar.html\" target=\"_blank\" rel=\"noopener\">Acesse aqui o Calend\u00e1rio da Unidade Metab\u00f3lica<\/a>.<\/li>\n<li><strong>Normas da Unidade Metab\u00f3lica<\/strong>: Leia atentamente as Normas de uso e empr\u00e9stimos de materiais da Unidade Metab\u00f3lica, dispon\u00edveis no <a href=\"https:\/\/saude.ufpr.br\/departamentodenutricao\/wp-content\/uploads\/sites\/53\/2026\/03\/NORMAS-DE-UTILIZACAO-E_OU-EMPRESTIMO-DE-MATERIAIS-DA-UNIDADE-METABOLICA_02MAR26.pdf\" target=\"_blank\" rel=\"noopener\">link<\/a>.<\/li>\n<li><strong>Preenchimento do Formul\u00e1rio<\/strong>: Acesse o formul\u00e1rio de solicita\u00e7\u00e3o por meio do <a href=\"https:\/\/saude.ufpr.br\/departamentodenutricao\/wp-content\/uploads\/sites\/53\/2026\/03\/FORMULARIO-SOLICITACAO-DE-USO-DA-UNIDADE-METABOLICA_02MAR2026.pdf\" target=\"_blank\" rel=\"noopener\">link<\/a> e preencha todos os campos obrigat\u00f3rios.<\/li>\n<\/ol>\n<p>A solicita\u00e7\u00e3o ser\u00e1 analisada pela equipe respons\u00e1vel, e o agendamento ser\u00e1 confirmado mediante disponibilidade e conformidade com os requisitos.<\/p>\n<p><span style=\"color: #993300;\"><strong>Em caso de d\u00favidas, entre em contato com a coordena\u00e7\u00e3o da unidade metab\u00f3lica pelo telefone (41) 3360-4140 ou (41) 3360-7229 ou pelo e-mail unidade.metabolica@ufpr.br<\/strong><\/span><\/p>\n","protected":false},"excerpt":{"rendered":"<p>Unidade Metab\u00f3lica \u201cProf\u00aa. Maria Em\u00edlia\u00a0Daudt\u00a0von der\u00a0Heyde\u201c\u00a0\u00a0 Prof\u00aa. Respons\u00e1vel: Simone Bernardes T\u00e9cnico: Nutricionista Mariane Roratto Foletto Hor\u00e1rio de atendimento: 7:30 \u00e0s 12:00 \u2013 13:00 \u00e0s 16:30 E-mail: unidade.metabolica@ufpr.br Endere\u00e7o: Rua Padre Camargo, 285 (Fundos) \u2013 Alto da Gl\u00f3ria | Curitiba-PR | CEP 80060-240 Solicita\u00e7\u00e3o para utiliza\u00e7\u00e3o e\/ou empr\u00e9stimo de materiais da Unidade Metab\u00f3lica (UM) Para solicitar<br \/> <a href=\"https:\/\/saude.ufpr.br\/departamentodenutricao\/laboratorios\/unidade-metabolica\/\" class=\"button success small readmore\">Leia mais<\/a><\/p>\n","protected":false},"author":1676,"featured_media":0,"parent":1113,"menu_order":0,"comment_status":"closed","ping_status":"closed","template":"","meta":{"_acf_changed":false,"_uag_custom_page_level_css":"","footnotes":""},"class_list":["post-1474","page","type-page","status-publish","hentry"],"acf":[],"featured_image_src":null,"uagb_featured_image_src":{"full":false,"thumbnail":false,"medium":false,"medium_large":false,"large":false,"1536x1536":false,"2048x2048":false,"noticias-thumb":false,"banners-thumb":false,"maisnoticias-thumb":false,"post-thumbnail":false},"uagb_author_info":{"display_name":"Luiz","author_link":"https:\/\/saude.ufpr.br\/departamentodenutricao\/author\/luiz\/"},"uagb_comment_info":0,"uagb_excerpt":"Unidade Metab\u00f3lica \u201cProf\u00aa. Maria Em\u00edlia\u00a0Daudt\u00a0von der\u00a0Heyde\u201c\u00a0\u00a0 Prof\u00aa. Respons\u00e1vel: Simone Bernardes T\u00e9cnico: Nutricionista Mariane Roratto Foletto Hor\u00e1rio de atendimento: 7:30 \u00e0s 12:00 \u2013 13:00 \u00e0s 16:30 E-mail: unidade.metabolica@ufpr.br Endere\u00e7o: Rua Padre Camargo, 285 (Fundos) \u2013 Alto da Gl\u00f3ria | Curitiba-PR | CEP 80060-240 Solicita\u00e7\u00e3o para utiliza\u00e7\u00e3o e\/ou empr\u00e9stimo de materiais da Unidade Metab\u00f3lica (UM) Para solicitar&hellip;","publishpress_future_action":{"enabled":false,"date":"2026-05-18 01:01:35","action":"change-status","newStatus":"draft","terms":[],"taxonomy":"","extraData":[]},"publishpress_future_workflow_manual_trigger":{"enabledWorkflows":[]},"_links":{"self":[{"href":"https:\/\/saude.ufpr.br\/departamentodenutricao\/wp-json\/wp\/v2\/pages\/1474","targetHints":{"allow":["GET"]}}],"collection":[{"href":"https:\/\/saude.ufpr.br\/departamentodenutricao\/wp-json\/wp\/v2\/pages"}],"about":[{"href":"https:\/\/saude.ufpr.br\/departamentodenutricao\/wp-json\/wp\/v2\/types\/page"}],"author":[{"embeddable":true,"href":"https:\/\/saude.ufpr.br\/departamentodenutricao\/wp-json\/wp\/v2\/users\/1676"}],"replies":[{"embeddable":true,"href":"https:\/\/saude.ufpr.br\/departamentodenutricao\/wp-json\/wp\/v2\/comments?post=1474"}],"version-history":[{"count":25,"href":"https:\/\/saude.ufpr.br\/departamentodenutricao\/wp-json\/wp\/v2\/pages\/1474\/revisions"}],"predecessor-version":[{"id":3096,"href":"https:\/\/saude.ufpr.br\/departamentodenutricao\/wp-json\/wp\/v2\/pages\/1474\/revisions\/3096"}],"up":[{"embeddable":true,"href":"https:\/\/saude.ufpr.br\/departamentodenutricao\/wp-json\/wp\/v2\/pages\/1113"}],"wp:attachment":[{"href":"https:\/\/saude.ufpr.br\/departamentodenutricao\/wp-json\/wp\/v2\/media?parent=1474"}],"curies":[{"name":"wp","href":"https:\/\/api.w.org\/{rel}","templated":true}]}}