{"id":1478,"date":"2020-08-11T20:25:43","date_gmt":"2020-08-11T23:25:43","guid":{"rendered":"https:\/\/saude.ufpr.br\/departamentodenutricao\/?page_id=1478"},"modified":"2020-08-15T08:57:15","modified_gmt":"2020-08-15T11:57:15","slug":"pos-graduacao","status":"publish","type":"page","link":"https:\/\/saude.ufpr.br\/departamentodenutricao\/laboratorios\/pos-graduacao\/","title":{"rendered":"Pesquisa e P\u00f3s-Gradua\u00e7\u00e3o\u00a0"},"content":{"rendered":"<p style=\"text-align: center\"><strong>Laborat\u00f3rio de Pesquisa e P\u00f3s-Gradua\u00e7\u00e3o<\/strong><\/p>\r\nProf\u00aa. Respons\u00e1vel: Cl\u00e1udia Carneiro\u00a0Hecke\u00a0Kr\u00fcger\r\n\r\nT\u00e9cnico: Jair Jos\u00e9 de Lima\r\n\r\nHor\u00e1rio de atendimento: 8:00 \u00e0s 12:00 &#8211; 13:00 \u00e0s 17:00\r\n<h1 style=\"text-align: center\"><strong>Agenda<\/strong><\/h1>\r\n<div id=\"divParametros\">\r\n<p id=\"urlIframe\" style=\"color: white;font-size: 0px\">https:\/\/outlook.office365.com\/owa\/calendar\/21a1335810184c7ea3eb70a34c2b5542@ufpr.br\/8548d253671f40809c83a6f7d5e3aca97657261064741758343\/calendar.html<\/p>\r\n<p id=\"parametrosIframe\" style=\"color: white;font-size: 0px\">position: relative; left:-30px; top: -55px;<\/p>\r\n<p id=\"heightIFrame\" style=\"color: white;font-size: 0px\">500<\/p>\r\n<p id=\"widthIFrame\" style=\"color: white;font-size: 0px\">100%<\/p>\r\n<p id=\"scrollingIframe\" style=\"color: white;font-size: 0px\">no<\/p>\r\n\r\n<\/div>\r\n<div id=\"showIframe\" style=\"width: 100%;height: 500px;overflow: hidden\"><\/div>\r\nVoc\u00ea pode incorporar esta agenda em seu pr\u00f3prio calend\u00e1rio, pelo <a href=\"https:\/\/outlook.office365.com\/owa\/calendar\/21a1335810184c7ea3eb70a34c2b5542@ufpr.br\/8548d253671f40809c83a6f7d5e3aca97657261064741758343\/calendar.ics\">link<\/a>.\r\n<!-- \/wp:post-content -->","protected":false},"excerpt":{"rendered":"<p>Laborat\u00f3rio de Pesquisa e P\u00f3s-Gradua\u00e7\u00e3o Prof\u00aa. Respons\u00e1vel: Cl\u00e1udia Carneiro\u00a0Hecke\u00a0Kr\u00fcger T\u00e9cnico: Jair Jos\u00e9 de Lima Hor\u00e1rio de atendimento: 8:00 \u00e0s 12:00 &#8211; 13:00 \u00e0s 17:00 Agenda https:\/\/outlook.office365.com\/owa\/calendar\/21a1335810184c7ea3eb70a34c2b5542@ufpr.br\/8548d253671f40809c83a6f7d5e3aca97657261064741758343\/calendar.html position: relative; left:-30px; top: -55px; 500 100% no Voc\u00ea pode incorporar esta agenda em seu pr\u00f3prio calend\u00e1rio, pelo link.<\/p>\n","protected":false},"author":1676,"featured_media":0,"parent":1113,"menu_order":0,"comment_status":"closed","ping_status":"closed","template":"","meta":{"_acf_changed":false,"_uag_custom_page_level_css":"","footnotes":""},"class_list":["post-1478","page","type-page","status-publish","hentry"],"acf":[],"featured_image_src":null,"uagb_featured_image_src":{"full":false,"thumbnail":false,"medium":false,"medium_large":false,"large":false,"1536x1536":false,"2048x2048":false,"noticias-thumb":false,"banners-thumb":false,"maisnoticias-thumb":false,"post-thumbnail":false},"uagb_author_info":{"display_name":"Luiz","author_link":"https:\/\/saude.ufpr.br\/departamentodenutricao\/author\/luiz\/"},"uagb_comment_info":0,"uagb_excerpt":"Laborat\u00f3rio de Pesquisa e P\u00f3s-Gradua\u00e7\u00e3o Prof\u00aa. Respons\u00e1vel: Cl\u00e1udia Carneiro\u00a0Hecke\u00a0Kr\u00fcger T\u00e9cnico: Jair Jos\u00e9 de Lima Hor\u00e1rio de atendimento: 8:00 \u00e0s 12:00 &#8211; 13:00 \u00e0s 17:00 Agenda https:\/\/outlook.office365.com\/owa\/calendar\/21a1335810184c7ea3eb70a34c2b5542@ufpr.br\/8548d253671f40809c83a6f7d5e3aca97657261064741758343\/calendar.html position: relative; left:-30px; top: -55px; 500 100% no Voc\u00ea pode incorporar esta agenda em seu pr\u00f3prio calend\u00e1rio, pelo link.","publishpress_future_action":{"enabled":false,"date":"2026-04-10 17:02:30","action":"change-status","newStatus":"draft","terms":[],"taxonomy":"","extraData":[]},"publishpress_future_workflow_manual_trigger":{"enabledWorkflows":[]},"_links":{"self":[{"href":"https:\/\/saude.ufpr.br\/departamentodenutricao\/wp-json\/wp\/v2\/pages\/1478","targetHints":{"allow":["GET"]}}],"collection":[{"href":"https:\/\/saude.ufpr.br\/departamentodenutricao\/wp-json\/wp\/v2\/pages"}],"about":[{"href":"https:\/\/saude.ufpr.br\/departamentodenutricao\/wp-json\/wp\/v2\/types\/page"}],"author":[{"embeddable":true,"href":"https:\/\/saude.ufpr.br\/departamentodenutricao\/wp-json\/wp\/v2\/users\/1676"}],"replies":[{"embeddable":true,"href":"https:\/\/saude.ufpr.br\/departamentodenutricao\/wp-json\/wp\/v2\/comments?post=1478"}],"version-history":[{"count":5,"href":"https:\/\/saude.ufpr.br\/departamentodenutricao\/wp-json\/wp\/v2\/pages\/1478\/revisions"}],"predecessor-version":[{"id":1585,"href":"https:\/\/saude.ufpr.br\/departamentodenutricao\/wp-json\/wp\/v2\/pages\/1478\/revisions\/1585"}],"up":[{"embeddable":true,"href":"https:\/\/saude.ufpr.br\/departamentodenutricao\/wp-json\/wp\/v2\/pages\/1113"}],"wp:attachment":[{"href":"https:\/\/saude.ufpr.br\/departamentodenutricao\/wp-json\/wp\/v2\/media?parent=1478"}],"curies":[{"name":"wp","href":"https:\/\/api.w.org\/{rel}","templated":true}]}}