{"id":1482,"date":"2020-08-11T20:26:26","date_gmt":"2020-08-11T23:26:26","guid":{"rendered":"https:\/\/saude.ufpr.br\/departamentodenutricao\/?page_id=1482"},"modified":"2020-08-12T22:37:07","modified_gmt":"2020-08-13T01:37:07","slug":"avaliacao-nutricional","status":"publish","type":"page","link":"https:\/\/saude.ufpr.br\/departamentodenutricao\/laboratorios\/avaliacao-nutricional\/","title":{"rendered":"Avalia\u00e7\u00e3o Nutricional"},"content":{"rendered":"<p style=\"text-align: center\"><b><span data-contrast=\"auto\">Laborat\u00f3rio de Avalia\u00e7\u00e3o Nutricional &#8220;<\/span><\/b><b><span data-contrast=\"auto\">Prof\u00aa<\/span><\/b><b><span data-contrast=\"auto\">. Suely Teresinha Schmidt&#8221;<\/span><\/b><span data-contrast=\"auto\">\u00a0<\/span><span data-ccp-props=\"{&quot;201341983&quot;:0,&quot;335559739&quot;:160,&quot;335559740&quot;:259}\">\u00a0<\/span><\/p>\r\n<p>Prof\u00aa. Respons\u00e1vel: Sandra Patricia Crispim<\/p>\r\n<p>T\u00e9cnica:\u00a0Adriana\u00a0Serenato\u00a0de Souza<\/p>\r\n<p>Hor\u00e1rio de atendimento: 8:00 \u00e0s 12:00 &#8211; 13:00 \u00e0s 16:00<\/p>\r\n\r\n<h1 style=\"text-align: center\"><strong>Agenda<\/strong><\/h1>\r\n<div id=\"divParametros\">\r\n<p id=\"urlIframe\" style=\"color: white;font-size: 0px\">https:\/\/outlook.office365.com\/owa\/calendar\/21a1335810184c7ea3eb70a34c2b5542@ufpr.br\/8efa43d22c84475eb740435e6ed4c08210853652073712885770\/calendar.html<\/p>\r\n<p id=\"parametrosIframe\" style=\"color: white;font-size: 0px\">position: relative; left:-30px; top: -55px;<\/p>\r\n<p id=\"heightIFrame\" style=\"color: white;font-size: 0px\">500<\/p>\r\n<p id=\"widthIFrame\" style=\"color: white;font-size: 0px\">100%<\/p>\r\n<p id=\"scrollingIframe\" style=\"color: white;font-size: 0px\">no<\/p>\r\n<\/div>\r\n<div id=\"showIframe\" style=\"width: 100%;height: 500px;overflow: hidden\">\u00a0<\/div>\r\n<p>Voc\u00ea pode incorporar esta agenda em seu pr\u00f3prio calend\u00e1rio, pelo <a href=\"https:\/\/outlook.office365.com\/owa\/calendar\/21a1335810184c7ea3eb70a34c2b5542@ufpr.br\/8efa43d22c84475eb740435e6ed4c08210853652073712885770\/calendar.ics\">link<\/a>.<\/p>\r\n","protected":false},"excerpt":{"rendered":"<p>Laborat\u00f3rio de Avalia\u00e7\u00e3o Nutricional &#8220;Prof\u00aa. Suely Teresinha Schmidt&#8221;\u00a0\u00a0 Prof\u00aa. Respons\u00e1vel: Sandra Patricia Crispim T\u00e9cnica:\u00a0Adriana\u00a0Serenato\u00a0de Souza Hor\u00e1rio de atendimento: 8:00 \u00e0s 12:00 &#8211; 13:00 \u00e0s 16:00 Agenda https:\/\/outlook.office365.com\/owa\/calendar\/21a1335810184c7ea3eb70a34c2b5542@ufpr.br\/8efa43d22c84475eb740435e6ed4c08210853652073712885770\/calendar.html position: relative; left:-30px; top: -55px; 500 100% no \u00a0 Voc\u00ea pode incorporar esta agenda em seu pr\u00f3prio calend\u00e1rio, pelo link.<\/p>\n","protected":false},"author":1676,"featured_media":0,"parent":1113,"menu_order":0,"comment_status":"closed","ping_status":"closed","template":"","meta":{"_acf_changed":false,"_uag_custom_page_level_css":"","footnotes":""},"class_list":["post-1482","page","type-page","status-publish","hentry"],"acf":[],"featured_image_src":null,"uagb_featured_image_src":{"full":false,"thumbnail":false,"medium":false,"medium_large":false,"large":false,"1536x1536":false,"2048x2048":false,"noticias-thumb":false,"banners-thumb":false,"maisnoticias-thumb":false,"post-thumbnail":false},"uagb_author_info":{"display_name":"Luiz","author_link":"https:\/\/saude.ufpr.br\/departamentodenutricao\/author\/luiz\/"},"uagb_comment_info":0,"uagb_excerpt":"Laborat\u00f3rio de Avalia\u00e7\u00e3o Nutricional &#8220;Prof\u00aa. Suely Teresinha Schmidt&#8221;\u00a0\u00a0 Prof\u00aa. Respons\u00e1vel: Sandra Patricia Crispim T\u00e9cnica:\u00a0Adriana\u00a0Serenato\u00a0de Souza Hor\u00e1rio de atendimento: 8:00 \u00e0s 12:00 &#8211; 13:00 \u00e0s 16:00 Agenda https:\/\/outlook.office365.com\/owa\/calendar\/21a1335810184c7ea3eb70a34c2b5542@ufpr.br\/8efa43d22c84475eb740435e6ed4c08210853652073712885770\/calendar.html position: relative; left:-30px; top: -55px; 500 100% no \u00a0 Voc\u00ea pode incorporar esta agenda em seu pr\u00f3prio calend\u00e1rio, pelo link.","publishpress_future_action":{"enabled":false,"date":"2026-04-30 05:51:40","action":"change-status","newStatus":"draft","terms":[],"taxonomy":"","extraData":[]},"publishpress_future_workflow_manual_trigger":{"enabledWorkflows":[]},"_links":{"self":[{"href":"https:\/\/saude.ufpr.br\/departamentodenutricao\/wp-json\/wp\/v2\/pages\/1482","targetHints":{"allow":["GET"]}}],"collection":[{"href":"https:\/\/saude.ufpr.br\/departamentodenutricao\/wp-json\/wp\/v2\/pages"}],"about":[{"href":"https:\/\/saude.ufpr.br\/departamentodenutricao\/wp-json\/wp\/v2\/types\/page"}],"author":[{"embeddable":true,"href":"https:\/\/saude.ufpr.br\/departamentodenutricao\/wp-json\/wp\/v2\/users\/1676"}],"replies":[{"embeddable":true,"href":"https:\/\/saude.ufpr.br\/departamentodenutricao\/wp-json\/wp\/v2\/comments?post=1482"}],"version-history":[{"count":6,"href":"https:\/\/saude.ufpr.br\/departamentodenutricao\/wp-json\/wp\/v2\/pages\/1482\/revisions"}],"predecessor-version":[{"id":1546,"href":"https:\/\/saude.ufpr.br\/departamentodenutricao\/wp-json\/wp\/v2\/pages\/1482\/revisions\/1546"}],"up":[{"embeddable":true,"href":"https:\/\/saude.ufpr.br\/departamentodenutricao\/wp-json\/wp\/v2\/pages\/1113"}],"wp:attachment":[{"href":"https:\/\/saude.ufpr.br\/departamentodenutricao\/wp-json\/wp\/v2\/media?parent=1482"}],"curies":[{"name":"wp","href":"https:\/\/api.w.org\/{rel}","templated":true}]}}