{"id":1730,"date":"2021-05-14T15:37:17","date_gmt":"2021-05-14T18:37:17","guid":{"rendered":"https:\/\/saude.ufpr.br\/departamentodenutricao\/?page_id=1730"},"modified":"2021-05-14T17:26:36","modified_gmt":"2021-05-14T20:26:36","slug":"gru-alimentacao-nutricao","status":"publish","type":"page","link":"https:\/\/saude.ufpr.br\/departamentodenutricao\/resolucoes\/gru-alimentacao-nutricao\/","title":{"rendered":"Guia de Recolhimento da Uni\u00e3o &#8211; Alimenta\u00e7\u00e3o e Nutri\u00e7\u00e3o"},"content":{"rendered":"\n<p><\/p>\n\n\n\n<h4 class=\"wp-block-heading\">Pagamento de taxa de inscri\u00e7\u00e3o em concurso p\u00fablico<\/h4>\n\n\n\n<p class=\"has-text-align-left\">Na p\u00e1gina do Tesouro Nacional, <a href=\"https:\/\/consulta.tesouro.fazenda.gov.br\/gru_novosite\/gru_simples.asp#ug\" target=\"_blank\" rel=\"noreferrer noopener\" data-type=\"URL\" data-id=\"https:\/\/consulta.tesouro.fazenda.gov.br\/gru_novosite\/gru_simples.asp#ug\">neste link<\/a>, preencha os campos solicitados conforme figura abaixo:<\/p>\n\n\n\n<div class=\"wp-block-image\"><figure class=\"aligncenter size-large\"><img fetchpriority=\"high\" decoding=\"async\" width=\"826\" height=\"302\" src=\"https:\/\/saude.ufpr.br\/departamentodenutricao\/wp-content\/uploads\/sites\/53\/2021\/05\/modelo1.jpg\" alt=\"\" class=\"wp-image-1639\" srcset=\"https:\/\/saude.ufpr.br\/departamentodenutricao\/wp-content\/uploads\/sites\/53\/2021\/05\/modelo1.jpg 826w, https:\/\/saude.ufpr.br\/departamentodenutricao\/wp-content\/uploads\/sites\/53\/2021\/05\/modelo1-300x110.jpg 300w, https:\/\/saude.ufpr.br\/departamentodenutricao\/wp-content\/uploads\/sites\/53\/2021\/05\/modelo1-768x281.jpg 768w\" sizes=\"(max-width: 826px) 100vw, 826px\" \/><\/figure><\/div>\n\n\n\n<p>Em seguida clique em <strong>AVAN\u00c7AR <\/strong>e preencha os outros campos solicitados na guia<\/p>\n\n\n\n<p>No campo, <strong>N\u00famero de Refer\u00eancia<\/strong> para <strong>Alimenta\u00e7\u00e3o e Nutri\u00e7\u00e3o <\/strong>coloque o c\u00f3digo: <strong>2888321041\u00a0<\/strong><\/p>\n\n\n\n<div class=\"wp-block-image\"><figure class=\"aligncenter size-large\"><img decoding=\"async\" width=\"857\" height=\"979\" src=\"https:\/\/saude.ufpr.br\/departamentodenutricao\/wp-content\/uploads\/sites\/53\/2021\/05\/modelo2-1.jpg\" alt=\"\" class=\"wp-image-1649\" srcset=\"https:\/\/saude.ufpr.br\/departamentodenutricao\/wp-content\/uploads\/sites\/53\/2021\/05\/modelo2-1.jpg 857w, https:\/\/saude.ufpr.br\/departamentodenutricao\/wp-content\/uploads\/sites\/53\/2021\/05\/modelo2-1-263x300.jpg 263w, https:\/\/saude.ufpr.br\/departamentodenutricao\/wp-content\/uploads\/sites\/53\/2021\/05\/modelo2-1-768x877.jpg 768w\" sizes=\"(max-width: 857px) 100vw, 857px\" \/><\/figure><\/div>\n\n\n\n<p>O pagamento da taxa de inscri\u00e7\u00e3o dever\u00e1 ser efetuado em&nbsp;<strong>DINHEIRO&nbsp;<\/strong>at\u00e9 o \u00faltimo dia de inscri\u00e7\u00e3o, diretamente nos <strong>caixas do Banco do Brasil<\/strong>, ou atrav\u00e9s dos <strong>terminais eletr\u00f4nicos do Banco do Brasil<\/strong>.<\/p>\n","protected":false},"excerpt":{"rendered":"<p>Pagamento de taxa de inscri\u00e7\u00e3o em concurso p\u00fablico Na p\u00e1gina do Tesouro Nacional, neste link, preencha os campos solicitados conforme figura abaixo: Em seguida clique em AVAN\u00c7AR e preencha os outros campos solicitados na guia No campo, N\u00famero de Refer\u00eancia para Alimenta\u00e7\u00e3o e Nutri\u00e7\u00e3o coloque o c\u00f3digo: 2888321041\u00a0 O pagamento da taxa de inscri\u00e7\u00e3o dever\u00e1<br \/> <a href=\"https:\/\/saude.ufpr.br\/departamentodenutricao\/resolucoes\/gru-alimentacao-nutricao\/\" class=\"button success small readmore\">Leia mais<\/a><\/p>\n","protected":false},"author":1676,"featured_media":0,"parent":1595,"menu_order":0,"comment_status":"closed","ping_status":"closed","template":"","meta":{"_acf_changed":false,"_uag_custom_page_level_css":"","footnotes":""},"class_list":["post-1730","page","type-page","status-publish","hentry"],"acf":[],"featured_image_src":null,"uagb_featured_image_src":{"full":false,"thumbnail":false,"medium":false,"medium_large":false,"large":false,"1536x1536":false,"2048x2048":false,"noticias-thumb":false,"banners-thumb":false,"maisnoticias-thumb":false,"post-thumbnail":false},"uagb_author_info":{"display_name":"Luiz","author_link":"https:\/\/saude.ufpr.br\/departamentodenutricao\/author\/luiz\/"},"uagb_comment_info":0,"uagb_excerpt":"Pagamento de taxa de inscri\u00e7\u00e3o em concurso p\u00fablico Na p\u00e1gina do Tesouro Nacional, neste link, preencha os campos solicitados conforme figura abaixo: Em seguida clique em AVAN\u00c7AR e preencha os outros campos solicitados na guia No campo, N\u00famero de Refer\u00eancia para Alimenta\u00e7\u00e3o e Nutri\u00e7\u00e3o coloque o c\u00f3digo: 2888321041\u00a0 O pagamento da taxa de inscri\u00e7\u00e3o dever\u00e1&hellip;","publishpress_future_action":{"enabled":false,"date":"2026-04-30 05:51:41","action":"change-status","newStatus":"draft","terms":[],"taxonomy":"","extraData":[]},"publishpress_future_workflow_manual_trigger":{"enabledWorkflows":[]},"_links":{"self":[{"href":"https:\/\/saude.ufpr.br\/departamentodenutricao\/wp-json\/wp\/v2\/pages\/1730","targetHints":{"allow":["GET"]}}],"collection":[{"href":"https:\/\/saude.ufpr.br\/departamentodenutricao\/wp-json\/wp\/v2\/pages"}],"about":[{"href":"https:\/\/saude.ufpr.br\/departamentodenutricao\/wp-json\/wp\/v2\/types\/page"}],"author":[{"embeddable":true,"href":"https:\/\/saude.ufpr.br\/departamentodenutricao\/wp-json\/wp\/v2\/users\/1676"}],"replies":[{"embeddable":true,"href":"https:\/\/saude.ufpr.br\/departamentodenutricao\/wp-json\/wp\/v2\/comments?post=1730"}],"version-history":[{"count":3,"href":"https:\/\/saude.ufpr.br\/departamentodenutricao\/wp-json\/wp\/v2\/pages\/1730\/revisions"}],"predecessor-version":[{"id":1773,"href":"https:\/\/saude.ufpr.br\/departamentodenutricao\/wp-json\/wp\/v2\/pages\/1730\/revisions\/1773"}],"up":[{"embeddable":true,"href":"https:\/\/saude.ufpr.br\/departamentodenutricao\/wp-json\/wp\/v2\/pages\/1595"}],"wp:attachment":[{"href":"https:\/\/saude.ufpr.br\/departamentodenutricao\/wp-json\/wp\/v2\/media?parent=1730"}],"curies":[{"name":"wp","href":"https:\/\/api.w.org\/{rel}","templated":true}]}}