{"id":2284,"date":"2023-08-31T10:44:24","date_gmt":"2023-08-31T13:44:24","guid":{"rendered":"https:\/\/saude.ufpr.br\/departamentodenutricao\/?page_id=2284"},"modified":"2023-08-31T11:08:46","modified_gmt":"2023-08-31T14:08:46","slug":"resolucoes-concurso-publico","status":"publish","type":"page","link":"https:\/\/saude.ufpr.br\/departamentodenutricao\/resolucoes-concurso-publico\/","title":{"rendered":"Resolu\u00e7\u00f5es Concurso P\u00fablico"},"content":{"rendered":"<p style=\"text-align: left;\"><strong>Concurso P\u00fablico para Carreira do Magist\u00e9rio Superior<\/strong><\/p>\r\n<p><a href=\"http:\/\/www.soc.ufpr.br\/wp-content\/uploads\/2016\/12\/cepe66A16.pdf\">RESOLU\u00c7\u00c3O N\u00ba 66-A\/16 \u2013 CEPE <\/a>&#8211; Estabelece normas de concurso p\u00fablico para a carreira do magist\u00e9rio superior na Universidade Federal do Paran\u00e1, complementares \u00e0s do Estatuto e Regimento Geral. <a href=\"http:\/\/www.progepe.ufpr.br\/progepe\/concursos\/docente\/concursos_publicos\/C%C3%81LCULOS%20PARA%20CONCURSOS%20-%20PROFESSOR%20CLASSE%20A%20-%20RESOLU%C3%87%C3%83O%2066-A%20E%2070-16%20-%20AGRUPADOS%20II%20e%20V.xls\" target=\"_blank\" rel=\"noopener\">&#8211; PLANILHA &#8211; C\u00c1LCULOS PARA CONCURSOS &#8211; PROFESSOR CLASSE A &#8211; RESOLU\u00c7\u00c3O 66-A E 70-16<\/a> <a href=\"http:\/\/www.progepe.ufpr.br\/progepe\/concursos\/docente\/concursos_publicos\/C%C3%81LCULOS%20PARA%20CONCURSOS%20-%20PROFESSOR%20TITULAR%20-%20RESOLU%C3%87%C3%83O%2066-A%20E%2070-16.xls\" target=\"_blank\" rel=\"noopener\">&#8211; PLANILHA &#8211; C\u00c1LCULOS PARA CONCURSOS &#8211; PROFESSOR TITULAR &#8211; RESOLU\u00c7\u00c3O 66-A E 70-16<\/a><\/p>\r\n<p style=\"text-align: left;\"><a href=\"https:\/\/saude.ufpr.br\/departamentodenutricao\/wp-content\/uploads\/sites\/53\/2021\/05\/Resolucao-70-16-complementa-66-TABELA-DE-PTS.pdf\">Resolu\u00e7\u00e3o 70-16 complementa 66 TABELA DE PTS<\/a> &#8211; Complementa a Resolu\u00e7\u00e3o n\u00ba 66\/16-CEPE que estabelece normas de concurso p\u00fablico para a carreira do magist\u00e9rio superior na Universidade Federal do Paran\u00e1, fixando a tabela de pontua\u00e7\u00e3o para avalia\u00e7\u00e3o de curr\u00edculo nos termos dos artigos 9\u00ba e 36 da citada Resolu\u00e7\u00e3o.<\/p>\r\n<p><a href=\"https:\/\/saude.ufpr.br\/departamentodenutricao\/wp-content\/uploads\/sites\/53\/2021\/05\/Resolucao-93-20-inscricoes-remotas.pdf\">Resolu\u00e7\u00e3o 93-20 inscri\u00e7\u00f5es remotas<\/a>\u00a0&#8211; Complementa a Resolu\u00e7\u00e3o n\u00ba66-A\/16-CEPE e a Resolu\u00e7\u00e3o n\u00ba 75\/13-CEPE estabelecendo procedimentos a serem adotados para inscri\u00e7\u00f5es e realiza\u00e7\u00f5es de concursos p\u00fablicos para as carreiras de Ensino Superior e Ensino B\u00e1sico, T\u00e9cnico e Tecnol\u00f3gico da UFPR <a href=\"https:\/\/saude.ufpr.br\/departamentodenutricao\/wp-content\/uploads\/sites\/53\/2021\/05\/Resolucao-92-20-RESERVA-DE-VAGAS.pdf\">Resolu\u00e7\u00e3o 92-20 RESERVA DE VAGAS<\/a>&#8211; Complementa as Resolu\u00e7\u00f5es n\u00ba 66-A\/16-CEPE, n\u00ba 75\/13-CEPE e n\u00ba 92\/06-CEPE, estabelecendo procedimentos a serem adotados para reserva de vagas para candidatos negros e pessoas com defici\u00eancia nos concursos e processos seletivos para docentes da UFPR <em>Refer\u00eancias<\/em><\/p>\r\n<ul>\r\n<li><a href=\"http:\/\/www.progepe.ufpr.br\/progepe\/concursos\/docente\/concursos_publicos\/resolucoes.html\" target=\"_blank\" rel=\"noopener\"><strong>Resolu\u00e7\u00f5es &#8211; Progepe &#8211; UFPR (06\/05\/2021)<\/strong><\/a><\/li>\r\n<\/ul>\r\n\r\n<p>&nbsp;<\/p>","protected":false},"excerpt":{"rendered":"<p>Concurso P\u00fablico para Carreira do Magist\u00e9rio Superior RESOLU\u00c7\u00c3O N\u00ba 66-A\/16 \u2013 CEPE &#8211; Estabelece normas de concurso p\u00fablico para a carreira do magist\u00e9rio superior na Universidade Federal do Paran\u00e1, complementares \u00e0s do Estatuto e Regimento Geral. &#8211; PLANILHA &#8211; C\u00c1LCULOS PARA CONCURSOS &#8211; PROFESSOR CLASSE A &#8211; RESOLU\u00c7\u00c3O 66-A E 70-16 &#8211; PLANILHA &#8211; C\u00c1LCULOS<br \/> <a href=\"https:\/\/saude.ufpr.br\/departamentodenutricao\/resolucoes-concurso-publico\/\" class=\"button success small readmore\">Leia mais<\/a><\/p>\n","protected":false},"author":1713,"featured_media":0,"parent":0,"menu_order":0,"comment_status":"closed","ping_status":"closed","template":"","meta":{"_acf_changed":false,"_uag_custom_page_level_css":"","footnotes":""},"class_list":["post-2284","page","type-page","status-publish","hentry"],"acf":[],"featured_image_src":null,"uagb_featured_image_src":{"full":false,"thumbnail":false,"medium":false,"medium_large":false,"large":false,"1536x1536":false,"2048x2048":false,"noticias-thumb":false,"banners-thumb":false,"maisnoticias-thumb":false,"post-thumbnail":false},"uagb_author_info":{"display_name":"marcia","author_link":"https:\/\/saude.ufpr.br\/departamentodenutricao\/author\/marcia\/"},"uagb_comment_info":0,"uagb_excerpt":"Concurso P\u00fablico para Carreira do Magist\u00e9rio Superior RESOLU\u00c7\u00c3O N\u00ba 66-A\/16 \u2013 CEPE &#8211; Estabelece normas de concurso p\u00fablico para a carreira do magist\u00e9rio superior na Universidade Federal do Paran\u00e1, complementares \u00e0s do Estatuto e Regimento Geral. &#8211; PLANILHA &#8211; C\u00c1LCULOS PARA CONCURSOS &#8211; PROFESSOR CLASSE A &#8211; RESOLU\u00c7\u00c3O 66-A E 70-16 &#8211; PLANILHA &#8211; C\u00c1LCULOS&hellip;","publishpress_future_action":{"enabled":false,"date":"2026-04-30 05:51:42","action":"change-status","newStatus":"draft","terms":[],"taxonomy":"","extraData":[]},"publishpress_future_workflow_manual_trigger":{"enabledWorkflows":[]},"_links":{"self":[{"href":"https:\/\/saude.ufpr.br\/departamentodenutricao\/wp-json\/wp\/v2\/pages\/2284","targetHints":{"allow":["GET"]}}],"collection":[{"href":"https:\/\/saude.ufpr.br\/departamentodenutricao\/wp-json\/wp\/v2\/pages"}],"about":[{"href":"https:\/\/saude.ufpr.br\/departamentodenutricao\/wp-json\/wp\/v2\/types\/page"}],"author":[{"embeddable":true,"href":"https:\/\/saude.ufpr.br\/departamentodenutricao\/wp-json\/wp\/v2\/users\/1713"}],"replies":[{"embeddable":true,"href":"https:\/\/saude.ufpr.br\/departamentodenutricao\/wp-json\/wp\/v2\/comments?post=2284"}],"version-history":[{"count":3,"href":"https:\/\/saude.ufpr.br\/departamentodenutricao\/wp-json\/wp\/v2\/pages\/2284\/revisions"}],"predecessor-version":[{"id":2309,"href":"https:\/\/saude.ufpr.br\/departamentodenutricao\/wp-json\/wp\/v2\/pages\/2284\/revisions\/2309"}],"wp:attachment":[{"href":"https:\/\/saude.ufpr.br\/departamentodenutricao\/wp-json\/wp\/v2\/media?parent=2284"}],"curies":[{"name":"wp","href":"https:\/\/api.w.org\/{rel}","templated":true}]}}