{"id":1100,"date":"2020-06-03T16:58:59","date_gmt":"2020-06-03T16:58:59","guid":{"rendered":"https:\/\/saude.ufpr.br\/departamentodetocoginecologia\/?page_id=1100"},"modified":"2022-08-22T11:30:05","modified_gmt":"2022-08-22T11:30:05","slug":"o-departamento","status":"publish","type":"page","link":"https:\/\/saude.ufpr.br\/departamentodetocoginecologia\/o-departamento\/","title":{"rendered":"Hist\u00f3rico do Departamento"},"content":{"rendered":"<p>&nbsp;<\/p>\n<p><strong>Chefe Titular<\/strong>: Prof. Denis Jos\u00e9 Nascimento<\/p>\n<p><strong>Chefe Suplente<\/strong>: Prof. Sheldon Rodrigo Botogoski<\/p>\n<p>&nbsp;<\/p>\n<p><span style=\"color: #008080\"><strong><em>DEPARTAMENTO DE TOCOGINECOLOGIA DO SETOR DE <\/em><\/strong><strong><em>CI\u00caNCIAS DA SA\u00daDE DA UFPR: hist\u00f3rico e trajet\u00f3ria &#8211; <a href=\"https:\/\/www.dropbox.com\/s\/2rwas5cs1wpzl4v\/Hist%C3%B3ria%20e%20Trajet%C3%B3ria%20DTG.pdf?dl=0\" target=\"_blank\" rel=\"noopener noreferrer\">acesse aqui<\/a><br \/>\n<\/em><\/strong><\/span><\/p>\n<p>Laerte Justino de Oliveira<\/p>\n<p>Prof\u00ba Titular Dr. do DGO \u2013 UFPR aposentado<\/p>\n<p>Prof\u00ba Titular Dr. de Cl\u00ednica Ginecol\u00f3gica &#8211; PUC PR<\/p>\n<p>Diretor Cl\u00ednico da Santa Casa de Miseric\u00f3rdia de Curitiba<\/p>\n<p>&nbsp;<\/p>\n<p><strong><em><span style=\"color: #008080\">CHEFIAS DO DEPARTAMENTO DE TOCOGONECOLOGIA<br \/>\n<\/span><\/em><\/strong><\/p>\n\n<table id=\"tablepress-11\" class=\"tablepress tablepress-id-11\">\n<tbody class=\"row-striping row-hover\">\n<tr class=\"row-1\">\n\t<td class=\"column-1\">Prof. Denis Jos\u00e9 Nascimento<\/td><td class=\"column-2\">Atualmente<\/td>\n<\/tr>\n<tr class=\"row-2\">\n\t<td class=\"column-1\">Prof. Vin\u00edcius Milani Budel<\/td><td class=\"column-2\">2021-2022<\/td>\n<\/tr>\n<tr class=\"row-3\">\n\t<td class=\"column-1\">Prof\u00aa. Solange Borba Gildemeister<\/td><td class=\"column-2\">2020-2021<br \/>\n2019-2020<\/td>\n<\/tr>\n<tr class=\"row-4\">\n\t<td class=\"column-1\">Prof. Almir Ant\u00f4nio Urbanetz<\/td><td class=\"column-2\">2019 - 2020<br \/>\n2017 - 2019<\/td>\n<\/tr>\n<tr class=\"row-5\">\n\t<td class=\"column-1\">Prof. Rosires Pereira de Andrade<\/td><td class=\"column-2\">2016 - 2017<br \/>\n2014 - 2016<\/td>\n<\/tr>\n<tr class=\"row-6\">\n\t<td class=\"column-1\">Prof. Newton S\u00e9rgio Carvalho<\/td><td class=\"column-2\">2012 - 2014<br \/>\n2010 - 2012<\/td>\n<\/tr>\n<tr class=\"row-7\">\n\t<td class=\"column-1\">Prof. Edson Gomes Trist\u00e3o<\/td><td class=\"column-2\">2008 - 2010<\/td>\n<\/tr>\n<tr class=\"row-8\">\n\t<td class=\"column-1\">Prof. Mauri Jos\u00e9 Piazza<\/td><td class=\"column-2\">2006 - 2008<\/td>\n<\/tr>\n<tr class=\"row-9\">\n\t<td class=\"column-1\">Prof\u00aa. Claudete Reggiani<\/td><td class=\"column-2\">2004 - 2006<br \/>\n2002 - 2004<\/td>\n<\/tr>\n<tr class=\"row-10\">\n\t<td class=\"column-1\">Prof. Jos\u00e9 S\u00f3ria Arrabal<\/td><td class=\"column-2\">2000 - 2002<br \/>\n1998 - 2000<\/td>\n<\/tr>\n<tr class=\"row-11\">\n\t<td class=\"column-1\">Prof. Luiz Edmundo Mercer<\/td><td class=\"column-2\">1996 - 1998<\/td>\n<\/tr>\n<tr class=\"row-12\">\n\t<td class=\"column-1\">Prof. H\u00e9lcio Bertolozzi Soares<\/td><td class=\"column-2\">1993 - 1995<\/td>\n<\/tr>\n<tr class=\"row-13\">\n\t<td class=\"column-1\">Prof. Francisco da Silva Furtado<\/td><td class=\"column-2\">1991 - 1993<br \/>\n1989 - 1991<\/td>\n<\/tr>\n<tr class=\"row-14\">\n\t<td class=\"column-1\">Prof. Hamilton J\u00falio<\/td><td class=\"column-2\">1987 - 1989<\/td>\n<\/tr>\n<tr class=\"row-15\">\n\t<td class=\"column-1\">Prof. Laerte Justino de Oliveira<\/td><td class=\"column-2\">1985 - 1987<br \/>\n1983 - 1985<\/td>\n<\/tr>\n<tr class=\"row-16\">\n\t<td class=\"column-1\">Prof. Milton Ferreira do Amaral<\/td><td class=\"column-2\">1981 - 1983<br \/>\n1979 - 1981<br \/>\n1977 - 1979<\/td>\n<\/tr>\n<tr class=\"row-17\">\n\t<td class=\"column-1\">Prof. Ivo Carlos Arnt<\/td><td class=\"column-2\">1976 - 1977<\/td>\n<\/tr>\n<tr class=\"row-18\">\n\t<td class=\"column-1\">Prof. Dom\u00edcio Pereira da Costa<\/td><td class=\"column-2\">1974 - 1976<\/td>\n<\/tr>\n<tr class=\"row-19\">\n\t<td class=\"column-1\">Prof. Victor do Amaral Filho<\/td><td class=\"column-2\">1973 - 1974<br \/>\n1971 - 1973<\/td>\n<\/tr>\n<\/tbody>\n<\/table>\n<!-- #tablepress-11 from cache -->\n","protected":false},"excerpt":{"rendered":"<p>&nbsp; Chefe Titular: Prof. Denis Jos\u00e9 Nascimento Chefe Suplente: Prof. Sheldon Rodrigo Botogoski &nbsp; DEPARTAMENTO DE TOCOGINECOLOGIA DO SETOR DE CI\u00caNCIAS DA SA\u00daDE DA UFPR: hist\u00f3rico e trajet\u00f3ria &#8211; acesse aqui Laerte Justino de Oliveira Prof\u00ba Titular Dr. do DGO \u2013 UFPR aposentado Prof\u00ba Titular Dr. de Cl\u00ednica Ginecol\u00f3gica &#8211; PUC PR Diretor Cl\u00ednico da<br \/> <a href=\"https:\/\/saude.ufpr.br\/departamentodetocoginecologia\/o-departamento\/\" class=\"button success small readmore\">Leia mais<\/a><\/p>\n","protected":false},"author":1615,"featured_media":0,"parent":0,"menu_order":0,"comment_status":"closed","ping_status":"closed","template":"","meta":{"_acf_changed":false,"_uag_custom_page_level_css":"","footnotes":""},"class_list":["post-1100","page","type-page","status-publish","hentry"],"acf":[],"featured_image_src":null,"uagb_featured_image_src":{"full":false,"thumbnail":false,"medium":false,"medium_large":false,"large":false,"1536x1536":false,"2048x2048":false,"noticias-thumb":false,"banners-thumb":false,"maisnoticias-thumb":false,"post-thumbnail":false},"uagb_author_info":{"display_name":"Guilherme","author_link":"https:\/\/saude.ufpr.br\/departamentodetocoginecologia\/author\/guilhermematos\/"},"uagb_comment_info":0,"uagb_excerpt":"&nbsp; Chefe Titular: Prof. Denis Jos\u00e9 Nascimento Chefe Suplente: Prof. Sheldon Rodrigo Botogoski &nbsp; DEPARTAMENTO DE TOCOGINECOLOGIA DO SETOR DE CI\u00caNCIAS DA SA\u00daDE DA UFPR: hist\u00f3rico e trajet\u00f3ria &#8211; acesse aqui Laerte Justino de Oliveira Prof\u00ba Titular Dr. do DGO \u2013 UFPR aposentado Prof\u00ba Titular Dr. de Cl\u00ednica Ginecol\u00f3gica &#8211; PUC PR Diretor Cl\u00ednico da&hellip;","publishpress_future_action":{"enabled":false,"date":"2026-05-01 10:02:44","action":"change-status","newStatus":"draft","terms":[],"taxonomy":"","extraData":[]},"publishpress_future_workflow_manual_trigger":{"enabledWorkflows":[]},"_links":{"self":[{"href":"https:\/\/saude.ufpr.br\/departamentodetocoginecologia\/wp-json\/wp\/v2\/pages\/1100","targetHints":{"allow":["GET"]}}],"collection":[{"href":"https:\/\/saude.ufpr.br\/departamentodetocoginecologia\/wp-json\/wp\/v2\/pages"}],"about":[{"href":"https:\/\/saude.ufpr.br\/departamentodetocoginecologia\/wp-json\/wp\/v2\/types\/page"}],"author":[{"embeddable":true,"href":"https:\/\/saude.ufpr.br\/departamentodetocoginecologia\/wp-json\/wp\/v2\/users\/1615"}],"replies":[{"embeddable":true,"href":"https:\/\/saude.ufpr.br\/departamentodetocoginecologia\/wp-json\/wp\/v2\/comments?post=1100"}],"version-history":[{"count":11,"href":"https:\/\/saude.ufpr.br\/departamentodetocoginecologia\/wp-json\/wp\/v2\/pages\/1100\/revisions"}],"predecessor-version":[{"id":1851,"href":"https:\/\/saude.ufpr.br\/departamentodetocoginecologia\/wp-json\/wp\/v2\/pages\/1100\/revisions\/1851"}],"wp:attachment":[{"href":"https:\/\/saude.ufpr.br\/departamentodetocoginecologia\/wp-json\/wp\/v2\/media?parent=1100"}],"curies":[{"name":"wp","href":"https:\/\/api.w.org\/{rel}","templated":true}]}}