{"id":1102,"date":"2020-06-03T16:59:10","date_gmt":"2020-06-03T16:59:10","guid":{"rendered":"https:\/\/saude.ufpr.br\/departamentodetocoginecologia\/?page_id=1102"},"modified":"2020-06-04T19:41:05","modified_gmt":"2020-06-04T19:41:05","slug":"docentes","status":"publish","type":"page","link":"https:\/\/saude.ufpr.br\/departamentodetocoginecologia\/docentes\/","title":{"rendered":"Docentes"},"content":{"rendered":"\n<table id=\"tablepress-4\" class=\"tablepress tablepress-id-4\">\n<tbody class=\"row-striping row-hover\">\n<tr class=\"row-1\">\n\t<td class=\"column-1\"><strong>Andrea Mora De Marco Novellino<\/strong><br \/>\n\u00c1rea de atua\u00e7\u00e3o: Obstetr\u00edcia<br \/>\n<a href=\"http:\/\/lattes.cnpq.br\/3412094067000631\" rel=\"noopener noreferrer\" target=\"_blank\">Lattes<\/a><br \/>\n<\/td>\n<\/tr>\n<tr class=\"row-2\">\n\t<td class=\"column-1\"><strong>Beatriz Mokwa dos Santos <\/strong><br \/>\n\u00c1rea de atua\u00e7\u00e3o: Ginecologia, Sa\u00fade e Sexualidade do Adolescente<br \/>\n<a href=\"http:\/\/lattes.cnpq.br\/4386904329468679\" rel=\"noopener noreferrer\" target=\"_blank\">Lattes<\/a><\/td>\n<\/tr>\n<tr class=\"row-3\">\n\t<td class=\"column-1\"><strong>Claudete Reggiani <\/strong><br \/>\n\u00c1rea de atua\u00e7\u00e3o: Reprodu\u00e7\u00e3o Humana<br \/>\n<a href=\"http:\/\/lattes.cnpq.br\/7869187837460697\" target=\"_blank\">Lattes<\/a><\/td>\n<\/tr>\n<tr class=\"row-4\">\n\t<td class=\"column-1\"><strong>Denis Jos\u00e9 Nascimento <\/strong><br \/>\n\u00c1rea de atua\u00e7\u00e3o: Obstetr\u00edcia (Gesta\u00e7\u00e3o de Alto Risco)<br \/>\n<a href=\"http:\/\/lattes.cnpq.br\/1900157129218026\" rel=\"noopener noreferrer\" target=\"_blank\">Lattes<\/a><br \/>\n<\/td>\n<\/tr>\n<tr class=\"row-5\">\n\t<td class=\"column-1\"><strong>Dulcimary Dias Bittencourt <\/strong><br \/>\n\u00c1rea de atua\u00e7\u00e3o: Ginecologia, Patologia do Trato Genital Inferior<br \/>\n<a href=\"http:\/\/lattes.cnpq.br\/2128976659556535\" rel=\"noopener noreferrer\" target=\"_blank\">Lattes<\/a><br \/>\n<\/td>\n<\/tr>\n<tr class=\"row-6\">\n\t<td class=\"column-1\"><strong>Edison Luiz Almeida Tizzot <\/strong><br \/>\n\u00c1rea de atua\u00e7\u00e3o: Ginecologia<br \/>\n<a href=\"http:\/\/lattes.cnpq.br\/5346086341819826\" rel=\"noopener noreferrer\" target=\"_blank\">Lattes<\/a><br \/>\n<\/td>\n<\/tr>\n<tr class=\"row-7\">\n\t<td class=\"column-1\"><strong>Eduardo Schunemann Junior <\/strong><br \/>\n\u00c1rea de atua\u00e7\u00e3o: Ginecologia (Oncoginecologia), Mastologia<br \/>\n<a href=\"http:\/\/lattes.cnpq.br\/1300566884980240\" rel=\"noopener noreferrer\" target=\"_blank\">Lattes<\/a><\/td>\n<\/tr>\n<tr class=\"row-8\">\n\t<td class=\"column-1\"><strong>Fernanda Schier de Fraga<\/strong><br \/>\n\u00c1rea de atua\u00e7\u00e3o: Ginecologia<br \/>\n<a href=\"http:\/\/lattes.cnpq.br\/1273416812860618\" rel=\"noopener noreferrer\" target=\"_blank\">Lattes<\/a><\/td>\n<\/tr>\n<tr class=\"row-9\">\n\t<td class=\"column-1\"><strong>Gustavo Wandresen<\/strong><br \/>\n\u00c1rea de atua\u00e7\u00e3o: Reprodu\u00e7\u00e3o Humana<br \/>\n<a href=\"http:\/\/lattes.cnpq.br\/4182842699796342\" target=\"_blank\">Lattes<\/a><\/td>\n<\/tr>\n<tr class=\"row-10\">\n\t<td class=\"column-1\"><strong>Helena Slongo<\/strong><br \/>\n\u00c1rea de atua\u00e7\u00e3o: Ginecologia<br \/>\n<a href=\"http:\/\/lattes.cnpq.br\/2864132445164406\" target=\"_blank\">Lattes<\/a><\/td>\n<\/tr>\n<tr class=\"row-11\">\n\t<td class=\"column-1\"><strong>Helio Rubens de Oliveira Filho <\/strong><br \/>\n\u00c1rea de atua\u00e7\u00e3o: Ginecologia, Mastologia<br \/>\n<a href=\"http:\/\/lattes.cnpq.br\/2760071223623726\" rel=\"noopener noreferrer\" target=\"_blank\">Lattes<\/a><br \/>\n<\/td>\n<\/tr>\n<tr class=\"row-12\">\n\t<td class=\"column-1\"><strong>Iris Rabinovich<\/strong><br \/>\n\u00c1rea de atua\u00e7\u00e3o: Ginecologia, Mastologia<br \/>\n<a href=\"http:\/\/lattes.cnpq.br\/6028120116439964\" rel=\"noopener noreferrer\" target=\"_blank\">Lattes<\/a><\/td>\n<\/tr>\n<tr class=\"row-13\">\n\t<td class=\"column-1\"><strong>Jaime Kulak Junior <\/strong><br \/>\n\u00c1rea de atua\u00e7\u00e3o: Ginecologia (Climat\u00e9rio, Ginecologia End\u00f3crina)<br \/>\n<a href=\"http:\/\/lattes.cnpq.br\/7885958991539639\" rel=\"noopener noreferrer\" target=\"_blank\">Lattes<\/a><br \/>\n<\/td>\n<\/tr>\n<tr class=\"row-14\">\n\t<td class=\"column-1\"><strong>Jan Pawel Andrade Pachnicki <\/strong><br \/>\n\u00c1rea de atua\u00e7\u00e3o: Obstetr\u00edcia, Ginecologia (Oncoginecologia), Mastologia<br \/>\n<a href=\"http:\/\/lattes.cnpq.br\/0827689973514647\" rel=\"noopener noreferrer\" target=\"_blank\">Lattes<\/a><\/td>\n<\/tr>\n<tr class=\"row-15\">\n\t<td class=\"column-1\"><strong>Jaqueline Pedroso de Abreu<\/strong><br \/>\n\u00c1rea de atua\u00e7\u00e3o: Ginecologia; Sa\u00fade e Sexualidade do Adolescente<br \/>\n<a href=\"http:\/\/lattes.cnpq.br\/1308463369191875\" rel=\"noopener noreferrer\" target=\"_blank\">Lattes<\/a><br \/>\n<\/td>\n<\/tr>\n<tr class=\"row-16\">\n\t<td class=\"column-1\"><strong>Kadija Rahal Chrisostomo<\/strong><br \/>\n\u00c1rea de atua\u00e7\u00e3o: Ginecologia<br \/>\n<a href=\"http:\/\/lattes.cnpq.br\/9525194471354063\" rel=\"noopener noreferrer\" target=\"_blank\">Lattes<\/a><br \/>\n<\/td>\n<\/tr>\n<tr class=\"row-17\">\n\t<td class=\"column-1\"><strong>Lenira Gaede Senesi <\/strong><br \/>\n\u00c1rea de atua\u00e7\u00e3o: Obstetr\u00edcia, Sa\u00fade da Mulher na Menopausa<br \/>\n<a href=\"http:\/\/lattes.cnpq.br\/3082247031924829\" rel=\"noopener noreferrer\" target=\"_blank\">Lattes<\/a><br \/>\n<\/td>\n<\/tr>\n<tr class=\"row-18\">\n\t<td class=\"column-1\"><strong>Lucas Roskamp Budel <\/strong><br \/>\n\u00c1rea de atua\u00e7\u00e3o: Ginecologia, Mastologia<br \/>\n<a href=\"http:\/\/lattes.cnpq.br\/1299242306067847\" rel=\"noopener noreferrer\" target=\"_blank\">Lattes<\/a><\/td>\n<\/tr>\n<tr class=\"row-19\">\n\t<td class=\"column-1\"><strong>Marcos Takimura<\/strong><br \/>\n\u00c1rea de atua\u00e7\u00e3o: Obstetr\u00edcia, Ginecologia, Educa\u00e7\u00e3o em Sa\u00fade<br \/>\n<a href=\"http:\/\/lattes.cnpq.br\/2509276570393457\" rel=\"noopener noreferrer\" target=\"_blank\">Lattes<\/a><br \/>\n<\/td>\n<\/tr>\n<tr class=\"row-20\">\n\t<td class=\"column-1\"><strong>Mariana Drechmer Romanowski<\/strong><br \/>\n\u00c1rea de atua\u00e7\u00e3o: Obstetr\u00edcia, Ginecologia<br \/>\n<a href=\"http:\/\/lattes.cnpq.br\/6586584175041060\" rel=\"noopener noreferrer\" target=\"_blank\">Lattes<\/a><br \/>\n<\/td>\n<\/tr>\n<tr class=\"row-21\">\n\t<td class=\"column-1\"><strong>Narcizo Leopoldo Eduardo da Cunha Sobieray<\/strong><br \/>\n\u00c1rea de atua\u00e7\u00e3o: Obstetr\u00edcia (Gesta\u00e7\u00e3o de Alto Risco)<br \/>\n<a href=\"http:\/\/lattes.cnpq.br\/8943255373046106\" rel=\"noopener noreferrer\" target=\"_blank\">Lattes<\/a><\/td>\n<\/tr>\n<tr class=\"row-22\">\n\t<td class=\"column-1\"><strong>Newton S\u00e9rgio de Carvalho<\/strong><br \/>\n\u00c1rea de atua\u00e7\u00e3o: Ginecologia e Infec\u00e7\u00f5es em Ginecologia; Obstetr\u00edcia<br \/>\n<a href=\"http:\/\/lattes.cnpq.br\/8206377791892809\" rel=\"noopener noreferrer\" target=\"_blank\">Lattes<\/a><br \/>\n<\/td>\n<\/tr>\n<tr class=\"row-23\">\n\t<td class=\"column-1\"><strong>Paulina Alejandra Santander Perez<\/strong><br \/>\n\u00c1rea de atua\u00e7\u00e3o: Ginecologia, Obstetr\u00edcia<br \/>\n<a href=\"http:\/\/lattes.cnpq.br\/6466076673855586\" target=\"_blank\">Lattes<\/a><br \/>\n<\/td>\n<\/tr>\n<tr class=\"row-24\">\n\t<td class=\"column-1\"><strong>Plinio Gasperin J\u00fanior<\/strong><br \/>\n\u00c1rea de atua\u00e7\u00e3o: Ginecologia, Mastologia<br \/>\n<a href=\"http:\/\/lattes.cnpq.br\/3354748326931743\" rel=\"noopener noreferrer\" target=\"_blank\">Lattes<\/a><br \/>\n<\/td>\n<\/tr>\n<tr class=\"row-25\">\n\t<td class=\"column-1\"><strong>Rafael Frederico Bruns<\/strong><br \/>\n\u00c1rea de atua\u00e7\u00e3o: Obstetr\u00edcia, Medicina Fetal, Ultrassonografia em GO<br \/>\n<a href=\"http:\/\/lattes.cnpq.br\/0325992328365342\" rel=\"noopener noreferrer\" target=\"_blank\">Lattes<\/a><\/td>\n<\/tr>\n<tr class=\"row-26\">\n\t<td class=\"column-1\"><strong>Rafael Tedeschi Pazello<\/strong><br \/>\n\u00c1rea de atua\u00e7\u00e3o: Reprodu\u00e7\u00e3o Humana, Endoscopia Ginecol\u00f3gica<br \/>\n<a href=\"http:\/\/lattes.cnpq.br\/6119980046732396\" rel=\"noopener noreferrer\" target=\"_blank\">Lattes<\/a><br \/>\n<\/td>\n<\/tr>\n<tr class=\"row-27\">\n\t<td class=\"column-1\"><strong>Regis Yukio Cho<\/strong><br \/>\n\u00c1rea de atua\u00e7\u00e3o: Reprodu\u00e7\u00e3o Humana, Reprodu\u00e7\u00e3o Assistida<br \/>\n<a href=\"http:\/\/lattes.cnpq.br\/5641532651454438\" rel=\"noopener noreferrer\" target=\"_blank\">Lattes<\/a><\/td>\n<\/tr>\n<tr class=\"row-28\">\n\t<td class=\"column-1\"><strong>Rita Maira Zanine<\/strong><br \/>\n\u00c1rea de atua\u00e7\u00e3o: Ginecologia, Patologia do Trato Genital Inferior, Colposcopia<br \/>\n<a href=\"http:\/\/lattes.cnpq.br\/9549258485258899\" rel=\"noopener noreferrer\" target=\"_blank\">Lattes<\/a><br \/>\n<\/td>\n<\/tr>\n<tr class=\"row-29\">\n\t<td class=\"column-1\"><strong>Sheldon Rodrigo Botogoski <\/strong><br \/>\n\u00c1rea de atua\u00e7\u00e3o: Obstetr\u00edcia, Ginecologia, Resid\u00eancia M\u00e9dica<br \/>\n<a href=\"http:\/\/lattes.cnpq.br\/8389263438151687\" rel=\"noopener noreferrer\" target=\"_blank\">Lattes<\/a><br \/>\n<\/td>\n<\/tr>\n<tr class=\"row-30\">\n\t<td class=\"column-1\"><strong>Vinicius Pacheco Zanlorenci <\/strong><br \/>\n\u00c1rea de atua\u00e7\u00e3o: Ginecologia, Obstetr\u00edcia (Gesta\u00e7\u00e3o de Alto Risco)<br \/>\n<a href=\"http:\/\/lattes.cnpq.br\/4391155547936873\" rel=\"noopener noreferrer\" target=\"_blank\">Lattes<\/a><\/td>\n<\/tr>\n<tr class=\"row-31\">\n\t<td class=\"column-1\"><strong>Vinicius Milani Budel <\/strong><br \/>\n\u00c1rea de atua\u00e7\u00e3o: Ginecologia (Oncoginecologia), Mastologia<br \/>\n<a href=\"http:\/\/lattes.cnpq.br\/8438672083596517\" rel=\"noopener noreferrer\" target=\"_blank\">Lattes<\/a><br \/>\n<\/td>\n<\/tr>\n<tr class=\"row-32\">\n\t<td class=\"column-1\"><strong>Vivian Ferreira do Amaral <\/strong><br \/>\n\u00c1rea de atua\u00e7\u00e3o: Ginecologia (Ginecologia End\u00f3crina), Reprodu\u00e7\u00e3o Humana<br \/>\n<a href=\"http:\/\/lattes.cnpq.br\/2617670214325336\" rel=\"noopener noreferrer\" target=\"_blank\">Lattes<\/a><\/td>\n<\/tr>\n<\/tbody>\n<\/table>\n<!-- #tablepress-4 from cache -->\n","protected":false},"excerpt":{"rendered":"","protected":false},"author":1615,"featured_media":0,"parent":0,"menu_order":0,"comment_status":"closed","ping_status":"closed","template":"","meta":{"_acf_changed":false,"_uag_custom_page_level_css":"","footnotes":""},"class_list":["post-1102","page","type-page","status-publish","hentry"],"acf":[],"featured_image_src":null,"uagb_featured_image_src":{"full":false,"thumbnail":false,"medium":false,"medium_large":false,"large":false,"1536x1536":false,"2048x2048":false,"noticias-thumb":false,"banners-thumb":false,"maisnoticias-thumb":false,"post-thumbnail":false},"uagb_author_info":{"display_name":"Guilherme","author_link":"https:\/\/saude.ufpr.br\/departamentodetocoginecologia\/author\/guilhermematos\/"},"uagb_comment_info":0,"uagb_excerpt":null,"publishpress_future_action":{"enabled":false,"date":"2026-04-22 06:36:46","action":"change-status","newStatus":"draft","terms":[],"taxonomy":"","extraData":[]},"publishpress_future_workflow_manual_trigger":{"enabledWorkflows":[]},"_links":{"self":[{"href":"https:\/\/saude.ufpr.br\/departamentodetocoginecologia\/wp-json\/wp\/v2\/pages\/1102","targetHints":{"allow":["GET"]}}],"collection":[{"href":"https:\/\/saude.ufpr.br\/departamentodetocoginecologia\/wp-json\/wp\/v2\/pages"}],"about":[{"href":"https:\/\/saude.ufpr.br\/departamentodetocoginecologia\/wp-json\/wp\/v2\/types\/page"}],"author":[{"embeddable":true,"href":"https:\/\/saude.ufpr.br\/departamentodetocoginecologia\/wp-json\/wp\/v2\/users\/1615"}],"replies":[{"embeddable":true,"href":"https:\/\/saude.ufpr.br\/departamentodetocoginecologia\/wp-json\/wp\/v2\/comments?post=1102"}],"version-history":[{"count":3,"href":"https:\/\/saude.ufpr.br\/departamentodetocoginecologia\/wp-json\/wp\/v2\/pages\/1102\/revisions"}],"predecessor-version":[{"id":1982,"href":"https:\/\/saude.ufpr.br\/departamentodetocoginecologia\/wp-json\/wp\/v2\/pages\/1102\/revisions\/1982"}],"wp:attachment":[{"href":"https:\/\/saude.ufpr.br\/departamentodetocoginecologia\/wp-json\/wp\/v2\/media?parent=1102"}],"curies":[{"name":"wp","href":"https:\/\/api.w.org\/{rel}","templated":true}]}}