{"id":1104,"date":"2020-06-03T16:59:19","date_gmt":"2020-06-03T16:59:19","guid":{"rendered":"https:\/\/saude.ufpr.br\/departamentodetocoginecologia\/?page_id=1104"},"modified":"2025-12-09T13:41:56","modified_gmt":"2025-12-09T13:41:56","slug":"calendario-academico","status":"publish","type":"page","link":"https:\/\/saude.ufpr.br\/departamentodetocoginecologia\/calendario-academico\/","title":{"rendered":"Calend\u00e1rio Acad\u00eamico"},"content":{"rendered":"<p><a href=\"https:\/\/saude.ufpr.br\/departamentodetocoginecologia\/wp-content\/uploads\/sites\/54\/2025\/12\/CALENDARIO-ACADEMICO-MEDICINA-2026.pdf\">CALEND\u00c1RIO ACAD\u00caMICO MEDICINA 2026<\/a><\/p>\n<p>&nbsp;<\/p>\n<p><strong>CALEND\u00c1RIO ACAD\u00caMICO 2026<\/strong><\/p>\n<p>&nbsp;<\/p>\n<p><strong>DISCIPLINAS DO 1\u00ba AO 12\u00ba PER\u00cdODO:<\/strong><\/p>\n<p>Semestre: 02\/02\/2026 a 20\/06\/2026<\/p>\n<p>1\u00ba Bimestre: 02\/02\/2026 a 11\/04\/2026<\/p>\n<p>2\u00ba Bimestre: 13\/04\/2026 a 20\/06\/2026<\/p>\n<p>&nbsp;<\/p>\n<p><strong>ROD\u00cdZIOS DE 5 SEMANAS:<\/strong><\/p>\n<p>1\u00ba Rod\u00edzio: 02\/02\/2026 a 07\/03\/2026<\/p>\n<p>2\u00ba Rod\u00edzio: 09\/03\/2026 a 11\/04\/2026<\/p>\n<p>3\u00ba Rod\u00edzio: 13\/04\/2026 a 16\/05\/2026<\/p>\n<p>4\u00ba Rod\u00edzio: 18\/05\/2026 a 20\/06\/2026<\/p>\n<p>&nbsp;<\/p>\n","protected":false},"excerpt":{"rendered":"<p>CALEND\u00c1RIO ACAD\u00caMICO MEDICINA 2026 &nbsp; CALEND\u00c1RIO ACAD\u00caMICO 2026 &nbsp; DISCIPLINAS DO 1\u00ba AO 12\u00ba PER\u00cdODO: Semestre: 02\/02\/2026 a 20\/06\/2026 1\u00ba Bimestre: 02\/02\/2026 a 11\/04\/2026 2\u00ba Bimestre: 13\/04\/2026 a 20\/06\/2026 &nbsp; ROD\u00cdZIOS DE 5 SEMANAS: 1\u00ba Rod\u00edzio: 02\/02\/2026 a 07\/03\/2026 2\u00ba Rod\u00edzio: 09\/03\/2026 a 11\/04\/2026 3\u00ba Rod\u00edzio: 13\/04\/2026 a 16\/05\/2026 4\u00ba Rod\u00edzio: 18\/05\/2026 a 20\/06\/2026 &nbsp;<\/p>\n","protected":false},"author":1615,"featured_media":0,"parent":0,"menu_order":0,"comment_status":"closed","ping_status":"closed","template":"","meta":{"_acf_changed":false,"_uag_custom_page_level_css":"","footnotes":""},"class_list":["post-1104","page","type-page","status-publish","hentry"],"acf":[],"featured_image_src":null,"uagb_featured_image_src":{"full":false,"thumbnail":false,"medium":false,"medium_large":false,"large":false,"1536x1536":false,"2048x2048":false,"noticias-thumb":false,"banners-thumb":false,"maisnoticias-thumb":false,"post-thumbnail":false},"uagb_author_info":{"display_name":"Guilherme","author_link":"https:\/\/saude.ufpr.br\/departamentodetocoginecologia\/author\/guilhermematos\/"},"uagb_comment_info":0,"uagb_excerpt":"CALEND\u00c1RIO ACAD\u00caMICO MEDICINA 2026 &nbsp; CALEND\u00c1RIO ACAD\u00caMICO 2026 &nbsp; DISCIPLINAS DO 1\u00ba AO 12\u00ba PER\u00cdODO: Semestre: 02\/02\/2026 a 20\/06\/2026 1\u00ba Bimestre: 02\/02\/2026 a 11\/04\/2026 2\u00ba Bimestre: 13\/04\/2026 a 20\/06\/2026 &nbsp; ROD\u00cdZIOS DE 5 SEMANAS: 1\u00ba Rod\u00edzio: 02\/02\/2026 a 07\/03\/2026 2\u00ba Rod\u00edzio: 09\/03\/2026 a 11\/04\/2026 3\u00ba Rod\u00edzio: 13\/04\/2026 a 16\/05\/2026 4\u00ba Rod\u00edzio: 18\/05\/2026 a 20\/06\/2026 &nbsp;","publishpress_future_action":{"enabled":false,"date":"2026-04-11 23:17:07","action":"change-status","newStatus":"draft","terms":[],"taxonomy":"","extraData":[]},"publishpress_future_workflow_manual_trigger":{"enabledWorkflows":[]},"_links":{"self":[{"href":"https:\/\/saude.ufpr.br\/departamentodetocoginecologia\/wp-json\/wp\/v2\/pages\/1104","targetHints":{"allow":["GET"]}}],"collection":[{"href":"https:\/\/saude.ufpr.br\/departamentodetocoginecologia\/wp-json\/wp\/v2\/pages"}],"about":[{"href":"https:\/\/saude.ufpr.br\/departamentodetocoginecologia\/wp-json\/wp\/v2\/types\/page"}],"author":[{"embeddable":true,"href":"https:\/\/saude.ufpr.br\/departamentodetocoginecologia\/wp-json\/wp\/v2\/users\/1615"}],"replies":[{"embeddable":true,"href":"https:\/\/saude.ufpr.br\/departamentodetocoginecologia\/wp-json\/wp\/v2\/comments?post=1104"}],"version-history":[{"count":9,"href":"https:\/\/saude.ufpr.br\/departamentodetocoginecologia\/wp-json\/wp\/v2\/pages\/1104\/revisions"}],"predecessor-version":[{"id":2007,"href":"https:\/\/saude.ufpr.br\/departamentodetocoginecologia\/wp-json\/wp\/v2\/pages\/1104\/revisions\/2007"}],"wp:attachment":[{"href":"https:\/\/saude.ufpr.br\/departamentodetocoginecologia\/wp-json\/wp\/v2\/media?parent=1104"}],"curies":[{"name":"wp","href":"https:\/\/api.w.org\/{rel}","templated":true}]}}