{"id":1332,"date":"2020-06-10T15:19:35","date_gmt":"2020-06-10T15:19:35","guid":{"rendered":"https:\/\/saude.ufpr.br\/departamentodetocoginecologia\/?page_id=1332"},"modified":"2025-12-12T14:21:37","modified_gmt":"2025-12-12T14:21:37","slug":"mestrado","status":"publish","type":"page","link":"https:\/\/saude.ufpr.br\/departamentodetocoginecologia\/mestrado\/","title":{"rendered":"Mestrado"},"content":{"rendered":"<h4 style=\"text-align: center\"><span style=\"color: #008080\"><strong>PROGRAMA<\/strong> DE MESTRADO EM TOCOGINECOLOGIA E SA\u00daDE DA MULHER <\/span><\/h4>\n<h4 style=\"text-align: center\"><span style=\"color: #008080\">Universidade Federal do Paran\u00e1<\/span><\/h4>\n<p>&nbsp;<\/p>\n<h4>Coordenador:<\/h4>\n<p><strong>Nome: <\/strong>VINICIUS MILANI BUDEL<br \/>\n<strong>Email: <\/strong>vbudel@hotmail.com<\/p>\n<h4>Vice Coordenador:<\/h4>\n<p><strong>Nome: <\/strong>RAFAEL FREDERICO BRUNS<br \/>\n<strong>Email: <\/strong>rafaelbruns@gmail.com<\/p>\n<h4>Secretaria:<\/h4>\n<p><strong>Respons\u00e1vel: <\/strong>VIN\u00cdCIUS MACHADO MIKOSZ<br \/>\n<strong>Email:<\/strong>\u00a0pgtoco@ufpr.br<\/p>\n<p><strong>\u00a0<\/strong><\/p>\n<p style=\"text-align: left\">O Programa de Mestrado em Tocoginecologia e Sa\u00fade da Mulher da Universidade Federal do Paran\u00e1 \u2013 PGTOCO\/UFPR \u2013 \u00e9 concentrado na \u00e1rea \u201cSa\u00fade da Mulher\u201d. Essa \u00e1rea de concentra\u00e7\u00e3o inclui os campos de maior interesse dentro da Tocoginecologia incluindo a Ginecologia, Obstetr\u00edcia e Reprodu\u00e7\u00e3o Humana e incorporando ferramentas biotecnol\u00f3gicas e conhecimentos tecnol\u00f3gicos e cient\u00edficos que possam ser aplicados na \u00e1rea.<\/p>\n<p>Atualmente\u00a0conta com duas linhas de pesquisas:<\/p>\n<p>\u2013 Endocrinologia em Ginecologia e Obstetr\u00edcia<br \/>\n\u2013 Infec\u00e7\u00f5es em Ginecologia e Obstetr\u00edcia<\/p>\n<p>&nbsp;<\/p>\n<p><strong>Para maiores informa\u00e7\u00f5es:<\/strong><\/p>\n<p>Site:\u00a0<a href=\"http:\/\/www.pgtoco.ufpr.br\/\" target=\"_blank\" rel=\"noopener noreferrer\">http:\/\/www.pgtoco.ufpr.br\/<\/a><\/p>\n<p>E-mail: pgtoco@ufpr.br<\/p>\n<p>Telefone: (41) 3525-6855<\/p>\n","protected":false},"excerpt":{"rendered":"<p>PROGRAMA DE MESTRADO EM TOCOGINECOLOGIA E SA\u00daDE DA MULHER Universidade Federal do Paran\u00e1 &nbsp; Coordenador: Nome: VINICIUS MILANI BUDEL Email: vbudel@hotmail.com Vice Coordenador: Nome: RAFAEL FREDERICO BRUNS Email: rafaelbruns@gmail.com Secretaria: Respons\u00e1vel: VIN\u00cdCIUS MACHADO MIKOSZ Email:\u00a0pgtoco@ufpr.br \u00a0 O Programa de Mestrado em Tocoginecologia e Sa\u00fade da Mulher da Universidade Federal do Paran\u00e1 \u2013 PGTOCO\/UFPR \u2013 \u00e9<br \/> <a href=\"https:\/\/saude.ufpr.br\/departamentodetocoginecologia\/mestrado\/\" class=\"button success small readmore\">Leia mais<\/a><\/p>\n","protected":false},"author":1674,"featured_media":0,"parent":0,"menu_order":0,"comment_status":"closed","ping_status":"closed","template":"","meta":{"_acf_changed":false,"_uag_custom_page_level_css":"","footnotes":""},"class_list":["post-1332","page","type-page","status-publish","hentry"],"acf":[],"featured_image_src":null,"uagb_featured_image_src":{"full":false,"thumbnail":false,"medium":false,"medium_large":false,"large":false,"1536x1536":false,"2048x2048":false,"noticias-thumb":false,"banners-thumb":false,"maisnoticias-thumb":false,"post-thumbnail":false},"uagb_author_info":{"display_name":"tocoginecologia","author_link":"https:\/\/saude.ufpr.br\/departamentodetocoginecologia\/author\/tocoginecologia\/"},"uagb_comment_info":0,"uagb_excerpt":"PROGRAMA DE MESTRADO EM TOCOGINECOLOGIA E SA\u00daDE DA MULHER Universidade Federal do Paran\u00e1 &nbsp; Coordenador: Nome: VINICIUS MILANI BUDEL Email: vbudel@hotmail.com Vice Coordenador: Nome: RAFAEL FREDERICO BRUNS Email: rafaelbruns@gmail.com Secretaria: Respons\u00e1vel: VIN\u00cdCIUS MACHADO MIKOSZ Email:\u00a0pgtoco@ufpr.br \u00a0 O Programa de Mestrado em Tocoginecologia e Sa\u00fade da Mulher da Universidade Federal do Paran\u00e1 \u2013 PGTOCO\/UFPR \u2013 \u00e9&hellip;","publishpress_future_action":{"enabled":false,"date":"2026-04-12 07:51:11","action":"change-status","newStatus":"draft","terms":[],"taxonomy":"","extraData":[]},"publishpress_future_workflow_manual_trigger":{"enabledWorkflows":[]},"_links":{"self":[{"href":"https:\/\/saude.ufpr.br\/departamentodetocoginecologia\/wp-json\/wp\/v2\/pages\/1332","targetHints":{"allow":["GET"]}}],"collection":[{"href":"https:\/\/saude.ufpr.br\/departamentodetocoginecologia\/wp-json\/wp\/v2\/pages"}],"about":[{"href":"https:\/\/saude.ufpr.br\/departamentodetocoginecologia\/wp-json\/wp\/v2\/types\/page"}],"author":[{"embeddable":true,"href":"https:\/\/saude.ufpr.br\/departamentodetocoginecologia\/wp-json\/wp\/v2\/users\/1674"}],"replies":[{"embeddable":true,"href":"https:\/\/saude.ufpr.br\/departamentodetocoginecologia\/wp-json\/wp\/v2\/comments?post=1332"}],"version-history":[{"count":9,"href":"https:\/\/saude.ufpr.br\/departamentodetocoginecologia\/wp-json\/wp\/v2\/pages\/1332\/revisions"}],"predecessor-version":[{"id":2059,"href":"https:\/\/saude.ufpr.br\/departamentodetocoginecologia\/wp-json\/wp\/v2\/pages\/1332\/revisions\/2059"}],"wp:attachment":[{"href":"https:\/\/saude.ufpr.br\/departamentodetocoginecologia\/wp-json\/wp\/v2\/media?parent=1332"}],"curies":[{"name":"wp","href":"https:\/\/api.w.org\/{rel}","templated":true}]}}