{"id":1447,"date":"2020-09-10T19:50:11","date_gmt":"2020-09-10T19:50:11","guid":{"rendered":"https:\/\/saude.ufpr.br\/departamentodetocoginecologia\/?page_id=1447"},"modified":"2020-09-14T19:35:23","modified_gmt":"2020-09-14T19:35:23","slug":"conteudos-sugeridos","status":"publish","type":"page","link":"https:\/\/saude.ufpr.br\/departamentodetocoginecologia\/conteudos-sugeridos\/","title":{"rendered":"Conte\u00fados Sugeridos"},"content":{"rendered":"<div dir=\"auto\">\u201c<strong>Colet\u00e2nea de Temas de Ginecologia<\/strong>\u201d (2019) \u2013 Dr. MAURI JOS\u00c9 PIAZZA: <a href=\"https:\/\/drive.google.com\/file\/d\/1xwh3yxN39zuiUShsX0hF2q-5OZtSePzD\/view\" target=\"_blank\" rel=\"noopener noreferrer\">E-Book<\/a><\/div>\n<div dir=\"auto\"><\/div>\n<div dir=\"auto\">\n<hr \/>\n<\/div>\n<div dir=\"auto\"><\/div>\n<div dir=\"auto\"><em><span style=\"color: #008080\"><strong>WebSemin\u00e1rios PCDT-IST<\/strong><\/span><\/em><\/div>\n<div dir=\"auto\">\u2022 TEMA 1 \u2013 (06\/05) \u2013 VIGIL\u00c2NCIA EPIDEMIOL\u00d3GICA DAS IST \u2013 S\u00cdFILIS; (<a href=\"https:\/\/youtu.be\/s9pHTiKGgvo\" target=\"_blank\" rel=\"noopener noreferrer\" data-auth=\"NotApplicable\">https:\/\/youtu.be\/s9pHTiKGgvo<\/a>)<\/div>\n<div dir=\"auto\">\u2022 TEMA 2 \u2013 (13\/05) \u2013 S\u00cdFILIS ADQUIRIDA; (<a href=\"https:\/\/youtu.be\/qfpc9Z9VO0E\" target=\"_blank\" rel=\"noopener noreferrer\" data-auth=\"NotApplicable\">https:\/\/youtu.be\/qfpc9Z9VO0E<\/a>)<\/div>\n<div dir=\"auto\">\u2022 TEMA 3 \u2013 (20\/05) \u2013 TRANSMISS\u00c3O VERTICAL DA S\u00cdFILIS; (<a href=\"https:\/\/youtu.be\/B1ZmvfkbklU\" target=\"_blank\" rel=\"noopener noreferrer\" data-auth=\"NotApplicable\">https:\/\/youtu.be\/B1ZmvfkbklU<\/a>)<\/div>\n<div dir=\"auto\">\u2022 SESS\u00c3O EXTRA \u2013 (25\/05) \u2013 TESTES PARA DIAGN\u00d3STICO DE S\u00cdFILIS; (<a href=\"https:\/\/youtu.be\/ryottcivySw\" target=\"_blank\" rel=\"noopener noreferrer\" data-auth=\"NotApplicable\">https:\/\/youtu.be\/ryottcivySw<\/a>)<\/div>\n<div dir=\"auto\">\u2022 TEMA 4 \u2013 (27\/05) INFEC\u00c7\u00d5ES QUE CAUSAM CORRIMENTO VAGINAL; (<a href=\"https:\/\/youtu.be\/xDoDM_Vz1SU\" target=\"_blank\" rel=\"noopener noreferrer\" data-auth=\"NotApplicable\">https:\/\/youtu.be\/xDoDM_Vz1SU<\/a>)<\/div>\n<div dir=\"auto\">\u2022 TEMA 5 \u2013 (03\/06) \u2013 INFEC\u00c7\u00d5ES QUE CAUSAM CERVICITE; (<a href=\"https:\/\/youtu.be\/qDDaAvQV0Ug\" target=\"_blank\" rel=\"noopener noreferrer\" data-auth=\"NotApplicable\">https:\/\/youtu.be\/qDDaAvQV0Ug<\/a>)<\/div>\n<div dir=\"auto\">\u2022 TEMA 6 \u2013 (10\/06) \u2013 INFEC\u00c7\u00d5ES QUE CAUSAM CORRIMENTO URETRAL; (<a href=\"https:\/\/youtu.be\/2Jn3YGd8wYQ\" target=\"_blank\" rel=\"noopener noreferrer\" data-auth=\"NotApplicable\">https:\/\/youtu.be\/2Jn3YGd8wYQ<\/a>)<\/div>\n<div dir=\"auto\">\u2022 TEMA 7 \u2013 (17\/06\/) \u2013 INFEC\u00c7\u00d5ES QUE CAUSAM \u00daLCERA GENITAL; (<a href=\"https:\/\/youtu.be\/IGIZcKvEtZo\" target=\"_blank\" rel=\"noopener noreferrer\" data-auth=\"NotApplicable\">https:\/\/youtu.be\/IGIZcKvEtZo<\/a>)<\/div>\n<div dir=\"auto\">\u2022 TEMA 8 \u2013 (24\/06) \u2013 DOEN\u00c7A INFLAMAT\u00d3RIA P\u00c9LVICA; (<a href=\"https:\/\/youtu.be\/Lnekqmm4KTI\" target=\"_blank\" rel=\"noopener noreferrer\" data-auth=\"NotApplicable\">https:\/\/youtu.be\/Lnekqmm4KTI<\/a>)<\/div>\n<div dir=\"auto\">\u2022 TEMA 9 \u2013 (01\/07) \u2013 INFEC\u00c7\u00c3O PELO HPV; (<a href=\"https:\/\/youtu.be\/sDgSRQfRCHk\" target=\"_blank\" rel=\"noopener noreferrer\" data-auth=\"NotApplicable\">https:\/\/youtu.be\/sDgSRQfRCHk<\/a>)<\/div>\n<div dir=\"auto\">\u2022 TEMA 10 \u2013 (08\/07) \u2013 DIAGN\u00d3STICO LABORATORIAL EM IST; (<a href=\"https:\/\/youtu.be\/Qn7_mqHVC8w\" target=\"_blank\" rel=\"noopener noreferrer\" data-auth=\"NotApplicable\">https:\/\/youtu.be\/Qn7_mqHVC8w<\/a>)<\/div>\n<div dir=\"auto\">\u2022 TEMA 11 \u2013 (15\/07) \u2013 V\u00cdRUS ZIKA; (<a href=\"https:\/\/youtu.be\/ZG7p2lLErdU\" target=\"_blank\" rel=\"noopener noreferrer\" data-auth=\"NotApplicable\">https:\/\/youtu.be\/ZG7p2lLErdU<\/a>)<\/div>\n<div dir=\"auto\">\u2022 TEMA 12 \u2013 (22\/07) \u2013 HTLV; (<a href=\"https:\/\/youtu.be\/EmyAgp9ibKU\" target=\"_blank\" rel=\"noopener noreferrer\" data-auth=\"NotApplicable\">https:\/\/youtu.be\/EmyAgp9ibKU<\/a>)<\/div>\n<div dir=\"auto\">\u2022 TEMA 13 \u2013 (28\/07) \u2013 ABORDAGEM IST CENTRADA NA PESSOA COM VIDA SEXUAL ATIVA.\u00a0 (<a href=\"https:\/\/youtu.be\/L0332jC0YqY\" target=\"_blank\" rel=\"noopener noreferrer\" data-auth=\"NotApplicable\">https:\/\/youtu.be\/L0332jC0YqY<\/a>)<\/div>\n","protected":false},"excerpt":{"rendered":"<p>\u201cColet\u00e2nea de Temas de Ginecologia\u201d (2019) \u2013 Dr. MAURI JOS\u00c9 PIAZZA: E-Book WebSemin\u00e1rios PCDT-IST \u2022 TEMA 1 \u2013 (06\/05) \u2013 VIGIL\u00c2NCIA EPIDEMIOL\u00d3GICA DAS IST \u2013 S\u00cdFILIS; (https:\/\/youtu.be\/s9pHTiKGgvo) \u2022 TEMA 2 \u2013 (13\/05) \u2013 S\u00cdFILIS ADQUIRIDA; (https:\/\/youtu.be\/qfpc9Z9VO0E) \u2022 TEMA 3 \u2013 (20\/05) \u2013 TRANSMISS\u00c3O VERTICAL DA S\u00cdFILIS; (https:\/\/youtu.be\/B1ZmvfkbklU) \u2022 SESS\u00c3O EXTRA \u2013 (25\/05) \u2013 TESTES PARA<br \/> <a href=\"https:\/\/saude.ufpr.br\/departamentodetocoginecologia\/conteudos-sugeridos\/\" class=\"button success small readmore\">Leia mais<\/a><\/p>\n","protected":false},"author":15,"featured_media":0,"parent":0,"menu_order":0,"comment_status":"closed","ping_status":"closed","template":"","meta":{"_acf_changed":false,"_uag_custom_page_level_css":"","footnotes":""},"class_list":["post-1447","page","type-page","status-publish","hentry"],"acf":[],"featured_image_src":null,"uagb_featured_image_src":{"full":false,"thumbnail":false,"medium":false,"medium_large":false,"large":false,"1536x1536":false,"2048x2048":false,"noticias-thumb":false,"banners-thumb":false,"maisnoticias-thumb":false,"post-thumbnail":false},"uagb_author_info":{"display_name":"Andrea Jankoski","author_link":"https:\/\/saude.ufpr.br\/departamentodetocoginecologia\/author\/andrea\/"},"uagb_comment_info":0,"uagb_excerpt":"\u201cColet\u00e2nea de Temas de Ginecologia\u201d (2019) \u2013 Dr. MAURI JOS\u00c9 PIAZZA: E-Book WebSemin\u00e1rios PCDT-IST \u2022 TEMA 1 \u2013 (06\/05) \u2013 VIGIL\u00c2NCIA EPIDEMIOL\u00d3GICA DAS IST \u2013 S\u00cdFILIS; (https:\/\/youtu.be\/s9pHTiKGgvo) \u2022 TEMA 2 \u2013 (13\/05) \u2013 S\u00cdFILIS ADQUIRIDA; (https:\/\/youtu.be\/qfpc9Z9VO0E) \u2022 TEMA 3 \u2013 (20\/05) \u2013 TRANSMISS\u00c3O VERTICAL DA S\u00cdFILIS; (https:\/\/youtu.be\/B1ZmvfkbklU) \u2022 SESS\u00c3O EXTRA \u2013 (25\/05) \u2013 TESTES PARA&hellip;","publishpress_future_action":{"enabled":false,"date":"2026-04-12 11:35:29","action":"change-status","newStatus":"draft","terms":[],"taxonomy":"","extraData":[]},"publishpress_future_workflow_manual_trigger":{"enabledWorkflows":[]},"_links":{"self":[{"href":"https:\/\/saude.ufpr.br\/departamentodetocoginecologia\/wp-json\/wp\/v2\/pages\/1447","targetHints":{"allow":["GET"]}}],"collection":[{"href":"https:\/\/saude.ufpr.br\/departamentodetocoginecologia\/wp-json\/wp\/v2\/pages"}],"about":[{"href":"https:\/\/saude.ufpr.br\/departamentodetocoginecologia\/wp-json\/wp\/v2\/types\/page"}],"author":[{"embeddable":true,"href":"https:\/\/saude.ufpr.br\/departamentodetocoginecologia\/wp-json\/wp\/v2\/users\/15"}],"replies":[{"embeddable":true,"href":"https:\/\/saude.ufpr.br\/departamentodetocoginecologia\/wp-json\/wp\/v2\/comments?post=1447"}],"version-history":[{"count":4,"href":"https:\/\/saude.ufpr.br\/departamentodetocoginecologia\/wp-json\/wp\/v2\/pages\/1447\/revisions"}],"predecessor-version":[{"id":1455,"href":"https:\/\/saude.ufpr.br\/departamentodetocoginecologia\/wp-json\/wp\/v2\/pages\/1447\/revisions\/1455"}],"wp:attachment":[{"href":"https:\/\/saude.ufpr.br\/departamentodetocoginecologia\/wp-json\/wp\/v2\/media?parent=1447"}],"curies":[{"name":"wp","href":"https:\/\/api.w.org\/{rel}","templated":true}]}}