{"id":1082,"date":"2025-01-30T08:10:18","date_gmt":"2025-01-30T08:10:18","guid":{"rendered":"http:\/\/200.17.196.19\/dac\/?page_id=1082"},"modified":"2025-01-30T11:10:10","modified_gmt":"2025-01-30T11:10:10","slug":"local-de-funcionamento","status":"publish","type":"page","link":"https:\/\/saude.ufpr.br\/departamentoestomatologia\/local-de-funcionamento\/","title":{"rendered":"Local de funcionamento"},"content":{"rendered":"<p><strong>Secretaria do Departamento de Estomatologia<\/strong><\/p>\n<p>Telefone: 41 3360-4050<\/p>\n<p>e-mail: estomato@ufpr.br<\/p>\n<p>Endere\u00e7o: Av. Prefeito Loth\u00e1rio Meissner, 632<\/p>\n<p>CEP: 80210-170 &#8211; Campus III- Jardim Bot\u00e2nico-Curitiba-PR<\/p>\n<p><strong>Chefe:<\/strong> Professor Jayme Bordini J\u00fanior<\/p>\n<p><strong>Suplente:<\/strong> Professora Juliana Lucena Schussel<\/p>\n<p><strong>Secret\u00e1rio:<\/strong> Ricardo Ferreira Alves<\/p>\n<p><strong><a href=\"https:\/\/goo.gl\/maps\/j4wpTfTsnQXbGY29A\" target=\"_blank\" rel=\"noopener noreferrer\">Localiza\u00e7\u00e3o- mapa<\/a><\/strong><\/p>\n","protected":false},"excerpt":{"rendered":"<p>Secretaria do Departamento de Estomatologia Telefone: 41 3360-4050 e-mail: estomato@ufpr.br Endere\u00e7o: Av. Prefeito Loth\u00e1rio Meissner, 632 CEP: 80210-170 &#8211; Campus III- Jardim Bot\u00e2nico-Curitiba-PR Chefe: Professor Jayme Bordini J\u00fanior Suplente: Professora Juliana Lucena Schussel Secret\u00e1rio: Ricardo Ferreira Alves Localiza\u00e7\u00e3o- mapa<\/p>\n","protected":false},"author":1615,"featured_media":0,"parent":0,"menu_order":0,"comment_status":"closed","ping_status":"closed","template":"","meta":{"_acf_changed":false,"_uag_custom_page_level_css":"","footnotes":""},"class_list":["post-1082","page","type-page","status-publish","hentry"],"acf":[],"featured_image_src":null,"uagb_featured_image_src":{"full":false,"thumbnail":false,"medium":false,"medium_large":false,"large":false,"1536x1536":false,"2048x2048":false,"noticias-thumb":false,"banners-thumb":false,"maisnoticias-thumb":false,"post-thumbnail":false},"uagb_author_info":{"display_name":"Guilherme","author_link":"https:\/\/saude.ufpr.br\/departamentoestomatologia\/author\/guilhermematos\/"},"uagb_comment_info":0,"uagb_excerpt":"Secretaria do Departamento de Estomatologia Telefone: 41 3360-4050 e-mail: estomato@ufpr.br Endere\u00e7o: Av. Prefeito Loth\u00e1rio Meissner, 632 CEP: 80210-170 &#8211; Campus III- Jardim Bot\u00e2nico-Curitiba-PR Chefe: Professor Jayme Bordini J\u00fanior Suplente: Professora Juliana Lucena Schussel Secret\u00e1rio: Ricardo Ferreira Alves Localiza\u00e7\u00e3o- mapa","publishpress_future_action":{"enabled":false,"date":"2026-05-03 04:59:25","action":"change-status","newStatus":"draft","terms":[],"taxonomy":"","extraData":[]},"publishpress_future_workflow_manual_trigger":{"enabledWorkflows":[]},"_links":{"self":[{"href":"https:\/\/saude.ufpr.br\/departamentoestomatologia\/wp-json\/wp\/v2\/pages\/1082","targetHints":{"allow":["GET"]}}],"collection":[{"href":"https:\/\/saude.ufpr.br\/departamentoestomatologia\/wp-json\/wp\/v2\/pages"}],"about":[{"href":"https:\/\/saude.ufpr.br\/departamentoestomatologia\/wp-json\/wp\/v2\/types\/page"}],"author":[{"embeddable":true,"href":"https:\/\/saude.ufpr.br\/departamentoestomatologia\/wp-json\/wp\/v2\/users\/1615"}],"replies":[{"embeddable":true,"href":"https:\/\/saude.ufpr.br\/departamentoestomatologia\/wp-json\/wp\/v2\/comments?post=1082"}],"version-history":[{"count":24,"href":"https:\/\/saude.ufpr.br\/departamentoestomatologia\/wp-json\/wp\/v2\/pages\/1082\/revisions"}],"predecessor-version":[{"id":2895,"href":"https:\/\/saude.ufpr.br\/departamentoestomatologia\/wp-json\/wp\/v2\/pages\/1082\/revisions\/2895"}],"wp:attachment":[{"href":"https:\/\/saude.ufpr.br\/departamentoestomatologia\/wp-json\/wp\/v2\/media?parent=1082"}],"curies":[{"name":"wp","href":"https:\/\/api.w.org\/{rel}","templated":true}]}}