{"id":2424,"date":"2020-03-12T17:12:41","date_gmt":"2020-03-12T17:12:41","guid":{"rendered":"https:\/\/saude.ufpr.br\/departamentoestomatologia\/?page_id=2424"},"modified":"2024-10-17T14:51:32","modified_gmt":"2024-10-17T14:51:32","slug":"concursos","status":"publish","type":"page","link":"https:\/\/saude.ufpr.br\/departamentoestomatologia\/concursos\/","title":{"rendered":"Concursos"},"content":{"rendered":"<p><a href=\"https:\/\/saude.ufpr.br\/departamentoestomatologia\/wp-content\/uploads\/sites\/58\/2024\/08\/Res.-92-06-CEPE-1.pdf\">Res.-92-06-CEPE Normas para contrata\u00e7\u00e3o de Professor Substituto.<\/a><\/p>\n<p><a href=\"https:\/\/saude.ufpr.br\/departamentoestomatologia\/wp-content\/uploads\/sites\/58\/2024\/10\/Resolucao-66a-16-CEPE-concurso.pdf\">Resolu\u00e7\u00e3o 66a-16-CEPE-concurso<\/a><\/p>\n<p><a href=\"https:\/\/saude.ufpr.br\/departamentoestomatologia\/wp-content\/uploads\/sites\/58\/2024\/10\/Res.-70-16-CEPE-pontuacao-avaliacao-do-curriculo.pdf\">Res.-70-16-CEPE pontua\u00e7\u00e3o avalia\u00e7\u00e3o do curr\u00edculo<\/a><\/p>\n","protected":false},"excerpt":{"rendered":"<p>Res.-92-06-CEPE Normas para contrata\u00e7\u00e3o de Professor Substituto. Resolu\u00e7\u00e3o 66a-16-CEPE-concurso Res.-70-16-CEPE pontua\u00e7\u00e3o avalia\u00e7\u00e3o do curr\u00edculo<\/p>\n","protected":false},"author":1615,"featured_media":0,"parent":0,"menu_order":0,"comment_status":"closed","ping_status":"closed","template":"","meta":{"_acf_changed":false,"_uag_custom_page_level_css":"","footnotes":""},"class_list":["post-2424","page","type-page","status-publish","hentry"],"acf":[],"featured_image_src":null,"uagb_featured_image_src":{"full":false,"thumbnail":false,"medium":false,"medium_large":false,"large":false,"1536x1536":false,"2048x2048":false,"noticias-thumb":false,"banners-thumb":false,"maisnoticias-thumb":false,"post-thumbnail":false},"uagb_author_info":{"display_name":"Guilherme","author_link":"https:\/\/saude.ufpr.br\/departamentoestomatologia\/author\/guilhermematos\/"},"uagb_comment_info":0,"uagb_excerpt":"Res.-92-06-CEPE Normas para contrata\u00e7\u00e3o de Professor Substituto. Resolu\u00e7\u00e3o 66a-16-CEPE-concurso Res.-70-16-CEPE pontua\u00e7\u00e3o avalia\u00e7\u00e3o do curr\u00edculo","publishpress_future_action":{"enabled":false,"date":"2026-05-03 04:59:25","action":"change-status","newStatus":"draft","terms":[],"taxonomy":"","extraData":[]},"publishpress_future_workflow_manual_trigger":{"enabledWorkflows":[]},"_links":{"self":[{"href":"https:\/\/saude.ufpr.br\/departamentoestomatologia\/wp-json\/wp\/v2\/pages\/2424","targetHints":{"allow":["GET"]}}],"collection":[{"href":"https:\/\/saude.ufpr.br\/departamentoestomatologia\/wp-json\/wp\/v2\/pages"}],"about":[{"href":"https:\/\/saude.ufpr.br\/departamentoestomatologia\/wp-json\/wp\/v2\/types\/page"}],"author":[{"embeddable":true,"href":"https:\/\/saude.ufpr.br\/departamentoestomatologia\/wp-json\/wp\/v2\/users\/1615"}],"replies":[{"embeddable":true,"href":"https:\/\/saude.ufpr.br\/departamentoestomatologia\/wp-json\/wp\/v2\/comments?post=2424"}],"version-history":[{"count":10,"href":"https:\/\/saude.ufpr.br\/departamentoestomatologia\/wp-json\/wp\/v2\/pages\/2424\/revisions"}],"predecessor-version":[{"id":2859,"href":"https:\/\/saude.ufpr.br\/departamentoestomatologia\/wp-json\/wp\/v2\/pages\/2424\/revisions\/2859"}],"wp:attachment":[{"href":"https:\/\/saude.ufpr.br\/departamentoestomatologia\/wp-json\/wp\/v2\/media?parent=2424"}],"curies":[{"name":"wp","href":"https:\/\/api.w.org\/{rel}","templated":true}]}}