{"id":2796,"date":"2024-07-31T04:19:13","date_gmt":"2024-07-31T04:19:13","guid":{"rendered":"https:\/\/saude.ufpr.br\/departamentoestomatologia\/?page_id=2796"},"modified":"2024-07-31T04:19:31","modified_gmt":"2024-07-31T04:19:31","slug":"solicitacao-de-vistas-de-prova","status":"publish","type":"page","link":"https:\/\/saude.ufpr.br\/departamentoestomatologia\/solicitacao-de-vistas-de-prova\/","title":{"rendered":"SOLICITA\u00c7\u00c3O DE VISTAS DE PROVA"},"content":{"rendered":"\n<div class=\"wpcf7 no-js\" id=\"wpcf7-f2795-o1\" lang=\"pt-BR\" dir=\"ltr\" data-wpcf7-id=\"2795\">\n<div class=\"screen-reader-response\"><p role=\"status\" aria-live=\"polite\" aria-atomic=\"true\"><\/p> <ul><\/ul><\/div>\n<form action=\"\/departamentoestomatologia\/wp-json\/wp\/v2\/pages\/2796#wpcf7-f2795-o1\" method=\"post\" class=\"wpcf7-form init\" aria-label=\"Formul\u00e1rios de contato\" novalidate=\"novalidate\" data-status=\"init\">\n<fieldset class=\"hidden-fields-container\"><input type=\"hidden\" name=\"_wpcf7\" value=\"2795\" \/><input type=\"hidden\" name=\"_wpcf7_version\" value=\"6.1.5\" \/><input type=\"hidden\" name=\"_wpcf7_locale\" value=\"pt_BR\" \/><input type=\"hidden\" name=\"_wpcf7_unit_tag\" value=\"wpcf7-f2795-o1\" \/><input type=\"hidden\" name=\"_wpcf7_container_post\" value=\"0\" \/><input type=\"hidden\" name=\"_wpcf7_posted_data_hash\" value=\"\" \/>\n<\/fieldset>\n<p><label class=\"small-12 medium-6 large-6 columns\"> Nome do aluno (obrigat\u00f3rio)<br \/>\n<span class=\"wpcf7-form-control-wrap\" data-name=\"nome-do-aluno\"><input size=\"40\" maxlength=\"400\" class=\"wpcf7-form-control wpcf7-text wpcf7-validates-as-required\" autocomplete=\"name\" aria-required=\"true\" aria-invalid=\"false\" value=\"\" type=\"text\" name=\"nome-do-aluno\" \/><\/span> <\/label>\n<\/p>\n<p><label class=\"small-12 medium-6 large-6 columns\"> N\u00famero Matr\u00edcula GRR (obrigat\u00f3rio)<br \/>\n<span class=\"wpcf7-form-control-wrap\" data-name=\"matricula\"><input size=\"40\" maxlength=\"400\" class=\"wpcf7-form-control wpcf7-text wpcf7-validates-as-required\" aria-required=\"true\" aria-invalid=\"false\" value=\"\" type=\"text\" name=\"matricula\" \/><\/span><\/label>\n<\/p>\n<p><label class=\"small-12 medium-6 large-6 columns\"> Per\u00edodo (obrigat\u00f3rio)<br \/>\n<span class=\"wpcf7-form-control-wrap\" data-name=\"periodo\"><input class=\"wpcf7-form-control wpcf7-number wpcf7-validates-as-required wpcf7-validates-as-number\" aria-required=\"true\" aria-invalid=\"false\" value=\"\" type=\"number\" name=\"periodo\" \/><\/span><\/label>\n<\/p>\n<p><label class=\"small-12 medium-6 large-6 columns\"> Data da realiza\u00e7\u00e3o da prova (obrigat\u00f3rio)<br \/>\n<span class=\"wpcf7-form-control-wrap\" data-name=\"data-prova\"><input class=\"wpcf7-form-control wpcf7-date wpcf7-validates-as-required wpcf7-validates-as-date\" aria-required=\"true\" aria-invalid=\"false\" value=\"\" type=\"date\" name=\"data-prova\" \/><\/span><\/label>\n<\/p>\n<p><label class=\"small-12 medium-6 large-6 columns\"> E-mail institucional (UFPR) (obrigat\u00f3rio)<br \/>\n<span class=\"wpcf7-form-control-wrap\" data-name=\"email\"><input size=\"40\" maxlength=\"400\" class=\"wpcf7-form-control wpcf7-email wpcf7-validates-as-required wpcf7-text wpcf7-validates-as-email\" aria-required=\"true\" aria-invalid=\"false\" value=\"\" type=\"email\" name=\"email\" \/><\/span><\/label>\n<\/p>\n<p><label class=\"small-12 medium-6 large-6 columns\"> Telefone (obrigat\u00f3rio)<br \/>\n<span class=\"wpcf7-form-control-wrap\" data-name=\"telefone\"><input size=\"40\" maxlength=\"400\" class=\"wpcf7-form-control wpcf7-tel wpcf7-validates-as-required wpcf7-text wpcf7-validates-as-tel phone\" aria-required=\"true\" aria-invalid=\"false\" placeholder=\"(xx) xxxxx-xxxx\" value=\"\" type=\"tel\" name=\"telefone\" \/><\/span><br \/>\n<\/label>\n<\/p>\n<p><label class=\"small-12 columns\"> Disciplina (obrigat\u00f3rio)<br \/>\n<span class=\"wpcf7-form-control-wrap\" data-name=\"menu-667\"><select class=\"wpcf7-form-control wpcf7-select wpcf7-validates-as-required\" aria-required=\"true\" aria-invalid=\"false\" name=\"menu-667\"><option value=\"\">&#8212;Escolha uma op\u00e7\u00e3o&#8212;<\/option><option value=\"ME041 - CIRURGIA E TRAUMATOLOGIA BUCOMAXILOFACIAIS II\">ME041 - CIRURGIA E TRAUMATOLOGIA BUCOMAXILOFACIAIS II<\/option><option value=\"ME043 - CL\u00cdNICA INTEGRADA I e II\">ME043 - CL\u00cdNICA INTEGRADA I e II<\/option><option value=\"ME051 - RADIOLOGIA ODONTOL\u00d3GICA E IMAGINOLOGIA I\">ME051 - RADIOLOGIA ODONTOL\u00d3GICA E IMAGINOLOGIA I<\/option><option value=\"ME055 - RADIOLOGIA ODONTOL\u00d3GICA E IMAGINOLOGIA III\">ME055 - RADIOLOGIA ODONTOL\u00d3GICA E IMAGINOLOGIA III<\/option><option value=\"ME050 - SEMIOLOGIA APLICADA\">ME050 - SEMIOLOGIA APLICADA<\/option><option value=\"ME036 - TERAP\u00caUTICA APLICADA\">ME036 - TERAP\u00caUTICA APLICADA<\/option><option value=\"ME056 - TERAP\u00caUTICA AVAN\u00c7ADA\">ME056 - TERAP\u00caUTICA AVAN\u00c7ADA<\/option><option value=\"ME070 - CI\u00caNCIA E SA\u00daDE\">ME070 - CI\u00caNCIA E SA\u00daDE<\/option><option value=\"ME053 - ESTOMATOLOGIA\">ME053 - ESTOMATOLOGIA<\/option><option value=\"ME028 - METODOLOGIA DA PESQUISA EM SA\u00daDE\">ME028 - METODOLOGIA DA PESQUISA EM SA\u00daDE<\/option><option value=\"ME042 - ODONTOPEDIATRIA II\">ME042 - ODONTOPEDIATRIA II<\/option><option value=\"ME039 - ODONTOPEDIATRIA I\">ME039 - ODONTOPEDIATRIA I<\/option><option value=\"ME052 - RADIOLOGIA ODONTOL\u00d3GICA E IMAGINOLOGIA II\">ME052 - RADIOLOGIA ODONTOL\u00d3GICA E IMAGINOLOGIA II<\/option><option value=\"ME048 - PERIODONTIA I\">ME048 - PERIODONTIA I<\/option><option value=\"ME054 - PERIODONTIA II\">ME054 - PERIODONTIA II<\/option><option value=\"ME120 - PERIODONTIA CIR\u00daRGICA\">ME120 - PERIODONTIA CIR\u00daRGICA<\/option><option value=\"ME030 - EST\u00c1GIO SUPERVISIONADO I\">ME030 - EST\u00c1GIO SUPERVISIONADO I<\/option><option value=\"ME047 - PATOLOGIA BUCAL\">ME047 - PATOLOGIA BUCAL<\/option><option value=\"ME032 - IMPLANTODONTIA\">ME032 - IMPLANTODONTIA<\/option><option value=\"ME034 - ANESTESIA E EMERG\u00caNCIAS M\u00c9DICAS\">ME034 - ANESTESIA E EMERG\u00caNCIAS M\u00c9DICAS<\/option><option value=\"ME018 - CIRURG.E TRAUMAT.BUCO-MAXILO-FACIAIS III\">ME018 - CIRURG.E TRAUMAT.BUCO-MAXILO-FACIAIS III<\/option><option value=\"ME040 - CIRURGIA E TRAUMATOLOGIA BUCOMAXILOFACIAIS I\">ME040 - CIRURGIA E TRAUMATOLOGIA BUCOMAXILOFACIAIS I<\/option><option value=\"ME027 - BIOSSEGURAN\u00c7A EM ODONTOLOGIA\">ME027 - BIOSSEGURAN\u00c7A EM ODONTOLOGIA<\/option><option value=\"ME035 - EST\u00c1GIO SUPERVISIONADO II\">ME035 - EST\u00c1GIO SUPERVISIONADO II<\/option><option value=\"ME071 - BIOSSEGURAN\u00c7A ODONTOL\u00d3GICA\">ME071 - BIOSSEGURAN\u00c7A ODONTOL\u00d3GICA<\/option><option value=\"ME018 - CIRURG.E TRAUMAT.BUCO-MAXILO-FACIAIS III\">ME018 - CIRURG.E TRAUMAT.BUCO-MAXILO-FACIAIS III<\/option><option value=\"ME072 - PATOLOGIA\">ME072 - PATOLOGIA<\/option><option value=\"ME073 - RADIOLOGIA ODONTOL\u00d3GICA E IMAGINOLOGIA\">ME073 - RADIOLOGIA ODONTOL\u00d3GICA E IMAGINOLOGIA<\/option><option value=\"ME074 - SEMIOLOGIA APLICADA \u00c0 ODONTOLOGIA\">ME074 - SEMIOLOGIA APLICADA \u00c0 ODONTOLOGIA<\/option><option value=\"ME075 - PERIODONTIA\">ME075 - PERIODONTIA<\/option><option value=\"ME076 - ANESTESIOLOGIA E CIRUGIA BUCAL\">ME076 - ANESTESIOLOGIA E CIRUGIA BUCAL<\/option><option value=\"ME086 - CIRURGIA E TRAUMATOLOLIA BUCOMAXILOFACIAIS\">ME086 - CIRURGIA E TRAUMATOLOLIA BUCOMAXILOFACIAIS<\/option><option value=\"ME089 - CLINICA DA INF\u00c2NCIA E ADOLESC\u00caNCIA\">ME089 - CLINICA DA INF\u00c2NCIA E ADOLESC\u00caNCIA<\/option><option value=\"ME090 - CLINICA INTEGRADA I\">ME090 - CLINICA INTEGRADA I<\/option><option value=\"ME077 - CLINICA ODONTOL\u00d3GICA\">ME077 - CLINICA ODONTOL\u00d3GICA<\/option><option value=\"ME092 - EST\u00c1GIO ELETIVO EM M\u00c9DIA E ALTA COMPLEXIDADE EM SA\u00daDE BUCAL\">ME092 - EST\u00c1GIO ELETIVO EM M\u00c9DIA E ALTA COMPLEXIDADE EM SA\u00daDE BUCAL<\/option><option value=\"ME085 - ESTOMATOLOGIA\">ME085 - ESTOMATOLOGIA<\/option><option value=\"ME083 - EXTENS\u00c3O UNIVERSIT\u00c1RIA III\">ME083 - EXTENS\u00c3O UNIVERSIT\u00c1RIA III<\/option><option value=\"ME093 - EXTENS\u00c3O UNIVERSIT\u00c1RIA V\">ME093 - EXTENS\u00c3O UNIVERSIT\u00c1RIA V<\/option><option value=\"ME081 - ODONTOPEDIATRIA I\">ME081 - ODONTOPEDIATRIA I<\/option><option value=\"ME084 - ODONTOPEDIATRIA II\">ME084 - ODONTOPEDIATRIA II<\/option><option value=\"ME078 - PRINC\u00cdPIOS DE INTEGRA\u00c7\u00c3O CL\u00cdNICA\">ME078 - PRINC\u00cdPIOS DE INTEGRA\u00c7\u00c3O CL\u00cdNICA<\/option><option value=\"ME088 - PRONTO ATENDIMENTO ODONTOL\u00d3GICO\">ME088 - PRONTO ATENDIMENTO ODONTOL\u00d3GICO<\/option><option value=\"ME080 - TCC I\">ME080 - TCC I<\/option><option value=\"ME082 - TCC II\">ME082 - TCC II<\/option><option value=\"ME087 - TCC III\">ME087 - TCC III<\/option><option value=\"ME091 - TCC IV\">ME091 - TCC IV<\/option><option value=\"ME079 - TERAP\u00caUTICA APLICADA\">ME079 - TERAP\u00caUTICA APLICADA<\/option><option value=\"ME100 - ACUMPUNTURA APLICADA \u00c0 ODONTOLOGIA\">ME100 - ACUMPUNTURA APLICADA \u00c0 ODONTOLOGIA<\/option><option value=\"ME103 - CIRURGIA BUCOMAXILOFACIAL\">ME103 - CIRURGIA BUCOMAXILOFACIAL<\/option><option value=\"ME104 - DESMISTIFICANDO A BIOESTAT\u00cdSTICA\">ME104 - DESMISTIFICANDO A BIOESTAT\u00cdSTICA<\/option><option value=\"ME105 - ENGLISH FOR SPECIFIC PURPOSES: SPECIAL TOPICS IN DENTISTRY\">ME105 - ENGLISH FOR SPECIFIC PURPOSES: SPECIAL TOPICS IN DENTISTRY<\/option><option value=\"ME109 - FOTOBIOMODULA\u00c7\u00c3O APLICADA \u00c0 ODONTOLOGIA\">ME109 - FOTOBIOMODULA\u00c7\u00c3O APLICADA \u00c0 ODONTOLOGIA<\/option><option value=\"ME106 - HISTOPATOLOGIA DAS LES\u00d5ES BUCOMAXILOFACIAIS\">ME106 - HISTOPATOLOGIA DAS LES\u00d5ES BUCOMAXILOFACIAIS<\/option><option value=\"ME102 - HUMANIDADES EM SA\u00daDE\">ME102 - HUMANIDADES EM SA\u00daDE<\/option><option value=\"ME107 - IMPLANTODONTIA\">ME107 - IMPLANTODONTIA<\/option><option value=\"ME108 - INTRODU\u00c7\u00c3O \u00c0 ANALGESIA INALAT\u00d3RIA COM OXIG\u00caNIO E \u00d3XIDO NITROSO EM ODONTOLOGIA\">ME108 - INTRODU\u00c7\u00c3O \u00c0 ANALGESIA INALAT\u00d3RIA COM OXIG\u00caNIO E \u00d3XIDO NITROSO EM ODONTOLOGIA<\/option><option value=\"ME101 - LITERACIA EM SA\u00daDE E OS DESAFIOS DA COMUNICA\u00c7\u00c3O EM SA\u00daDE BUCAL\">ME101 - LITERACIA EM SA\u00daDE E OS DESAFIOS DA COMUNICA\u00c7\u00c3O EM SA\u00daDE BUCAL<\/option><option value=\"ME110 - ODONTOLOGIA HOSPITALAR\">ME110 - ODONTOLOGIA HOSPITALAR<\/option><option value=\"ME112 - TERAP\u00caUTICA AVAN\u00c7ADA\">ME112 - TERAP\u00caUTICA AVAN\u00c7ADA<\/option><option value=\"ME111 - T\u00d3PICOS AVAN\u00c7ADOS EM RADIOLOGIA ODONTOL\u00d3GICA E IMAGINOLOGIA\">ME111 - T\u00d3PICOS AVAN\u00c7ADOS EM RADIOLOGIA ODONTOL\u00d3GICA E IMAGINOLOGIA<\/option><\/select><\/span><\/label>\n<\/p>\n<p><a href=\"https:\/\/saude.ufpr.br\/departamentoestomatologia\/wp-content\/uploads\/sites\/58\/2024\/07\/Resolucao_Cepe_37-97_art.93_art.105.pdf\" target=\"_blank\">Resolu\u00e7\u00e3o CEPE 37\/97 Art. 93 \u00a73 e Art. 105<\/a><br \/>\n<span class=\"wpcf7-form-control-wrap\" data-name=\"declaracao\"><span class=\"wpcf7-form-control wpcf7-checkbox wpcf7-validates-as-required\"><span class=\"wpcf7-list-item first last\"><input type=\"checkbox\" name=\"declaracao[]\" value=\"Declaro que li e estou ciente da Resolu\u00e7\u00e3o Cepe 37\/97\" \/><span class=\"wpcf7-list-item-label\">Declaro que li e estou ciente da Resolu\u00e7\u00e3o Cepe 37\/97<\/span><\/span><\/span><\/span>\n<\/p>\n<fieldset>\n\t<p><strong>LGPD (Lei n\u00ba 13.709):<\/strong> N\u00e3o compartilhamos seus dados com terceiros. As informa\u00e7\u00f5es obtidas nos formul\u00e1rios s\u00e3o solicitadas para pedidos de 2\u00aa chamada e vista de provas.\n\t<\/p>\n<\/fieldset>\n<p><input class=\"wpcf7-form-control wpcf7-submit has-spinner\" type=\"submit\" value=\"Enviar\" \/>\n<\/p><div class=\"wpcf7-response-output\" aria-hidden=\"true\"><\/div>\n<\/form>\n<\/div>\n\n","protected":false},"excerpt":{"rendered":"","protected":false},"author":1615,"featured_media":0,"parent":0,"menu_order":0,"comment_status":"closed","ping_status":"closed","template":"","meta":{"_acf_changed":false,"_uag_custom_page_level_css":"","footnotes":""},"class_list":["post-2796","page","type-page","status-publish","hentry"],"acf":[],"featured_image_src":null,"uagb_featured_image_src":{"full":false,"thumbnail":false,"medium":false,"medium_large":false,"large":false,"1536x1536":false,"2048x2048":false,"noticias-thumb":false,"banners-thumb":false,"maisnoticias-thumb":false,"post-thumbnail":false},"uagb_author_info":{"display_name":"Guilherme","author_link":"https:\/\/saude.ufpr.br\/departamentoestomatologia\/author\/guilhermematos\/"},"uagb_comment_info":0,"uagb_excerpt":null,"publishpress_future_action":{"enabled":false,"date":"2026-04-25 06:32:07","action":"change-status","newStatus":"draft","terms":[],"taxonomy":"","extraData":[]},"publishpress_future_workflow_manual_trigger":{"enabledWorkflows":[]},"_links":{"self":[{"href":"https:\/\/saude.ufpr.br\/departamentoestomatologia\/wp-json\/wp\/v2\/pages\/2796","targetHints":{"allow":["GET"]}}],"collection":[{"href":"https:\/\/saude.ufpr.br\/departamentoestomatologia\/wp-json\/wp\/v2\/pages"}],"about":[{"href":"https:\/\/saude.ufpr.br\/departamentoestomatologia\/wp-json\/wp\/v2\/types\/page"}],"author":[{"embeddable":true,"href":"https:\/\/saude.ufpr.br\/departamentoestomatologia\/wp-json\/wp\/v2\/users\/1615"}],"replies":[{"embeddable":true,"href":"https:\/\/saude.ufpr.br\/departamentoestomatologia\/wp-json\/wp\/v2\/comments?post=2796"}],"version-history":[{"count":2,"href":"https:\/\/saude.ufpr.br\/departamentoestomatologia\/wp-json\/wp\/v2\/pages\/2796\/revisions"}],"predecessor-version":[{"id":2798,"href":"https:\/\/saude.ufpr.br\/departamentoestomatologia\/wp-json\/wp\/v2\/pages\/2796\/revisions\/2798"}],"wp:attachment":[{"href":"https:\/\/saude.ufpr.br\/departamentoestomatologia\/wp-json\/wp\/v2\/media?parent=2796"}],"curies":[{"name":"wp","href":"https:\/\/api.w.org\/{rel}","templated":true}]}}