{"id":1220,"date":"2022-08-18T10:35:45","date_gmt":"2022-08-18T10:35:45","guid":{"rendered":"https:\/\/saude.ufpr.br\/departamentopatologiamedica\/?page_id=1220"},"modified":"2026-01-26T14:54:52","modified_gmt":"2026-01-26T17:54:52","slug":"contato","status":"publish","type":"page","link":"https:\/\/saude.ufpr.br\/departamentopatologiamedica\/contato\/","title":{"rendered":"CONTATO"},"content":{"rendered":"\n<div class=\"wp-block-media-text is-stacked-on-mobile\" style=\"grid-template-columns:15% auto\"><figure class=\"wp-block-media-text__media\"><img fetchpriority=\"high\" decoding=\"async\" width=\"354\" height=\"354\" src=\"https:\/\/saude.ufpr.br\/departamentopatologiamedica\/wp-content\/uploads\/sites\/61\/2025\/02\/14.png\" alt=\"\" class=\"wp-image-1513 size-full\" srcset=\"https:\/\/saude.ufpr.br\/departamentopatologiamedica\/wp-content\/uploads\/sites\/61\/2025\/02\/14.png 354w, https:\/\/saude.ufpr.br\/departamentopatologiamedica\/wp-content\/uploads\/sites\/61\/2025\/02\/14-300x300.png 300w, https:\/\/saude.ufpr.br\/departamentopatologiamedica\/wp-content\/uploads\/sites\/61\/2025\/02\/14-150x150.png 150w\" sizes=\"(max-width: 354px) 100vw, 354px\" \/><\/figure><div class=\"wp-block-media-text__content\">\n<p><strong>Secretaria do DPM<\/strong><br>E-mail: patomed@ufpr.br<\/p>\n<\/div><\/div>\n\n\n\n<div class=\"wp-block-media-text is-stacked-on-mobile\" style=\"grid-template-columns:15% auto\"><figure class=\"wp-block-media-text__media\"><img decoding=\"async\" width=\"354\" height=\"354\" src=\"https:\/\/saude.ufpr.br\/departamentopatologiamedica\/wp-content\/uploads\/sites\/61\/2025\/02\/15.png\" alt=\"\" class=\"wp-image-1514 size-full\" srcset=\"https:\/\/saude.ufpr.br\/departamentopatologiamedica\/wp-content\/uploads\/sites\/61\/2025\/02\/15.png 354w, https:\/\/saude.ufpr.br\/departamentopatologiamedica\/wp-content\/uploads\/sites\/61\/2025\/02\/15-300x300.png 300w, https:\/\/saude.ufpr.br\/departamentopatologiamedica\/wp-content\/uploads\/sites\/61\/2025\/02\/15-150x150.png 150w\" sizes=\"(max-width: 354px) 100vw, 354px\" \/><\/figure><div class=\"wp-block-media-text__content\">\n<p><strong>Endere\u00e7o: <\/strong><br>Rua Padre Camargo, 280<br>6\u00ba Andar | Alto da Gl\u00f3ria<br> 80.060-240 | Curitiba<\/p>\n<\/div><\/div>\n\n\n\n<div class=\"wp-block-media-text is-stacked-on-mobile\" style=\"grid-template-columns:15% auto\"><figure class=\"wp-block-media-text__media\"><img decoding=\"async\" width=\"354\" height=\"354\" src=\"https:\/\/saude.ufpr.br\/departamentopatologiamedica\/wp-content\/uploads\/sites\/61\/2025\/02\/16-1.png\" alt=\"\" class=\"wp-image-1516 size-full\" srcset=\"https:\/\/saude.ufpr.br\/departamentopatologiamedica\/wp-content\/uploads\/sites\/61\/2025\/02\/16-1.png 354w, https:\/\/saude.ufpr.br\/departamentopatologiamedica\/wp-content\/uploads\/sites\/61\/2025\/02\/16-1-300x300.png 300w, https:\/\/saude.ufpr.br\/departamentopatologiamedica\/wp-content\/uploads\/sites\/61\/2025\/02\/16-1-150x150.png 150w\" sizes=\"(max-width: 354px) 100vw, 354px\" \/><\/figure><div class=\"wp-block-media-text__content\">\n<p><strong>Hor\u00e1rios de atendimento:<\/strong> <br><span style=\"text-decoration: underline\">Presencial:<\/span><br>Segunda, Ter\u00e7a e Quinta: 8h \u00e0s 17h<br><br><span style=\"text-decoration: underline\">Remoto: <\/span><br>Quarta e Sexta: 8h \u00e0s 17h<\/p>\n<\/div><\/div>\n","protected":false},"excerpt":{"rendered":"<p>Secretaria do DPME-mail: patomed@ufpr.br Endere\u00e7o: Rua Padre Camargo, 2806\u00ba Andar | Alto da Gl\u00f3ria 80.060-240 | Curitiba Hor\u00e1rios de atendimento: Presencial:Segunda, Ter\u00e7a e Quinta: 8h \u00e0s 17h Remoto: Quarta e Sexta: 8h \u00e0s 17h<\/p>\n","protected":false},"author":1702,"featured_media":0,"parent":0,"menu_order":0,"comment_status":"closed","ping_status":"closed","template":"","meta":{"_acf_changed":false,"_uag_custom_page_level_css":"","footnotes":""},"class_list":["post-1220","page","type-page","status-publish","hentry"],"acf":[],"featured_image_src":null,"uagb_featured_image_src":{"full":false,"thumbnail":false,"medium":false,"medium_large":false,"large":false,"1536x1536":false,"2048x2048":false,"noticias-thumb":false,"banners-thumb":false,"maisnoticias-thumb":false,"post-thumbnail":false},"uagb_author_info":{"display_name":"debora","author_link":"https:\/\/saude.ufpr.br\/departamentopatologiamedica\/author\/debora\/"},"uagb_comment_info":0,"uagb_excerpt":"Secretaria do DPME-mail: patomed@ufpr.br Endere\u00e7o: Rua Padre Camargo, 2806\u00ba Andar | Alto da Gl\u00f3ria 80.060-240 | Curitiba Hor\u00e1rios de atendimento: Presencial:Segunda, Ter\u00e7a e Quinta: 8h \u00e0s 17h Remoto: Quarta e Sexta: 8h \u00e0s 17h","publishpress_future_action":{"enabled":false,"date":"2026-05-13 12:16:55","action":"change-status","newStatus":"draft","terms":[],"taxonomy":"","extraData":[]},"publishpress_future_workflow_manual_trigger":{"enabledWorkflows":[]},"_links":{"self":[{"href":"https:\/\/saude.ufpr.br\/departamentopatologiamedica\/wp-json\/wp\/v2\/pages\/1220","targetHints":{"allow":["GET"]}}],"collection":[{"href":"https:\/\/saude.ufpr.br\/departamentopatologiamedica\/wp-json\/wp\/v2\/pages"}],"about":[{"href":"https:\/\/saude.ufpr.br\/departamentopatologiamedica\/wp-json\/wp\/v2\/types\/page"}],"author":[{"embeddable":true,"href":"https:\/\/saude.ufpr.br\/departamentopatologiamedica\/wp-json\/wp\/v2\/users\/1702"}],"replies":[{"embeddable":true,"href":"https:\/\/saude.ufpr.br\/departamentopatologiamedica\/wp-json\/wp\/v2\/comments?post=1220"}],"version-history":[{"count":9,"href":"https:\/\/saude.ufpr.br\/departamentopatologiamedica\/wp-json\/wp\/v2\/pages\/1220\/revisions"}],"predecessor-version":[{"id":2025,"href":"https:\/\/saude.ufpr.br\/departamentopatologiamedica\/wp-json\/wp\/v2\/pages\/1220\/revisions\/2025"}],"wp:attachment":[{"href":"https:\/\/saude.ufpr.br\/departamentopatologiamedica\/wp-json\/wp\/v2\/media?parent=1220"}],"curies":[{"name":"wp","href":"https:\/\/api.w.org\/{rel}","templated":true}]}}