{"id":1228,"date":"2022-08-18T10:43:00","date_gmt":"2022-08-18T10:43:00","guid":{"rendered":"https:\/\/saude.ufpr.br\/departamentopatologiamedica\/?page_id=1228"},"modified":"2026-01-29T13:19:19","modified_gmt":"2026-01-29T16:19:19","slug":"disciplinas","status":"publish","type":"page","link":"https:\/\/saude.ufpr.br\/departamentopatologiamedica\/disciplinas\/","title":{"rendered":"DISCIPLINAS"},"content":{"rendered":"\n<p>Nas tabelas abaixo est\u00e3o disponibilizadas as Fichas 1 e Fichas 2 das disciplinas ofertadas para o curso de gradua\u00e7\u00e3o em Medicina atendidos pelo Departamento de Patologia M\u00e9dica.<\/p>\n\n\n\n<div class=\"wp-block-group\"><div class=\"wp-block-group__inner-container is-layout-constrained wp-block-group-is-layout-constrained\">\n<p><strong>Ficha 1 (permanente)<\/strong> \u2013 constitui a identifica\u00e7\u00e3o da disciplina, na qual constam: c\u00f3digo, denomina\u00e7\u00e3o, pr\u00e9-requisitos, co-requisitos, cr\u00e9ditos, carga hor\u00e1ria semanal e total, bem como a ementa.<\/p>\n\n\n\n<p><strong>Ficha 2 (vari\u00e1vel)<\/strong> \u2013 constitui o programa da disciplina, do qual constam: identifica\u00e7\u00e3o, objetivos, desdobramento da \u00e1rea de conhecimento em unidades, procedimentos did\u00e1ticos, formas de avalia\u00e7\u00e3o, bibliografia b\u00e1sica, bibliografia complementar e professores respons\u00e1veis, podendo ser atualizada quando necess\u00e1rio.&nbsp;&nbsp;&nbsp;&nbsp;&nbsp;&nbsp;&nbsp;<\/p>\n\n\n\n<h2 class=\"wp-block-heading\"><strong>Disciplinas Obrigat\u00f3rias<\/strong><\/h2>\n<\/div><\/div>\n\n\n\n<figure class=\"wp-block-table\"><table><tbody><tr><td><strong>C\u00f3digo<\/strong><\/td><td><strong>Nome da Disciplina<\/strong><\/td><td><strong>CH<\/strong> (h)<\/td><td><strong>Ficha 1<\/strong><\/td><td><strong>Ficha 2<\/strong><\/td><\/tr><tr><td>MP029<\/td><td>Anatomia Patol\u00f3gica (AP)*<\/td><td>180<\/td><td><a href=\"https:\/\/saude.ufpr.br\/departamentopatologiamedica\/wp-content\/uploads\/sites\/61\/2025\/02\/Ficha-1-AP-3.pdf\">Ficha 1 &#8211; AP<\/a><\/td><td><a href=\"https:\/\/saude.ufpr.br\/departamentopatologiamedica\/wp-content\/uploads\/sites\/61\/2025\/02\/Ficha-2-AP-1.pdf\">Ficha 2 &#8211; AP<\/a><\/td><\/tr><tr><td>MP031<\/td><td>Est\u00e1gio Multidisciplinar (EMD) em AP<\/td><td>20<\/td><td><a href=\"https:\/\/saude.ufpr.br\/departamentopatologiamedica\/wp-content\/uploads\/sites\/61\/2025\/02\/Ficha-1-EMD-2.pdf\">Ficha 1 &#8211; EMD<\/a><\/td><td><a href=\"https:\/\/saude.ufpr.br\/departamentopatologiamedica\/wp-content\/uploads\/sites\/61\/2025\/02\/Ficha-2-EMD.pdf\">Ficha 2 &#8211; EMD<\/a><\/td><\/tr><tr><td>MP033<\/td><td>Patologia M\u00e9dica Aplicada<\/td><td>40<\/td><td><a href=\"https:\/\/saude.ufpr.br\/departamentopatologiamedica\/wp-content\/uploads\/sites\/61\/2025\/02\/Ficha-1-PMA-2.pdf\">Ficha 1 &#8211; PMA<\/a><\/td><td><a href=\"https:\/\/saude.ufpr.br\/departamentopatologiamedica\/wp-content\/uploads\/sites\/61\/2025\/02\/Ficha-2-PMA-1.pdf\">Ficha 2 &#8211; PMA<\/a><\/td><\/tr><tr><td>MP321<\/td><td>Trabalho de Curso 2 em Patologia M\u00e9dica<\/td><td>20<\/td><td><a href=\"https:\/\/saude.ufpr.br\/departamentopatologiamedica\/wp-content\/uploads\/sites\/61\/2025\/03\/TC2_FICHA_1.pdf\">Ficha 1 &#8211; TC2<\/a><\/td><td><a href=\"https:\/\/saude.ufpr.br\/departamentopatologiamedica\/wp-content\/uploads\/sites\/61\/2025\/03\/TC2_FICHA_2.pdf\">Ficha 2 &#8211; TC2<\/a><\/td><\/tr><tr><td>MP322<\/td><td>Trabalho de Curso 3 em Patologia M\u00e9dica<\/td><td>40<\/td><td><a href=\"https:\/\/saude.ufpr.br\/departamentopatologiamedica\/wp-content\/uploads\/sites\/61\/2025\/03\/TC3_FICHA_1.pdf\">Ficha 1 &#8211; TC3<\/a><\/td><td><a href=\"https:\/\/saude.ufpr.br\/departamentopatologiamedica\/wp-content\/uploads\/sites\/61\/2025\/03\/TC3_FICHA_2.pdf\">Ficha 2 &#8211; TC3<\/a><\/td><\/tr><tr><td>MP323<\/td><td>Trabalho de Curso 4 em Patologia M\u00e9dica<\/td><td>20<\/td><td><a href=\"https:\/\/saude.ufpr.br\/departamentopatologiamedica\/wp-content\/uploads\/sites\/61\/2025\/03\/TC4_FICHA_1.pdf\">Ficha 1 &#8211; TC4<\/a><\/td><td><a href=\"https:\/\/saude.ufpr.br\/departamentopatologiamedica\/wp-content\/uploads\/sites\/61\/2025\/03\/TC4_FICHA_2.pdf\">Ficha 2 &#8211; TC4<\/a><\/td><\/tr><\/tbody><\/table><\/figure>\n\n\n\n<h2 class=\"wp-block-heading\"><strong>Disciplinas Optativas<\/strong><\/h2>\n\n\n\n<figure class=\"wp-block-table\"><table><tbody><tr><td><strong>C\u00f3digo<\/strong><\/td><td><strong>Nome da Disciplina<\/strong><\/td><td><strong>CH <\/strong>(h)<\/td><td><strong>Ficha 1<\/strong><\/td><td><strong>Ficha 2<\/strong><\/td><\/tr><tr><td>MP032<\/td><td>Est\u00e1gio Curricular Optativo em AP<\/td><td>200<\/td><td><a href=\"https:\/\/saude.ufpr.br\/departamentopatologiamedica\/wp-content\/uploads\/sites\/61\/2025\/02\/Ficha-1-ECO-1.pdf\">Ficha 1 &#8211; ECO<\/a><\/td><td><a href=\"https:\/\/saude.ufpr.br\/departamentopatologiamedica\/wp-content\/uploads\/sites\/61\/2025\/02\/Ficha-2-ECO.pdf\">Ficha 2 &#8211; ECO<\/a><\/td><\/tr><tr><td>MP030<\/td><td>Exerc\u00edcios Anatomo-Cl\u00ednicos<\/td><td>40<\/td><td><a href=\"https:\/\/saude.ufpr.br\/departamentopatologiamedica\/wp-content\/uploads\/sites\/61\/2025\/03\/EAC_FICHA_1.pdf\">Ficha 1 &#8211; EAC<\/a><\/td><td><a href=\"https:\/\/saude.ufpr.br\/departamentopatologiamedica\/wp-content\/uploads\/sites\/61\/2025\/03\/EAC_FICHA_2.pdf\">Ficha 2 &#8211; EAC<\/a><\/td><\/tr><tr><td>MP034<\/td><td>Racioc\u00ednio Cl\u00ednico-Laboratorial<\/td><td>40<\/td><td><a href=\"https:\/\/saude.ufpr.br\/departamentopatologiamedica\/wp-content\/uploads\/sites\/61\/2026\/01\/SEI_7809350_PROGRAD__FORMULARIO_FICHA_1-1-3.pdf\" data-type=\"link\" data-id=\"https:\/\/saude.ufpr.br\/departamentopatologiamedica\/wp-content\/uploads\/sites\/61\/2026\/01\/SEI_7809350_PROGRAD__FORMULARIO_FICHA_1-1-3.pdf\" target=\"_blank\" rel=\"noreferrer noopener\">Ficha 1 &#8211; LC<\/a><\/td><td><a href=\"https:\/\/saude.ufpr.br\/departamentopatologiamedica\/wp-content\/uploads\/sites\/61\/2026\/01\/SEI_7810320_PROGRAD__FORMULARIO_FICHA_2-2-1.pdf\" target=\"_blank\" rel=\"noreferrer noopener\">Ficha 2 &#8211; LC<\/a><\/td><\/tr><tr><td>MP324<\/td><td>Pr\u00e1ticas M\u00e9dicas Baseadas em Evid\u00eancias<\/td><td>40<\/td><td><a href=\"https:\/\/saude.ufpr.br\/departamentopatologiamedica\/wp-content\/uploads\/sites\/61\/2025\/02\/Ficha-1-PMBE.pdf\">Ficha 1 &#8211; PMBE<\/a><\/td><td><a href=\"https:\/\/saude.ufpr.br\/departamentopatologiamedica\/wp-content\/uploads\/sites\/61\/2025\/02\/Ficha-2-PMBE-4.pdf\">Ficha 2 &#8211; PMBE<\/a><\/td><\/tr><tr><td>MP034<\/td><td>Patologia Molecular Aplicada<\/td><td>40<\/td><td><a href=\"https:\/\/saude.ufpr.br\/departamentopatologiamedica\/wp-content\/uploads\/sites\/61\/2025\/08\/Ficha-1-PatoMol-1.pdf\">Ficha 1 &#8211; PatoMol<\/a><\/td><td><a href=\"https:\/\/saude.ufpr.br\/departamentopatologiamedica\/wp-content\/uploads\/sites\/61\/2025\/08\/Ficha-2-PatoMol.pdf\">Ficha 2 &#8211; PatoMol<\/a><\/td><\/tr><\/tbody><\/table><\/figure>\n\n\n\n<p>*Esclare\u00e7a suas d\u00favidas sobre a estrutura e o fluxo da disciplina de Anatomia Patol\u00f3gica. Fa\u00e7a o download do Guia do Estudante:<\/p>\n\n\n\n<div data-wp-interactive=\"core\/file\" class=\"wp-block-file\"><object data-wp-bind--hidden=\"!state.hasPdfPreview\" hidden class=\"wp-block-file__embed\" data=\"https:\/\/saude.ufpr.br\/departamentopatologiamedica\/wp-content\/uploads\/sites\/61\/2026\/01\/Guia-do-estudante-de-Anatomia-Patologica-26.1.pdf\" type=\"application\/pdf\" style=\"width:100%;height:620px\" aria-label=\"Incorporado de Guia do estudante de Anatomia Patolo\u0301gica 26.1.\"><\/object><a id=\"wp-block-file--media-dce503fd-f17d-4b5c-88c4-1dd6ca015f03\" href=\"https:\/\/saude.ufpr.br\/departamentopatologiamedica\/wp-content\/uploads\/sites\/61\/2026\/01\/Guia-do-estudante-de-Anatomia-Patologica-26.1.pdf\">Guia do estudante de Anatomia Patolo\u0301gica 26.1<\/a><a href=\"https:\/\/saude.ufpr.br\/departamentopatologiamedica\/wp-content\/uploads\/sites\/61\/2026\/01\/Guia-do-estudante-de-Anatomia-Patologica-26.1.pdf\" class=\"wp-block-file__button wp-element-button\" download aria-describedby=\"wp-block-file--media-dce503fd-f17d-4b5c-88c4-1dd6ca015f03\">Baixar<\/a><\/div>\n\n\n\n<p><\/p>\n","protected":false},"excerpt":{"rendered":"<p>Nas tabelas abaixo est\u00e3o disponibilizadas as Fichas 1 e Fichas 2 das disciplinas ofertadas para o curso de gradua\u00e7\u00e3o em Medicina atendidos pelo Departamento de Patologia M\u00e9dica. Ficha 1 (permanente) \u2013 constitui a identifica\u00e7\u00e3o da disciplina, na qual constam: c\u00f3digo, denomina\u00e7\u00e3o, pr\u00e9-requisitos, co-requisitos, cr\u00e9ditos, carga hor\u00e1ria semanal e total, bem como a ementa. Ficha 2<br \/> <a href=\"https:\/\/saude.ufpr.br\/departamentopatologiamedica\/disciplinas\/\" class=\"button success small readmore\">Leia mais<\/a><\/p>\n","protected":false},"author":1702,"featured_media":0,"parent":0,"menu_order":0,"comment_status":"closed","ping_status":"closed","template":"","meta":{"_acf_changed":false,"_uag_custom_page_level_css":"","footnotes":""},"class_list":["post-1228","page","type-page","status-publish","hentry"],"acf":[],"featured_image_src":null,"uagb_featured_image_src":{"full":false,"thumbnail":false,"medium":false,"medium_large":false,"large":false,"1536x1536":false,"2048x2048":false,"noticias-thumb":false,"banners-thumb":false,"maisnoticias-thumb":false,"post-thumbnail":false},"uagb_author_info":{"display_name":"debora","author_link":"https:\/\/saude.ufpr.br\/departamentopatologiamedica\/author\/debora\/"},"uagb_comment_info":0,"uagb_excerpt":"Nas tabelas abaixo est\u00e3o disponibilizadas as Fichas 1 e Fichas 2 das disciplinas ofertadas para o curso de gradua\u00e7\u00e3o em Medicina atendidos pelo Departamento de Patologia M\u00e9dica. Ficha 1 (permanente) \u2013 constitui a identifica\u00e7\u00e3o da disciplina, na qual constam: c\u00f3digo, denomina\u00e7\u00e3o, pr\u00e9-requisitos, co-requisitos, cr\u00e9ditos, carga hor\u00e1ria semanal e total, bem como a ementa. Ficha 2&hellip;","publishpress_future_action":{"enabled":false,"date":"2026-04-11 19:15:20","action":"change-status","newStatus":"draft","terms":[],"taxonomy":"","extraData":[]},"publishpress_future_workflow_manual_trigger":{"enabledWorkflows":[]},"_links":{"self":[{"href":"https:\/\/saude.ufpr.br\/departamentopatologiamedica\/wp-json\/wp\/v2\/pages\/1228","targetHints":{"allow":["GET"]}}],"collection":[{"href":"https:\/\/saude.ufpr.br\/departamentopatologiamedica\/wp-json\/wp\/v2\/pages"}],"about":[{"href":"https:\/\/saude.ufpr.br\/departamentopatologiamedica\/wp-json\/wp\/v2\/types\/page"}],"author":[{"embeddable":true,"href":"https:\/\/saude.ufpr.br\/departamentopatologiamedica\/wp-json\/wp\/v2\/users\/1702"}],"replies":[{"embeddable":true,"href":"https:\/\/saude.ufpr.br\/departamentopatologiamedica\/wp-json\/wp\/v2\/comments?post=1228"}],"version-history":[{"count":16,"href":"https:\/\/saude.ufpr.br\/departamentopatologiamedica\/wp-json\/wp\/v2\/pages\/1228\/revisions"}],"predecessor-version":[{"id":2059,"href":"https:\/\/saude.ufpr.br\/departamentopatologiamedica\/wp-json\/wp\/v2\/pages\/1228\/revisions\/2059"}],"wp:attachment":[{"href":"https:\/\/saude.ufpr.br\/departamentopatologiamedica\/wp-json\/wp\/v2\/media?parent=1228"}],"curies":[{"name":"wp","href":"https:\/\/api.w.org\/{rel}","templated":true}]}}