{"id":1378,"date":"2025-02-18T15:08:32","date_gmt":"2025-02-18T15:08:32","guid":{"rendered":"https:\/\/saude.ufpr.br\/departamentopatologiamedica\/?page_id=1378"},"modified":"2025-02-18T15:12:07","modified_gmt":"2025-02-18T15:12:07","slug":"historico","status":"publish","type":"page","link":"https:\/\/saude.ufpr.br\/departamentopatologiamedica\/departamento\/historico\/","title":{"rendered":"Hist\u00f3ria"},"content":{"rendered":"<p>Em constru\u00e7\u00e3o&#8230;<\/p>\n","protected":false},"excerpt":{"rendered":"<p>Em constru\u00e7\u00e3o&#8230;<\/p>\n","protected":false},"author":1737,"featured_media":0,"parent":1363,"menu_order":1,"comment_status":"closed","ping_status":"closed","template":"","meta":{"_acf_changed":false,"_uag_custom_page_level_css":"","footnotes":""},"class_list":["post-1378","page","type-page","status-publish","hentry"],"acf":[],"featured_image_src":null,"uagb_featured_image_src":{"full":false,"thumbnail":false,"medium":false,"medium_large":false,"large":false,"1536x1536":false,"2048x2048":false,"noticias-thumb":false,"banners-thumb":false,"maisnoticias-thumb":false,"post-thumbnail":false},"uagb_author_info":{"display_name":"rafaela","author_link":"https:\/\/saude.ufpr.br\/departamentopatologiamedica\/author\/rafaela\/"},"uagb_comment_info":0,"uagb_excerpt":"Em constru\u00e7\u00e3o&#8230;","publishpress_future_action":{"enabled":false,"date":"2026-04-24 23:59:40","action":"change-status","newStatus":"draft","terms":[],"taxonomy":"","extraData":[]},"publishpress_future_workflow_manual_trigger":{"enabledWorkflows":[]},"_links":{"self":[{"href":"https:\/\/saude.ufpr.br\/departamentopatologiamedica\/wp-json\/wp\/v2\/pages\/1378","targetHints":{"allow":["GET"]}}],"collection":[{"href":"https:\/\/saude.ufpr.br\/departamentopatologiamedica\/wp-json\/wp\/v2\/pages"}],"about":[{"href":"https:\/\/saude.ufpr.br\/departamentopatologiamedica\/wp-json\/wp\/v2\/types\/page"}],"author":[{"embeddable":true,"href":"https:\/\/saude.ufpr.br\/departamentopatologiamedica\/wp-json\/wp\/v2\/users\/1737"}],"replies":[{"embeddable":true,"href":"https:\/\/saude.ufpr.br\/departamentopatologiamedica\/wp-json\/wp\/v2\/comments?post=1378"}],"version-history":[{"count":4,"href":"https:\/\/saude.ufpr.br\/departamentopatologiamedica\/wp-json\/wp\/v2\/pages\/1378\/revisions"}],"predecessor-version":[{"id":1409,"href":"https:\/\/saude.ufpr.br\/departamentopatologiamedica\/wp-json\/wp\/v2\/pages\/1378\/revisions\/1409"}],"up":[{"embeddable":true,"href":"https:\/\/saude.ufpr.br\/departamentopatologiamedica\/wp-json\/wp\/v2\/pages\/1363"}],"wp:attachment":[{"href":"https:\/\/saude.ufpr.br\/departamentopatologiamedica\/wp-json\/wp\/v2\/media?parent=1378"}],"curies":[{"name":"wp","href":"https:\/\/api.w.org\/{rel}","templated":true}]}}