{"id":1433,"date":"2025-02-18T17:23:47","date_gmt":"2025-02-18T17:23:47","guid":{"rendered":"https:\/\/saude.ufpr.br\/departamentopatologiamedica\/?page_id=1433"},"modified":"2026-01-26T14:49:30","modified_gmt":"2026-01-26T17:49:30","slug":"plenarias-departamentais","status":"publish","type":"page","link":"https:\/\/saude.ufpr.br\/departamentopatologiamedica\/plenarias-departamentais\/","title":{"rendered":"PLEN\u00c1RIAS DEPARTAMENTAIS"},"content":{"rendered":"\n<h2 class=\"wp-block-heading\">Datas das Reuni\u00f5es de 2026<\/h2>\n\n\n\n<div class=\"wp-block-group\"><div class=\"wp-block-group__inner-container is-layout-constrained wp-block-group-is-layout-constrained\">\n<ul class=\"wp-block-list\">\n<li>11\/02\/2026<\/li>\n\n\n\n<li>11\/03\/2026<\/li>\n\n\n\n<li>08\/04\/2026<\/li>\n\n\n\n<li>13\/05\/2026<\/li>\n\n\n\n<li>10\/06\/2026<\/li>\n\n\n\n<li>08\/07\/2026<\/li>\n\n\n\n<li>12\/08\/2026<\/li>\n\n\n\n<li>09\/09\/2026<\/li>\n\n\n\n<li>14\/10\/2026<\/li>\n\n\n\n<li>11\/11\/2026<\/li>\n\n\n\n<li>09\/12\/2026<\/li>\n<\/ul>\n<\/div><\/div>\n\n\n\n<p>As reuni\u00f5es acontecem de maneira remota, \u00e0s 8 horas, atrav\u00e9s do Microsoft Teams.<\/p>\n\n\n\n<div class=\"wp-block-uagb-info-box uagb-block-d9136e07 uagb-infobox__content-wrap  uagb-infobox-icon-above-title uagb-infobox-image-valign-top\"><div class=\"uagb-ifb-content\"><div class=\"uagb-ifb-icon-wrap\"><\/div><div class=\"uagb-ifb-title-wrap\"><h3 class=\"uagb-ifb-title\">Informa\u00e7\u00f5es Importantes:<\/h3><\/div><p class=\"uagb-ifb-desc\"><mark style=\"background-color:#ffffff\" class=\"has-inline-color\">1. Propostas de inclus\u00e3o de t\u00f3picos em pauta deve ser feito com at\u00e9 48 horas de anteced\u00eancia da reuni\u00e3o.<br>2. Reuni\u00f5es extraordin\u00e1rias poder\u00e3o ser convocadas conforme necessidade.<\/mark><\/p><\/div><\/div>\n","protected":false},"excerpt":{"rendered":"<p>Datas das Reuni\u00f5es de 2026 As reuni\u00f5es acontecem de maneira remota, \u00e0s 8 horas, atrav\u00e9s do Microsoft Teams.<\/p>\n","protected":false},"author":1737,"featured_media":0,"parent":0,"menu_order":0,"comment_status":"closed","ping_status":"closed","template":"","meta":{"_acf_changed":false,"_uag_custom_page_level_css":"","footnotes":""},"class_list":["post-1433","page","type-page","status-publish","hentry"],"acf":[],"featured_image_src":null,"uagb_featured_image_src":{"full":false,"thumbnail":false,"medium":false,"medium_large":false,"large":false,"1536x1536":false,"2048x2048":false,"noticias-thumb":false,"banners-thumb":false,"maisnoticias-thumb":false,"post-thumbnail":false},"uagb_author_info":{"display_name":"rafaela","author_link":"https:\/\/saude.ufpr.br\/departamentopatologiamedica\/author\/rafaela\/"},"uagb_comment_info":0,"uagb_excerpt":"Datas das Reuni\u00f5es de 2026 As reuni\u00f5es acontecem de maneira remota, \u00e0s 8 horas, atrav\u00e9s do Microsoft Teams.","publishpress_future_action":{"enabled":false,"date":"2026-04-25 00:19:16","action":"change-status","newStatus":"draft","terms":[],"taxonomy":"","extraData":[]},"publishpress_future_workflow_manual_trigger":{"enabledWorkflows":[]},"_links":{"self":[{"href":"https:\/\/saude.ufpr.br\/departamentopatologiamedica\/wp-json\/wp\/v2\/pages\/1433","targetHints":{"allow":["GET"]}}],"collection":[{"href":"https:\/\/saude.ufpr.br\/departamentopatologiamedica\/wp-json\/wp\/v2\/pages"}],"about":[{"href":"https:\/\/saude.ufpr.br\/departamentopatologiamedica\/wp-json\/wp\/v2\/types\/page"}],"author":[{"embeddable":true,"href":"https:\/\/saude.ufpr.br\/departamentopatologiamedica\/wp-json\/wp\/v2\/users\/1737"}],"replies":[{"embeddable":true,"href":"https:\/\/saude.ufpr.br\/departamentopatologiamedica\/wp-json\/wp\/v2\/comments?post=1433"}],"version-history":[{"count":7,"href":"https:\/\/saude.ufpr.br\/departamentopatologiamedica\/wp-json\/wp\/v2\/pages\/1433\/revisions"}],"predecessor-version":[{"id":2022,"href":"https:\/\/saude.ufpr.br\/departamentopatologiamedica\/wp-json\/wp\/v2\/pages\/1433\/revisions\/2022"}],"wp:attachment":[{"href":"https:\/\/saude.ufpr.br\/departamentopatologiamedica\/wp-json\/wp\/v2\/media?parent=1433"}],"curies":[{"name":"wp","href":"https:\/\/api.w.org\/{rel}","templated":true}]}}