{"id":1534,"date":"2025-02-18T19:05:29","date_gmt":"2025-02-18T22:05:29","guid":{"rendered":"https:\/\/saude.ufpr.br\/departamentopatologiamedica\/?page_id=1534"},"modified":"2025-03-26T09:46:57","modified_gmt":"2025-03-26T12:46:57","slug":"roteiros-de-aulas-praticas","status":"publish","type":"page","link":"https:\/\/saude.ufpr.br\/departamentopatologiamedica\/roteiros-de-aulas-praticas\/","title":{"rendered":"Roteiros de Aulas Pr\u00e1ticas"},"content":{"rendered":"\n<p>Microscopia<\/p>\n\n\n\n<p>Os roteiros s\u00e3o produto dos projetos de extens\u00e3o &#8220;Revitaliza\u00e7\u00e3o do Acervo de Anatomia Patol\u00f3gica&#8221; e &#8220;Anatomia Patol\u00f3gica Virtual: Integra\u00e7\u00e3o de L\u00e2minas Histol\u00f3gicas e M\u00eddias Digitais&#8221;<\/p>\n\n\n\n<h2 class=\"wp-block-heading\">Sistema Genital Masculino<\/h2>\n\n\n\n<div data-wp-interactive=\"core\/file\" class=\"wp-block-file\"><object data-wp-bind--hidden=\"!state.hasPdfPreview\" hidden class=\"wp-block-file__embed\" data=\"https:\/\/saude.ufpr.br\/departamentopatologiamedica\/wp-content\/uploads\/sites\/61\/2025\/02\/Genital-Masculino.pdf\" type=\"application\/pdf\" style=\"width:100%;height:200px\" aria-label=\"Incorporado de Genital-Masculino.\"><\/object><a id=\"wp-block-file--media-c5b752fb-b71e-44b1-852f-a7d29a7fc368\" href=\"https:\/\/saude.ufpr.br\/departamentopatologiamedica\/wp-content\/uploads\/sites\/61\/2025\/02\/Genital-Masculino.pdf\">Genital-Masculino<\/a><a href=\"https:\/\/saude.ufpr.br\/departamentopatologiamedica\/wp-content\/uploads\/sites\/61\/2025\/02\/Genital-Masculino.pdf\" class=\"wp-block-file__button wp-element-button\" download aria-describedby=\"wp-block-file--media-c5b752fb-b71e-44b1-852f-a7d29a7fc368\">Baixar<\/a><\/div>\n\n\n\n<p><\/p>\n\n\n\n<h2 class=\"wp-block-heading\">Sistema Nervoso<\/h2>\n\n\n\n<p><a href=\"https:\/\/www.canva.com\/design\/DAGiu2s1rOE\/Td3EyUOLXOg9YiNA80ik_A\/view?utm_content=DAGiu2s1rOE&amp;utm_campaign=designshare&amp;utm_medium=link2&amp;utm_source=uniquelinks&amp;utlId=he8532ff39f\" target=\"_blank\" rel=\"noreferrer noopener\">Sistema-Nervoso  Acessar<\/a><\/p>\n","protected":false},"excerpt":{"rendered":"<p>Microscopia Os roteiros s\u00e3o produto dos projetos de extens\u00e3o &#8220;Revitaliza\u00e7\u00e3o do Acervo de Anatomia Patol\u00f3gica&#8221; e &#8220;Anatomia Patol\u00f3gica Virtual: Integra\u00e7\u00e3o de L\u00e2minas Histol\u00f3gicas e M\u00eddias Digitais&#8221; Sistema Genital Masculino Sistema Nervoso Sistema-Nervoso Acessar<\/p>\n","protected":false},"author":1737,"featured_media":0,"parent":0,"menu_order":0,"comment_status":"closed","ping_status":"closed","template":"","meta":{"_acf_changed":false,"_uag_custom_page_level_css":"","footnotes":""},"class_list":["post-1534","page","type-page","status-publish","hentry"],"acf":[],"featured_image_src":null,"uagb_featured_image_src":{"full":false,"thumbnail":false,"medium":false,"medium_large":false,"large":false,"1536x1536":false,"2048x2048":false,"noticias-thumb":false,"banners-thumb":false,"maisnoticias-thumb":false,"post-thumbnail":false},"uagb_author_info":{"display_name":"rafaela","author_link":"https:\/\/saude.ufpr.br\/departamentopatologiamedica\/author\/rafaela\/"},"uagb_comment_info":0,"uagb_excerpt":"Microscopia Os roteiros s\u00e3o produto dos projetos de extens\u00e3o &#8220;Revitaliza\u00e7\u00e3o do Acervo de Anatomia Patol\u00f3gica&#8221; e &#8220;Anatomia Patol\u00f3gica Virtual: Integra\u00e7\u00e3o de L\u00e2minas Histol\u00f3gicas e M\u00eddias Digitais&#8221; Sistema Genital Masculino Sistema Nervoso Sistema-Nervoso Acessar","publishpress_future_action":{"enabled":false,"date":"2026-04-24 23:59:39","action":"change-status","newStatus":"draft","terms":[],"taxonomy":"","extraData":[]},"publishpress_future_workflow_manual_trigger":{"enabledWorkflows":[]},"_links":{"self":[{"href":"https:\/\/saude.ufpr.br\/departamentopatologiamedica\/wp-json\/wp\/v2\/pages\/1534","targetHints":{"allow":["GET"]}}],"collection":[{"href":"https:\/\/saude.ufpr.br\/departamentopatologiamedica\/wp-json\/wp\/v2\/pages"}],"about":[{"href":"https:\/\/saude.ufpr.br\/departamentopatologiamedica\/wp-json\/wp\/v2\/types\/page"}],"author":[{"embeddable":true,"href":"https:\/\/saude.ufpr.br\/departamentopatologiamedica\/wp-json\/wp\/v2\/users\/1737"}],"replies":[{"embeddable":true,"href":"https:\/\/saude.ufpr.br\/departamentopatologiamedica\/wp-json\/wp\/v2\/comments?post=1534"}],"version-history":[{"count":7,"href":"https:\/\/saude.ufpr.br\/departamentopatologiamedica\/wp-json\/wp\/v2\/pages\/1534\/revisions"}],"predecessor-version":[{"id":1677,"href":"https:\/\/saude.ufpr.br\/departamentopatologiamedica\/wp-json\/wp\/v2\/pages\/1534\/revisions\/1677"}],"wp:attachment":[{"href":"https:\/\/saude.ufpr.br\/departamentopatologiamedica\/wp-json\/wp\/v2\/media?parent=1534"}],"curies":[{"name":"wp","href":"https:\/\/api.w.org\/{rel}","templated":true}]}}