{"id":1690,"date":"2025-04-22T11:42:03","date_gmt":"2025-04-22T14:42:03","guid":{"rendered":"https:\/\/saude.ufpr.br\/departamentopatologiamedica\/?page_id=1690"},"modified":"2025-04-28T08:13:45","modified_gmt":"2025-04-28T11:13:45","slug":"investigacao-molecular-em-anatomia-patologica","status":"publish","type":"page","link":"https:\/\/saude.ufpr.br\/departamentopatologiamedica\/investigacao-molecular-em-anatomia-patologica\/","title":{"rendered":"INVESTIGA\u00c7\u00c3O MOLECULAR EM ANATOMIA PATOL\u00d3GICA"},"content":{"rendered":"\n<h2 class=\"wp-block-heading\">Edital &#8211; Sele\u00e7\u00e3o de Aluno Bolsista 2025<\/h2>\n\n\n\n<h3 class=\"wp-block-heading\">Resultado da Sele\u00e7\u00e3o de Aluno Bolsista<\/h3>\n\n\n\n<div data-wp-interactive=\"core\/file\" class=\"wp-block-file\"><object data-wp-bind--hidden=\"!state.hasPdfPreview\" hidden class=\"wp-block-file__embed\" data=\"https:\/\/saude.ufpr.br\/departamentopatologiamedica\/wp-content\/uploads\/sites\/61\/2025\/04\/Edital-04.2025-Resultado-Final-Bolsa-Extensao-Investigacao-Molecular-em-Anatomia-Patologica.pdf\" type=\"application\/pdf\" style=\"width:100%;height:810px\" aria-label=\"Incorporado de Edital-04.2025-Resultado-Final-Bolsa-Extensao-Investigacao-Molecular-em-Anatomia-Patologica.\"><\/object><a id=\"wp-block-file--media-db137b27-0883-4473-8c7b-7d13b2df9eb1\" href=\"https:\/\/saude.ufpr.br\/departamentopatologiamedica\/wp-content\/uploads\/sites\/61\/2025\/04\/Edital-04.2025-Resultado-Final-Bolsa-Extensao-Investigacao-Molecular-em-Anatomia-Patologica.pdf\">Edital-04.2025-Resultado-Final-Bolsa-Extensao-Investigacao-Molecular-em-Anatomia-Patologica<\/a><a href=\"https:\/\/saude.ufpr.br\/departamentopatologiamedica\/wp-content\/uploads\/sites\/61\/2025\/04\/Edital-04.2025-Resultado-Final-Bolsa-Extensao-Investigacao-Molecular-em-Anatomia-Patologica.pdf\" class=\"wp-block-file__button wp-element-button\" download aria-describedby=\"wp-block-file--media-db137b27-0883-4473-8c7b-7d13b2df9eb1\">Baixar<\/a><\/div>\n\n\n\n<div data-wp-interactive=\"core\/file\" class=\"wp-block-file\"><object data-wp-bind--hidden=\"!state.hasPdfPreview\" hidden class=\"wp-block-file__embed\" data=\"https:\/\/saude.ufpr.br\/departamentopatologiamedica\/wp-content\/uploads\/sites\/61\/2025\/04\/Edital-03.2025-Entrevista-Bolsa-Extensao-Investigacao-Molecular-em-Anatomia-Patologica.pdf\" type=\"application\/pdf\" style=\"width:100%;height:200px\" aria-label=\"Incorporado de Edital-03.2025-Entrevista-Bolsa-Extensao-Investigacao-Molecular-em-Anatomia-Patologica.\"><\/object><a id=\"wp-block-file--media-b014961b-f948-43eb-8e29-2d753bf68103\" href=\"https:\/\/saude.ufpr.br\/departamentopatologiamedica\/wp-content\/uploads\/sites\/61\/2025\/04\/Edital-03.2025-Entrevista-Bolsa-Extensao-Investigacao-Molecular-em-Anatomia-Patologica.pdf\">Edital-03.2025-Entrevista-Bolsa-Extensao-Investigacao-Molecular-em-Anatomia-Patologica<\/a><a href=\"https:\/\/saude.ufpr.br\/departamentopatologiamedica\/wp-content\/uploads\/sites\/61\/2025\/04\/Edital-03.2025-Entrevista-Bolsa-Extensao-Investigacao-Molecular-em-Anatomia-Patologica.pdf\" class=\"wp-block-file__button wp-element-button\" download aria-describedby=\"wp-block-file--media-b014961b-f948-43eb-8e29-2d753bf68103\">Baixar<\/a><\/div>\n\n\n\n<div data-wp-interactive=\"core\/file\" class=\"wp-block-file\"><object data-wp-bind--hidden=\"!state.hasPdfPreview\" hidden class=\"wp-block-file__embed\" data=\"https:\/\/saude.ufpr.br\/departamentopatologiamedica\/wp-content\/uploads\/sites\/61\/2025\/04\/Edital-02.2025-Abertura-Bolsa-Extensao-Investigacao-Molecular-em-Anatomia-Patologica.pdf\" type=\"application\/pdf\" style=\"width:100%;height:220px\" aria-label=\"Incorporado de Edital-02.2025-Abertura-Bolsa-Extensao-Investigacao-Molecular-em-Anatomia-Patologica.\"><\/object><a id=\"wp-block-file--media-e473fcda-0892-4b41-9358-40c44b285434\" href=\"https:\/\/saude.ufpr.br\/departamentopatologiamedica\/wp-content\/uploads\/sites\/61\/2025\/04\/Edital-02.2025-Abertura-Bolsa-Extensao-Investigacao-Molecular-em-Anatomia-Patologica.pdf\">Edital-02.2025-Abertura-Bolsa-Extensao-Investigacao-Molecular-em-Anatomia-Patologica<\/a><a href=\"https:\/\/saude.ufpr.br\/departamentopatologiamedica\/wp-content\/uploads\/sites\/61\/2025\/04\/Edital-02.2025-Abertura-Bolsa-Extensao-Investigacao-Molecular-em-Anatomia-Patologica.pdf\" class=\"wp-block-file__button wp-element-button\" download aria-describedby=\"wp-block-file--media-e473fcda-0892-4b41-9358-40c44b285434\">Baixar<\/a><\/div>\n","protected":false},"excerpt":{"rendered":"<p>Edital &#8211; Sele\u00e7\u00e3o de Aluno Bolsista 2025 Resultado da Sele\u00e7\u00e3o de Aluno Bolsista<\/p>\n","protected":false},"author":1737,"featured_media":0,"parent":0,"menu_order":0,"comment_status":"closed","ping_status":"closed","template":"","meta":{"_acf_changed":false,"_uag_custom_page_level_css":"","footnotes":""},"class_list":["post-1690","page","type-page","status-publish","hentry"],"acf":[],"featured_image_src":null,"uagb_featured_image_src":{"full":false,"thumbnail":false,"medium":false,"medium_large":false,"large":false,"1536x1536":false,"2048x2048":false,"noticias-thumb":false,"banners-thumb":false,"maisnoticias-thumb":false,"post-thumbnail":false},"uagb_author_info":{"display_name":"rafaela","author_link":"https:\/\/saude.ufpr.br\/departamentopatologiamedica\/author\/rafaela\/"},"uagb_comment_info":0,"uagb_excerpt":"Edital &#8211; Sele\u00e7\u00e3o de Aluno Bolsista 2025 Resultado da Sele\u00e7\u00e3o de Aluno Bolsista","publishpress_future_action":{"enabled":false,"date":"2026-05-13 11:17:00","action":"change-status","newStatus":"draft","terms":[],"taxonomy":"","extraData":[]},"publishpress_future_workflow_manual_trigger":{"enabledWorkflows":[]},"_links":{"self":[{"href":"https:\/\/saude.ufpr.br\/departamentopatologiamedica\/wp-json\/wp\/v2\/pages\/1690","targetHints":{"allow":["GET"]}}],"collection":[{"href":"https:\/\/saude.ufpr.br\/departamentopatologiamedica\/wp-json\/wp\/v2\/pages"}],"about":[{"href":"https:\/\/saude.ufpr.br\/departamentopatologiamedica\/wp-json\/wp\/v2\/types\/page"}],"author":[{"embeddable":true,"href":"https:\/\/saude.ufpr.br\/departamentopatologiamedica\/wp-json\/wp\/v2\/users\/1737"}],"replies":[{"embeddable":true,"href":"https:\/\/saude.ufpr.br\/departamentopatologiamedica\/wp-json\/wp\/v2\/comments?post=1690"}],"version-history":[{"count":5,"href":"https:\/\/saude.ufpr.br\/departamentopatologiamedica\/wp-json\/wp\/v2\/pages\/1690\/revisions"}],"predecessor-version":[{"id":1710,"href":"https:\/\/saude.ufpr.br\/departamentopatologiamedica\/wp-json\/wp\/v2\/pages\/1690\/revisions\/1710"}],"wp:attachment":[{"href":"https:\/\/saude.ufpr.br\/departamentopatologiamedica\/wp-json\/wp\/v2\/media?parent=1690"}],"curies":[{"name":"wp","href":"https:\/\/api.w.org\/{rel}","templated":true}]}}