{"id":67,"date":"2019-06-18T17:20:31","date_gmt":"2019-06-18T17:20:31","guid":{"rendered":"https:\/\/saude.ufpr.br\/dmfp\/?page_id=67"},"modified":"2024-02-15T10:18:14","modified_gmt":"2024-02-15T13:18:14","slug":"disciplinas","status":"publish","type":"page","link":"https:\/\/saude.ufpr.br\/dmfp\/disciplinas\/","title":{"rendered":"DISCIPLINAS"},"content":{"rendered":"<p><img decoding=\"async\" class=\"alignnone wp-image-267\" src=\"https:\/\/saude.ufpr.br\/dmfp\/wp-content\/uploads\/sites\/33\/2020\/03\/23-231395_psychiatry-symbol-everything-matters-transparent-background-simbolo-de-300x187.png\" alt=\"\" width=\"75\" height=\"47\" srcset=\"https:\/\/saude.ufpr.br\/dmfp\/wp-content\/uploads\/sites\/33\/2020\/03\/23-231395_psychiatry-symbol-everything-matters-transparent-background-simbolo-de-300x187.png 300w, https:\/\/saude.ufpr.br\/dmfp\/wp-content\/uploads\/sites\/33\/2020\/03\/23-231395_psychiatry-symbol-everything-matters-transparent-background-simbolo-de-768x479.png 768w, https:\/\/saude.ufpr.br\/dmfp\/wp-content\/uploads\/sites\/33\/2020\/03\/23-231395_psychiatry-symbol-everything-matters-transparent-background-simbolo-de.png 920w\" sizes=\"(max-width: 75px) 100vw, 75px\" \/><\/p>\n<h2 id=\"tablepress-2-name\" class=\"tablepress-table-name tablepress-table-name-id-2\">C\u00f3digo e Nome da Disciplina<\/h2>\n\n<table id=\"tablepress-2\" class=\"tablepress tablepress-id-2\" aria-labelledby=\"tablepress-2-name\">\n<tbody class=\"row-striping row-hover\">\n<tr class=\"row-1\">\n\t<td class=\"column-1\">MF015<\/td><td class=\"column-2\">Odontologia Legal Deontologia e Orienta\u00e7\u00e3o Profissional<\/td>\n<\/tr>\n<tr class=\"row-2\">\n\t<td class=\"column-1\">MF062<\/td><td class=\"column-2\">Desenvolvimento Humano<\/td>\n<\/tr>\n<tr class=\"row-3\">\n\t<td class=\"column-1\">MF064<\/td><td class=\"column-2\">Fundamentos da Psiquiatria Cl\u00ednica<\/td>\n<\/tr>\n<tr class=\"row-4\">\n\t<td class=\"column-1\">MF065<\/td><td class=\"column-2\">Psiquitria I<\/td>\n<\/tr>\n<tr class=\"row-5\">\n\t<td class=\"column-1\">MF066<\/td><td class=\"column-2\">Psiquiatria II<\/td>\n<\/tr>\n<tr class=\"row-6\">\n\t<td class=\"column-1\">MF067<\/td><td class=\"column-2\">Medicina Legal<\/td>\n<\/tr>\n<tr class=\"row-7\">\n\t<td class=\"column-1\">MF063<\/td><td class=\"column-2\">\u00c9tica M\u00e9dica<\/td>\n<\/tr>\n<tr class=\"row-8\">\n\t<td class=\"column-1\">MF070<\/td><td class=\"column-2\">Est\u00e1gio Multidisciplinar em Psiquiatria<\/td>\n<\/tr>\n<tr class=\"row-9\">\n\t<td class=\"column-1\">MF068<\/td><td class=\"column-2\">Est\u00e1gio em Psiquiatria e Sa\u00fade Mental<\/td>\n<\/tr>\n<tr class=\"row-10\">\n\t<td class=\"column-1\">MF050 <\/td><td class=\"column-2\">Introdu\u00e7\u00e3o \u00e0 Bio\u00e9tica<\/td>\n<\/tr>\n<tr class=\"row-11\">\n\t<td class=\"column-1\">MF071<\/td><td class=\"column-2\">Trabalho de Curso 2 em Psiquiatria<\/td>\n<\/tr>\n<tr class=\"row-12\">\n\t<td class=\"column-1\">MF072<\/td><td class=\"column-2\">Trabalho de Curso 3 em Psiquiatria<\/td>\n<\/tr>\n<tr class=\"row-13\">\n\t<td class=\"column-1\">MF073<\/td><td class=\"column-2\">Trabalho de Curso 4 em Psiquiatria<\/td>\n<\/tr>\n<tr class=\"row-14\">\n\t<td class=\"column-1\">MF069 e MF069A<\/td><td class=\"column-2\">Est\u00e1gio Curricular Optativo em Psiquiatria<\/td>\n<\/tr>\n<tr class=\"row-15\">\n\t<td class=\"column-1\">MF061<\/td><td class=\"column-2\">Psicopatia dos Transtornos Mentais e do Comportamento<\/td>\n<\/tr>\n<\/tbody>\n<\/table>\n<!-- #tablepress-2 from cache -->\n<p>&nbsp;<\/p>\n","protected":false},"excerpt":{"rendered":"<p>&nbsp;<\/p>\n","protected":false},"author":15,"featured_media":0,"parent":0,"menu_order":0,"comment_status":"closed","ping_status":"closed","template":"","meta":{"_acf_changed":false,"_uag_custom_page_level_css":"","footnotes":""},"class_list":["post-67","page","type-page","status-publish","hentry"],"acf":[],"featured_image_src":null,"uagb_featured_image_src":{"full":false,"thumbnail":false,"medium":false,"medium_large":false,"large":false,"1536x1536":false,"2048x2048":false,"noticias-thumb":false,"banners-thumb":false,"maisnoticias-thumb":false,"post-thumbnail":false},"uagb_author_info":{"display_name":"Andrea Jankoski","author_link":"https:\/\/saude.ufpr.br\/dmfp\/author\/andrea\/"},"uagb_comment_info":0,"uagb_excerpt":"&nbsp;","publishpress_future_action":{"enabled":false,"date":"2026-04-11 02:15:43","action":"change-status","newStatus":"draft","terms":[],"taxonomy":"","extraData":[]},"publishpress_future_workflow_manual_trigger":{"enabledWorkflows":[]},"_links":{"self":[{"href":"https:\/\/saude.ufpr.br\/dmfp\/wp-json\/wp\/v2\/pages\/67","targetHints":{"allow":["GET"]}}],"collection":[{"href":"https:\/\/saude.ufpr.br\/dmfp\/wp-json\/wp\/v2\/pages"}],"about":[{"href":"https:\/\/saude.ufpr.br\/dmfp\/wp-json\/wp\/v2\/types\/page"}],"author":[{"embeddable":true,"href":"https:\/\/saude.ufpr.br\/dmfp\/wp-json\/wp\/v2\/users\/15"}],"replies":[{"embeddable":true,"href":"https:\/\/saude.ufpr.br\/dmfp\/wp-json\/wp\/v2\/comments?post=67"}],"version-history":[{"count":6,"href":"https:\/\/saude.ufpr.br\/dmfp\/wp-json\/wp\/v2\/pages\/67\/revisions"}],"predecessor-version":[{"id":313,"href":"https:\/\/saude.ufpr.br\/dmfp\/wp-json\/wp\/v2\/pages\/67\/revisions\/313"}],"wp:attachment":[{"href":"https:\/\/saude.ufpr.br\/dmfp\/wp-json\/wp\/v2\/media?parent=67"}],"curies":[{"name":"wp","href":"https:\/\/api.w.org\/{rel}","templated":true}]}}