{"id":91,"date":"2019-06-18T17:21:35","date_gmt":"2019-06-18T17:21:35","guid":{"rendered":"https:\/\/saude.ufpr.br\/dmfp\/?page_id=91"},"modified":"2025-08-15T10:22:26","modified_gmt":"2025-08-15T13:22:26","slug":"link-de-pesquisa","status":"publish","type":"page","link":"https:\/\/saude.ufpr.br\/dmfp\/link-de-pesquisa\/","title":{"rendered":"LINHAS DE PESQUISA"},"content":{"rendered":"<p>Os professores da \u00e1rea de psiquiatria do Departamento de Medicina Forense e Psiquiatria da Universidade Federal do Paran\u00e1 (UFPR) t\u00eam linhas de pesquisa definidas e, em sua maioria, registradas na plataforma de grupos de pesquisa do CNPq sob o t\u00edtulo &#8220;Grupo de Pesquisa em Psiquiatria e Neurodesenvolvimento&#8221;, acess\u00edvel no link: <a class=\"\" href=\"http:\/\/dgp.cnpq.br\/dgp\/espelhogrupo\/314044\" target=\"_blank\" rel=\"noopener noreferrer\" data-auth=\"NotApplicable\" data-linkindex=\"0\">dgp.cnpq.br\/dgp\/espelhogrupo\/314044<\/a><\/p>\n<p>__________________________________________________________________________________________________________________<\/p>\n<p><span style=\"font-weight: 400\">Os professores do <\/span><b>Departamento de Psiquiatria<\/b><span style=\"font-weight: 400\"> e<\/span><b> Medicina Legal<\/b><span style=\"font-weight: 400\"> que orientam Trabalho de Curso s\u00e3o:<\/span><\/p>\n<p><b>Eduardo Novak (turma A)<\/b> &#8211; <span style=\"font-weight: 400\">linhas de pesquisa em \u00c9tica, Medicina Legal e Inova\u00e7\u00e3o em Medicina. Contato: <a href=\"mailto:eduardonovak@gmail.com\">eduardonovak@gmail.com<\/a><\/span><\/p>\n<p><b>Gabriela Mour\u00e3o (turma B) <\/b><span style=\"font-weight: 400\">&#8211; duas linhas de pesquisa: uma em transtornos alimentares e outra em Transtorno Obsessivo-Compulsivo (TOC). Contato: <\/span><a href=\"mailto:gabriela.mferreira@yahoo.com.br\"><span style=\"font-weight: 400\">gabriela.mferreira@yahoo.com.br\u00a0<\/span><\/a><\/p>\n<p><b>Gustavo Doria (turma C)<\/b> &#8211; <span style=\"font-weight: 400\">linha de pesquisa em transtorno da inf\u00e2ncia e adolesc\u00eancia em que se inclui Autismo, D\u00e9ficit de aten\u00e7\u00e3o, adolescentes com problemas com a lei. Contato: <\/span><a href=\"mailto:gustavomsdoria@gmail.com\"><span style=\"font-weight: 400\">gustavomsdoria@gmail.com<\/span><\/a><\/p>\n<p><b>Jo\u00e3o Borgio<\/b> <b>(turma D)<\/b><span style=\"font-weight: 400\"><strong> (provisoriamente indispon\u00edvel)<\/strong> &#8211; duas linhas de pesquisa: uma em Medicina do Sono e Cronobiologia Humana e outra em Interconsulta Psiqui\u00e1trica no Hospital Geral. Contato: <\/span><a href=\"mailto:joaoborgio@gmail.com\"><span style=\"font-weight: 400\">joaoborgio@gmail.com<\/span><\/a><\/p>\n<p><b>Marco Bessa (turma E)<\/b><span style=\"font-weight: 400\"> &#8211; coordena o ambulat\u00f3rio de Depend\u00eancias &#8211; qu\u00edmicas e comportamentais da inf\u00e2ncia e adolesc\u00eancia. Tem pesquisas relacionadas ao uso de\u00a0 subst\u00e2ncias, transtornos psiqui\u00e1tricos, depend\u00eancias comportamentais e suas rela\u00e7\u00f5es com as neuroci\u00eancias e neuro\u00e9tica. Contato: <\/span><a href=\"mailto:marco.bessa@uol.com.br\"><span style=\"font-weight: 400\">marco.bessa@uol.com.br<\/span><\/a><\/p>\n<p><b>Marcus Kitti Borges (turma F) <\/b>&#8211;<span style=\"font-weight: 400\"> coordena o ambulat\u00f3rio de psicogeriatria e trabalha com morbidades e comorbidades associados \u00e0 dem\u00eancia e envelhecimento. Contato: <\/span><a href=\"mailto:marcuskiiti@ufpr.br\"><span style=\"font-weight: 400\">marcuskiiti@ufpr.br<\/span><\/a><\/p>\n<p><span style=\"font-weight: 400\">\u00a0<\/span><b>Raffael Massuda (turma G) <\/b>&#8211;<span style=\"font-weight: 400\">\u00a0trabalha com transtornos psic\u00f3ticos (esquizofrenia) e outros relacionados a epidemiologia e transtornos mentais. Contato: <\/span><a href=\"mailto:Rmassuda@gmail.com\"><span style=\"font-weight: 400\">rmassuda@gmail.com<\/span><\/a><\/p>\n<p><b>Renato Soleiman Franco (turma H)<\/b><span style=\"font-weight: 400\"> &#8211; estuda forma\u00e7\u00e3o em sa\u00fade, em especial, a forma\u00e7\u00e3o do estudante de Medicina ligada ao desenvolvimento de identidade. Pesquisa sobre a forma\u00e7\u00e3o da identidade pessoal e profissional de estudantes, incluindo como lidam com aspectos morais e \u00e9ticos ligados \u00e0 pr\u00e1tica profissional. Contato: <\/span><a href=\"mailto:paum@uol.com.br\"><span style=\"font-weight: 400\">paum@uol.com.br<\/span><\/a><\/p>\n<p><b>Roberto Ratzke (turma I)<\/b><span style=\"font-weight: 400\"> &#8211; linha de pesquisa em transtornos de humor e outros transtornos relacionados. Contato: <\/span><a href=\"mailto:roberto.ratzke@gmail.com\"><span style=\"font-weight: 400\">roberto.ratzke@gmail.com<\/span><\/a><\/p>\n<p><b>Sabrina Stefanello (turma J)<\/b><span style=\"font-weight: 400\"> &#8211; linhas de pesquisa em qualidade de vida e processos de atendimento em sa\u00fade mental na rede p\u00fablica, al\u00e9m de pesquisas qualitativas. Contato: <\/span><a href=\"mailto:binastefanello@gmail.com\"><span style=\"font-weight: 400\">binastefanello@gmail.com<\/span><\/a><\/p>\n<p><b>Sarah Ruckl (turma K) <span style=\"font-weight: 400\">&#8211;<\/span><\/b><span style=\"font-weight: 400\">\u00a0linha de pesquisa em sa\u00fade mental da mulher, principalmente transtornos psiqui\u00e1tricos no per\u00edodo periparto. Contato:<\/span>\u00a0<a href=\"mailto:sarahruckl@gmail.com\"><span style=\"font-weight: 400\">sarahruckl@gmail.com<\/span><\/a><\/p>\n<p><b>Thiago Henrique Roza (turma L)<\/b><span style=\"font-weight: 400\"> &#8211; linha de pesquisana \u00e1rea de adi\u00e7\u00f5es (adi\u00e7\u00f5es \u00e0 subst\u00e2ncias de abuso, adi\u00e7\u00f5es comportamentais e adi\u00e7\u00f5es tecnol\u00f3gicas) e psiquiatria forense. Contato: <\/span><a href=\"mailto:roza.h.thiago@gmail.com\"><span style=\"font-weight: 400\">roza.h.thiago@gmail.com<\/span><\/a><\/p>\n","protected":false},"excerpt":{"rendered":"<p>Os professores da \u00e1rea de psiquiatria do Departamento de Medicina Forense e Psiquiatria da Universidade Federal do Paran\u00e1 (UFPR) t\u00eam linhas de pesquisa definidas e, em sua maioria, registradas na plataforma de grupos de pesquisa do CNPq sob o t\u00edtulo &#8220;Grupo de Pesquisa em Psiquiatria e Neurodesenvolvimento&#8221;, acess\u00edvel no link: dgp.cnpq.br\/dgp\/espelhogrupo\/314044 __________________________________________________________________________________________________________________ Os professores do<br \/> <a href=\"https:\/\/saude.ufpr.br\/dmfp\/link-de-pesquisa\/\" class=\"button success small readmore\">Leia mais<\/a><\/p>\n","protected":false},"author":15,"featured_media":0,"parent":0,"menu_order":0,"comment_status":"closed","ping_status":"closed","template":"","meta":{"_acf_changed":false,"_uag_custom_page_level_css":"","footnotes":""},"class_list":["post-91","page","type-page","status-publish","hentry"],"acf":[],"featured_image_src":null,"uagb_featured_image_src":{"full":false,"thumbnail":false,"medium":false,"medium_large":false,"large":false,"1536x1536":false,"2048x2048":false,"noticias-thumb":false,"banners-thumb":false,"maisnoticias-thumb":false,"post-thumbnail":false},"uagb_author_info":{"display_name":"Andrea Jankoski","author_link":"https:\/\/saude.ufpr.br\/dmfp\/author\/andrea\/"},"uagb_comment_info":0,"uagb_excerpt":"Os professores da \u00e1rea de psiquiatria do Departamento de Medicina Forense e Psiquiatria da Universidade Federal do Paran\u00e1 (UFPR) t\u00eam linhas de pesquisa definidas e, em sua maioria, registradas na plataforma de grupos de pesquisa do CNPq sob o t\u00edtulo &#8220;Grupo de Pesquisa em Psiquiatria e Neurodesenvolvimento&#8221;, acess\u00edvel no link: dgp.cnpq.br\/dgp\/espelhogrupo\/314044 __________________________________________________________________________________________________________________ Os professores do&hellip;","publishpress_future_action":{"enabled":false,"date":"2026-05-02 13:56:44","action":"change-status","newStatus":"draft","terms":[],"taxonomy":"","extraData":[]},"publishpress_future_workflow_manual_trigger":{"enabledWorkflows":[]},"_links":{"self":[{"href":"https:\/\/saude.ufpr.br\/dmfp\/wp-json\/wp\/v2\/pages\/91","targetHints":{"allow":["GET"]}}],"collection":[{"href":"https:\/\/saude.ufpr.br\/dmfp\/wp-json\/wp\/v2\/pages"}],"about":[{"href":"https:\/\/saude.ufpr.br\/dmfp\/wp-json\/wp\/v2\/types\/page"}],"author":[{"embeddable":true,"href":"https:\/\/saude.ufpr.br\/dmfp\/wp-json\/wp\/v2\/users\/15"}],"replies":[{"embeddable":true,"href":"https:\/\/saude.ufpr.br\/dmfp\/wp-json\/wp\/v2\/comments?post=91"}],"version-history":[{"count":9,"href":"https:\/\/saude.ufpr.br\/dmfp\/wp-json\/wp\/v2\/pages\/91\/revisions"}],"predecessor-version":[{"id":715,"href":"https:\/\/saude.ufpr.br\/dmfp\/wp-json\/wp\/v2\/pages\/91\/revisions\/715"}],"wp:attachment":[{"href":"https:\/\/saude.ufpr.br\/dmfp\/wp-json\/wp\/v2\/media?parent=91"}],"curies":[{"name":"wp","href":"https:\/\/api.w.org\/{rel}","templated":true}]}}