{"id":97,"date":"2019-06-18T17:21:51","date_gmt":"2019-06-18T17:21:51","guid":{"rendered":"https:\/\/saude.ufpr.br\/dmfp\/?page_id=97"},"modified":"2025-11-27T14:45:08","modified_gmt":"2025-11-27T17:45:08","slug":"contato","status":"publish","type":"page","link":"https:\/\/saude.ufpr.br\/dmfp\/contato\/","title":{"rendered":"ATENDIMENTO E CONTATO"},"content":{"rendered":"<p><span style=\"color: #008000\"><strong>Atendimento<\/strong><\/span><\/p>\n<p>Setor de Ci\u00eancias da Sa\u00fade\/UFPR &#8211; R. Padre Camargo, 280 &#8211; 4\u00ba andar &#8211; Alto da Gl\u00f3ria &#8211; Curitiba &#8211; PR &#8211; CEP 80060-240<\/p>\n<ul>\n<li>Atendimento presencial: ter\u00e7as e quintas.<\/li>\n<\/ul>\n<p>&nbsp;<\/p>\n<p><strong><span style=\"color: #008000\">Contato e resolu\u00e7\u00e3o de demandas<\/span><\/strong><\/p>\n<p><strong><span style=\"color: #008000\">\u00a0 \u00a0 \u00a0E-mail:<\/span><\/strong> dmfp@ufpr.br<\/p>\n<p><strong><span style=\"color: #008000\">\u00a0 \u00a0 \u00a0Telefone<\/span><\/strong>: 41 3360-7233 (WhatsApp)<\/p>\n","protected":false},"excerpt":{"rendered":"<p>Atendimento Setor de Ci\u00eancias da Sa\u00fade\/UFPR &#8211; R. Padre Camargo, 280 &#8211; 4\u00ba andar &#8211; Alto da Gl\u00f3ria &#8211; Curitiba &#8211; PR &#8211; CEP 80060-240 Atendimento presencial: ter\u00e7as e quintas. &nbsp; Contato e resolu\u00e7\u00e3o de demandas \u00a0 \u00a0 \u00a0E-mail: dmfp@ufpr.br \u00a0 \u00a0 \u00a0Telefone: 41 3360-7233 (WhatsApp)<\/p>\n","protected":false},"author":15,"featured_media":0,"parent":0,"menu_order":0,"comment_status":"closed","ping_status":"closed","template":"","meta":{"_acf_changed":false,"_uag_custom_page_level_css":"","footnotes":""},"class_list":["post-97","page","type-page","status-publish","hentry"],"acf":[],"featured_image_src":null,"uagb_featured_image_src":{"full":false,"thumbnail":false,"medium":false,"medium_large":false,"large":false,"1536x1536":false,"2048x2048":false,"noticias-thumb":false,"banners-thumb":false,"maisnoticias-thumb":false,"post-thumbnail":false},"uagb_author_info":{"display_name":"Andrea Jankoski","author_link":"https:\/\/saude.ufpr.br\/dmfp\/author\/andrea\/"},"uagb_comment_info":0,"uagb_excerpt":"Atendimento Setor de Ci\u00eancias da Sa\u00fade\/UFPR &#8211; R. Padre Camargo, 280 &#8211; 4\u00ba andar &#8211; Alto da Gl\u00f3ria &#8211; Curitiba &#8211; PR &#8211; CEP 80060-240 Atendimento presencial: ter\u00e7as e quintas. &nbsp; Contato e resolu\u00e7\u00e3o de demandas \u00a0 \u00a0 \u00a0E-mail: dmfp@ufpr.br \u00a0 \u00a0 \u00a0Telefone: 41 3360-7233 (WhatsApp)","publishpress_future_action":{"enabled":false,"date":"2026-05-02 12:39:22","action":"change-status","newStatus":"draft","terms":[],"taxonomy":"","extraData":[]},"publishpress_future_workflow_manual_trigger":{"enabledWorkflows":[]},"_links":{"self":[{"href":"https:\/\/saude.ufpr.br\/dmfp\/wp-json\/wp\/v2\/pages\/97","targetHints":{"allow":["GET"]}}],"collection":[{"href":"https:\/\/saude.ufpr.br\/dmfp\/wp-json\/wp\/v2\/pages"}],"about":[{"href":"https:\/\/saude.ufpr.br\/dmfp\/wp-json\/wp\/v2\/types\/page"}],"author":[{"embeddable":true,"href":"https:\/\/saude.ufpr.br\/dmfp\/wp-json\/wp\/v2\/users\/15"}],"replies":[{"embeddable":true,"href":"https:\/\/saude.ufpr.br\/dmfp\/wp-json\/wp\/v2\/comments?post=97"}],"version-history":[{"count":21,"href":"https:\/\/saude.ufpr.br\/dmfp\/wp-json\/wp\/v2\/pages\/97\/revisions"}],"predecessor-version":[{"id":729,"href":"https:\/\/saude.ufpr.br\/dmfp\/wp-json\/wp\/v2\/pages\/97\/revisions\/729"}],"wp:attachment":[{"href":"https:\/\/saude.ufpr.br\/dmfp\/wp-json\/wp\/v2\/media?parent=97"}],"curies":[{"name":"wp","href":"https:\/\/api.w.org\/{rel}","templated":true}]}}