{"id":1678,"date":"2018-01-29T12:10:29","date_gmt":"2018-01-29T15:10:29","guid":{"rendered":"https:\/\/saude.ufpr.br\/enfermagem\/?page_id=1678"},"modified":"2020-04-17T12:52:19","modified_gmt":"2020-04-17T15:52:19","slug":"pesquisa-professores","status":"publish","type":"page","link":"https:\/\/saude.ufpr.br\/enfermagem\/pesquisa-professores\/","title":{"rendered":"Pesquisas &#8211; docentes"},"content":{"rendered":"<p style=\"text-align: right\"><span style=\"color: #ff0000\">atualizada em 17\/04\/2020<\/span><\/p>\n<p>Clique no nome para acessar o Lattes do docente.<\/p>\n\n<table id=\"tablepress-1\" class=\"tablepress tablepress-id-1\">\n<thead>\n<tr class=\"row-1\">\n\t<th class=\"column-1\">Docente<\/th><th class=\"column-2\">\u00c1rea \/ e-mail  <\/th><th class=\"column-3\">Projetos de pesquisa<\/th>\n<\/tr>\n<\/thead>\n<tbody class=\"row-striping row-hover\">\n<tr class=\"row-2\">\n\t<td class=\"column-1\"><a href=\"http:\/\/lattes.cnpq.br\/2172559545856592\" target=\"_blank\" rel=\"noopener noreferrer\">Aida Maris Peres<\/a><br \/>\n<\/td><td class=\"column-2\">Administra\u00e7\u00e3o em Sa\u00fade<br \/>\namaris@ufpr.br<\/td><td class=\"column-3\">\u00bbIn\u00edcio 2016 - Les pratiques avanc\u00e9es de l'approche communautaire des services cliniques: pr\u00e9ventives,prescriptives, de proximit\u00e9 et de liaison comme strat\u00e9gies d'acc\u00e8s et de continuit\u00e9 des soins.<br \/>\n\u00bbIn\u00edcio 2013 - Integra\u00e7\u00e3o de servi\u00e7os e de informa\u00e7\u00f5es de sa\u00fade na perspectiva de redes.<br \/>\n\u00bbIn\u00edcio 2008 - Gerenciamento em Sa\u00fade e Enfermagem: forma\u00e7\u00e3o e pr\u00e1tica profissional na perspectiva das compet\u00eancias.<\/td>\n<\/tr>\n<tr class=\"row-3\">\n\t<td class=\"column-1\"><a href=\"http:\/\/lattes.cnpq.br\/9322283065694205\">Carmen Elizabeth Kalinowski<\/a><\/td><td class=\"column-2\">Administra\u00e7\u00e3o em Sa\u00fade<br \/>\ncarmenkali@gmail.com<\/td><td class=\"column-3\"><\/td>\n<\/tr>\n<tr class=\"row-4\">\n\t<td class=\"column-1\"><a href=\"http:\/\/lattes.cnpq.br\/0224441398584273\">Daiana Kloh Khalaf<\/a><\/td><td class=\"column-2\">Sa\u00fade Coletiva<br \/>\ndaianakloh@ufpr.br<\/td><td class=\"column-3\"><\/td>\n<\/tr>\n<tr class=\"row-5\">\n\t<td class=\"column-1\"><a href=\"http:\/\/lattes.cnpq.br\/8859073471719706\" target=\"_blank\" rel=\"noopener noreferrer\">Elizabeth Bernardino<\/a><\/td><td class=\"column-2\">Administra\u00e7\u00e3o em Sa\u00fade<br \/>\nelizaber@ufpr.br<\/td><td class=\"column-3\">\u00bb In\u00edcio 2016 - Les pratiques avanc\u00e9es de l'approche communautaire des services cliniques:pr\u00e9ventives,prescriptives, de proximit\u00e9 et de liaison comme strat\u00e9gies d'acc\u00e8s et de continuit\u00e9 des soins.<br \/>\n\u00bb In\u00edcio 2014 - Estrat\u00e9gias de integra\u00e7\u00e3o em rede: Contribui\u00e7\u00f5es da Enfermagem.<br \/>\n<\/td>\n<\/tr>\n<tr class=\"row-6\">\n\t<td class=\"column-1\"><a href=\"http:\/\/lattes.cnpq.br\/1857067394289067\" target=\"_blank\" rel=\"noopener noreferrer\"> Fernanda Moura D' Almeida Miranda<\/a><\/td><td class=\"column-2\">Sa\u00fade do Adulto e Idoso<br \/>\nfmdmiranda@gmail.com<\/td><td class=\"column-3\"><\/td>\n<\/tr>\n<tr class=\"row-7\">\n\t<td class=\"column-1\"><a href=\"http:\/\/lattes.cnpq.br\/1736734725232105\" target=\"_blank\" rel=\"noopener noreferrer\">Hellen Roehrs<\/a><\/td><td class=\"column-2\">Sa\u00fade do Adulto<br \/>\nhellenroehrs@gmail.com<\/td><td class=\"column-3\">\u00bb In\u00edcio 2015 - Pr\u00e1tica baseada em evid\u00eancia no atendimento ao paciente cr\u00edtico e ou situa\u00e7\u00f5es de urg\u00eancia e emerg\u00eancia.<br \/>\n<br \/>\n<\/td>\n<\/tr>\n<tr class=\"row-8\">\n\t<td class=\"column-1\"><a href=\"http:\/\/lattes.cnpq.br\/9758222823135360\" target=\"_blank\" rel=\"noopener noreferrer\">Jorge Vinicius Cestari Felix<\/a><\/td><td class=\"column-2\">Fundamentos em Enfermagem<br \/>\n jvcfelix@ufpr.br<\/td><td class=\"column-3\">\u00bb In\u00edcio 2013 - Uso de simuladores humanos no ensino de gradua\u00e7\u00e3o em enfermagem e inform\u00e1tica biom\u00e9dica: cria\u00e7\u00e3o e avalia\u00e7\u00e3o de modelos de ensino e pesquisa.<\/td>\n<\/tr>\n<tr class=\"row-9\">\n\t<td class=\"column-1\"><a href=\"http:\/\/lattes.cnpq.br\/8027027232828519\" target=\"_blank\" rel=\"noopener noreferrer\">Karla Crozeta Figueiredo<\/a><\/td><td class=\"column-2\">Administra\u00e7\u00e3o em Sa\u00fade<br \/>\nkarlacrozeta@ufpr.br<\/td><td class=\"column-3\">\u00bb In\u00edcio 2017 - Avalia\u00e7\u00e3o e Planejamento da Seguran\u00e7a do Paciente e da Qualidade em Sa\u00fade: em busca de a\u00e7\u00f5es estrat\u00e9gicas para a melhoria do cuidado.<\/td>\n<\/tr>\n<tr class=\"row-10\">\n\t<td class=\"column-1\"><a href=\"http:\/\/lattes.cnpq.br\/5843104866125517\" target=\"_blank\" rel=\"noopener noreferrer\">Karina Silveira de almeida Hammerschmidt <\/a><\/td><td class=\"column-2\">Sa\u00fade Coletiva<br \/>\nksalmeidah@yahoo.com.br<\/td><td class=\"column-3\">\u00bb In\u00edcio 2020: Promo\u00e7\u00e3o da sa\u00fade do idoso no cuidado de enfermagem visando inova\u00e7\u00e3o para ambientes futuros.<\/td>\n<\/tr>\n<tr class=\"row-11\">\n\t<td class=\"column-1\"><a href=\"http:\/\/lattes.cnpq.br\/5327990648400630\" target=\"_blank\" rel=\"noopener noreferrer\">Kariane Gomes Cezario Roscoche<\/a><\/td><td class=\"column-2\">karianeroscoche@ufpr.br<\/td><td class=\"column-3\"><\/td>\n<\/tr>\n<tr class=\"row-12\">\n\t<td class=\"column-1\"><a href=\"http:\/\/lattes.cnpq.br\/7929386229912337\" target=\"_blank\" rel=\"noopener noreferrer\">Laura Christina Macedo <\/a><\/td><td class=\"column-2\">Sa\u00fade Coletiva<br \/>\nlcmacedo2003@yahoo.com.br<\/td><td class=\"column-3\">\u00bb In\u00edcio 2014 - Viol\u00eancia nas rela\u00e7\u00f5es de intimidade envolvendo adolescentes \u00e0 luz de g\u00eanero e gera\u00e7\u00e3o: estudo multic\u00eantrico luso-\u00ad\u2010hispano-\u00ad\u2010brasileiro.<br \/>\n\u00bb In\u00edcio 2014 - Preven\u00e7\u00e3o da viol\u00eancia de g\u00eanero por meio de a\u00e7\u00f5es com adolescentes: uma proposta de pesquisa-a\u00e7\u00e3o.<br \/>\n<\/td>\n<\/tr>\n<tr class=\"row-13\">\n\t<td class=\"column-1\"><a href=\"http:\/\/lattes.cnpq.br\/7537464798510987\" target=\"_blank\" rel=\"noopener noreferrer\">Let\u00edcia Pontes<\/a><\/td><td class=\"column-2\">Fundamentos em Enfermagem<br \/>\nletiapontes@gmail.com<\/td><td class=\"column-3\">\u00bb In\u00edcio 2017 - Tecnologias educacionais para a pr\u00e1tica da alta hospitalar.<br \/>\n\u00bb In\u00edcio 2015 - Fatores de risco associados ao cateter venoso central para hemodi\u00e1lise.<br \/>\n\u00bb In\u00edcio 2015 - Diagn\u00f3sticos de Enfermagem em Pacientes com Anemia de Fanconi Submetidos a Transplante de C\u00e9lulas-Tronco Hematopo\u00e9ticas: um estudo explorat\u00f3rio.<br \/>\n\u00bb In\u00edcio 2014 - A\u00e7\u00f5es de Enfermagem nos cuidados essenciais em Transplante de C\u00e9lulas Tronco Hematopo\u00e9ticas.<br \/>\n\u00bb In\u00edcio 2011 - De Bullying, trotes, castigos e outras persegui\u00e7\u00f5es corporais: Um estudo sobre as linguagens agressivas na cultura escolar de viol\u00eancia. <br \/>\n<\/td>\n<\/tr>\n<tr class=\"row-14\">\n\t<td class=\"column-1\"><a href=\"http:\/\/lattes.cnpq.br\/8191580569394323\" target=\"_blank\" rel=\"noopener noreferrer\">Lillian Daisy Gon\u00e7alves Wolff<\/a><\/td><td class=\"column-2\">Administra\u00e7\u00e3o em Sa\u00fade<br \/>\nldgwolff@gmail.com<\/td><td class=\"column-3\">\u00bb In\u00edcio 2013 - Avalia\u00e7\u00e3o da qualidade em servi\u00e7os de sa\u00fade. <br \/>\n<\/td>\n<\/tr>\n<tr class=\"row-15\">\n\t<td class=\"column-1\"><a href=\"http:\/\/lattes.cnpq.br\/8884481037092402\" target=\"_blank\" rel=\"noopener noreferrer\">Luciana Alc\u00e2ntara Nogueira<\/a><\/td><td class=\"column-2\">Sa\u00fade do Adulto<br \/>\nnogueira_lu@hotmail.com<\/td><td class=\"column-3\">\u00bb In\u00edcio 2013 - O perfil dos dist\u00farbios osteomusculares relacionados ao trabalho (DORT) associado \u00e0 dor cr\u00f4nica em trabalhadores da regi\u00e3o Sul do Brasil. <\/td>\n<\/tr>\n<tr class=\"row-16\">\n\t<td class=\"column-1\"><a href=\"http:\/\/lattes.cnpq.br\/5678749615109042\" target=\"_blank\" rel=\"noopener noreferrer\">Luciana Puchalski Kalinke<\/a><\/td><td class=\"column-2\">Fundamentos<br \/>\nlucianakalinke@yahoo.com.br<\/td><td class=\"column-3\">\u00bb In\u00edcio 2015 - Qualidade de Vida de Pacientes com Feridas Cr\u00f4nicas.<br \/>\n\u00bb In\u00edcio 2014 - O Adoecimento do Trabalhador e as Neoplasias Br\u00f4nquio Pulmonares.<br \/>\n\u00bb In\u00edcio 2012 - Analise da qualidade de vida de pacientes com c\u00e2ncer.<br \/>\n<\/td>\n<\/tr>\n<tr class=\"row-17\">\n\t<td class=\"column-1\"><a href=\"http:\/\/lattes.cnpq.br\/5950935849374221\" target=\"_blank\" rel=\"noopener noreferrer\">Luciana Schleder Gon\u00e7alves<\/a><\/td><td class=\"column-2\">Administra\u00e7\u00e3o em Sa\u00fade<br \/>\nlsgk@ufpr.br<\/td><td class=\"column-3\">\u00bb In\u00edcio 2015 - Inova\u00e7\u00e3o Tecnol\u00f3gica na Educa\u00e7\u00e3o Permanente em Sa\u00fade e Enfermagem.<br \/>\n\u00bb In\u00edcio 2010 - Auditoria de Servi\u00e7os de Sa\u00fade e de Enfermagem.<br \/>\n\u00bb In\u00edcio 2008 - Educa\u00e7\u00e3o em Sa\u00fade.<br \/>\n\u00bb In\u00edcio 2003 - Inform\u00e1tica em Enfermagem.<br \/>\n<\/td>\n<\/tr>\n<tr class=\"row-18\">\n\t<td class=\"column-1\"><a href=\"http:\/\/lattes.cnpq.br\/8912700870642738\" target=\"_blank\" rel=\"noopener noreferrer\">Magda Nanuk de Godoy H. R. Pinto<\/a> <\/td><td class=\"column-2\">Materno Infantil<br \/>\nmagda.ngh@gmail.com<\/td><td class=\"column-3\"><\/td>\n<\/tr>\n<tr class=\"row-19\">\n\t<td class=\"column-1\"><a href=\"http:\/\/lattes.cnpq.br\/6166579062399881\" target=\"_blank\" rel=\"noopener noreferrer\">M\u00e1rcia Helena de Souza Freire<\/a><\/td><td class=\"column-2\">Materno Infantil<br \/>\nmarciahelenafreire@gmail.com<\/td><td class=\"column-3\">\u00bb In\u00edcio 2016 - Hospitaliza\u00e7\u00e3o Infantil &amp; Tecnologias de Cuidado: contribuindo com a pr\u00e1tica e com a gest\u00e3o de um hospital infantil, Campo Largo, Paran\u00e1.<br \/>\n\u00bb In\u00edcio 2015 - Desenvolvimento tecnol\u00f3gico &amp; Hospitaliza\u00e7\u00e3o infantil: (Re)Visitando a problem\u00e1tica e contribuindo com o diagn\u00f3stico risco de trauma vascular.<br \/>\n\u00bb In\u00edcio 2015 - Organiza\u00e7\u00e3o do cuidado a sa\u00fade das fam\u00edlias nos diferentes espa\u00e7os da pr\u00e1tica profissional.<br \/>\n\u00bb In\u00edcio 2014 - Terapia Comunit\u00e1ria Integrativa como tecnologia social para a promo\u00e7\u00e3o da sa\u00fade: experi\u00eancia de pesquisa avaliativa por triangula\u00e7\u00e3o de m\u00e9todos na rede de aten\u00e7\u00e3o \u00e0 sa\u00fade de Curitiba\/PR.<br \/>\n\u00bb In\u00edcio 2013 - Avalia\u00e7\u00e3o da aten\u00e7\u00e3o perinatal em Maternidades de risco habitual vinculada ao SUS. <br \/>\n\u00bb In\u00edcio 2013 - Epidemiologia de doen\u00e7a negligenciada: comportamento espacial e temporal da incid\u00eancia da tuberculose no Estado do Paran\u00e1.<br \/>\n\u00bb In\u00edcio 2013 - Mortalidade infantil: Perfil epidemiol\u00f3gico como subsidio para gest\u00e3o e assist\u00eancia neonatal e pedi\u00e1trica no estado do Paran\u00e1. <br \/>\n\u00bb In\u00edcio 2012 - Anemia falciforme \u00e0 luz da Enfermagem: Caracteriza\u00e7\u00e3o dos portadores, impacto pessoal e familiar, promo\u00e7\u00e3o em sa\u00fade.<br \/>\n\u00bb In\u00edcio 2009 - Impacto das anomalias cong\u00eanitos como causa b\u00e1sica dos \u00f3bitos infantis, 15\u00aa Regional de Sa\u00fade, Maring\u00e1, Paran\u00e1.<br \/>\n\u00bb In\u00edcio 2009 - Viol\u00eancia fetal: uma leitura dos \u00f3bitos infantis sob a \u00f3tica da vulnerabilidade.<br \/>\n<\/td>\n<\/tr>\n<tr class=\"row-20\">\n\t<td class=\"column-1\"><a href=\"http:\/\/lattes.cnpq.br\/0228395548932406\" target=\"_blank\" rel=\"noopener noreferrer\">Marcio Roberto Paes<\/a><\/td><td class=\"column-2\">Sa\u00fade do Adulto<br \/>\nmarropa@ufpr.br<\/td><td class=\"column-3\">\u00bb In\u00edcio 2015 - Cuidados de enfermagem em sa\u00fade mental no Hospital Geral.<br \/>\n\u00bb In\u00edcio 2013 - Cuidados de enfermagem a pacientes cardiopatas graves.<br \/>\n\u00bb In\u00edcio 2010 - Perfil de portadores de transtornos mentais e dependentes qu\u00edmicos em tratamento em servi\u00e7o de sa\u00fade.<br \/>\n\u00bb In\u00edcio 2006 - Cuidado de enfermagem em sa\u00fade mental.<\/td>\n<\/tr>\n<tr class=\"row-21\">\n\t<td class=\"column-1\"><a href=\"http:\/\/lattes.cnpq.br\/3204611342875895\" target=\"_blank\" rel=\"noopener noreferrer\">Marilene Loewen Wall<\/a><\/td><td class=\"column-2\">Materno Infantil<br \/>\nwall@ufpr.br<\/td><td class=\"column-3\">\u00bb In\u00edcio 2019 Constru\u00e7\u00e3o e valida\u00e7\u00e3o de um Modelo de Cuidado de Enfermagem para mulheres em idade materna avan\u00e7ada<br \/>\n\u00bb In\u00edcio 2019 - O cuidado \u00e0 mulher na Aten\u00e7\u00e3o Prim\u00e1ria \u00e0 Sa\u00fade baseado em compet\u00eancia.<br \/>\n\u00bb In\u00edcio 2017  - Compet\u00eancias de enfermeiras no cuidado pr\u00e9-natal na Aten\u00e7\u00e3o Prim\u00e1ria \u00e0 Sa\u00fade.<br \/>\n\u00bb In\u00edcio 2016 - Modelos de Cuidado para a Pr\u00e1tica de Enfermagem.<br \/>\n\u00bb In\u00edcio 2015 - Gesta\u00e7\u00e3o ap\u00f3s os 35 anos: viv\u00eancias, obst\u00e1culos e complica\u00e7\u00f5es.<br \/>\n\u00bb In\u00edcio 2013 - A Autoefic\u00e1cia de Gestantes e Pu\u00e9rperas em Amamentar.<br \/>\n<\/td>\n<\/tr>\n<tr class=\"row-22\">\n\t<td class=\"column-1\"><a href=\"http:\/\/lattes.cnpq.br\/6797626371757728\" target=\"_blank\" rel=\"noopener noreferrer\">Marineli Joaquim Meier<\/a><\/td><td class=\"column-2\">Fundamentos em Enfermagem<br \/>\nmmarineli@ufpr.br<\/td><td class=\"column-3\">\u00bb In\u00edcio 2020 - Pr\u00e1tica baseada em evid\u00eancia na educa\u00e7\u00e3o, enfermagem e sa\u00fade.<br \/>\n<\/td>\n<\/tr>\n<tr class=\"row-23\">\n\t<td class=\"column-1\"><a href=\"http:\/\/lattes.cnpq.br\/6362674297934479\" target=\"_blank\" rel=\"noopener noreferrer\">Miriam Aparecida Nimtz<\/a><\/td><td class=\"column-2\">Sa\u00fade do Adulto<br \/>\nmiriamnimtz@uol.com.br<\/td><td class=\"column-3\">\u00bb In\u00edcio 2015 - Hist\u00f3rias e experiencias vividas por pessoas com transtorno mental e seus familiares.<br \/>\n<\/td>\n<\/tr>\n<tr class=\"row-24\">\n\t<td class=\"column-1\"><a href=\"http:\/\/lattes.cnpq.br\/0918249570452295\" target=\"_blank\" rel=\"noopener noreferrer\">Mitzy Tannia Reichembach Danski<\/a><\/td><td class=\"column-2\">Fundamentos em Enfermagem<br \/>\nprofa.mitzy@ufpr.br<\/td><td class=\"column-3\">\u00bb Pesquisas em andamento<br \/>\n<br \/>\n2019 - Atual<br \/>\nINOVA\u00c7\u00c3O TECNOL\u00d3GICA EM PREVEN\u00c7\u00c3O,AVALIA\u00c7\u00c3O E TRATAMENTO DAS LES\u00d5ES DE PELE<br \/>\n<br \/>\n2018 - Atual<br \/>\nUso do Cateter Central de Inser\u00e7\u00e3o Perif\u00e9rica nas transfus\u00f5es de concentrado de Hem\u00e1cias em Neonatos<br \/>\n<br \/>\n2011 - Atual<br \/>\nA pesquisa cl\u00ednica como instrumento para o desenvolvimento de inova\u00e7\u00f5es tecnol\u00f3gicas na enfermagem<br \/>\n<br \/>\n2012 - Atual<br \/>\nEfetividade de Cateter Venoso Perif\u00e9rico<br \/>\n<br \/>\nPesquisas finalizadas<br \/>\n<br \/>\n2016 -2019- Efetividade da solu\u00e7\u00e3o de heparina na preven\u00e7\u00e3o de oclus\u00e3o do cateter de Hickmann: ensaio cl\u00ednico randomizado.<br \/>\n 2015-2019 - Fatores de risco associados ao cateter venoso central para hemodi\u00e1lise.<br \/>\n2015 -2017- Custo-efetividade do curativo impregnado com clorexidina para cateter venoso central.<br \/>\n 2014-2016 - Evid\u00eancias cl\u00ednicas no uso de cateter venoso perif\u00e9rico.<\/td>\n<\/tr>\n<tr class=\"row-25\">\n\t<td class=\"column-1\"><a href=\"http:\/\/lattes.cnpq.br\/6297526723901395\" target=\"_blank\" rel=\"noopener noreferrer\">Nen Nal\u00fa Alves das Merc\u00eas<\/a><\/td><td class=\"column-2\">Fundamentos em Enfermagem<br \/>\nnennalu@yahoo.com.br<\/td><td class=\"column-3\">\u00bb In\u00edcio 2017 - Cuidado e Conforto no Adoecimento por C\u00e2ncer.<br \/>\n\u00bb In\u00edcio 2017 - Modelos de Cuidado no adoecimento do trabalhador por c\u00e2ncer.<br \/>\n\u00bb In\u00edcio 2015 - O itiner\u00e1rio terap\u00eautico de portadores de c\u00e2ncer: trajet\u00f3ria de cuidado.<br \/>\n\u00bb In\u00edcio 2014 - O Adoecimentos do trabalhador e as neoplasias bronquio pulmonares.<br \/>\n\u00bb In\u00edcio 2013 - 5\u00ba Sinal Vital: Utiliza\u00e7\u00e3o da Escala Multidimensional de Avalia\u00e7\u00e3o da dor.<br \/>\n\u00bb In\u00edcio 2012 - Construindo Processos de Cuidado na interface do Cuidar em Situa\u00e7\u00f5es de Enfermidade Grave.<br \/>\n\u00bb In\u00edcio 2010 - O Cuidar do Transplantado de C\u00e9lulas-Tronco Hematopo\u00e9ticas? representa\u00e7\u00f5es do familiar.<br \/>\n<br \/>\n<\/td>\n<\/tr>\n<tr class=\"row-26\">\n\t<td class=\"column-1\"><a href=\"http:\/\/lattes.cnpq.br\/1746446265812460\" target=\"_blank\" rel=\"noopener noreferrer\">Rafaela Gessner Louren\u00e7o<\/a><\/td><td class=\"column-2\">Sa\u00fade Coletiva<br \/>\nrafaelagessner@ufpr.br<br \/>\n<\/td><td class=\"column-3\"><\/td>\n<\/tr>\n<tr class=\"row-27\">\n\t<td class=\"column-1\"><a href=\"http:\/\/lattes.cnpq.br\/6963581479171399\" target=\"_blank\" rel=\"noopener noreferrer\">Sandra Mara Alessi<\/a><\/td><td class=\"column-2\">Sa\u00fade Coletiva<br \/>\nsandraalessi@hotmail.com<\/td><td class=\"column-3\">\u00bb In\u00edcio 2013 - Pesquisa sobre sa\u00fade de docente em institui\u00e7\u00f5es de ensino superior.<br \/>\n\u00bb In\u00edcio 2011 - Pol\u00edtica de sa\u00fade do trabalhador no Mercosul.<br \/>\n<\/td>\n<\/tr>\n<tr class=\"row-28\">\n\t<td class=\"column-1\"><a href=\"http:\/\/lattes.cnpq.br\/8473012833980358\" target=\"_blank\" rel=\"noopener noreferrer\">Shirley Boller<\/a><\/td><td class=\"column-2\">Fundamentos em Enfermagem<br \/>\nshirley.boller@gmail.com<\/td><td class=\"column-3\">\u00bb In\u00edcio 2014 - O adoecimento do trabalhador e as neoplasias bronquio pulmonares.<br \/>\n\u00bb In\u00edcio 2014 - Vigil\u00e2ncia em sa\u00edde: uma ferramenta de gest\u00e3o do processo sa\u00fade doen\u00e7a do trabalhador em ambiente hospitalar.<br \/>\n\u00bb In\u00edcio 2013 - O perfil dos dist\u00farbios osteomusculares relacionados ao trabalho (DORT) associado \u00e0 dor cr\u00f4nica em trabalhadores da regi\u00e3o Sul do Brasil.<br \/>\n<\/td>\n<\/tr>\n<tr class=\"row-29\">\n\t<td class=\"column-1\"><a href=\"http:\/\/lattes.cnpq.br\/7715587924945937\" target=\"_blank\" rel=\"noopener noreferrer\">Silvana Regina Rossi Kissula Souza<\/a><\/td><td class=\"column-2\">Materno Infantil<br \/>\nskissula@ufpr.br<\/td><td class=\"column-3\">\u00bb In\u00edcio 2017 - M\u00e9todos n\u00e3o farmacol\u00f3gicos para al\u00edvio da dor no trabalho de parto: Implanta\u00e7\u00e3o de Protocolo Para Assist\u00eancia de Enfermagem.<br \/>\n\u00bb In\u00edcio 2017 - Especializa\u00e7\u00e3o em Enfermagem Obst\u00e9trica: avalia\u00e7\u00e3o do processo de desenvolvimento e efeitos do curso na perspectiva de forma\u00e7\u00e3o-interven\u00e7\u00e3o.<br \/>\n\u00bb In\u00edcio 2016 - Cen\u00e1rios de assist\u00eancia ao parto no Brasil: o cuidado de enfermagem no parto domiciliar planejado. <br \/>\n\u00bb In\u00edcio 2016 - A percep\u00e7\u00e3o da v\u00edtima de viol\u00eancia sexual quanto ao acolhimento em hospital de refer\u00eancia no Paran\u00e1.<br \/>\n\u00bb In\u00edcio 2016 - Percep\u00e7\u00e3o das pu\u00e9rperas sobre o contato pele a pele na sala de parto.<br \/>\n\u00bb In\u00edcio 2014 - A percep\u00e7\u00e3o das pu\u00e9rperas sobre a realiza\u00e7\u00e3o da episiotomia.<br \/>\n\u00bb In\u00edcio 2013 - Humaniza\u00e7\u00e3o do Processo de Parto e Nascimento.<br \/>\n\u00bb In\u00edcio 2013 - As pr\u00e1ticas no atendimento ao parto e nascimento em maternidades p\u00fablicas.<br \/>\n<\/td>\n<\/tr>\n<tr class=\"row-30\">\n\t<td class=\"column-1\"><a href=\"http:\/\/lattes.cnpq.br\/9793825963613861\" target=\"_blank\" rel=\"noopener noreferrer\">Susanne Elero Betiolli<\/a><\/td><td class=\"column-2\">Sa\u00fade do Adulto<br \/>\nsusanne.elero@yahoo.com.br<\/td><td class=\"column-3\">\u00bb In\u00edcio 2020: As pr\u00e1ticas de cuidado aos idosos e familiares nos diferentes cen\u00e1rios de atua\u00e7\u00e3o do enfermeiro<br \/>\n\u00bb In\u00edcio 2018: As varia\u00e7\u00f5es da fragilidade f\u00edsica e da funcionalidade de idosos da aten\u00e7\u00e3o prim\u00e1ria \u00e0 sa\u00fade<br \/>\n\u00bb In\u00edcio 2013 - t\u00e9rmino 2016: Velocidade da marcha e for\u00e7a de preens\u00e3o manual em longevos da comunidade<br \/>\n\u00bb In\u00edcio 2011 - t\u00e9rmino 2012: As pr\u00e1ticas culturais de cuidado com a sa\u00fade dos idosos longevos no \u00e2mbito domiciliar.<\/td>\n<\/tr>\n<tr class=\"row-31\">\n\t<td class=\"column-1\"><a href=\"http:\/\/lattes.cnpq.br\/4397990238416302\" target=\"_blank\" rel=\"noopener noreferrer\">Tatiane Herreira Trigueiro<\/a><\/td><td class=\"column-2\">Materno Infantil<br \/>\ntatiherreira@gmail.com<\/td><td class=\"column-3\">\u00bb In\u00edcio 2020 - A pr\u00e1tica profissional de enfermeiros obstetras em maternidades.<br \/>\n\u00bb In\u00edcio 2018 -  Consulta de Enfermagem a gestantes a partir de 37 semanas. <br \/>\n\u00bb In\u00edcio 2017 - A inser\u00e7\u00e3o de Dispositivo Intrauterino por Enfermeiros: uma abordagem quantitativa.<br \/>\n<\/td>\n<\/tr>\n<tr class=\"row-32\">\n\t<td class=\"column-1\"><a href=\"http:\/\/lattes.cnpq.br\/5623159749547755\" target=\"_blank\" rel=\"noopener noreferrer\">Tatiane Prette Kuznier<\/a><\/td><td class=\"column-2\">Sa\u00fade de Adulto e Idoso<br \/>\ntatianeprette@ufpr.br<\/td><td class=\"column-3\"><\/td>\n<\/tr>\n<tr class=\"row-33\">\n\t<td class=\"column-1\"><a href=\"http:\/\/lattes.cnpq.br\/4866892482419793\" target=\"_blank\" rel=\"noopener noreferrer\">Vanessa Bertoglio Comassetto Antunes de Oliveira<\/a><\/td><td class=\"column-2\">Sa\u00fade do Adulto<br \/>\nvanessacomassetto@ufpr.br<\/td><td class=\"column-3\">\u00bb Processo de trabalho do enfermeiro na assist\u00eancia ao paciente com les\u00e3o autoprovocada por comportamento suicida em unidade de urg\u00eancia e emerg\u00eancia.<\/td>\n<\/tr>\n<tr class=\"row-34\">\n\t<td class=\"column-1\"><a href=\"http:\/\/lattes.cnpq.br\/5773132594648093\" target=\"_blank\" rel=\"noopener noreferrer\">Ver\u00f4nica de Azevedo Mazza<\/a><\/td><td class=\"column-2\">Materno Infantil<br \/>\nmazzas@ufpr.br<\/td><td class=\"column-3\">\u00bb In\u00edcio 2016 - Les pratiques avanc\u00e9es de l'approche communautaire des services cliniques:pr\u00e9ventives,prescriptives, de proximit\u00e9 et de liaison comme strat\u00e9gies d'acc\u00e8s et de continuit\u00e9 des soins.<br \/>\n\u00bb In\u00edcio 2015 - Organiza\u00e7\u00e3o do cuidado a sa\u00fade das fam\u00edlias nos diferentes espa\u00e7os da pr\u00e1tica profissional.<br \/>\n\u00bb In\u00edcio 2015 - Processo de trabalho do NASF na perspectiva do matriciamento e da regula\u00e7\u00e3o no apoio \u00e0 Aten\u00e7\u00e3o Prim\u00e1ria \u00e0 Sa\u00fade.<br \/>\n\u00bb In\u00edcio 2010 - Vulnerabilidades para o desenvolvimento infantil: perspectiva dos profissionais de sa\u00fade da aten\u00e7\u00e3o Prim\u00e1ria.<br \/>\n\u00bb In\u00edcio 2009 - Rede social das fam\u00edlias: limites e potencialidades.<br \/>\n\u00bb In\u00edcio 2007 - Organiza\u00e7\u00e3o e pr\u00e1tica na Aten\u00e7\u00e3o B\u00e1sica \u00e0 sa\u00fade da crian\u00e7a no contexto da ESF.<br \/>\n<\/td>\n<\/tr>\n<\/tbody>\n<\/table>\n<!-- #tablepress-1 from cache -->\n<p>&nbsp;<\/p>\n","protected":false},"excerpt":{"rendered":"<p>atualizada em 17\/04\/2020 Clique no nome para acessar o Lattes do docente. &nbsp;<\/p>\n","protected":false},"author":6,"featured_media":0,"parent":0,"menu_order":0,"comment_status":"closed","ping_status":"closed","template":"","meta":{"_acf_changed":false,"_uag_custom_page_level_css":"","footnotes":""},"class_list":["post-1678","page","type-page","status-publish","hentry"],"acf":[],"featured_image_src":null,"uagb_featured_image_src":{"full":false,"thumbnail":false,"medium":false,"medium_large":false,"large":false,"1536x1536":false,"2048x2048":false,"noticias-thumb":false,"banners-thumb":false,"maisnoticias-thumb":false,"post-thumbnail":false},"uagb_author_info":{"display_name":"Josi Dourado","author_link":"https:\/\/saude.ufpr.br\/enfermagem\/author\/josidourados\/"},"uagb_comment_info":0,"uagb_excerpt":"atualizada em 17\/04\/2020 Clique no nome para acessar o Lattes do docente. &nbsp;","publishpress_future_action":{"enabled":false,"date":"2026-04-22 00:39:50","action":"change-status","newStatus":"draft","terms":[],"taxonomy":"","extraData":[]},"publishpress_future_workflow_manual_trigger":{"enabledWorkflows":[]},"_links":{"self":[{"href":"https:\/\/saude.ufpr.br\/enfermagem\/wp-json\/wp\/v2\/pages\/1678","targetHints":{"allow":["GET"]}}],"collection":[{"href":"https:\/\/saude.ufpr.br\/enfermagem\/wp-json\/wp\/v2\/pages"}],"about":[{"href":"https:\/\/saude.ufpr.br\/enfermagem\/wp-json\/wp\/v2\/types\/page"}],"author":[{"embeddable":true,"href":"https:\/\/saude.ufpr.br\/enfermagem\/wp-json\/wp\/v2\/users\/6"}],"replies":[{"embeddable":true,"href":"https:\/\/saude.ufpr.br\/enfermagem\/wp-json\/wp\/v2\/comments?post=1678"}],"version-history":[{"count":18,"href":"https:\/\/saude.ufpr.br\/enfermagem\/wp-json\/wp\/v2\/pages\/1678\/revisions"}],"predecessor-version":[{"id":3907,"href":"https:\/\/saude.ufpr.br\/enfermagem\/wp-json\/wp\/v2\/pages\/1678\/revisions\/3907"}],"wp:attachment":[{"href":"https:\/\/saude.ufpr.br\/enfermagem\/wp-json\/wp\/v2\/media?parent=1678"}],"curies":[{"name":"wp","href":"https:\/\/api.w.org\/{rel}","templated":true}]}}