{"id":2199,"date":"2018-10-17T09:20:07","date_gmt":"2018-10-17T12:20:07","guid":{"rendered":"https:\/\/saude.ufpr.br\/enfermagem\/?page_id=2199"},"modified":"2020-01-20T14:52:41","modified_gmt":"2020-01-20T17:52:41","slug":"planos-de-ensino","status":"publish","type":"page","link":"https:\/\/saude.ufpr.br\/enfermagem\/planos-de-ensino\/","title":{"rendered":"Planos de Ensino 2018"},"content":{"rendered":"<p><strong>Fichas 2 \/ Planos de Ensino\u00a0 2018<\/strong><\/p>\n<p><a href=\"https:\/\/saude.ufpr.br\/enfermagem\/wp-content\/uploads\/sites\/4\/2018\/10\/1062018.pdf\" target=\"_blank\" rel=\"noopener\">MN106 Enfermagem em Sa\u00fade do Adulto e Idoso<\/a>\u00a0<strong><br \/>\n<\/strong><a href=\"https:\/\/saude.ufpr.br\/enfermagem\/wp-content\/uploads\/sites\/4\/2018\/10\/1072018.pdf\" target=\"_blank\" rel=\"noopener\">MN107 Cuidados de Enfermagem \u00e0 Crian\u00e7a e ao Adolescente<\/a><br \/>\n<a href=\"https:\/\/saude.ufpr.br\/enfermagem\/wp-content\/uploads\/sites\/4\/2018\/10\/1082018.pdf\" target=\"_blank\" rel=\"noopener\">MN108 Cuidados de Enfermagem \u00e0 Mulher<\/a><br \/>\n<a href=\"https:\/\/saude.ufpr.br\/enfermagem\/wp-content\/uploads\/sites\/4\/2018\/10\/1092018.pdf\" target=\"_blank\" rel=\"noopener\">MN109 Planejamento e Administra\u00e7\u00e3o em Sa\u00fade<\/a><br \/>\n<a href=\"https:\/\/saude.ufpr.br\/enfermagem\/wp-content\/uploads\/sites\/4\/2018\/10\/1102018.pdf\" target=\"_blank\" rel=\"noopener\">MN110 Enfermagem em Sa\u00fade Mental<\/a><br \/>\n<a href=\"https:\/\/saude.ufpr.br\/enfermagem\/wp-content\/uploads\/sites\/4\/2018\/10\/1112018.pdf\" target=\"_blank\" rel=\"noopener\">MN111 \u00c9tica e Bio\u00e9tica aplicada a Sa\u00fade \u00a0<\/a><br \/>\n<a href=\"https:\/\/saude.ufpr.br\/enfermagem\/wp-content\/uploads\/sites\/4\/2018\/10\/1122018.pdf\" target=\"_blank\" rel=\"noopener\">MN112 Est\u00e1gio Supervisionado de Planejamento e Administra\u00e7\u00e3o em Sa\u00fade<\/a><br \/>\n<a href=\"https:\/\/saude.ufpr.br\/enfermagem\/wp-content\/uploads\/sites\/4\/2018\/10\/1132018.pdf\" target=\"_blank\" rel=\"noopener\">MN113 Est\u00e1gio Supervisionado em Aten\u00e7\u00e3o B\u00e1sica \u00e0 Sa\u00fade<\/a><br \/>\n<a href=\"https:\/\/saude.ufpr.br\/enfermagem\/wp-content\/uploads\/sites\/4\/2018\/10\/1142018.pdf\" target=\"_blank\" rel=\"noopener\">MN114 Monografia de enfermagem I<\/a><br \/>\n<a href=\"https:\/\/saude.ufpr.br\/enfermagem\/wp-content\/uploads\/sites\/4\/2018\/10\/1152018.pdf\" target=\"_blank\" rel=\"noopener\">MN115 Monografia em Enfermagem II<\/a><br \/>\n<a href=\"https:\/\/saude.ufpr.br\/enfermagem\/wp-content\/uploads\/sites\/4\/2018\/10\/1162018.pdf\" target=\"_blank\" rel=\"noopener\">MN116 Est\u00e1gio Supervisionado em Enfermagem<\/a><br \/>\n<a href=\"https:\/\/saude.ufpr.br\/enfermagem\/wp-content\/uploads\/sites\/4\/2018\/10\/1222018.pdf\">MN122 Semin\u00e1rio Integrado VI<\/a><br \/>\n<a href=\"https:\/\/saude.ufpr.br\/enfermagem\/wp-content\/uploads\/sites\/4\/2018\/10\/1232018.pdf\" target=\"_blank\" rel=\"noopener\">MN123 Semin\u00e1rio Integrado VII <\/a><br \/>\n<a href=\"https:\/\/saude.ufpr.br\/enfermagem\/wp-content\/uploads\/sites\/4\/2018\/10\/1242018.pdf\" target=\"_blank\" rel=\"noopener\">MN124 Semin\u00e1rio Integrado VIII<\/a><br \/>\n<a href=\"https:\/\/saude.ufpr.br\/enfermagem\/wp-content\/uploads\/sites\/4\/2018\/10\/1252018.pdf\">MN125 Semin\u00e1rio Integrado IX<\/a><br \/>\n<a href=\"https:\/\/saude.ufpr.br\/enfermagem\/wp-content\/uploads\/sites\/4\/2018\/11\/1262018.pdf\" target=\"_blank\" rel=\"noopener\">MN126 Semin\u00e1rio Integrado X<\/a><br \/>\n<a href=\"https:\/\/saude.ufpr.br\/enfermagem\/wp-content\/uploads\/sites\/4\/2018\/10\/1282018.pdf\" target=\"_blank\" rel=\"noopener\">MN128 Organiza\u00e7\u00e3o do Sistema de Sa\u00fade Brasileiro<\/a><br \/>\n<a href=\"https:\/\/saude.ufpr.br\/enfermagem\/wp-content\/uploads\/sites\/4\/2018\/10\/1292018.pdf\" target=\"_blank\" rel=\"noopener\">MN129 Metodologia da Pesquisa e Bio\u00e9tica em Sa\u00fade<\/a><br \/>\n<a href=\"https:\/\/saude.ufpr.br\/enfermagem\/wp-content\/uploads\/sites\/4\/2018\/10\/1312018.pdf\" target=\"_blank\" rel=\"noopener\">MN131 Hist\u00f3ria da Enfermagem<\/a><br \/>\n<a href=\"https:\/\/saude.ufpr.br\/enfermagem\/wp-content\/uploads\/sites\/4\/2018\/10\/1322018.pdf\" target=\"_blank\" rel=\"noopener\">MN132 Organiza\u00e7\u00e3o do trabalho do Enfermeiro e sua fun\u00e7\u00e3o<\/a><br \/>\n<a href=\"https:\/\/saude.ufpr.br\/enfermagem\/wp-content\/uploads\/sites\/4\/2018\/10\/1332018.pdf\" target=\"_blank\" rel=\"noopener\">MN133 Metodologia Cient\u00edfica em Enfermagem<\/a><br \/>\n<a href=\"https:\/\/saude.ufpr.br\/enfermagem\/wp-content\/uploads\/sites\/4\/2018\/10\/1342016.pdf\" target=\"_blank\" rel=\"noopener\">MN134 fundamentos para o Cuidar em Enfermagem<\/a><br \/>\n<a href=\"https:\/\/saude.ufpr.br\/enfermagem\/wp-content\/uploads\/sites\/4\/2018\/10\/1352018.pdf\" target=\"_blank\" rel=\"noopener\">MN135 Enfermagem em Sa\u00fade do Adulto e do Idoso<\/a><br \/>\n<a href=\"https:\/\/saude.ufpr.br\/enfermagem\/wp-content\/uploads\/sites\/4\/2018\/10\/1362018.pdf\" target=\"_blank\" rel=\"noopener\"> MN136 Sa\u00fade Sociedade e Meio Ambiente<\/a><br \/>\n<a href=\"https:\/\/saude.ufpr.br\/enfermagem\/wp-content\/uploads\/sites\/4\/2018\/10\/1372018.pdf\" target=\"_blank\" rel=\"noopener\">MN137 Fundamentos de Enfermagem em Sa\u00fade Coletiva<\/a><br \/>\n<a href=\"https:\/\/saude.ufpr.br\/enfermagem\/wp-content\/uploads\/sites\/4\/2018\/10\/1502018.pdf\" target=\"_blank\" rel=\"noopener\">MN150 Epidemiologia Cr\u00edtica<\/a><br \/>\n<a href=\"https:\/\/saude.ufpr.br\/enfermagem\/wp-content\/uploads\/sites\/4\/2018\/10\/1582018.pdf\" target=\"_blank\" rel=\"noopener\">MN158 Tend\u00eancias, Inova\u00e7\u00f5es e Desafios para o Gerenciamento de Enfermagem<\/a><br \/>\n<a href=\"https:\/\/saude.ufpr.br\/enfermagem\/wp-content\/uploads\/sites\/4\/2018\/10\/1592018.pdf\" target=\"_blank\" rel=\"noopener\">MN159 Primeiro socorros<\/a><br \/>\n<a href=\"https:\/\/saude.ufpr.br\/enfermagem\/wp-content\/uploads\/sites\/4\/2018\/10\/1602018.pdf\" target=\"_blank\" rel=\"noopener\">MN160 Gest\u00e3o da Informa\u00e7\u00e3o em Sa\u00fade e Enfermagem<\/a><br \/>\n<a href=\"https:\/\/saude.ufpr.br\/enfermagem\/wp-content\/uploads\/sites\/4\/2018\/10\/1612018.pdf\" target=\"_blank\" rel=\"noopener\">MN161 Educa\u00e7\u00e3o em Sa\u00fade<\/a><\/p>\n<p>&nbsp;<\/p>\n<p>&nbsp;<\/p>\n<p>&nbsp;<\/p>\n","protected":false},"excerpt":{"rendered":"<p>Fichas 2 \/ Planos de Ensino\u00a0 2018 MN106 Enfermagem em Sa\u00fade do Adulto e Idoso\u00a0 MN107 Cuidados de Enfermagem \u00e0 Crian\u00e7a e ao Adolescente MN108 Cuidados de Enfermagem \u00e0 Mulher MN109 Planejamento e Administra\u00e7\u00e3o em Sa\u00fade MN110 Enfermagem em Sa\u00fade Mental MN111 \u00c9tica e Bio\u00e9tica aplicada a Sa\u00fade \u00a0 MN112 Est\u00e1gio Supervisionado de Planejamento e<br \/> <a href=\"https:\/\/saude.ufpr.br\/enfermagem\/planos-de-ensino\/\" class=\"button success small readmore\">Leia mais<\/a><\/p>\n","protected":false},"author":6,"featured_media":0,"parent":0,"menu_order":0,"comment_status":"closed","ping_status":"closed","template":"","meta":{"_acf_changed":false,"_uag_custom_page_level_css":"","footnotes":""},"class_list":["post-2199","page","type-page","status-publish","hentry"],"acf":[],"featured_image_src":null,"uagb_featured_image_src":{"full":false,"thumbnail":false,"medium":false,"medium_large":false,"large":false,"1536x1536":false,"2048x2048":false,"noticias-thumb":false,"banners-thumb":false,"maisnoticias-thumb":false,"post-thumbnail":false},"uagb_author_info":{"display_name":"Josi Dourado","author_link":"https:\/\/saude.ufpr.br\/enfermagem\/author\/josidourados\/"},"uagb_comment_info":0,"uagb_excerpt":"Fichas 2 \/ Planos de Ensino\u00a0 2018 MN106 Enfermagem em Sa\u00fade do Adulto e Idoso\u00a0 MN107 Cuidados de Enfermagem \u00e0 Crian\u00e7a e ao Adolescente MN108 Cuidados de Enfermagem \u00e0 Mulher MN109 Planejamento e Administra\u00e7\u00e3o em Sa\u00fade MN110 Enfermagem em Sa\u00fade Mental MN111 \u00c9tica e Bio\u00e9tica aplicada a Sa\u00fade \u00a0 MN112 Est\u00e1gio Supervisionado de Planejamento e&hellip;","publishpress_future_action":{"enabled":false,"date":"2026-04-12 22:07:54","action":"change-status","newStatus":"draft","terms":[],"taxonomy":"","extraData":[]},"publishpress_future_workflow_manual_trigger":{"enabledWorkflows":[]},"_links":{"self":[{"href":"https:\/\/saude.ufpr.br\/enfermagem\/wp-json\/wp\/v2\/pages\/2199","targetHints":{"allow":["GET"]}}],"collection":[{"href":"https:\/\/saude.ufpr.br\/enfermagem\/wp-json\/wp\/v2\/pages"}],"about":[{"href":"https:\/\/saude.ufpr.br\/enfermagem\/wp-json\/wp\/v2\/types\/page"}],"author":[{"embeddable":true,"href":"https:\/\/saude.ufpr.br\/enfermagem\/wp-json\/wp\/v2\/users\/6"}],"replies":[{"embeddable":true,"href":"https:\/\/saude.ufpr.br\/enfermagem\/wp-json\/wp\/v2\/comments?post=2199"}],"version-history":[{"count":38,"href":"https:\/\/saude.ufpr.br\/enfermagem\/wp-json\/wp\/v2\/pages\/2199\/revisions"}],"predecessor-version":[{"id":3650,"href":"https:\/\/saude.ufpr.br\/enfermagem\/wp-json\/wp\/v2\/pages\/2199\/revisions\/3650"}],"wp:attachment":[{"href":"https:\/\/saude.ufpr.br\/enfermagem\/wp-json\/wp\/v2\/media?parent=2199"}],"curies":[{"name":"wp","href":"https:\/\/api.w.org\/{rel}","templated":true}]}}