{"id":2255,"date":"2018-10-25T17:06:28","date_gmt":"2018-10-25T20:06:28","guid":{"rendered":"https:\/\/saude.ufpr.br\/enfermagem\/?page_id=2255"},"modified":"2020-01-20T14:54:33","modified_gmt":"2020-01-20T17:54:33","slug":"planos-de-ensino-2017","status":"publish","type":"page","link":"https:\/\/saude.ufpr.br\/enfermagem\/planos-de-ensino-2017\/","title":{"rendered":"Planos de ensino 2017"},"content":{"rendered":"<p><strong>Fichas 2 \/ Planos de Ensino\u00a0 2017<\/strong><\/p>\n<p><a href=\"https:\/\/saude.ufpr.br\/enfermagem\/wp-content\/uploads\/sites\/4\/2018\/10\/1032017.pdf\" target=\"_blank\" rel=\"noopener\">MN103 Fundamentos para o Cuidar em Enfermagem<\/a><br \/>\n<a href=\"https:\/\/saude.ufpr.br\/enfermagem\/wp-content\/uploads\/sites\/4\/2018\/10\/1042017.pdf\" target=\"_blank\" rel=\"noopener\">MN104 Sa\u00fade, Sociedade e Meio Ambiente<\/a><br \/>\n<a href=\"https:\/\/saude.ufpr.br\/enfermagem\/wp-content\/uploads\/sites\/4\/2018\/10\/1052017.pdf\" target=\"_blank\" rel=\"noopener\">MN105 Enfermagem em Sa\u00fade Coletiva<\/a><br \/>\n<a href=\"https:\/\/saude.ufpr.br\/enfermagem\/wp-content\/uploads\/sites\/4\/2018\/11\/1062017.pdf\" target=\"_blank\" rel=\"noopener\">MN106 Enfermagem em Sa\u00fade do Adulto e Idoso\u00a0<\/a><br \/>\n<a href=\"https:\/\/saude.ufpr.br\/enfermagem\/wp-content\/uploads\/sites\/4\/2018\/10\/1072017.pdf\" target=\"_blank\" rel=\"noopener\">MN107 Cuidados de Enfermagem \u00e0 Crian\u00e7a e ao Adolescente<\/a><br \/>\n<a href=\"https:\/\/saude.ufpr.br\/enfermagem\/wp-content\/uploads\/sites\/4\/2018\/10\/1082017.pdf\" target=\"_blank\" rel=\"noopener\">MN108 Cuidados de Enfermagem \u00e0 Mulher<\/a><br \/>\n<a href=\"https:\/\/saude.ufpr.br\/enfermagem\/wp-content\/uploads\/sites\/4\/2018\/11\/1092018.pdf\" target=\"_blank\" rel=\"noopener\">MN109 Planejamento e Administra\u00e7\u00e3o em Sa\u00fade<\/a><br \/>\n<a href=\"https:\/\/saude.ufpr.br\/enfermagem\/wp-content\/uploads\/sites\/4\/2018\/10\/1102017.pdf\" target=\"_blank\" rel=\"noopener\">MN110 Enfermagem em Sa\u00fade Mental<\/a><br \/>\n<a href=\"https:\/\/saude.ufpr.br\/enfermagem\/wp-content\/uploads\/sites\/4\/2018\/10\/1112017.pdf\" target=\"_blank\" rel=\"noopener\">MN111 \u00c9tica e Bio\u00e9tica aplicada a Sa\u00fade<\/a><br \/>\n<a href=\"https:\/\/saude.ufpr.br\/enfermagem\/wp-content\/uploads\/sites\/4\/2018\/10\/1122017.pdf\" target=\"_blank\" rel=\"noopener\">MN112 Est\u00e1gio Supervisionado de Planejamento e Administra\u00e7\u00e3o em Sa\u00fade<\/a><br \/>\n<a href=\"https:\/\/saude.ufpr.br\/enfermagem\/wp-content\/uploads\/sites\/4\/2018\/11\/1132017.pdf\" target=\"_blank\" rel=\"noopener\">MN113 Est\u00e1gio Supervisionado em Aten\u00e7\u00e3o B\u00e1sica \u00e0 Sa\u00fade<\/a><br \/>\n<a href=\"https:\/\/saude.ufpr.br\/enfermagem\/wp-content\/uploads\/sites\/4\/2018\/10\/1142017.pdf\" target=\"_blank\" rel=\"noopener\">MN114 Monografia de Enfermagem I<\/a><br \/>\n<a href=\"https:\/\/saude.ufpr.br\/enfermagem\/wp-content\/uploads\/sites\/4\/2018\/10\/1152017.pdf\" target=\"_blank\" rel=\"noopener\">MN115 Monografia de enfermagem II<\/a><br \/>\n<a href=\"https:\/\/saude.ufpr.br\/enfermagem\/wp-content\/uploads\/sites\/4\/2018\/10\/1162017.pdf\" target=\"_blank\" rel=\"noopener\">MN116 Est\u00e1gio Supervisionado em Enfermagem<\/a><br \/>\n<a href=\"https:\/\/saude.ufpr.br\/enfermagem\/wp-content\/uploads\/sites\/4\/2018\/10\/1202017.pdf\" target=\"_blank\" rel=\"noopener\">MN120\u00a0Semin\u00e1rio Integrado IV<\/a><br \/>\n<a href=\"https:\/\/saude.ufpr.br\/enfermagem\/wp-content\/uploads\/sites\/4\/2018\/10\/1212017.pdf\" target=\"_blank\" rel=\"noopener\">MN121 Semin\u00e1rio Integrado V<\/a><br \/>\n<a href=\"https:\/\/saude.ufpr.br\/enfermagem\/wp-content\/uploads\/sites\/4\/2018\/10\/1222017.pdf\" target=\"_blank\" rel=\"noopener\">MN122 Semin\u00e1rio Integrado VI<\/a><br \/>\n<a href=\"https:\/\/saude.ufpr.br\/enfermagem\/wp-content\/uploads\/sites\/4\/2018\/11\/1232017.pdf\" target=\"_blank\" rel=\"noopener\">MN123 semin\u00e1rio Integrado VII<\/a><br \/>\n<a href=\"https:\/\/saude.ufpr.br\/enfermagem\/wp-content\/uploads\/sites\/4\/2018\/10\/1242017.pdf\" target=\"_blank\" rel=\"noopener\">MN124 Semin\u00e1rio Integrado VIII<\/a><br \/>\n<a href=\"https:\/\/saude.ufpr.br\/enfermagem\/wp-content\/uploads\/sites\/4\/2018\/11\/1252017.pdf\">MN125 Semin\u00e1rio Integrado IX<\/a><br \/>\n<a href=\"https:\/\/saude.ufpr.br\/enfermagem\/wp-content\/uploads\/sites\/4\/2018\/11\/1262017.pdf\" target=\"_blank\" rel=\"noopener\">MN126 Semin\u00e1rio Integrado X<\/a><br \/>\n<a href=\"https:\/\/saude.ufpr.br\/enfermagem\/wp-content\/uploads\/sites\/4\/2018\/11\/1272017.pdf\" target=\"_blank\" rel=\"noopener\">MN127 Sa\u00fade, Sociedade e Meio Ambiente <\/a><br \/>\n<a href=\"https:\/\/saude.ufpr.br\/enfermagem\/wp-content\/uploads\/sites\/4\/2018\/11\/1292017.pdf\" target=\"_blank\" rel=\"noopener\">MN129\u00a0Metodologia da Pesquisa e Bio\u00e9tica em Sa\u00fade<\/a><br \/>\n<a href=\"https:\/\/saude.ufpr.br\/enfermagem\/wp-content\/uploads\/sites\/4\/2018\/11\/1312017.pdf\" target=\"_blank\" rel=\"noopener\">MN131 Hist\u00f3ria da Educa\u00e7\u00e3o<\/a><br \/>\n<a href=\"https:\/\/saude.ufpr.br\/enfermagem\/wp-content\/uploads\/sites\/4\/2018\/11\/1322017.pdf\" target=\"_blank\" rel=\"noopener\">MN132 Organiza\u00e7\u00e3o do trabalho do Enfermeiro e sua fun\u00e7\u00e3o<\/a><br \/>\n<a href=\"https:\/\/saude.ufpr.br\/enfermagem\/wp-content\/uploads\/sites\/4\/2018\/11\/1332017.pdf\" target=\"_blank\" rel=\"noopener\">MN133 Metodologia Cient\u00edfica em Enfermagem<\/a><br \/>\n<a href=\"https:\/\/saude.ufpr.br\/enfermagem\/wp-content\/uploads\/sites\/4\/2018\/11\/1342017.pdf\" target=\"_blank\" rel=\"noopener\">MN134 Fundamentos para o Cuidar em Enfermagem<\/a><br \/>\n<a href=\"https:\/\/saude.ufpr.br\/enfermagem\/wp-content\/uploads\/sites\/4\/2018\/11\/1532017.pdf\" target=\"_blank\" rel=\"noopener\">MN153 Cuidado as fam\u00edlias com Crian\u00e7as e Adolescentes com necessidades especiais<\/a><br \/>\n<a href=\"https:\/\/saude.ufpr.br\/enfermagem\/wp-content\/uploads\/sites\/4\/2018\/11\/1592017.pdf\" target=\"_blank\" rel=\"noopener\">MN159 Primeiro Socorros<\/a><\/p>\n<p>&nbsp;<\/p>\n","protected":false},"excerpt":{"rendered":"<p>Fichas 2 \/ Planos de Ensino\u00a0 2017 MN103 Fundamentos para o Cuidar em Enfermagem MN104 Sa\u00fade, Sociedade e Meio Ambiente MN105 Enfermagem em Sa\u00fade Coletiva MN106 Enfermagem em Sa\u00fade do Adulto e Idoso\u00a0 MN107 Cuidados de Enfermagem \u00e0 Crian\u00e7a e ao Adolescente MN108 Cuidados de Enfermagem \u00e0 Mulher MN109 Planejamento e Administra\u00e7\u00e3o em Sa\u00fade MN110<br \/> <a href=\"https:\/\/saude.ufpr.br\/enfermagem\/planos-de-ensino-2017\/\" class=\"button success small readmore\">Leia mais<\/a><\/p>\n","protected":false},"author":6,"featured_media":0,"parent":0,"menu_order":0,"comment_status":"closed","ping_status":"closed","template":"","meta":{"_acf_changed":false,"_uag_custom_page_level_css":"","footnotes":""},"class_list":["post-2255","page","type-page","status-publish","hentry"],"acf":[],"featured_image_src":null,"uagb_featured_image_src":{"full":false,"thumbnail":false,"medium":false,"medium_large":false,"large":false,"1536x1536":false,"2048x2048":false,"noticias-thumb":false,"banners-thumb":false,"maisnoticias-thumb":false,"post-thumbnail":false},"uagb_author_info":{"display_name":"Josi Dourado","author_link":"https:\/\/saude.ufpr.br\/enfermagem\/author\/josidourados\/"},"uagb_comment_info":0,"uagb_excerpt":"Fichas 2 \/ Planos de Ensino\u00a0 2017 MN103 Fundamentos para o Cuidar em Enfermagem MN104 Sa\u00fade, Sociedade e Meio Ambiente MN105 Enfermagem em Sa\u00fade Coletiva MN106 Enfermagem em Sa\u00fade do Adulto e Idoso\u00a0 MN107 Cuidados de Enfermagem \u00e0 Crian\u00e7a e ao Adolescente MN108 Cuidados de Enfermagem \u00e0 Mulher MN109 Planejamento e Administra\u00e7\u00e3o em Sa\u00fade MN110&hellip;","publishpress_future_action":{"enabled":false,"date":"2026-04-10 14:55:28","action":"change-status","newStatus":"draft","terms":[],"taxonomy":"","extraData":[]},"publishpress_future_workflow_manual_trigger":{"enabledWorkflows":[]},"_links":{"self":[{"href":"https:\/\/saude.ufpr.br\/enfermagem\/wp-json\/wp\/v2\/pages\/2255","targetHints":{"allow":["GET"]}}],"collection":[{"href":"https:\/\/saude.ufpr.br\/enfermagem\/wp-json\/wp\/v2\/pages"}],"about":[{"href":"https:\/\/saude.ufpr.br\/enfermagem\/wp-json\/wp\/v2\/types\/page"}],"author":[{"embeddable":true,"href":"https:\/\/saude.ufpr.br\/enfermagem\/wp-json\/wp\/v2\/users\/6"}],"replies":[{"embeddable":true,"href":"https:\/\/saude.ufpr.br\/enfermagem\/wp-json\/wp\/v2\/comments?post=2255"}],"version-history":[{"count":16,"href":"https:\/\/saude.ufpr.br\/enfermagem\/wp-json\/wp\/v2\/pages\/2255\/revisions"}],"predecessor-version":[{"id":3651,"href":"https:\/\/saude.ufpr.br\/enfermagem\/wp-json\/wp\/v2\/pages\/2255\/revisions\/3651"}],"wp:attachment":[{"href":"https:\/\/saude.ufpr.br\/enfermagem\/wp-json\/wp\/v2\/media?parent=2255"}],"curies":[{"name":"wp","href":"https:\/\/api.w.org\/{rel}","templated":true}]}}