{"id":2337,"date":"2018-11-19T07:28:09","date_gmt":"2018-11-19T10:28:09","guid":{"rendered":"https:\/\/saude.ufpr.br\/enfermagem\/?page_id=2337"},"modified":"2020-01-24T11:52:47","modified_gmt":"2020-01-24T14:52:47","slug":"planos-de-ensino-2016","status":"publish","type":"page","link":"https:\/\/saude.ufpr.br\/enfermagem\/planos-de-ensino-2016\/","title":{"rendered":"Planos de Ensino 2016"},"content":{"rendered":"<p><strong>Fichas 2 \/ Planos de Ensino\u00a0 2016<\/strong><\/p>\n<p><a href=\"https:\/\/saude.ufpr.br\/enfermagem\/wp-content\/uploads\/sites\/4\/2020\/01\/1012016.pdf\" target=\"_blank\" rel=\"noopener\">MN101 Enfermagem na Educa\u00e7\u00e3o em Sa\u00fade<\/a><br \/>\n<a href=\"https:\/\/saude.ufpr.br\/enfermagem\/wp-content\/uploads\/sites\/4\/2020\/01\/1022016.pdf\" target=\"_blank\" rel=\"noopener\">MN102 metodologia da Pesquisa em Enfermagem<\/a><br \/>\n<a href=\"https:\/\/saude.ufpr.br\/enfermagem\/wp-content\/uploads\/sites\/4\/2020\/01\/1032016.pdf\" target=\"_blank\" rel=\"noopener\">MN103\u00a0Fundamentos para o Cuidar em Enfermagem<\/a><br \/>\n<a href=\"https:\/\/saude.ufpr.br\/enfermagem\/wp-content\/uploads\/sites\/4\/2020\/01\/1042016.pdf\" target=\"_blank\" rel=\"noopener\">MN104 Sa\u00fade, Sociedade e Meio Ambiente<\/a><br \/>\n<a href=\"https:\/\/saude.ufpr.br\/enfermagem\/wp-content\/uploads\/sites\/4\/2020\/01\/1052016.pdf\" target=\"_blank\" rel=\"noopener\">MN105 Enfermagem em Sa\u00fade Coletiva<\/a><br \/>\n<a href=\"https:\/\/saude.ufpr.br\/enfermagem\/wp-content\/uploads\/sites\/4\/2020\/01\/1062016.pdf\" target=\"_blank\" rel=\"noopener\">MN106 Enfermagem em Sa\u00fade do Adulto e Idoso<\/a><br \/>\n<a href=\"https:\/\/saude.ufpr.br\/enfermagem\/wp-content\/uploads\/sites\/4\/2020\/01\/1072016.pdf\" target=\"_blank\" rel=\"noopener\">MN107 Cuidados de Enfermagem a Crian\u00e7a e ao Adolescente<\/a><br \/>\n<a href=\"https:\/\/saude.ufpr.br\/enfermagem\/wp-content\/uploads\/sites\/4\/2020\/01\/1082016.pdf\" target=\"_blank\" rel=\"noopener\">MN108 Cuidados de Enfermagem \u00e0 Mulher<\/a><br \/>\n<a href=\"https:\/\/saude.ufpr.br\/enfermagem\/wp-content\/uploads\/sites\/4\/2020\/01\/1092016.pdf\" target=\"_blank\" rel=\"noopener\">MN109 Planejamento e Administra\u00e7\u00e3o em Sa\u00fade<\/a><br \/>\n<a href=\"https:\/\/saude.ufpr.br\/enfermagem\/wp-content\/uploads\/sites\/4\/2020\/01\/1102016.pdf\" target=\"_blank\" rel=\"noopener\">MN110 Enfermagem em sa\u00fade mental<\/a><br \/>\n<a href=\"https:\/\/saude.ufpr.br\/enfermagem\/wp-content\/uploads\/sites\/4\/2020\/01\/1112016.pdf\" target=\"_blank\" rel=\"noopener\">MN111 \u00c9tica e Bio\u00e9tica aplicada em Enfermagem<\/a><br \/>\n<a href=\"https:\/\/saude.ufpr.br\/enfermagem\/wp-content\/uploads\/sites\/4\/2020\/01\/1122016.pdf\" target=\"_blank\" rel=\"noopener\">MN112 Est\u00e1gio Supervisionado de Planejamento e Administra\u00e7\u00e3o em Sa\u00fade<\/a><br \/>\n<a href=\"https:\/\/saude.ufpr.br\/enfermagem\/wp-content\/uploads\/sites\/4\/2020\/01\/1132016.pdf\" target=\"_blank\" rel=\"noopener\">MN113 Est\u00e1gio supervisionado em aten\u00e7\u00e3o b\u00e1sica \u00e0 sa\u00fade<\/a><br \/>\n<a href=\"https:\/\/saude.ufpr.br\/enfermagem\/wp-content\/uploads\/sites\/4\/2020\/01\/1142016.pdf\" target=\"_blank\" rel=\"noopener\">MN114 Monografia de Enfermagem I<\/a><br \/>\n<a href=\"https:\/\/saude.ufpr.br\/enfermagem\/wp-content\/uploads\/sites\/4\/2020\/01\/1152016.pdf\" target=\"_blank\" rel=\"noopener\">MN115 Monografia de Enfermagem II\u00a0<\/a><br \/>\n<a href=\"https:\/\/saude.ufpr.br\/enfermagem\/wp-content\/uploads\/sites\/4\/2020\/01\/1162016.pdf\" target=\"_blank\" rel=\"noopener\">MN116 Est\u00e1gio Supervisionado em Enfermagem<\/a><br \/>\n<a href=\"https:\/\/saude.ufpr.br\/enfermagem\/wp-content\/uploads\/sites\/4\/2020\/01\/1182016.pdf\" target=\"_blank\" rel=\"noopener\">MN118 Semin\u00e1rio Integrado II<\/a><br \/>\n<a href=\"https:\/\/saude.ufpr.br\/enfermagem\/wp-content\/uploads\/sites\/4\/2020\/01\/1192016.pdf\" target=\"_blank\" rel=\"noopener\">MN119 Semin\u00e1rio Integrado III<\/a><br \/>\n<a href=\"https:\/\/saude.ufpr.br\/enfermagem\/wp-content\/uploads\/sites\/4\/2020\/01\/1202016.pdf\" target=\"_blank\" rel=\"noopener\">MN120 Semin\u00e1rio integrado IV<\/a><br \/>\n<a href=\"https:\/\/saude.ufpr.br\/enfermagem\/wp-content\/uploads\/sites\/4\/2020\/01\/1212016.pdf\" target=\"_blank\" rel=\"noopener\">MN121 Semin\u00e1rio Integrado V<\/a><br \/>\n<a href=\"https:\/\/saude.ufpr.br\/enfermagem\/wp-content\/uploads\/sites\/4\/2020\/01\/1222016.pdf\" target=\"_blank\" rel=\"noopener\">MN122 Semin\u00e1rio Integrado VI<\/a><br \/>\n<a href=\"https:\/\/saude.ufpr.br\/enfermagem\/wp-content\/uploads\/sites\/4\/2020\/01\/1232016.pdf\" target=\"_blank\" rel=\"noopener\">MN123 Semin\u00e1rio Integrado VII<\/a><br \/>\n<a href=\"https:\/\/saude.ufpr.br\/enfermagem\/wp-content\/uploads\/sites\/4\/2020\/01\/1242016.pdf\" target=\"_blank\" rel=\"noopener\">MN124 Semin\u00e1rio Integrado VIII<\/a><br \/>\n<a href=\"https:\/\/saude.ufpr.br\/enfermagem\/wp-content\/uploads\/sites\/4\/2020\/01\/1252016.pdf\" target=\"_blank\" rel=\"noopener\">MN125 Semin\u00e1rio Integrado IX<\/a><br \/>\n<a href=\"https:\/\/saude.ufpr.br\/enfermagem\/wp-content\/uploads\/sites\/4\/2020\/01\/1262016.pdf\" target=\"_blank\" rel=\"noopener\">MN126 Semin\u00e1rio Integrado X<\/a><br \/>\n<a href=\"https:\/\/saude.ufpr.br\/enfermagem\/wp-content\/uploads\/sites\/4\/2020\/01\/1272016.pdf\" target=\"_blank\" rel=\"noopener\">MN127 Sa\u00fade, meio Ambiente e Sociedade<\/a><br \/>\n<a href=\"https:\/\/saude.ufpr.br\/enfermagem\/wp-content\/uploads\/sites\/4\/2020\/01\/1282016.pdf\" target=\"_blank\" rel=\"noopener\">MN128 Organiza\u00e7\u00e3o do Sistema de Sa\u00fade Brasileiro<\/a><br \/>\n<a href=\"https:\/\/saude.ufpr.br\/enfermagem\/wp-content\/uploads\/sites\/4\/2020\/01\/1292016.pdf\" target=\"_blank\" rel=\"noopener\">MN129 Metodologia da Pesquisa e Bio\u00e9tica em Sa\u00fade<\/a><br \/>\n<a href=\"https:\/\/saude.ufpr.br\/enfermagem\/wp-content\/uploads\/sites\/4\/2020\/01\/1312016.pdf\" target=\"_blank\" rel=\"noopener\">MN131 Hist\u00f3ria da Enfermagem<\/a><\/p>\n<p>&nbsp;<\/p>\n<p>&nbsp;<\/p>\n<p>&nbsp;<\/p>\n","protected":false},"excerpt":{"rendered":"<p>Fichas 2 \/ Planos de Ensino\u00a0 2016 MN101 Enfermagem na Educa\u00e7\u00e3o em Sa\u00fade MN102 metodologia da Pesquisa em Enfermagem MN103\u00a0Fundamentos para o Cuidar em Enfermagem MN104 Sa\u00fade, Sociedade e Meio Ambiente MN105 Enfermagem em Sa\u00fade Coletiva MN106 Enfermagem em Sa\u00fade do Adulto e Idoso MN107 Cuidados de Enfermagem a Crian\u00e7a e ao Adolescente MN108 Cuidados<br \/> <a href=\"https:\/\/saude.ufpr.br\/enfermagem\/planos-de-ensino-2016\/\" class=\"button success small readmore\">Leia mais<\/a><\/p>\n","protected":false},"author":6,"featured_media":0,"parent":0,"menu_order":0,"comment_status":"closed","ping_status":"closed","template":"","meta":{"_acf_changed":false,"_uag_custom_page_level_css":"","footnotes":""},"class_list":["post-2337","page","type-page","status-publish","hentry"],"acf":[],"featured_image_src":null,"uagb_featured_image_src":{"full":false,"thumbnail":false,"medium":false,"medium_large":false,"large":false,"1536x1536":false,"2048x2048":false,"noticias-thumb":false,"banners-thumb":false,"maisnoticias-thumb":false,"post-thumbnail":false},"uagb_author_info":{"display_name":"Josi Dourado","author_link":"https:\/\/saude.ufpr.br\/enfermagem\/author\/josidourados\/"},"uagb_comment_info":0,"uagb_excerpt":"Fichas 2 \/ Planos de Ensino\u00a0 2016 MN101 Enfermagem na Educa\u00e7\u00e3o em Sa\u00fade MN102 metodologia da Pesquisa em Enfermagem MN103\u00a0Fundamentos para o Cuidar em Enfermagem MN104 Sa\u00fade, Sociedade e Meio Ambiente MN105 Enfermagem em Sa\u00fade Coletiva MN106 Enfermagem em Sa\u00fade do Adulto e Idoso MN107 Cuidados de Enfermagem a Crian\u00e7a e ao Adolescente MN108 Cuidados&hellip;","publishpress_future_action":{"enabled":false,"date":"2026-04-10 18:44:01","action":"change-status","newStatus":"draft","terms":[],"taxonomy":"","extraData":[]},"publishpress_future_workflow_manual_trigger":{"enabledWorkflows":[]},"_links":{"self":[{"href":"https:\/\/saude.ufpr.br\/enfermagem\/wp-json\/wp\/v2\/pages\/2337","targetHints":{"allow":["GET"]}}],"collection":[{"href":"https:\/\/saude.ufpr.br\/enfermagem\/wp-json\/wp\/v2\/pages"}],"about":[{"href":"https:\/\/saude.ufpr.br\/enfermagem\/wp-json\/wp\/v2\/types\/page"}],"author":[{"embeddable":true,"href":"https:\/\/saude.ufpr.br\/enfermagem\/wp-json\/wp\/v2\/users\/6"}],"replies":[{"embeddable":true,"href":"https:\/\/saude.ufpr.br\/enfermagem\/wp-json\/wp\/v2\/comments?post=2337"}],"version-history":[{"count":15,"href":"https:\/\/saude.ufpr.br\/enfermagem\/wp-json\/wp\/v2\/pages\/2337\/revisions"}],"predecessor-version":[{"id":3690,"href":"https:\/\/saude.ufpr.br\/enfermagem\/wp-json\/wp\/v2\/pages\/2337\/revisions\/3690"}],"wp:attachment":[{"href":"https:\/\/saude.ufpr.br\/enfermagem\/wp-json\/wp\/v2\/media?parent=2337"}],"curies":[{"name":"wp","href":"https:\/\/api.w.org\/{rel}","templated":true}]}}