{"id":293,"date":"2013-08-27T19:19:28","date_gmt":"2013-08-27T19:19:28","guid":{"rendered":"http:\/\/127.0.0.1\/site%20DENF\/?page_id=293"},"modified":"2024-09-03T17:44:44","modified_gmt":"2024-09-03T20:44:44","slug":"pos-graduacao","status":"publish","type":"page","link":"https:\/\/saude.ufpr.br\/enfermagem\/pos-graduacao\/","title":{"rendered":"P\u00f3s-Gradua\u00e7\u00e3o"},"content":{"rendered":"<p style=\"text-align: right\"><span style=\"color: #ff0000\">Atualizada em: 03\/09\/2024<\/span><\/p>\n<p><span style=\"color: #000000\"><strong>Programa de P\u00f3s-Gradua\u00e7\u00e3o em Enfermagem<br \/>\n<\/strong>Prof.\u00aa Dr\u00aa. Nem Nalu Alves da M\u00earces<\/span><br \/>\n<span style=\"color: #000000\"> Prof. Dr. Adriano Mar\u00e7al Pimenta<\/span><br \/>\n<span style=\"color: #000000\"> Telefone: 41 3361-3756<\/span><br \/>\n<span style=\"color: #000000\"> email: ppgenf@ufpr.br<\/span><br \/>\n<span style=\"color: #000000\"> site: https:\/\/www.prppg.ufpr.br\/site\/ppgenf\/pb\/\u00a0<\/span><\/p>\n<hr \/>\n<p><span style=\"color: #000000\"><strong>Programa de P\u00f3s-Gradua\u00e7\u00e3o Pr\u00e1tica do Cuidado em Sa\u00fade<br \/>\n<\/strong>Prof.\u00aa Dr\u00aa. Karina Silveira de Almeida Hammerschmidt<br \/>\n<\/span><span style=\"color: #000000\">Prof.\u00aa Dr\u00aa. Susanne Elero Betiolli<\/span><br \/>\n<span style=\"color: #000000\"> Telefone: 3361-3626<\/span><br \/>\n<span style=\"color: #000000\"> email: mestradoprofissionalenfermagem@ufpr.br<\/span><br \/>\n<span style=\"color: #000000\"> site:<\/span> http:\/\/www.ppgenf-profissional.ufpr.br\/<\/p>\n<hr \/>\n<p><span style=\"color: #000000\"><strong>Programa de P\u00f3s Gradua\u00e7\u00e3o em Sa\u00fade Coletiva<\/strong><\/span><br \/>\n<span style=\"color: #000000\"> Telefone: 3360-7279<\/span><br \/>\n<span style=\"color: #000000\"> email: mestradoscoletivaufpr@gmail.com<\/span><br \/>\n<span style=\"color: #000000\"> site: http:\/\/www.ppgsaudecoletiva.ufpr.br<\/span><\/p>\n<hr \/>\n<p><strong>GRUPOS DE PESQUISA<\/strong><\/p>\n<ul>\n<li>Grupo de Estudos Fam\u00edlia, Sa\u00fade e Desenvolvimento<br \/>\nAcesso ao CNPq: <a title=\"CNPQ GEFASED\" href=\"http:\/\/dgp.cnpq.br\/buscaoperacional\/detalhegrupo.jsp?grupo=0103404ZKBJ1NC\" target=\"_blank\" rel=\"noopener noreferrer\">GEFASED<\/a><\/li>\n<\/ul>\n<ul>\n<li>Grupo de Estudo Multiprofissional em Sa\u00fade do Adulto<br \/>\nAcesso ao CNPq: <a title=\"Grupo de Pesquisa GEMSA\" href=\"http:\/\/dgp.cnpq.br\/buscaoperacional\/detalhegrupo.jsp?grupo=0103404JDB5YV0\" target=\"_blank\" rel=\"noopener noreferrer\">GEMSA<br \/>\n<\/a>site: <a title=\"GEMSA\" href=\"http:\/\/gemsa2015.wix.com\/gemsa\" target=\"_blank\" rel=\"noopener noreferrer\">http:\/\/gemsa2015.wix.com\/gemsa<\/a><\/li>\n<\/ul>\n<ul>\n<li>Grupo de Pesquisas em Pol\u00edticas, Gest\u00e3o e Pr\u00e1ticas em Sa\u00fade<br \/>\nAcesso ao CNPq: <a title=\"CNPQ GPPGPS\" href=\"http:\/\/dgp.cnpq.br\/buscaoperacional\/detalhegrupo.jsp?grupo=01034045Z8P1AI\" target=\"_blank\" rel=\"noopener noreferrer\">GPPGPS<\/a><\/li>\n<\/ul>\n<ul>\n<li>Grupo Multiprofissional de Pesquisa sobre Idosos<br \/>\nAcesso ao CNPq: <a title=\"CNPQ GMPI\" href=\"http:\/\/dgp.cnpq.br\/buscaoperacional\/detalhegrupo.jsp?grupo=0103404Y3F0LX5\" target=\"_blank\" rel=\"noopener noreferrer\">GMPI<\/a><\/li>\n<\/ul>\n<ul>\n<li>\u00a0N\u00facleo de Estudos em Sa\u00fade Coletiva<br \/>\nAcesso ao CNPq: <a title=\"CNPQ NESC\" href=\"http:\/\/plsql1.cnpq.br\/buscaoperacional\/detalhegrupo.jsp?grupo=0103406Y7JT0A3\" target=\"_blank\" rel=\"noopener noreferrer\">NESC-Pesq<\/a><br \/>\nsite: <a title=\"NESC-Pesq\" href=\"http:\/\/www.nesc.ufpr.br\/\" target=\"_blank\" rel=\"noopener noreferrer\">http:\/\/www.nesc.ufpr.br\/<\/a><\/li>\n<\/ul>\n<ul>\n<li>\u00a0N\u00facleo de Estudos, Pesquisa e Extens\u00e3o em Cuidado Humano de Enfermagem<br \/>\nAcesso ao CNPq: <a title=\"CNPQ NEPECHE\" href=\"http:\/\/dgp.cnpq.br\/buscaoperacional\/detalhegrupo.jsp?grupo=010340407HS29J\" target=\"_blank\" rel=\"noopener noreferrer\">NEPECHE<\/a><br \/>\nsite: <a title=\"Nepeche\" href=\"http:\/\/www.enfermagem.ufpr.br\/paginas\/grupopesq\/nepeche\/\" target=\"_blank\" rel=\"noopener noreferrer\">http:\/\/www.enfermagem.ufpr.br\/paginas\/grupopesq\/nepeche\/<\/a><\/li>\n<\/ul>\n<ul>\n<li>\u00a0Tecnologia e Inova\u00e7\u00e3o em Sa\u00fade: Fundamentos para a pr\u00e1tica Profissional<br \/>\nAcesso ao CNPq: <a title=\"CNPQ TIS\" href=\"http:\/\/dgp.cnpq.br\/buscaoperacional\/detalhegrupo.jsp?grupo=0103404U4BLW6D\" target=\"_blank\" rel=\"noopener noreferrer\">TIS<\/a><\/li>\n<\/ul>\n<p>&nbsp;<\/p>\n","protected":false},"excerpt":{"rendered":"<p>Atualizada em: 03\/09\/2024 Programa de P\u00f3s-Gradua\u00e7\u00e3o em Enfermagem Prof.\u00aa Dr\u00aa. Nem Nalu Alves da M\u00earces Prof. Dr. Adriano Mar\u00e7al Pimenta Telefone: 41 3361-3756 email: ppgenf@ufpr.br site: https:\/\/www.prppg.ufpr.br\/site\/ppgenf\/pb\/\u00a0 Programa de P\u00f3s-Gradua\u00e7\u00e3o Pr\u00e1tica do Cuidado em Sa\u00fade Prof.\u00aa Dr\u00aa. Karina Silveira de Almeida Hammerschmidt Prof.\u00aa Dr\u00aa. Susanne Elero Betiolli Telefone: 3361-3626 email: mestradoprofissionalenfermagem@ufpr.br site: http:\/\/www.ppgenf-profissional.ufpr.br\/ Programa de<br \/> <a href=\"https:\/\/saude.ufpr.br\/enfermagem\/pos-graduacao\/\" class=\"button success small readmore\">Leia mais<\/a><\/p>\n","protected":false},"author":6,"featured_media":0,"parent":0,"menu_order":0,"comment_status":"open","ping_status":"open","template":"","meta":{"_acf_changed":false,"_uag_custom_page_level_css":"","footnotes":""},"class_list":["post-293","page","type-page","status-publish","hentry"],"acf":[],"featured_image_src":null,"uagb_featured_image_src":{"full":false,"thumbnail":false,"medium":false,"medium_large":false,"large":false,"1536x1536":false,"2048x2048":false,"noticias-thumb":false,"banners-thumb":false,"maisnoticias-thumb":false,"post-thumbnail":false},"uagb_author_info":{"display_name":"Josi Dourado","author_link":"https:\/\/saude.ufpr.br\/enfermagem\/author\/josidourados\/"},"uagb_comment_info":0,"uagb_excerpt":"Atualizada em: 03\/09\/2024 Programa de P\u00f3s-Gradua\u00e7\u00e3o em Enfermagem Prof.\u00aa Dr\u00aa. Nem Nalu Alves da M\u00earces Prof. Dr. Adriano Mar\u00e7al Pimenta Telefone: 41 3361-3756 email: ppgenf@ufpr.br site: https:\/\/www.prppg.ufpr.br\/site\/ppgenf\/pb\/\u00a0 Programa de P\u00f3s-Gradua\u00e7\u00e3o Pr\u00e1tica do Cuidado em Sa\u00fade Prof.\u00aa Dr\u00aa. Karina Silveira de Almeida Hammerschmidt Prof.\u00aa Dr\u00aa. Susanne Elero Betiolli Telefone: 3361-3626 email: mestradoprofissionalenfermagem@ufpr.br site: http:\/\/www.ppgenf-profissional.ufpr.br\/ Programa de&hellip;","publishpress_future_action":{"enabled":false,"date":"2026-05-02 18:57:11","action":"change-status","newStatus":"draft","terms":[],"taxonomy":"","extraData":[]},"publishpress_future_workflow_manual_trigger":{"enabledWorkflows":[]},"_links":{"self":[{"href":"https:\/\/saude.ufpr.br\/enfermagem\/wp-json\/wp\/v2\/pages\/293","targetHints":{"allow":["GET"]}}],"collection":[{"href":"https:\/\/saude.ufpr.br\/enfermagem\/wp-json\/wp\/v2\/pages"}],"about":[{"href":"https:\/\/saude.ufpr.br\/enfermagem\/wp-json\/wp\/v2\/types\/page"}],"author":[{"embeddable":true,"href":"https:\/\/saude.ufpr.br\/enfermagem\/wp-json\/wp\/v2\/users\/6"}],"replies":[{"embeddable":true,"href":"https:\/\/saude.ufpr.br\/enfermagem\/wp-json\/wp\/v2\/comments?post=293"}],"version-history":[{"count":34,"href":"https:\/\/saude.ufpr.br\/enfermagem\/wp-json\/wp\/v2\/pages\/293\/revisions"}],"predecessor-version":[{"id":7130,"href":"https:\/\/saude.ufpr.br\/enfermagem\/wp-json\/wp\/v2\/pages\/293\/revisions\/7130"}],"wp:attachment":[{"href":"https:\/\/saude.ufpr.br\/enfermagem\/wp-json\/wp\/v2\/media?parent=293"}],"curies":[{"name":"wp","href":"https:\/\/api.w.org\/{rel}","templated":true}]}}