{"id":296,"date":"2013-08-27T19:21:15","date_gmt":"2013-08-27T19:21:15","guid":{"rendered":"http:\/\/127.0.0.1\/site%20DENF\/?page_id=296"},"modified":"2025-12-19T10:36:26","modified_gmt":"2025-12-19T13:36:26","slug":"revista-cogitare","status":"publish","type":"page","link":"https:\/\/saude.ufpr.br\/enfermagem\/revista-cogitare\/","title":{"rendered":"Revista Cogitare"},"content":{"rendered":"<p><a href=\"https:\/\/revistas.ufpr.br\/cogitare\/\"><img decoding=\"async\" class=\"alignnone wp-image-2534\" src=\"https:\/\/saude.ufpr.br\/enfermagem\/wp-content\/uploads\/sites\/4\/2019\/03\/site-banner-300x60.png\" alt=\"\" width=\"405\" height=\"81\" srcset=\"https:\/\/saude.ufpr.br\/enfermagem\/wp-content\/uploads\/sites\/4\/2019\/03\/site-banner-300x60.png 300w, https:\/\/saude.ufpr.br\/enfermagem\/wp-content\/uploads\/sites\/4\/2019\/03\/site-banner-768x154.png 768w, https:\/\/saude.ufpr.br\/enfermagem\/wp-content\/uploads\/sites\/4\/2019\/03\/site-banner.png 1000w\" sizes=\"(max-width: 405px) 100vw, 405px\" \/><\/a><\/p>\n<p><strong>Revista Cogitare<br \/>\n<\/strong>Editora Chefe: Prof\u00aa. Dr\u00aa. Luciana de Alcantara Nogueira<br \/>\nAssistente em Administra\u00e7\u00e3o: Liciane Sallum<br \/>\nBibliotec\u00e1ria: Cristiane da Silva Camelo<br \/>\nTelefone: 41 3361-3755<br \/>\ne-mail:\u00a0 <a href=\"mailto:cogitare@ufpr.br\">cogitare@ufpr.br<br \/>\n<\/a>site: <a href=\"https:\/\/revistas.ufpr.br\/cogitare\/\">https:\/\/revistas.ufpr.br\/cogitare\/<\/a><\/p>\n","protected":false},"excerpt":{"rendered":"<p>Revista Cogitare Editora Chefe: Prof\u00aa. Dr\u00aa. Luciana de Alcantara Nogueira Assistente em Administra\u00e7\u00e3o: Liciane Sallum Bibliotec\u00e1ria: Cristiane da Silva Camelo Telefone: 41 3361-3755 e-mail:\u00a0 cogitare@ufpr.br site: https:\/\/revistas.ufpr.br\/cogitare\/<\/p>\n","protected":false},"author":6,"featured_media":0,"parent":0,"menu_order":0,"comment_status":"open","ping_status":"open","template":"","meta":{"_acf_changed":false,"_uag_custom_page_level_css":"","footnotes":""},"class_list":["post-296","page","type-page","status-publish","hentry"],"acf":[],"featured_image_src":null,"uagb_featured_image_src":{"full":false,"thumbnail":false,"medium":false,"medium_large":false,"large":false,"1536x1536":false,"2048x2048":false,"noticias-thumb":false,"banners-thumb":false,"maisnoticias-thumb":false,"post-thumbnail":false},"uagb_author_info":{"display_name":"Josi Dourado","author_link":"https:\/\/saude.ufpr.br\/enfermagem\/author\/josidourados\/"},"uagb_comment_info":0,"uagb_excerpt":"Revista Cogitare Editora Chefe: Prof\u00aa. Dr\u00aa. Luciana de Alcantara Nogueira Assistente em Administra\u00e7\u00e3o: Liciane Sallum Bibliotec\u00e1ria: Cristiane da Silva Camelo Telefone: 41 3361-3755 e-mail:\u00a0 cogitare@ufpr.br site: https:\/\/revistas.ufpr.br\/cogitare\/","publishpress_future_action":{"enabled":false,"date":"2026-05-01 15:22:20","action":"change-status","newStatus":"draft","terms":[],"taxonomy":"","extraData":[]},"publishpress_future_workflow_manual_trigger":{"enabledWorkflows":[]},"_links":{"self":[{"href":"https:\/\/saude.ufpr.br\/enfermagem\/wp-json\/wp\/v2\/pages\/296","targetHints":{"allow":["GET"]}}],"collection":[{"href":"https:\/\/saude.ufpr.br\/enfermagem\/wp-json\/wp\/v2\/pages"}],"about":[{"href":"https:\/\/saude.ufpr.br\/enfermagem\/wp-json\/wp\/v2\/types\/page"}],"author":[{"embeddable":true,"href":"https:\/\/saude.ufpr.br\/enfermagem\/wp-json\/wp\/v2\/users\/6"}],"replies":[{"embeddable":true,"href":"https:\/\/saude.ufpr.br\/enfermagem\/wp-json\/wp\/v2\/comments?post=296"}],"version-history":[{"count":20,"href":"https:\/\/saude.ufpr.br\/enfermagem\/wp-json\/wp\/v2\/pages\/296\/revisions"}],"predecessor-version":[{"id":7775,"href":"https:\/\/saude.ufpr.br\/enfermagem\/wp-json\/wp\/v2\/pages\/296\/revisions\/7775"}],"wp:attachment":[{"href":"https:\/\/saude.ufpr.br\/enfermagem\/wp-json\/wp\/v2\/media?parent=296"}],"curies":[{"name":"wp","href":"https:\/\/api.w.org\/{rel}","templated":true}]}}