{"id":3136,"date":"2019-08-28T14:45:22","date_gmt":"2019-08-28T17:45:22","guid":{"rendered":"https:\/\/saude.ufpr.br\/enfermagem\/?page_id=3136"},"modified":"2025-04-24T09:39:41","modified_gmt":"2025-04-24T12:39:41","slug":"coordenacao","status":"publish","type":"page","link":"https:\/\/saude.ufpr.br\/enfermagem\/coordenacao\/","title":{"rendered":"Coordena\u00e7\u00e3o"},"content":{"rendered":"<p><strong>ESTRUTURA:<\/strong><\/p>\n<p><strong>Coordenadora do Curso de Enfermagem<br \/>\n<\/strong>Prof.\u00aa Dr\u00aa. Marcia Helena de Souza Freire<br \/>\n<strong>Vice-Coordenadora do Curso de Enfermagem<br \/>\n<\/strong>Prof.\u00aa Dr\u00aa. Kariane Gomes Cezario Roscoche<br \/>\n<strong>Administrador<\/strong><br \/>\nPaulo Gustavo M. Mikosz<strong><br \/>\n<\/strong><\/p>\n<p><strong>ATENDIMENTO:<\/strong><\/p>\n<p><span data-ccp-props=\"{&quot;134233117&quot;:false,&quot;134233118&quot;:false,&quot;201341983&quot;:0,&quot;335551550&quot;:2,&quot;335551620&quot;:2,&quot;335559738&quot;:240,&quot;335559739&quot;:240,&quot;335559740&quot;:240}\">\u00a0<\/span><b><span data-contrast=\"auto\">** PRESENCIAL nas ter\u00e7as-feiras e quintas-feiras<\/span><\/b><span data-ccp-props=\"{&quot;134233117&quot;:false,&quot;134233118&quot;:false,&quot;201341983&quot;:0,&quot;335551550&quot;:2,&quot;335551620&quot;:2,&quot;335559738&quot;:240,&quot;335559739&quot;:240,&quot;335559740&quot;:240}\">\u00a0<\/span><span data-contrast=\"auto\">das 08h00 \u00e0s 12h00 e 13h30h \u00e0s 16h30. Atendimento online de segunda-feira \u00e0 sexta-feira, via e-mail ufprcenf@gmail.com ou Teams.\u00a0<\/span><span data-ccp-props=\"{&quot;134233117&quot;:false,&quot;134233118&quot;:false,&quot;201341983&quot;:0,&quot;335551550&quot;:2,&quot;335551620&quot;:2,&quot;335559738&quot;:240,&quot;335559739&quot;:240,&quot;335559740&quot;:240}\"><br \/>\n<\/span><b><span data-contrast=\"auto\">** <\/span><\/b><span data-contrast=\"auto\">Servidor participante do Programa de Gest\u00e3o e Desempenho, realizando teletrabalho em regime de execu\u00e7\u00e3o parcial, conforme Portaria UFPR N\u00b0 1.365, de 16 de outubro de 2024.<\/span><\/p>\n<p><strong>CONTATOS:<br \/>\n<\/strong><\/p>\n<p><strong>Telefone:<\/strong> (41) 3361-3752<br \/>\n<strong>E-mail:<\/strong>\u00a0ufprcenf@gmail.com<\/p>\n<p>&nbsp;<\/p>\n","protected":false},"excerpt":{"rendered":"<p>ESTRUTURA: Coordenadora do Curso de Enfermagem Prof.\u00aa Dr\u00aa. Marcia Helena de Souza Freire Vice-Coordenadora do Curso de Enfermagem Prof.\u00aa Dr\u00aa. Kariane Gomes Cezario Roscoche Administrador Paulo Gustavo M. Mikosz ATENDIMENTO: \u00a0** PRESENCIAL nas ter\u00e7as-feiras e quintas-feiras\u00a0das 08h00 \u00e0s 12h00 e 13h30h \u00e0s 16h30. Atendimento online de segunda-feira \u00e0 sexta-feira, via e-mail ufprcenf@gmail.com ou Teams.\u00a0 **<br \/> <a href=\"https:\/\/saude.ufpr.br\/enfermagem\/coordenacao\/\" class=\"button success small readmore\">Leia mais<\/a><\/p>\n","protected":false},"author":6,"featured_media":0,"parent":0,"menu_order":0,"comment_status":"closed","ping_status":"closed","template":"","meta":{"_acf_changed":false,"_uag_custom_page_level_css":"","footnotes":""},"class_list":["post-3136","page","type-page","status-publish","hentry"],"acf":[],"featured_image_src":null,"uagb_featured_image_src":{"full":false,"thumbnail":false,"medium":false,"medium_large":false,"large":false,"1536x1536":false,"2048x2048":false,"noticias-thumb":false,"banners-thumb":false,"maisnoticias-thumb":false,"post-thumbnail":false},"uagb_author_info":{"display_name":"Josi Dourado","author_link":"https:\/\/saude.ufpr.br\/enfermagem\/author\/josidourados\/"},"uagb_comment_info":0,"uagb_excerpt":"ESTRUTURA: Coordenadora do Curso de Enfermagem Prof.\u00aa Dr\u00aa. Marcia Helena de Souza Freire Vice-Coordenadora do Curso de Enfermagem Prof.\u00aa Dr\u00aa. Kariane Gomes Cezario Roscoche Administrador Paulo Gustavo M. Mikosz ATENDIMENTO: \u00a0** PRESENCIAL nas ter\u00e7as-feiras e quintas-feiras\u00a0das 08h00 \u00e0s 12h00 e 13h30h \u00e0s 16h30. Atendimento online de segunda-feira \u00e0 sexta-feira, via e-mail ufprcenf@gmail.com ou Teams.\u00a0 **&hellip;","publishpress_future_action":{"enabled":false,"date":"2026-05-02 09:00:57","action":"change-status","newStatus":"draft","terms":[],"taxonomy":"","extraData":[]},"publishpress_future_workflow_manual_trigger":{"enabledWorkflows":[]},"_links":{"self":[{"href":"https:\/\/saude.ufpr.br\/enfermagem\/wp-json\/wp\/v2\/pages\/3136","targetHints":{"allow":["GET"]}}],"collection":[{"href":"https:\/\/saude.ufpr.br\/enfermagem\/wp-json\/wp\/v2\/pages"}],"about":[{"href":"https:\/\/saude.ufpr.br\/enfermagem\/wp-json\/wp\/v2\/types\/page"}],"author":[{"embeddable":true,"href":"https:\/\/saude.ufpr.br\/enfermagem\/wp-json\/wp\/v2\/users\/6"}],"replies":[{"embeddable":true,"href":"https:\/\/saude.ufpr.br\/enfermagem\/wp-json\/wp\/v2\/comments?post=3136"}],"version-history":[{"count":32,"href":"https:\/\/saude.ufpr.br\/enfermagem\/wp-json\/wp\/v2\/pages\/3136\/revisions"}],"predecessor-version":[{"id":7532,"href":"https:\/\/saude.ufpr.br\/enfermagem\/wp-json\/wp\/v2\/pages\/3136\/revisions\/7532"}],"wp:attachment":[{"href":"https:\/\/saude.ufpr.br\/enfermagem\/wp-json\/wp\/v2\/media?parent=3136"}],"curies":[{"name":"wp","href":"https:\/\/api.w.org\/{rel}","templated":true}]}}