{"id":4254,"date":"2020-08-31T11:31:58","date_gmt":"2020-08-31T14:31:58","guid":{"rendered":"https:\/\/saude.ufpr.br\/enfermagem\/?page_id=4254"},"modified":"2021-08-17T17:44:25","modified_gmt":"2021-08-17T20:44:25","slug":"luciana-schleder-goncalves","status":"publish","type":"page","link":"https:\/\/saude.ufpr.br\/enfermagem\/luciana-schleder-goncalves\/","title":{"rendered":"Luciana Schleder Gon\u00e7alves  &#8211; teste"},"content":{"rendered":"<p><a href=\"https:\/\/saude.ufpr.br\/enfermagem\/wp-content\/uploads\/sites\/4\/2020\/08\/home-1.png\" rel=\"https:\/\/memoria.ifrn.edu.br\/bitstream\/handle\/1044\/1018\/Fundamentos%20Poli%CC%81tico-Pedago%CC%81gicos%20dos%20Institutos%20Federais%20-%20Ebook.pdf?sequence=1&amp;isAllowed=y\"><img decoding=\"async\" class=\"alignnone wp-image-4275\" src=\"https:\/\/saude.ufpr.br\/enfermagem\/wp-content\/uploads\/sites\/4\/2020\/08\/home-1-150x150.png\" alt=\"\" width=\"109\" height=\"110\" srcset=\"https:\/\/saude.ufpr.br\/enfermagem\/wp-content\/uploads\/sites\/4\/2020\/08\/home-1-150x150.png 150w, https:\/\/saude.ufpr.br\/enfermagem\/wp-content\/uploads\/sites\/4\/2020\/08\/home-1-300x300.png 300w, https:\/\/saude.ufpr.br\/enfermagem\/wp-content\/uploads\/sites\/4\/2020\/08\/home-1.png 301w\" sizes=\"(max-width: 109px) 100vw, 109px\" \/><\/a><a href=\"https:\/\/saude.ufpr.br\/enfermagem\/wp-content\/uploads\/sites\/4\/2020\/08\/home.png\">\u00a0 \u00a0 \u00a0 <\/a><a href=\"https:\/\/saude.ufpr.br\/enfermagem\/wp-content\/uploads\/sites\/4\/2020\/08\/Alunos.png\"><img decoding=\"async\" class=\"alignnone wp-image-4276\" src=\"https:\/\/saude.ufpr.br\/enfermagem\/wp-content\/uploads\/sites\/4\/2020\/08\/Alunos-300x300.png\" alt=\"\" width=\"110\" height=\"110\" srcset=\"https:\/\/saude.ufpr.br\/enfermagem\/wp-content\/uploads\/sites\/4\/2020\/08\/Alunos-300x300.png 300w, https:\/\/saude.ufpr.br\/enfermagem\/wp-content\/uploads\/sites\/4\/2020\/08\/Alunos-150x150.png 150w, https:\/\/saude.ufpr.br\/enfermagem\/wp-content\/uploads\/sites\/4\/2020\/08\/Alunos.png 301w\" sizes=\"(max-width: 110px) 100vw, 110px\" \/><\/a>\u00a0 \u00a0 \u00a0 <a href=\"https:\/\/saude.ufpr.br\/enfermagem\/luciana-pesquisa\/\"><img decoding=\"async\" class=\"alignnone wp-image-4279\" src=\"https:\/\/saude.ufpr.br\/enfermagem\/wp-content\/uploads\/sites\/4\/2020\/08\/pesquisa-2-300x300.png\" alt=\"\" width=\"110\" height=\"110\" srcset=\"https:\/\/saude.ufpr.br\/enfermagem\/wp-content\/uploads\/sites\/4\/2020\/08\/pesquisa-2-300x300.png 300w, https:\/\/saude.ufpr.br\/enfermagem\/wp-content\/uploads\/sites\/4\/2020\/08\/pesquisa-2-150x150.png 150w, https:\/\/saude.ufpr.br\/enfermagem\/wp-content\/uploads\/sites\/4\/2020\/08\/pesquisa-2.png 352w\" sizes=\"(max-width: 110px) 100vw, 110px\" \/><\/a>\u00a0 \u00a0 <a href=\"https:\/\/saude.ufpr.br\/enfermagem\/wp-content\/uploads\/sites\/4\/2020\/08\/Ensino-1.png\"><img loading=\"lazy\" decoding=\"async\" class=\"alignnone wp-image-4281\" src=\"https:\/\/saude.ufpr.br\/enfermagem\/wp-content\/uploads\/sites\/4\/2020\/08\/Ensino-1-300x291.png\" alt=\"\" width=\"126\" height=\"122\" srcset=\"https:\/\/saude.ufpr.br\/enfermagem\/wp-content\/uploads\/sites\/4\/2020\/08\/Ensino-1-300x291.png 300w, https:\/\/saude.ufpr.br\/enfermagem\/wp-content\/uploads\/sites\/4\/2020\/08\/Ensino-1.png 314w\" sizes=\"(max-width: 126px) 100vw, 126px\" \/><\/a>\u00a0\u00a0<a href=\"https:\/\/saude.ufpr.br\/enfermagem\/wp-content\/uploads\/sites\/4\/2020\/08\/links.png\"><img loading=\"lazy\" decoding=\"async\" class=\"alignnone wp-image-4256\" src=\"https:\/\/saude.ufpr.br\/enfermagem\/wp-content\/uploads\/sites\/4\/2020\/08\/links.png\" alt=\"\" width=\"104\" height=\"104\" srcset=\"https:\/\/saude.ufpr.br\/enfermagem\/wp-content\/uploads\/sites\/4\/2020\/08\/links.png 162w, https:\/\/saude.ufpr.br\/enfermagem\/wp-content\/uploads\/sites\/4\/2020\/08\/links-150x150.png 150w\" sizes=\"(max-width: 104px) 100vw, 104px\" \/>\u00a0\u00a0\u00a0\u00a0\u00a0\u00a0\u00a0<\/a><\/p>\n<hr \/>\n<p><a href=\"https:\/\/saude.ufpr.br\/enfermagem\/wp-content\/uploads\/sites\/4\/2020\/08\/Luciana-Gon\u00e7alves-scaled.jpg\"><img loading=\"lazy\" decoding=\"async\" class=\"size-medium wp-image-4259 alignleft\" src=\"https:\/\/saude.ufpr.br\/enfermagem\/wp-content\/uploads\/sites\/4\/2020\/08\/Luciana-Gon\u00e7alves-300x300.jpg\" alt=\"\" width=\"300\" height=\"300\" srcset=\"https:\/\/saude.ufpr.br\/enfermagem\/wp-content\/uploads\/sites\/4\/2020\/08\/Luciana-Gon\u00e7alves-300x300.jpg 300w, https:\/\/saude.ufpr.br\/enfermagem\/wp-content\/uploads\/sites\/4\/2020\/08\/Luciana-Gon\u00e7alves-1024x1024.jpg 1024w, https:\/\/saude.ufpr.br\/enfermagem\/wp-content\/uploads\/sites\/4\/2020\/08\/Luciana-Gon\u00e7alves-150x150.jpg 150w, https:\/\/saude.ufpr.br\/enfermagem\/wp-content\/uploads\/sites\/4\/2020\/08\/Luciana-Gon\u00e7alves-768x768.jpg 768w, https:\/\/saude.ufpr.br\/enfermagem\/wp-content\/uploads\/sites\/4\/2020\/08\/Luciana-Gon\u00e7alves-1536x1536.jpg 1536w, https:\/\/saude.ufpr.br\/enfermagem\/wp-content\/uploads\/sites\/4\/2020\/08\/Luciana-Gon\u00e7alves-2048x2048.jpg 2048w\" sizes=\"(max-width: 300px) 100vw, 300px\" \/><\/a><\/p>\n<p>Gradua\u00e7\u00e3o e Licenciatura em Enfermagem e Obstetr\u00edcia pela Universidade Federal do Paran\u00e1 (1998) Mestrado em Tecnologia em Sa\u00fade pela Pontif\u00edcia Universidade Cat\u00f3lica do Paran\u00e1 (2006), Doutorado em Enfermagem pela Universidade Federal do Paran\u00e1 (2013) com per\u00edodo sandu\u00edche na Universidade de Utah financiado pela Funda\u00e7\u00e3o Fulbright. P\u00f3s Doutorado no Departamento de Inform\u00e1tica Biom\u00e9dica da Harvard Medical School (2018-2019) financiado pela CAPES-HARVARD. Docente da \u00e1rea de Planejamento e Administra\u00e7\u00e3o em Sa\u00fade do Departamento de Enfermagem, e do Curso de Inform\u00e1tica Biom\u00e9dica da Universidade Federal do Paran\u00e1. Tem experi\u00eancia na \u00e1rea de Enfermagem, com \u00eanfase em Gest\u00e3o e Auditoria (\u00e1rea de especializa\u00e7\u00e3o), atuando principalmente nos seguintes temas: gest\u00e3o em sa\u00fade, gerenciamento de servi\u00e7os de sa\u00fade e de enfermagem, inform\u00e1tica na sa\u00fade e na enfermagem, tecnologias educacionais para a sa\u00fade e enfermagem, seguran\u00e7a do paciente. Consultor Ad hc da Revista Cogiatare Enfermagem e da AMIA. Membro do Grupo de Pesquisas em Pol\u00edticas, Gest\u00e3o e Pr\u00e1ticas em Sa\u00fade &#8211; UFPR. Coordenadora do Projeto de Pesquisa Fall TIPS Brasil e do Projeto de Extens\u00e3o Sa\u00fade nas M\u00eddias.<span class=\"texto\">\u00a0<\/span><\/p>\n","protected":false},"excerpt":{"rendered":"<p>\u00a0 \u00a0 \u00a0 \u00a0 \u00a0 \u00a0 \u00a0 \u00a0 \u00a0\u00a0\u00a0\u00a0\u00a0\u00a0\u00a0\u00a0\u00a0 Gradua\u00e7\u00e3o e Licenciatura em Enfermagem e Obstetr\u00edcia pela Universidade Federal do Paran\u00e1 (1998) Mestrado em Tecnologia em Sa\u00fade pela Pontif\u00edcia Universidade Cat\u00f3lica do Paran\u00e1 (2006), Doutorado em Enfermagem pela Universidade Federal do Paran\u00e1 (2013) com per\u00edodo sandu\u00edche na Universidade de Utah financiado pela Funda\u00e7\u00e3o Fulbright. P\u00f3s<br \/> <a href=\"https:\/\/saude.ufpr.br\/enfermagem\/luciana-schleder-goncalves\/\" class=\"button success small readmore\">Leia mais<\/a><\/p>\n","protected":false},"author":6,"featured_media":0,"parent":0,"menu_order":0,"comment_status":"closed","ping_status":"closed","template":"","meta":{"_acf_changed":false,"_uag_custom_page_level_css":"","footnotes":""},"class_list":["post-4254","page","type-page","status-publish","hentry"],"acf":[],"featured_image_src":null,"uagb_featured_image_src":{"full":false,"thumbnail":false,"medium":false,"medium_large":false,"large":false,"1536x1536":false,"2048x2048":false,"noticias-thumb":false,"banners-thumb":false,"maisnoticias-thumb":false,"post-thumbnail":false},"uagb_author_info":{"display_name":"Josi Dourado","author_link":"https:\/\/saude.ufpr.br\/enfermagem\/author\/josidourados\/"},"uagb_comment_info":0,"uagb_excerpt":"\u00a0 \u00a0 \u00a0 \u00a0 \u00a0 \u00a0 \u00a0 \u00a0 \u00a0\u00a0\u00a0\u00a0\u00a0\u00a0\u00a0\u00a0\u00a0 Gradua\u00e7\u00e3o e Licenciatura em Enfermagem e Obstetr\u00edcia pela Universidade Federal do Paran\u00e1 (1998) Mestrado em Tecnologia em Sa\u00fade pela Pontif\u00edcia Universidade Cat\u00f3lica do Paran\u00e1 (2006), Doutorado em Enfermagem pela Universidade Federal do Paran\u00e1 (2013) com per\u00edodo sandu\u00edche na Universidade de Utah financiado pela Funda\u00e7\u00e3o Fulbright. P\u00f3s&hellip;","publishpress_future_action":{"enabled":false,"date":"2026-04-11 07:32:29","action":"change-status","newStatus":"draft","terms":[],"taxonomy":"","extraData":[]},"publishpress_future_workflow_manual_trigger":{"enabledWorkflows":[]},"_links":{"self":[{"href":"https:\/\/saude.ufpr.br\/enfermagem\/wp-json\/wp\/v2\/pages\/4254","targetHints":{"allow":["GET"]}}],"collection":[{"href":"https:\/\/saude.ufpr.br\/enfermagem\/wp-json\/wp\/v2\/pages"}],"about":[{"href":"https:\/\/saude.ufpr.br\/enfermagem\/wp-json\/wp\/v2\/types\/page"}],"author":[{"embeddable":true,"href":"https:\/\/saude.ufpr.br\/enfermagem\/wp-json\/wp\/v2\/users\/6"}],"replies":[{"embeddable":true,"href":"https:\/\/saude.ufpr.br\/enfermagem\/wp-json\/wp\/v2\/comments?post=4254"}],"version-history":[{"count":13,"href":"https:\/\/saude.ufpr.br\/enfermagem\/wp-json\/wp\/v2\/pages\/4254\/revisions"}],"predecessor-version":[{"id":4882,"href":"https:\/\/saude.ufpr.br\/enfermagem\/wp-json\/wp\/v2\/pages\/4254\/revisions\/4882"}],"wp:attachment":[{"href":"https:\/\/saude.ufpr.br\/enfermagem\/wp-json\/wp\/v2\/media?parent=4254"}],"curies":[{"name":"wp","href":"https:\/\/api.w.org\/{rel}","templated":true}]}}