{"id":4350,"date":"2020-09-09T10:05:09","date_gmt":"2020-09-09T13:05:09","guid":{"rendered":"https:\/\/saude.ufpr.br\/enfermagem\/?page_id=4350"},"modified":"2023-08-02T14:46:27","modified_gmt":"2023-08-02T17:46:27","slug":"departamentos","status":"publish","type":"page","link":"https:\/\/saude.ufpr.br\/enfermagem\/departamentos\/","title":{"rendered":"Departamentos"},"content":{"rendered":"<p style=\"text-align: left\"><strong>DEPARTAMENTOS PRESENTES NOS CURR\u00cdCULOS DOS CURSOS DE GRADUA\u00c7\u00c3O EM ENFERMAGEM<\/strong><\/p>\n<p>&nbsp;<\/p>\n<p><strong>DEPARTAMENTO DE ENFERMAGEM<\/strong><br \/>\nContato: 3361-3764<br \/>\nE-mail: secdenfer@ufpr.br<br \/>\n<a href=\"https:\/\/saude.ufpr.br\/enfermagem\/departamento-2\/\">Site<\/a><\/p>\n<p><strong>DEPARTAMENTO DE ANATOMIA<\/strong><br \/>\nContato: 3361-1679<br \/>\nE-mail: ufpranatomia@gmail.com<br \/>\n<a href=\"http:\/\/www.bio.ufpr.br\/anatomia\/\">Site<\/a><\/p>\n<p><strong>DEPARTAMENTO DE ANTROPOLOGIA<\/strong><br \/>\nContato: 3360-5106<br \/>\nE-mail: dean@ufpr.br<br \/>\n<a href=\"http:\/\/www.humanas.ufpr.br\/antropologia\/\">Site<\/a><\/p>\n<p><strong>DEPARTAMENTO DE BIOLOGIA CELULAR<\/strong><br \/>\nContato: 3361-1682<br \/>\nE-mail: dbiocel@ ufpr.br \u2013 dbiocelufpr@gmail.com<br \/>\n<a href=\"http:\/\/www.bio.ufpr.br\/biologiacelular\/\">Site<\/a><\/p>\n<p><strong>DEPARTAMENTO BIOQU\u00cdMICA E BIOLOGIA MOLECULAR<\/strong><br \/>\nContato: 3361-1660<br \/>\nE-mail: bioqui@ufpr.br<br \/>\n<a href=\"http:\/\/www.bio.ufpr.br\/bioquimica\/\">Site<\/a><\/p>\n<p><strong>DEPARTAMENTO DE ESTAT\u00cdSTICA<\/strong><br \/>\nContato: 3361-3141<br \/>\nE-mail: dest@ufpr.br<br \/>\n<a href=\"http:\/\/www.est.ufpr.br\/departamento.html\">Site<\/a><\/p>\n<p><strong>DEPARTAMENTO DE FARMACOLOGIA<\/strong><br \/>\nContato: 3361-1739<br \/>\nE-mail: farmacologia@ufpr.br<br \/>\n<a href=\"http:\/\/www.bio.ufpr.br\/farmacologia\/o-departamento\/\">Site\u00a0<\/a><\/p>\n<p><strong>DEPARTAMENTO DE FISIOLOGIA<\/strong><br \/>\nContato: 3361-1714<br \/>\nE-mail: fisiologia@ufpr.br<br \/>\n<a href=\"http:\/\/www.bio.ufpr.br\/fisiologia\/\">Site<\/a><\/p>\n<p><strong>DEPARTAMENTO DE GEN\u00c9TICA<\/strong><br \/>\nContato: 3361-1684<br \/>\nE-mail: genetica@ufpr.br<br \/>\n<a href=\"http:\/\/www.bio.ufpr.br\/genetica\/\">Site<\/a><\/p>\n<p><strong>DEPARTAMENTO\/COORDENA\u00c7\u00c3O DE LETRAS LIBRAS<\/strong><br \/>\nContato: 3360 5061<br \/>\nE-mail: letraslibras@ufpr.br &#8211; coord.letraslibras.ufpr@gmail.com<br \/>\n<a href=\"http:\/\/www.letraslibras.ufpr.br\/\">Site<\/a><\/p>\n<p><strong>DEPARTAMENTO DE PATOLOGIA B\u00c1SICA<\/strong><br \/>\nContato: 3361-1697<br \/>\nE-mail: dpat@ufpr.br \/ dpatologia@gmail.com<br \/>\n<a href=\"http:\/\/www.bio.ufpr.br\/patologiabasica\/\">Site<\/a><\/p>\n<p><strong>DEPARTAMENTO DE PLANEJAMENTO E ADMINISTRA\u00c7\u00c3O ESCOLAR<\/strong><br \/>\nContato: 3535-6259\/6260<br \/>\nE-mail: deplae@ufpr.br<br \/>\n<a href=\"http:\/\/www.educacao.ufpr.br\/deplae\/\">Site<\/a><\/p>\n<p><strong>DEPARTAMENTO DE PSICOLOGIA<\/strong><br \/>\nContato: 3310-2625<br \/>\nE-mail: depsi@ufpr.br<br \/>\n<a href=\"http:\/\/www.humanas.ufpr.br\/psicologia\/departamento\/estrutura-adm\/\">Site<\/a><\/p>\n<p><strong>DEPARTAMENTO DE TEORIA E FUNDAMENTOS DA EDUCA\u00c7\u00c3O<\/strong><br \/>\nContato: 3535-6259\/6260<br \/>\nE-mail: \u00a0<span class=\"il\">dtfe@ufpr.br<\/span><br \/>\n<a href=\"http:\/\/www.educacao.ufpr.br\/dtfe2\/\">Site<\/a><\/p>\n<p><strong>DEPARTAMENTO DE TEORIA E PR\u00c1TICA DE ENSINO<\/strong><br \/>\nContato: 3535-6259\/6260<br \/>\nE-mail: dtpen.ufpr.sec@gmail.com<br \/>\n<a href=\"http:\/\/www.educacao.ufpr.br\/dtpen\/\">Site<\/a><\/p>\n<p><strong>DEPARTAMENTO DE SA\u00daDE COLETIVA<\/strong><br \/>\nContato: 3360-7241<br \/>\nE-mail: saudecom@ufpr.br<br \/>\n<a href=\"https:\/\/saude.ufpr.br\/saudecoletiva\/\">Site<\/a><\/p>\n<p><strong>DEPARTAMENTO DE SOCIOLOGIA<\/strong><br \/>\nContato: 3360-5093<br \/>\nE-mail: deciso@ufpr.br \/ decisoufpr@gmail.com<br \/>\n<a href=\"http:\/\/www.humanas.ufpr.br\/deciso\/\">Site<\/a><\/p>\n<p>&nbsp;<\/p>\n<p><strong>\u00a0<\/strong><\/p>\n","protected":false},"excerpt":{"rendered":"<p>DEPARTAMENTOS PRESENTES NOS CURR\u00cdCULOS DOS CURSOS DE GRADUA\u00c7\u00c3O EM ENFERMAGEM &nbsp; DEPARTAMENTO DE ENFERMAGEM Contato: 3361-3764 E-mail: secdenfer@ufpr.br Site DEPARTAMENTO DE ANATOMIA Contato: 3361-1679 E-mail: ufpranatomia@gmail.com Site DEPARTAMENTO DE ANTROPOLOGIA Contato: 3360-5106 E-mail: dean@ufpr.br Site DEPARTAMENTO DE BIOLOGIA CELULAR Contato: 3361-1682 E-mail: dbiocel@ ufpr.br \u2013 dbiocelufpr@gmail.com Site DEPARTAMENTO BIOQU\u00cdMICA E BIOLOGIA MOLECULAR Contato: 3361-1660 E-mail:<br \/> <a href=\"https:\/\/saude.ufpr.br\/enfermagem\/departamentos\/\" class=\"button success small readmore\">Leia mais<\/a><\/p>\n","protected":false},"author":6,"featured_media":0,"parent":0,"menu_order":0,"comment_status":"closed","ping_status":"closed","template":"","meta":{"_acf_changed":false,"_uag_custom_page_level_css":"","footnotes":""},"class_list":["post-4350","page","type-page","status-publish","hentry"],"acf":[],"featured_image_src":null,"uagb_featured_image_src":{"full":false,"thumbnail":false,"medium":false,"medium_large":false,"large":false,"1536x1536":false,"2048x2048":false,"noticias-thumb":false,"banners-thumb":false,"maisnoticias-thumb":false,"post-thumbnail":false},"uagb_author_info":{"display_name":"Josi Dourado","author_link":"https:\/\/saude.ufpr.br\/enfermagem\/author\/josidourados\/"},"uagb_comment_info":0,"uagb_excerpt":"DEPARTAMENTOS PRESENTES NOS CURR\u00cdCULOS DOS CURSOS DE GRADUA\u00c7\u00c3O EM ENFERMAGEM &nbsp; DEPARTAMENTO DE ENFERMAGEM Contato: 3361-3764 E-mail: secdenfer@ufpr.br Site DEPARTAMENTO DE ANATOMIA Contato: 3361-1679 E-mail: ufpranatomia@gmail.com Site DEPARTAMENTO DE ANTROPOLOGIA Contato: 3360-5106 E-mail: dean@ufpr.br Site DEPARTAMENTO DE BIOLOGIA CELULAR Contato: 3361-1682 E-mail: dbiocel@ ufpr.br \u2013 dbiocelufpr@gmail.com Site DEPARTAMENTO BIOQU\u00cdMICA E BIOLOGIA MOLECULAR Contato: 3361-1660 E-mail:&hellip;","publishpress_future_action":{"enabled":false,"date":"2026-04-22 00:39:50","action":"change-status","newStatus":"draft","terms":[],"taxonomy":"","extraData":[]},"publishpress_future_workflow_manual_trigger":{"enabledWorkflows":[]},"_links":{"self":[{"href":"https:\/\/saude.ufpr.br\/enfermagem\/wp-json\/wp\/v2\/pages\/4350","targetHints":{"allow":["GET"]}}],"collection":[{"href":"https:\/\/saude.ufpr.br\/enfermagem\/wp-json\/wp\/v2\/pages"}],"about":[{"href":"https:\/\/saude.ufpr.br\/enfermagem\/wp-json\/wp\/v2\/types\/page"}],"author":[{"embeddable":true,"href":"https:\/\/saude.ufpr.br\/enfermagem\/wp-json\/wp\/v2\/users\/6"}],"replies":[{"embeddable":true,"href":"https:\/\/saude.ufpr.br\/enfermagem\/wp-json\/wp\/v2\/comments?post=4350"}],"version-history":[{"count":13,"href":"https:\/\/saude.ufpr.br\/enfermagem\/wp-json\/wp\/v2\/pages\/4350\/revisions"}],"predecessor-version":[{"id":6747,"href":"https:\/\/saude.ufpr.br\/enfermagem\/wp-json\/wp\/v2\/pages\/4350\/revisions\/6747"}],"wp:attachment":[{"href":"https:\/\/saude.ufpr.br\/enfermagem\/wp-json\/wp\/v2\/media?parent=4350"}],"curies":[{"name":"wp","href":"https:\/\/api.w.org\/{rel}","templated":true}]}}