{"id":5238,"date":"2022-01-15T01:53:36","date_gmt":"2022-01-15T04:53:36","guid":{"rendered":"https:\/\/saude.ufpr.br\/enfermagem\/?page_id=5238"},"modified":"2025-07-27T16:47:00","modified_gmt":"2025-07-27T19:47:00","slug":"sobre-o-fall-tips","status":"publish","type":"page","link":"https:\/\/saude.ufpr.br\/enfermagem\/sobre-o-fall-tips\/","title":{"rendered":"Sobre o Programa Fall TIPS Brasil"},"content":{"rendered":"<div>\n<p style=\"text-align: center\"><a href=\"https:\/\/saude.ufpr.br\/enfermagem\/projeto-fall-tips\/\"><img decoding=\"async\" class=\"alignnone size-thumbnail wp-image-5241\" src=\"https:\/\/saude.ufpr.br\/enfermagem\/wp-content\/uploads\/sites\/4\/2022\/01\/inicial-desativado-908x1024.png\" alt=\"\" width=\"145\" height=\"145\" \/><\/a> \u00a0\u00a0 <a href=\"https:\/\/saude.ufpr.br\/enfermagem\/sobre-o-fall-tips\/\"><img decoding=\"async\" class=\"alignnone size-thumbnail wp-image-5245\" src=\"https:\/\/saude.ufpr.br\/enfermagem\/wp-content\/uploads\/sites\/4\/2022\/01\/sobre-ativado-908x1024.png\" alt=\"\" width=\"145\" height=\"145\" \/><\/a> \u00a0\u00a0 <a href=\"https:\/\/saude.ufpr.br\/enfermagem\/sobre-a-implementacao\/\"><img decoding=\"async\" class=\"alignnone size-thumbnail wp-image-5240\" src=\"https:\/\/saude.ufpr.br\/enfermagem\/wp-content\/uploads\/sites\/4\/2022\/01\/implementacao-desativado-908x1024.png\" alt=\"\" width=\"145\" height=\"145\" \/><\/a> \u00a0\u00a0 <a href=\"https:\/\/saude.ufpr.br\/enfermagem\/sobre-a-equipe-fall-tips\/\"><img loading=\"lazy\" decoding=\"async\" class=\"alignnone size-thumbnail wp-image-5239\" src=\"https:\/\/saude.ufpr.br\/enfermagem\/wp-content\/uploads\/sites\/4\/2022\/01\/equipe-desativado-908x1024.png\" alt=\"\" width=\"145\" height=\"145\" \/><\/a> \u00a0\u00a0 <a href=\"https:\/\/saude.ufpr.br\/enfermagem\/instrumentos-fall-tips\/\"><img loading=\"lazy\" decoding=\"async\" class=\"alignnone size-thumbnail wp-image-5239\" src=\"https:\/\/saude.ufpr.br\/enfermagem\/wp-content\/uploads\/sites\/4\/2022\/05\/instrumentos-desativado-3-908x1024.png\" alt=\"\" width=\"145\" height=\"145\" \/><\/a> \u00a0\u00a0 <a href=\"https:\/\/saude.ufpr.br\/enfermagem\/material-educativo-fall-tips\/\"><img loading=\"lazy\" decoding=\"async\" class=\"alignnone size-thumbnail wp-image-5242\" src=\"https:\/\/saude.ufpr.br\/enfermagem\/wp-content\/uploads\/sites\/4\/2022\/01\/material-desativado-908x1024.png\" alt=\"\" width=\"145\" height=\"145\" \/><\/a> \u00a0\u00a0 <a href=\"https:\/\/saude.ufpr.br\/enfermagem\/producoes-cientificas-fall-tips\/\"><img loading=\"lazy\" decoding=\"async\" class=\"alignnone size-thumbnail wp-image-5243\" src=\"https:\/\/saude.ufpr.br\/enfermagem\/wp-content\/uploads\/sites\/4\/2022\/01\/producao-desativado-908x1024.png\" alt=\"\" width=\"145\" height=\"145\" \/><\/a><a href=\"https:\/\/saude.ufpr.br\/enfermagem\/sugestoes-de-leituras-fall-tips\/\"><img loading=\"lazy\" decoding=\"async\" class=\"alignnone wp-image-7604 \" src=\"https:\/\/saude.ufpr.br\/enfermagem\/wp-content\/uploads\/sites\/4\/2025\/07\/imagem-sugestoes-de-leitura-min-150x150.png\" alt=\"\" width=\"167\" height=\"167\" srcset=\"https:\/\/saude.ufpr.br\/enfermagem\/wp-content\/uploads\/sites\/4\/2025\/07\/imagem-sugestoes-de-leitura-min-150x150.png 150w, https:\/\/saude.ufpr.br\/enfermagem\/wp-content\/uploads\/sites\/4\/2025\/07\/imagem-sugestoes-de-leitura-min-300x300.png 300w, https:\/\/saude.ufpr.br\/enfermagem\/wp-content\/uploads\/sites\/4\/2025\/07\/imagem-sugestoes-de-leitura-min.png 1024w\" sizes=\"(max-width: 167px) 100vw, 167px\" \/><\/a><a href=\"https:\/\/saude.ufpr.br\/enfermagem\/recursos-online-fall-tips\/\"><img loading=\"lazy\" decoding=\"async\" class=\"alignnone wp-image-7602 size-thumbnail\" src=\"https:\/\/saude.ufpr.br\/enfermagem\/wp-content\/uploads\/sites\/4\/2025\/07\/imagem-recursos-online-150x150.png\" alt=\"\" width=\"150\" height=\"150\" srcset=\"https:\/\/saude.ufpr.br\/enfermagem\/wp-content\/uploads\/sites\/4\/2025\/07\/imagem-recursos-online-150x150.png 150w, https:\/\/saude.ufpr.br\/enfermagem\/wp-content\/uploads\/sites\/4\/2025\/07\/imagem-recursos-online-300x300.png 300w, https:\/\/saude.ufpr.br\/enfermagem\/wp-content\/uploads\/sites\/4\/2025\/07\/imagem-recursos-online.png 1024w\" sizes=\"(max-width: 150px) 100vw, 150px\" \/><\/a><\/p>\n<p>&nbsp;<\/p>\n<p style=\"text-align: center\">\n<\/div>\n<p><!-- O corpo --><\/p>\n<div>\n<p style=\"text-align: center\"><span style=\"color: #2d4225;font-size: 1.25em\"><strong><em>Fall<\/em><\/strong><strong> Tailoring Interventions for Patient Safety &#8211;<\/strong><strong><em>Fall<\/em><\/strong><strong> TIPS<\/strong>\u00a0<\/span><\/p>\n<p><span style=\"color: #2d4225;font-size: 1.125em\"><strong>O que \u00e9 o Programa <\/strong><strong><em>Fall<\/em><\/strong><strong> TIPS Brasil?<\/strong><\/span><span data-ccp-props=\"{&quot;201341983&quot;:0,&quot;335551550&quot;:6,&quot;335551620&quot;:6,&quot;335559739&quot;:160,&quot;335559740&quot;:259}\">\u00a0<\/span><\/p>\n<p style=\"text-align: justify\"><span data-contrast=\"none\">O <\/span><em><span data-contrast=\"none\">Fall<\/span><\/em><span data-contrast=\"none\"> TIPS Brasil \u00e9 um programa voltado a preven\u00e7\u00e3o de quedas hospitalares centrado no engajamento de pacientes, acompanhantes e profissionais de sa\u00fade de sa\u00fade.<\/span><\/p>\n<details>\n<summary><span style=\"color: #2d4225;font-size: 1.125em\"><strong>Como surgiu o Programa <\/strong><strong><em>Fall <\/em><\/strong><strong>TIPS e por que precisamos prevenir quedas?<\/strong><\/span><br \/>\n<span style=\"text-align: justify\" data-contrast=\"none\"> Os estudos que resultaram no programa <\/span><em><span data-contrast=\"none\">Fall <\/span><\/em><span data-contrast=\"none\">TIPS foram iniciados em 2007 nos Estados Unidos da Am\u00e9rica. O grupo de pesquisadores respons\u00e1veis, conclu\u00edram que o simples fato de se coloca informa\u00e7\u00f5es gen\u00e9ricas \u00e0 beira do leito do paciente, como placas de alerta sobre o risco de queda, n\u00e3o se traduz, por si s\u00f3, como uma estrat\u00e9gia eficaz para atingir o objetivo de preveni-las. Adicionalmente, a comunica\u00e7\u00e3o incoerente entre a equipe de sa\u00fade e a falta de engajamento dos profissionais, pacientes e acompanhantes durante todo o processo s\u00e3o barreiras prim\u00e1rias para a preven\u00e7\u00e3o de quedas (<a href=\"https:\/\/jamanetwork.com\/journals\/jama\/fullarticle\/186836\">DYKES et al., 2010<\/a>; <a href=\"https:\/\/www.myamericannurse.com\/preventing-falls-hospitalized-patients\/\">DYKES et al., 2018<\/a>; <a href=\"https:\/\/www.falltips.org\/wp-content\/uploads\/2019\/09\/Dykes-2019.pdf\">DYKES et al., 2019<\/a>). <span style=\"font-weight: 400\">Quer descobrir mais sobre os estudos internacionais que desencadearam o programa Fall TIPS? Clique <a href=\"https:\/\/www.falltips.org\/\">aqui<\/a>!\u00a0<\/span><\/span><\/summary>\n<p>&nbsp;<\/p>\n<p style=\"text-align: justify\"><span data-contrast=\"none\">Com base nos achados, a equipe de pesquisa ent\u00e3o desenvolveu e testou uma vers\u00e3o da ferramenta <\/span><em><span data-contrast=\"none\">Fall <\/span><\/em><span data-contrast=\"none\">TIPS, vinculada ao prontu\u00e1rio eletr\u00f4nico. Com essa implanta\u00e7\u00e3o, ao longo de seis meses, o n\u00famero de quedas de pacientes caiu 25% nas institui\u00e7\u00f5es (<a href=\"https:\/\/www.myamericannurse.com\/preventing-falls-hospitalized-patients\/\">DYKES et al., 2018<\/a>). Os resultados satisfat\u00f3rios, conduziram a equipe a pensar em uma forma de possibilitar a implanta\u00e7\u00e3o do <\/span><em><span data-contrast=\"none\">Fall <\/span><\/em><span data-contrast=\"none\">TIPS para al\u00e9m do prontu\u00e1rio eletr\u00f4nico. Especificamente, o objetivo era buscar uma forma de \u201cbaixa tecnologia\u201d para fornecer o suporte de decis\u00e3o cl\u00ednica necess\u00e1rio para vincular os fatores de risco de queda a interven\u00e7\u00f5es baseadas em evid\u00eancias em qualquer hospital. Tamb\u00e9m tinham a inten\u00e7\u00e3o de facilitar aos enfermeiros e demais membros da equipe de sa\u00fade e o envolvimento dos pacientes e acompanhantes no processo de preven\u00e7\u00e3o de quedas (<a href=\"https:\/\/pubmed.ncbi.nlm.nih.gov\/20975543\/\">ZUYEV et al., 2011<\/a>).<\/span><span data-contrast=\"none\">\u00a0<\/span><span data-ccp-props=\"{&quot;201341983&quot;:0,&quot;335551550&quot;:6,&quot;335551620&quot;:6,&quot;335559731&quot;:850,&quot;335559739&quot;:160,&quot;335559740&quot;:360}\">\u00a0<\/span><\/p>\n<p style=\"text-align: justify\"><span data-contrast=\"none\">Assim, foi criada uma <a href=\"https:\/\/saude.ufpr.br\/enfermagem\/instrumentos-fall-tips\">ferramenta de papel <\/a><\/span><em><span data-contrast=\"none\">Fall<\/span><\/em><span data-contrast=\"none\"> TIPS, que \u00e9 impressa em cores em um peda\u00e7o de papel de 28cm por 43cm e, posteriormente laminada. Os \u00edcones foram validados com pacientes e profissionais do hospital, e os termos no p\u00f4ster foram ajustados ao n\u00edvel de alfabetiza\u00e7\u00e3o do paciente em sa\u00fade. A ferramenta foi testada no hospital <\/span><em><span data-contrast=\"none\">Brigham and Women <\/span><\/em><span data-contrast=\"none\">e no<\/span><em><span data-contrast=\"none\"> Montefiore Medical Center,<\/span><\/em><span data-contrast=\"none\"> localizado em Bronx. Os achados dessa fase, foram demonstraram que a conformidade da ferramenta foi acima de 80% e que houve uma redu\u00e7\u00e3o clinicamente significativa nas taxas de queda com les\u00f5es ao longo de um per\u00edodo de seis meses em ambas as institui\u00e7\u00f5es participantes.<\/span><\/p>\n<p style=\"text-align: center\"><a href=\"https:\/\/saude.ufpr.br\/enfermagem\/sobre-o-fall-tips\/\"><img loading=\"lazy\" decoding=\"async\" class=\"alignnone size-full wp-image-5883\" src=\"https:\/\/saude.ufpr.br\/enfermagem\/wp-content\/uploads\/sites\/4\/2022\/05\/Instrumento-1-Poster-Laminado-Ajustado.png\" alt=\"\" width=\"602\" height=\"373\" \/><\/a><\/p>\n<\/details>\n<p>&nbsp;<\/p>\n<p style=\"text-align: center\"><span style=\"color: #2d4225;font-size: 1.125em\"><strong>O programa<\/strong><strong><em> Fall<\/em><\/strong><strong> TIPS \u00e9 uma resposta direta para reduzir as quedas em hospitais.<\/strong>\u00a0<\/span><\/p>\n<p><span data-ccp-props=\"{&quot;201341983&quot;:0,&quot;335551550&quot;:2,&quot;335551620&quot;:2,&quot;335559739&quot;:160,&quot;335559740&quot;:360}\">\u00a0<\/span><\/p>\n<p><span style=\"color: #2d4225;font-size: 1.125em\"><strong>O Kit de ferramentas <\/strong><strong><em>Fall<\/em><\/strong><\/span><strong><span data-contrast=\"none\"><span style=\"color: #2d4225\"> TIPS<\/span>\u00a0<\/span><\/strong><span data-ccp-props=\"{&quot;201341983&quot;:0,&quot;335551550&quot;:6,&quot;335551620&quot;:6,&quot;335559739&quot;:160,&quot;335559740&quot;:360}\">\u00a0<\/span><\/p>\n<p style=\"text-align: justify\"><span data-contrast=\"none\">Tem por objetivo assegura a avalia\u00e7\u00e3o de risco de quedas e um plano de atendimento personalizado para cada paciente. Pode ser empregado na modalidade digital e impressa, para atender \u00e0s necessidades de diversos ambientes hospitalares.<\/span><span data-ccp-props=\"{&quot;201341983&quot;:0,&quot;335551550&quot;:6,&quot;335551620&quot;:6,&quot;335559739&quot;:160,&quot;335559740&quot;:360}\">\u00a0<\/span><\/p>\n<p>&nbsp;<\/p>\n<p><span style=\"color: #2d4225;font-size: 1.125em\"><strong>O sucesso do Fall TIPS depende de quest\u00f5es como:<\/strong><\/span><span data-ccp-props=\"{&quot;201341983&quot;:0,&quot;335551550&quot;:6,&quot;335551620&quot;:6,&quot;335559739&quot;:160,&quot;335559740&quot;:360}\">\u00a0<\/span><\/p>\n<p style=\"text-align: justify\"><span data-contrast=\"none\"><span style=\"color: #2d4225\">\u2013<\/span> Apoio da lideran\u00e7a do hospital e da unidade, e equipe de enfermagem;<\/span><span data-ccp-props=\"{&quot;201341983&quot;:0,&quot;335551550&quot;:6,&quot;335551620&quot;:6,&quot;335559739&quot;:160,&quot;335559740&quot;:360}\">\u00a0<\/span><\/p>\n<p style=\"text-align: justify\"><span data-contrast=\"none\"><span style=\"color: #2d4225\">\u2013<\/span> <\/span><em><span data-contrast=\"none\">Champions <\/span><\/em><span data-contrast=\"none\">engajados e comprometidos com o programa;<\/span><span data-ccp-props=\"{&quot;201341983&quot;:0,&quot;335551550&quot;:6,&quot;335551620&quot;:6,&quot;335559739&quot;:160,&quot;335559740&quot;:360}\">\u00a0<\/span><\/p>\n<p style=\"text-align: justify\"><span data-contrast=\"none\"><span style=\"color: #2d4225\">\u2013<\/span> Treinamento sobre o <\/span><em><span data-contrast=\"none\">Fall<\/span><\/em><span data-contrast=\"none\"> TIPS para equipe de enfermagem e outras profissionais de sa\u00fade;<\/span><span data-ccp-props=\"{&quot;201341983&quot;:0,&quot;335551550&quot;:6,&quot;335551620&quot;:6,&quot;335559739&quot;:160,&quot;335559740&quot;:360}\">\u00a0<\/span><\/p>\n<p style=\"text-align: justify\"><span data-contrast=\"none\"><span style=\"color: #2d4225\">\u2013<\/span> Avalia\u00e7\u00f5es de risco de queda v\u00e1lidas e confi\u00e1veis realizadas com cada paciente;<\/span><span data-ccp-props=\"{&quot;201341983&quot;:0,&quot;335551550&quot;:6,&quot;335551620&quot;:6,&quot;335559739&quot;:160,&quot;335559740&quot;:360}\">\u00a0<\/span><\/p>\n<p style=\"text-align: justify\"><span data-contrast=\"none\"><span style=\"color: #2d4225\">\u2013<\/span> Planejamento de cuidados de preven\u00e7\u00e3o de quedas individualizados;<\/span><span data-ccp-props=\"{&quot;201341983&quot;:0,&quot;335551550&quot;:6,&quot;335551620&quot;:6,&quot;335559739&quot;:160,&quot;335559740&quot;:360}\">\u00a0<\/span><\/p>\n<p style=\"text-align: justify\"><span data-contrast=\"none\"><span style=\"color: #2d4225\">\u2013<\/span> Implementa\u00e7\u00e3o consistente do plano de cuidados por toda a equipe de sa\u00fade;<\/span><span data-ccp-props=\"{&quot;201341983&quot;:0,&quot;335551550&quot;:6,&quot;335551620&quot;:6,&quot;335559739&quot;:160,&quot;335559740&quot;:360}\">\u00a0<\/span><\/p>\n<p style=\"text-align: justify\"><span data-contrast=\"none\"><span style=\"color: #2d4225\">\u2013<\/span> Forte envolvimento com pacientes e acompanhantes, tendo um papel ativo na preven\u00e7\u00e3o de quedas;<\/span><span data-ccp-props=\"{&quot;201341983&quot;:0,&quot;335551550&quot;:6,&quot;335551620&quot;:6,&quot;335559739&quot;:160,&quot;335559740&quot;:360}\">\u00a0<\/span><\/p>\n<p style=\"text-align: justify\"><span data-contrast=\"none\"><span style=\"color: #2d4225\">\u2013<\/span> Gest\u00e3o p\u00f3s-queda para entender por que evento ocorreu e planejar a\u00e7\u00f5es para que situa\u00e7\u00f5es semelhantes n\u00e3o sejam recorrentes;<\/span><span data-ccp-props=\"{&quot;201341983&quot;:0,&quot;335551550&quot;:6,&quot;335551620&quot;:6,&quot;335559739&quot;:160,&quot;335559740&quot;:360}\">\u00a0<\/span><\/p>\n<p style=\"text-align: justify\"><span style=\"color: #2d4225\" data-contrast=\"none\">\u2013 <\/span><em><span data-contrast=\"none\">Feedback <\/span><\/em><span data-contrast=\"none\">cont\u00ednuo para a equipe e a lideran\u00e7a da unidade, para que eles possam fazer ajustes e melhorias em seus fluxos de trabalho de preven\u00e7\u00e3o de quedas, comunica\u00e7\u00e3o, trabalho em equipe e personaliza\u00e7\u00e3o do atendimento para cada paciente.<\/span><span data-ccp-props=\"{&quot;201341983&quot;:0,&quot;335551550&quot;:6,&quot;335551620&quot;:6,&quot;335559739&quot;:160,&quot;335559740&quot;:360}\">\u00a0<\/span><\/p>\n<p style=\"text-align: center\"><span data-ccp-props=\"{&quot;201341983&quot;:0,&quot;335551550&quot;:6,&quot;335551620&quot;:6,&quot;335559739&quot;:160,&quot;335559740&quot;:360}\">\u00a0<\/span><span style=\"color: #2d4225;font-size: 1.125em\"><strong>\u201cJunte-se a n\u00f3s e d\u00ea este passo importante para reduzir as quedas de pacientes em seu hospital\u201d<\/strong><\/span><span data-ccp-props=\"{&quot;201341983&quot;:0,&quot;335551550&quot;:2,&quot;335551620&quot;:2,&quot;335559739&quot;:160,&quot;335559740&quot;:360}\">\u00a0<\/span><\/p>\n<p><span data-ccp-props=\"{&quot;201341983&quot;:0,&quot;335551550&quot;:2,&quot;335551620&quot;:2,&quot;335559739&quot;:160,&quot;335559740&quot;:360}\"> <a href=\"https:\/\/open.spotify.com\/episode\/5L2wT7c4TmmRFBsaMYA2Oy?si=bedeced2a8524d1b\" target=\"_blank\" rel=\"https:\/\/open.spotify.com\/show\/0vxQoPso6BYuhALoA9PMnD?si=77bd56d0fd7e4f7b noopener\"><img loading=\"lazy\" decoding=\"async\" class=\"alignnone\" src=\"https:\/\/logodownload.org\/wp-content\/uploads\/2016\/09\/Spotify-logo.png\" alt=\"Spotify Logo \u2013 PNG e Vetor \u2013 Download de Logo\" width=\"127\" height=\"38\" \/><\/a><strong>Ou\u00e7a o podcast<\/strong>:\u00a0<a href=\"https:\/\/open.spotify.com\/episode\/3KRxQq37Ywq2p4HiDFbQKQ?si=760dcbb4dccc428f\">Origem do Programa <em>Fall<\/em> TIPS no Brasil<\/a><\/span><\/p>\n<details>\n<summary style=\"text-align: left;font-size: 0.875em\"><strong><span data-contrast=\"none\"><span style=\"color: #2d4225\">Refer\u00eancias:<\/span>\u00a0<\/span><\/strong><span data-ccp-props=\"{&quot;201341983&quot;:0,&quot;335551550&quot;:1,&quot;335551620&quot;:1,&quot;335559739&quot;:160,&quot;335559740&quot;:360}\">\u00a0<\/span><\/summary>\n<p style=\"text-align: left;font-size: 0.875em\"><span data-contrast=\"none\">DYKES, P. C. et al. Fall Prevention in Acute Care Hospitals: A randomized trial. <\/span><strong><span data-contrast=\"none\">The Journal of the American Medical Association,<\/span><\/strong><span data-contrast=\"none\"> v. 304, n. 17, nov. 2010. <\/span><span data-contrast=\"none\">DOI. 10.1001\/jama.2010.1567. Dispon\u00edvel em: <\/span><a href=\"https:\/\/jamanetwork.com\/journals\/jama\/fullarticle\/186836\"><span data-contrast=\"none\">https:\/\/jamanetwork.com\/journals\/jama\/fullarticle\/186836<\/span><\/a><span data-contrast=\"none\">. <\/span><span data-contrast=\"none\">Acesso em: 17 julho 2025.<\/span><span data-ccp-props=\"{&quot;201341983&quot;:0,&quot;335551550&quot;:6,&quot;335551620&quot;:6,&quot;335559739&quot;:160,&quot;335559740&quot;:259}\">\u00a0<\/span><\/p>\n<p style=\"text-align: left;font-size: 0.875em\"><span data-contrast=\"none\">DYKES, P. C. et al. Preventing Falls in hospitalized patients: engage patients and families in a three-step prevention process to reduce the risk of falls. <\/span><strong><span data-contrast=\"none\">American Nurse Today<\/span><\/strong><span data-contrast=\"none\">, v. 13, n.9, set. 2018. Dispon\u00edvel em: <\/span><a href=\"https:\/\/www.myamericannurse.com\/preventing-falls-hospitalized-patients\/\"><span data-contrast=\"none\">https:\/\/www.myamericannurse.com\/preventing-falls-hospitalized-patients\/<\/span><\/a><span data-contrast=\"none\">. Acesso em: 17 julho 2025.<\/span><span data-ccp-props=\"{&quot;201341983&quot;:0,&quot;335551550&quot;:6,&quot;335551620&quot;:6,&quot;335559739&quot;:160,&quot;335559740&quot;:259}\">\u00a0<\/span><\/p>\n<p style=\"text-align: left;font-size: 0.875em\"><span data-contrast=\"none\">DYKES, P.C. et al. <\/span><a href=\"http:\/\/www.falltips.org\/wp-content\/uploads\/2019\/09\/Dykes-2019.pdf\"><span data-contrast=\"none\">The Fall TIPS (Tailoring Interventions for Patient Safety) Program: A Collaboration to End the Persistent Problem of Patient Falls.<\/span><\/a> <strong><span data-contrast=\"none\">Nurse Leader<\/span><\/strong><span data-contrast=\"none\">, v. 17, n. 4, p. 365-370, ago. 2019. Dispon\u00edvel em: <\/span><a href=\"https:\/\/www.falltips.org\/wp-content\/uploads\/2019\/09\/Dykes-2019.pdf\"><span data-contrast=\"none\">https:\/\/www.falltips.org\/wp-content\/uploads\/2019\/09\/Dykes-2019.pdf<\/span><\/a><span data-contrast=\"none\">. Acesso em: 17 julho 2025.<\/span><span data-ccp-props=\"{&quot;201341983&quot;:0,&quot;335551550&quot;:6,&quot;335551620&quot;:6,&quot;335559739&quot;:160,&quot;335559740&quot;:259}\">\u00a0<\/span><\/p>\n<p style=\"text-align: left;font-size: 0.875em\"><span data-contrast=\"none\">ZUYEV, L. et al. Tailored prevention of inpatient falls: development and usability testing of the Fall TIPS toolkit. <\/span><strong><span data-contrast=\"none\">Comput Inform Nurs<\/span><\/strong><span data-contrast=\"none\">, v. 29, n. 2, p. 93-100, fev. 2011. DOI. 10.1097\/NCN.0b013e3181f9dbe9. Dispon\u00edvel em: <\/span><a href=\"https:\/\/pubmed.ncbi.nlm.nih.gov\/20975543\/\"><span data-contrast=\"none\">https:\/\/pubmed.ncbi.nlm.nih.gov\/20975543\/<\/span><\/a><span data-contrast=\"none\">. Acesso em: 17 julho 2025.<\/span><span data-ccp-props=\"{&quot;201341983&quot;:0,&quot;335551550&quot;:6,&quot;335551620&quot;:6,&quot;335559739&quot;:160,&quot;335559740&quot;:259}\">\u00a0<\/span><\/p>\n<\/details>\n<p><!-- footer --><\/p>\n<p>&nbsp;<\/p>\n<p>Ficou interessado (a) e quer saber mais? Acesse as redes sociais do programa\u00a0<em>Fall<\/em> TIPS Brasil:<\/p>\n<p><a href=\"https:\/\/www.facebook.com\/falltipsbrasil\/\"><img loading=\"lazy\" decoding=\"async\" class=\"alignnone size-thumbnail wp-image-5234\" src=\"https:\/\/saude.ufpr.br\/enfermagem\/wp-content\/uploads\/sites\/4\/2022\/01\/facebook-logo-2019-thumb-150x150.png\" alt=\"\" width=\"60\" height=\"60\" \/> <\/a><a href=\"https:\/\/www.instagram.com\/falltipsbrasil\/\" target=\"_blank\" rel=\"https:\/\/www.instagram.com\/falltipsbrasil\/ noopener\"><img loading=\"lazy\" decoding=\"async\" class=\"alignnone wp-image-4009 size-thumbnail\" src=\"https:\/\/saude.ufpr.br\/enfermagem\/wp-content\/uploads\/sites\/4\/2020\/07\/logo-Instagram-150x150.png\" alt=\"\" width=\"55\" height=\"55\" srcset=\"https:\/\/saude.ufpr.br\/enfermagem\/wp-content\/uploads\/sites\/4\/2020\/07\/logo-Instagram-150x150.png 150w, https:\/\/saude.ufpr.br\/enfermagem\/wp-content\/uploads\/sites\/4\/2020\/07\/logo-Instagram-300x300.png 300w, https:\/\/saude.ufpr.br\/enfermagem\/wp-content\/uploads\/sites\/4\/2020\/07\/logo-Instagram-1024x1024.png 1024w, https:\/\/saude.ufpr.br\/enfermagem\/wp-content\/uploads\/sites\/4\/2020\/07\/logo-Instagram-768x768.png 768w, https:\/\/saude.ufpr.br\/enfermagem\/wp-content\/uploads\/sites\/4\/2020\/07\/logo-Instagram-1536x1536.png 1536w, https:\/\/saude.ufpr.br\/enfermagem\/wp-content\/uploads\/sites\/4\/2020\/07\/logo-Instagram-2048x2048.png 2048w\" sizes=\"(max-width: 55px) 100vw, 55px\" \/><\/a><a href=\"https:\/\/open.spotify.com\/show\/0vxQoPso6BYuhALoA9PMnD?si=875666517a414f0d&amp;nd=1\" target=\"_blank\" rel=\"https:\/\/open.spotify.com\/show\/0vxQoPso6BYuhALoA9PMnD?si=875666517a414f0d&amp;nd=1 noopener\"> \u00a0<img loading=\"lazy\" decoding=\"async\" class=\"alignnone\" src=\"https:\/\/logopng.com.br\/logos\/spotify-149.png\" alt=\"Spotify Logo (PNG e SVG) Download Vetorial Transparente\" width=\"55\" height=\"55\" \/> \u00a0<\/a><a href=\"https:\/\/www.youtube.com\/channel\/UCe_nLdzkQzcqAmMmARG7CAQ\/about\" target=\"_blank\" rel=\"https:\/\/www.youtube.com\/channel\/UCe_nLdzkQzcqAmMmARG7CAQ\/about noopener\"><img loading=\"lazy\" decoding=\"async\" class=\"alignnone\" src=\"https:\/\/www.apaulista.org.br\/wp-content\/uploads\/2021\/02\/youtube-logo.png\" alt=\"youtube-logo - APM\" width=\"55\" height=\"55\" \/><\/a><\/p>\n<p style=\"text-align: justify\">\n<\/div>\n<p><!--more--><\/p>\n","protected":false},"excerpt":{"rendered":"<p>\u00a0\u00a0 \u00a0\u00a0 \u00a0\u00a0 \u00a0\u00a0 \u00a0\u00a0 \u00a0\u00a0 &nbsp; Fall Tailoring Interventions for Patient Safety &#8211;Fall TIPS\u00a0 O que \u00e9 o Programa Fall TIPS Brasil?\u00a0 O Fall TIPS Brasil \u00e9 um programa voltado a preven\u00e7\u00e3o de quedas hospitalares centrado no engajamento de pacientes, acompanhantes e profissionais de sa\u00fade de sa\u00fade. Como surgiu o Programa Fall TIPS e<br \/> <a href=\"https:\/\/saude.ufpr.br\/enfermagem\/sobre-o-fall-tips\/\" class=\"button success small readmore\">Leia mais<\/a><\/p>\n","protected":false},"author":1675,"featured_media":0,"parent":0,"menu_order":0,"comment_status":"closed","ping_status":"closed","template":"","meta":{"_acf_changed":false,"_uag_custom_page_level_css":"","footnotes":""},"class_list":["post-5238","page","type-page","status-publish","hentry"],"acf":[],"featured_image_src":null,"uagb_featured_image_src":{"full":false,"thumbnail":false,"medium":false,"medium_large":false,"large":false,"1536x1536":false,"2048x2048":false,"noticias-thumb":false,"banners-thumb":false,"maisnoticias-thumb":false,"post-thumbnail":false},"uagb_author_info":{"display_name":"lucianagoncalves","author_link":"https:\/\/saude.ufpr.br\/enfermagem\/author\/lucianagoncalves\/"},"uagb_comment_info":0,"uagb_excerpt":"\u00a0\u00a0 \u00a0\u00a0 \u00a0\u00a0 \u00a0\u00a0 \u00a0\u00a0 \u00a0\u00a0 &nbsp; Fall Tailoring Interventions for Patient Safety &#8211;Fall TIPS\u00a0 O que \u00e9 o Programa Fall TIPS Brasil?\u00a0 O Fall TIPS Brasil \u00e9 um programa voltado a preven\u00e7\u00e3o de quedas hospitalares centrado no engajamento de pacientes, acompanhantes e profissionais de sa\u00fade de sa\u00fade. Como surgiu o Programa Fall TIPS e&hellip;","publishpress_future_action":{"enabled":false,"date":"2026-05-01 20:25:13","action":"change-status","newStatus":"draft","terms":[],"taxonomy":"","extraData":[]},"publishpress_future_workflow_manual_trigger":{"enabledWorkflows":[]},"_links":{"self":[{"href":"https:\/\/saude.ufpr.br\/enfermagem\/wp-json\/wp\/v2\/pages\/5238","targetHints":{"allow":["GET"]}}],"collection":[{"href":"https:\/\/saude.ufpr.br\/enfermagem\/wp-json\/wp\/v2\/pages"}],"about":[{"href":"https:\/\/saude.ufpr.br\/enfermagem\/wp-json\/wp\/v2\/types\/page"}],"author":[{"embeddable":true,"href":"https:\/\/saude.ufpr.br\/enfermagem\/wp-json\/wp\/v2\/users\/1675"}],"replies":[{"embeddable":true,"href":"https:\/\/saude.ufpr.br\/enfermagem\/wp-json\/wp\/v2\/comments?post=5238"}],"version-history":[{"count":22,"href":"https:\/\/saude.ufpr.br\/enfermagem\/wp-json\/wp\/v2\/pages\/5238\/revisions"}],"predecessor-version":[{"id":7629,"href":"https:\/\/saude.ufpr.br\/enfermagem\/wp-json\/wp\/v2\/pages\/5238\/revisions\/7629"}],"wp:attachment":[{"href":"https:\/\/saude.ufpr.br\/enfermagem\/wp-json\/wp\/v2\/media?parent=5238"}],"curies":[{"name":"wp","href":"https:\/\/api.w.org\/{rel}","templated":true}]}}