{"id":5254,"date":"2022-01-14T18:09:42","date_gmt":"2022-01-14T21:09:42","guid":{"rendered":"https:\/\/saude.ufpr.br\/enfermagem\/?page_id=5254"},"modified":"2022-09-03T18:24:35","modified_gmt":"2022-09-03T21:24:35","slug":"material-educativo-fall-tips","status":"publish","type":"page","link":"https:\/\/saude.ufpr.br\/enfermagem\/material-educativo-fall-tips\/","title":{"rendered":"Material Educativo &#8211; Fall TIPS"},"content":{"rendered":"<div>\n<p style=\"text-align: center\"><a href=\"https:\/\/saude.ufpr.br\/enfermagem\/projeto-fall-tips\/\"><img decoding=\"async\" class=\"alignnone size-thumbnail wp-image-5241\" src=\"https:\/\/saude.ufpr.br\/enfermagem\/wp-content\/uploads\/sites\/4\/2022\/01\/inicial-desativado-908x1024.png\" alt=\"\" width=\"145\" height=\"145\" \/><\/a> \u00a0\u00a0 <a href=\"https:\/\/saude.ufpr.br\/enfermagem\/sobre-o-fall-tips\/\"><img decoding=\"async\" class=\"alignnone size-thumbnail wp-image-5251\" src=\"https:\/\/saude.ufpr.br\/enfermagem\/wp-content\/uploads\/sites\/4\/2022\/01\/sobre-desativado-908x1024.png\" alt=\"\" width=\"145\" height=\"145\" \/><\/a> \u00a0\u00a0 <a href=\"https:\/\/saude.ufpr.br\/enfermagem\/sobre-a-implementacao\/\"><img decoding=\"async\" class=\"alignnone size-thumbnail wp-image-5240\" src=\"https:\/\/saude.ufpr.br\/enfermagem\/wp-content\/uploads\/sites\/4\/2022\/01\/implementacao-desativado-908x1024.png\" alt=\"\" width=\"145\" height=\"145\" \/><\/a> \u00a0\u00a0 <a href=\"https:\/\/saude.ufpr.br\/enfermagem\/sobre-a-equipe-fall-tips\/\"><img loading=\"lazy\" decoding=\"async\" class=\"alignnone size-thumbnail wp-image-5264\" src=\"https:\/\/saude.ufpr.br\/enfermagem\/wp-content\/uploads\/sites\/4\/2022\/01\/equipe-desativado-908x1024.png\" alt=\"\" width=\"145\" height=\"145\" \/><\/a> \u00a0\u00a0 <a href=\"https:\/\/saude.ufpr.br\/enfermagem\/instrumentos-fall-tips\/\"><img loading=\"lazy\" decoding=\"async\" class=\"alignnone size-thumbnail wp-image-5239\" src=\"https:\/\/saude.ufpr.br\/enfermagem\/wp-content\/uploads\/sites\/4\/2022\/05\/instrumentos-desativado-3-908x1024.png\" alt=\"\" width=\"145\" height=\"145\" \/><\/a> \u00a0\u00a0 <a href=\"https:\/\/saude.ufpr.br\/enfermagem\/material-educativo-fall-tips\/\"><img loading=\"lazy\" decoding=\"async\" class=\"alignnone size-thumbnail wp-image-5242\" src=\"https:\/\/saude.ufpr.br\/enfermagem\/wp-content\/uploads\/sites\/4\/2022\/01\/material-ativado-908x1024.png\" alt=\"\" width=\"145\" height=\"145\" \/><\/a> \u00a0\u00a0 <a href=\"https:\/\/saude.ufpr.br\/enfermagem\/producoes-cientificas-fall-tips\/\"><img loading=\"lazy\" decoding=\"async\" class=\"alignnone size-thumbnail wp-image-5243\" src=\"https:\/\/saude.ufpr.br\/enfermagem\/wp-content\/uploads\/sites\/4\/2022\/01\/producao-desativado-908x1024.png\" alt=\"\" width=\"145\" height=\"145\" \/><\/a><\/p>\n<\/div>\n<p><!-- O corpo --><\/p>\n<div>\n<h4><\/h4>\n<h4>Escolha a \u00e1rea de interesse:<\/h4>\n<p style=\"text-align: justify\"><a href=\"https:\/\/saude.ufpr.br\/enfermagem\/material-educativo-champions\/\"><img loading=\"lazy\" decoding=\"async\" src=\"https:\/\/saude.ufpr.br\/enfermagem\/wp-content\/uploads\/sites\/4\/2022\/09\/ARTE-FINAL-CHAMPION.png\" width=\"271\" height=\"360\" align=\"left\" \/><\/a><br \/>\nAtuam como elos com a lideran\u00e7a, e s\u00e3o os multiplicadores do programa na institui\u00e7\u00e3o, atuam como respons\u00e1veis pelo processo de implementa\u00e7\u00e3o. S\u00e3o profissionais de sa\u00fade, comumente enfermeiros, indicados pelos l\u00edderes assim que tenham completado o curso de capacita\u00e7\u00e3o sobre o programa <em>Fall<\/em> TIPS Brasil.<\/p>\n<\/div>\n<p>&nbsp;<\/p>\n<p>&nbsp;<\/p>\n<p>&nbsp;<\/p>\n<p>&nbsp;<\/p>\n<p>&nbsp;<\/p>\n<p>&nbsp;<\/p>\n<div>\n<p style=\"text-align: justify\"><a href=\"https:\/\/saude.ufpr.br\/enfermagem\/material-educativo-lideres\/\"><img loading=\"lazy\" decoding=\"async\" src=\"https:\/\/saude.ufpr.br\/enfermagem\/wp-content\/uploads\/sites\/4\/2022\/09\/ARTE-FINAL-LOBO-GUARA.png\" width=\"326\" height=\"327\" align=\"left\" \/><\/a><br \/>\nSelecionados pela gest\u00e3o, s\u00e3o os respons\u00e1veis por conduzir a implementa\u00e7\u00e3o. A lideran\u00e7a transformacional exercida de forma a reconhecer as habilidades dos envolvidos e encoraj\u00e1-los para ades\u00e3o e dissemina\u00e7\u00e3o do programa Fall TIPS Brasil \u00e9 um dos pilares para assegurar o sucesso do programa.<\/p>\n<\/div>\n<p>&nbsp;<\/p>\n<p>&nbsp;<\/p>\n<p>&nbsp;<\/p>\n<p>&nbsp;<\/p>\n<p>&nbsp;<\/p>\n<p>&nbsp;<\/p>\n<p>&nbsp;<\/p>\n<div>\n<p style=\"text-align: justify\"><a href=\"https:\/\/saude.ufpr.br\/enfermagem\/material-educativo-pacientes-e-acompanhantes\/\"><img loading=\"lazy\" decoding=\"async\" src=\"https:\/\/saude.ufpr.br\/enfermagem\/wp-content\/uploads\/sites\/4\/2022\/09\/ARTE-FINAL-PACIENTE-E-ACOMPANHANTE.png\" width=\"293\" height=\"270\" align=\"left\" \/><\/a><br \/>\nPossuem atribui\u00e7\u00f5es fundamentais e quando engajados participam ativamente do cuidado e preven\u00e7\u00e3o de quedas.<\/p>\n<\/div>\n<p>&nbsp;<\/p>\n<p>&nbsp;<\/p>\n<p>&nbsp;<\/p>\n<p>&nbsp;<\/p>\n<p>&nbsp;<\/p>\n<p>&nbsp;<\/p>\n<p>&nbsp;<\/p>\n<div>\n<p style=\"text-align: justify\"><a href=\"https:\/\/saude.ufpr.br\/enfermagem\/material-educativo-profissionais-saude\"><img loading=\"lazy\" decoding=\"async\" src=\"https:\/\/saude.ufpr.br\/enfermagem\/wp-content\/uploads\/sites\/4\/2022\/09\/ARTE-FINAL-PROFISSIONAL-DA-SAUDE.png\" width=\"354\" height=\"361\" align=\"left\" \/><\/a><br \/>\nPossuem papel de destaque no cuidado ao paciente, avalia\u00e7\u00e3o, educa\u00e7\u00e3o em sa\u00fade e consequentemente engajamento, al\u00e9m de, contribu\u00edrem no monitoramento, fiscaliza\u00e7\u00e3o, ades\u00e3o e dissemina\u00e7\u00e3o do programa Fall TIPS Brasil.<\/p>\n<\/div>\n<p>&nbsp;<\/p>\n<p>&nbsp;<\/p>\n<p>&nbsp;<\/p>\n<p>&nbsp;<\/p>\n<p>&nbsp;<\/p>\n<p>&nbsp;<\/p>\n<p>&nbsp;<\/p>\n<div>\n<p style=\"text-align: justify\"><span style=\"color: #2d4225\">Programa<i> Fall<\/i> TIPS Brasil nas redes sociais:<\/span><\/p>\n<p><a href=\"https:\/\/www.facebook.com\/falltipsbrasil\/\"><img loading=\"lazy\" decoding=\"async\" class=\"alignnone size-thumbnail wp-image-5234\" src=\"https:\/\/saude.ufpr.br\/enfermagem\/wp-content\/uploads\/sites\/4\/2022\/01\/facebook-logo-2019-thumb-150x150.png\" alt=\"\" width=\"60\" height=\"60\" \/> <\/a><a href=\"https:\/\/www.instagram.com\/falltipsbrasil\/\" target=\"_blank\" rel=\"https:\/\/www.instagram.com\/falltipsbrasil\/ noopener\"><img loading=\"lazy\" decoding=\"async\" class=\"alignnone wp-image-4009 size-thumbnail\" src=\"https:\/\/saude.ufpr.br\/enfermagem\/wp-content\/uploads\/sites\/4\/2020\/07\/logo-Instagram-150x150.png\" alt=\"\" width=\"55\" height=\"55\" srcset=\"https:\/\/saude.ufpr.br\/enfermagem\/wp-content\/uploads\/sites\/4\/2020\/07\/logo-Instagram-150x150.png 150w, https:\/\/saude.ufpr.br\/enfermagem\/wp-content\/uploads\/sites\/4\/2020\/07\/logo-Instagram-300x300.png 300w, https:\/\/saude.ufpr.br\/enfermagem\/wp-content\/uploads\/sites\/4\/2020\/07\/logo-Instagram-1024x1024.png 1024w, https:\/\/saude.ufpr.br\/enfermagem\/wp-content\/uploads\/sites\/4\/2020\/07\/logo-Instagram-768x768.png 768w, https:\/\/saude.ufpr.br\/enfermagem\/wp-content\/uploads\/sites\/4\/2020\/07\/logo-Instagram-1536x1536.png 1536w, https:\/\/saude.ufpr.br\/enfermagem\/wp-content\/uploads\/sites\/4\/2020\/07\/logo-Instagram-2048x2048.png 2048w\" sizes=\"(max-width: 55px) 100vw, 55px\" \/><\/a><a href=\"https:\/\/open.spotify.com\/show\/0vxQoPso6BYuhALoA9PMnD?si=875666517a414f0d&amp;nd=1\" target=\"_blank\" rel=\"https:\/\/open.spotify.com\/show\/0vxQoPso6BYuhALoA9PMnD?si=875666517a414f0d&amp;nd=1 noopener\"> \u00a0<img loading=\"lazy\" decoding=\"async\" class=\"alignnone\" src=\"https:\/\/logopng.com.br\/logos\/spotify-149.png\" alt=\"Spotify Logo (PNG e SVG) Download Vetorial Transparente\" width=\"55\" height=\"55\" \/> \u00a0<\/a><a href=\"https:\/\/www.youtube.com\/channel\/UCe_nLdzkQzcqAmMmARG7CAQ\/about\" target=\"_blank\" rel=\"https:\/\/www.youtube.com\/channel\/UCe_nLdzkQzcqAmMmARG7CAQ\/about noopener\"><img loading=\"lazy\" decoding=\"async\" class=\"alignnone\" src=\"https:\/\/www.apaulista.org.br\/wp-content\/uploads\/2021\/02\/youtube-logo.png\" alt=\"youtube-logo - APM\" width=\"55\" height=\"55\" \/><\/a><\/p>\n<p style=\"text-align: justify\">\n<\/div>\n","protected":false},"excerpt":{"rendered":"<p>\u00a0\u00a0 \u00a0\u00a0 \u00a0\u00a0 \u00a0\u00a0 \u00a0\u00a0 \u00a0\u00a0 Escolha a \u00e1rea de interesse: Atuam como elos com a lideran\u00e7a, e s\u00e3o os multiplicadores do programa na institui\u00e7\u00e3o, atuam como respons\u00e1veis pelo processo de implementa\u00e7\u00e3o. S\u00e3o profissionais de sa\u00fade, comumente enfermeiros, indicados pelos l\u00edderes assim que tenham completado o curso de capacita\u00e7\u00e3o sobre o programa Fall TIPS Brasil.<br \/> <a href=\"https:\/\/saude.ufpr.br\/enfermagem\/material-educativo-fall-tips\/\" class=\"button success small readmore\">Leia mais<\/a><\/p>\n","protected":false},"author":1675,"featured_media":0,"parent":0,"menu_order":0,"comment_status":"closed","ping_status":"closed","template":"","meta":{"_acf_changed":false,"_uag_custom_page_level_css":"","footnotes":""},"class_list":["post-5254","page","type-page","status-publish","hentry"],"acf":[],"featured_image_src":null,"uagb_featured_image_src":{"full":false,"thumbnail":false,"medium":false,"medium_large":false,"large":false,"1536x1536":false,"2048x2048":false,"noticias-thumb":false,"banners-thumb":false,"maisnoticias-thumb":false,"post-thumbnail":false},"uagb_author_info":{"display_name":"lucianagoncalves","author_link":"https:\/\/saude.ufpr.br\/enfermagem\/author\/lucianagoncalves\/"},"uagb_comment_info":0,"uagb_excerpt":"\u00a0\u00a0 \u00a0\u00a0 \u00a0\u00a0 \u00a0\u00a0 \u00a0\u00a0 \u00a0\u00a0 Escolha a \u00e1rea de interesse: Atuam como elos com a lideran\u00e7a, e s\u00e3o os multiplicadores do programa na institui\u00e7\u00e3o, atuam como respons\u00e1veis pelo processo de implementa\u00e7\u00e3o. S\u00e3o profissionais de sa\u00fade, comumente enfermeiros, indicados pelos l\u00edderes assim que tenham completado o curso de capacita\u00e7\u00e3o sobre o programa Fall TIPS Brasil.&hellip;","publishpress_future_action":{"enabled":false,"date":"2026-05-01 21:26:53","action":"change-status","newStatus":"draft","terms":[],"taxonomy":"","extraData":[]},"publishpress_future_workflow_manual_trigger":{"enabledWorkflows":[]},"_links":{"self":[{"href":"https:\/\/saude.ufpr.br\/enfermagem\/wp-json\/wp\/v2\/pages\/5254","targetHints":{"allow":["GET"]}}],"collection":[{"href":"https:\/\/saude.ufpr.br\/enfermagem\/wp-json\/wp\/v2\/pages"}],"about":[{"href":"https:\/\/saude.ufpr.br\/enfermagem\/wp-json\/wp\/v2\/types\/page"}],"author":[{"embeddable":true,"href":"https:\/\/saude.ufpr.br\/enfermagem\/wp-json\/wp\/v2\/users\/1675"}],"replies":[{"embeddable":true,"href":"https:\/\/saude.ufpr.br\/enfermagem\/wp-json\/wp\/v2\/comments?post=5254"}],"version-history":[{"count":19,"href":"https:\/\/saude.ufpr.br\/enfermagem\/wp-json\/wp\/v2\/pages\/5254\/revisions"}],"predecessor-version":[{"id":6331,"href":"https:\/\/saude.ufpr.br\/enfermagem\/wp-json\/wp\/v2\/pages\/5254\/revisions\/6331"}],"wp:attachment":[{"href":"https:\/\/saude.ufpr.br\/enfermagem\/wp-json\/wp\/v2\/media?parent=5254"}],"curies":[{"name":"wp","href":"https:\/\/api.w.org\/{rel}","templated":true}]}}