{"id":5349,"date":"2022-02-03T15:13:22","date_gmt":"2022-02-03T18:13:22","guid":{"rendered":"https:\/\/saude.ufpr.br\/enfermagem\/?page_id=5349"},"modified":"2025-07-22T13:49:51","modified_gmt":"2025-07-22T16:49:51","slug":"producoes-cientificas-fall-tips","status":"publish","type":"page","link":"https:\/\/saude.ufpr.br\/enfermagem\/producoes-cientificas-fall-tips\/","title":{"rendered":"Produ\u00e7\u00f5es Cient\u00edficas &#8211; Fall TIPS"},"content":{"rendered":"<div>\n<p style=\"text-align: center\"><a href=\"https:\/\/saude.ufpr.br\/enfermagem\/projeto-fall-tips\/\"><img decoding=\"async\" class=\"alignnone size-thumbnail wp-image-5241\" src=\"https:\/\/saude.ufpr.br\/enfermagem\/wp-content\/uploads\/sites\/4\/2022\/01\/inicial-desativado-908x1024.png\" alt=\"\" width=\"145\" height=\"145\" \/><\/a> \u00a0\u00a0 <a href=\"https:\/\/saude.ufpr.br\/enfermagem\/sobre-o-fall-tips\/\"><img decoding=\"async\" class=\"alignnone size-thumbnail wp-image-5245\" src=\"https:\/\/saude.ufpr.br\/enfermagem\/wp-content\/uploads\/sites\/4\/2022\/01\/sobre-desativado-908x1024.png\" alt=\"\" width=\"145\" height=\"145\" \/><\/a> \u00a0\u00a0 <a href=\"https:\/\/saude.ufpr.br\/enfermagem\/sobre-a-implementacao\/\"><img decoding=\"async\" class=\"alignnone size-thumbnail wp-image-5240\" src=\"https:\/\/saude.ufpr.br\/enfermagem\/wp-content\/uploads\/sites\/4\/2022\/01\/implementacao-desativado-908x1024.png\" alt=\"\" width=\"145\" height=\"145\" \/><\/a> \u00a0\u00a0 <a href=\"https:\/\/saude.ufpr.br\/enfermagem\/sobre-a-equipe-fall-tips\/\"><img loading=\"lazy\" decoding=\"async\" class=\"alignnone size-thumbnail wp-image-5239\" src=\"https:\/\/saude.ufpr.br\/enfermagem\/wp-content\/uploads\/sites\/4\/2022\/01\/equipe-desativado-908x1024.png\" alt=\"\" width=\"145\" height=\"145\" \/><\/a> \u00a0\u00a0 <a href=\"https:\/\/saude.ufpr.br\/enfermagem\/instrumentos-fall-tips\/\"><img loading=\"lazy\" decoding=\"async\" class=\"alignnone size-thumbnail wp-image-5239\" src=\"https:\/\/saude.ufpr.br\/enfermagem\/wp-content\/uploads\/sites\/4\/2022\/05\/instrumentos-desativado-3-908x1024.png\" alt=\"\" width=\"145\" height=\"145\" \/><\/a> \u00a0\u00a0 <a href=\"https:\/\/saude.ufpr.br\/enfermagem\/material-educativo-fall-tips\/\"><img loading=\"lazy\" decoding=\"async\" class=\"alignnone size-thumbnail wp-image-5242\" src=\"https:\/\/saude.ufpr.br\/enfermagem\/wp-content\/uploads\/sites\/4\/2022\/01\/material-desativado-908x1024.png\" alt=\"\" width=\"145\" height=\"145\" \/><\/a> \u00a0\u00a0 <a href=\"https:\/\/saude.ufpr.br\/enfermagem\/producoes-cientificas-fall-tips\/\"><img loading=\"lazy\" decoding=\"async\" class=\"alignnone size-thumbnail wp-image-5243\" src=\"https:\/\/saude.ufpr.br\/enfermagem\/wp-content\/uploads\/sites\/4\/2022\/01\/producao-ativado-908x1024.png\" alt=\"\" width=\"145\" height=\"145\" \/><\/a><\/p>\n<p>&nbsp;<\/p>\n<\/div>\n<p>Confira algumas produ\u00e7\u00f5es cint\u00edficas relacionadas ao programa <strong><em>Fall<\/em> TIPS Brasil\u00a0<\/strong>publicadas em peri\u00f3dicos online, revistas e reposit\u00f3rios digitais.<\/p>\n<p>&nbsp;<\/p>\n<p>&nbsp;<\/p>\n<p><!-- O corpo --><\/p>\n<div>\n<table>\n<tbody>\n<tr>\n<td style=\"text-align: center\"><strong>T\u00cdTULO DA PUBLICA\u00c7\u00c3O<\/strong><\/td>\n<td style=\"text-align: center\"><strong>ANO DA PUBLICA\u00c7\u00c3O<\/strong><\/td>\n<td style=\"text-align: center\"><strong>ACESSE O TEXTO COMPLETO:<\/strong><\/td>\n<\/tr>\n<tr>\n<td><span style=\"font-weight: 400\">AVALIA\u00c7\u00c3O DE TECNOLOGIA EDUCACIONAL DIGITAL SOBRE O PROGRAMA FALL TIPS BRASIL DE PREVEN\u00c7\u00c3O DE QUEDAS<\/span><\/td>\n<td style=\"text-align: center\"><span style=\"font-weight: 400\">2023<\/span><\/td>\n<td style=\"text-align: center\"><a href=\"https:\/\/revistas.udec.cl\/index.php\/cienciayenfermeria\/article\/view\/10950\/10663\"><span style=\"font-weight: 400\">Clique aqui!<\/span><\/a><\/td>\n<\/tr>\n<tr>\n<td><span style=\"font-weight: 400\">TECNOLOGIA EDUCATIVA PARA DISSEMINA\u00c7\u00c3O DO PROGRAMA FALL TIPS BRASIL<\/span><\/td>\n<td style=\"text-align: center\"><span style=\"font-weight: 400\">2024<\/span><\/td>\n<td style=\"text-align: center\"><a href=\"https:\/\/pesquisa.bvsalud.org\/portal\/resource\/pt\/biblio-1561940\"><span style=\"font-weight: 400\">Clique aqui!<\/span><\/a><\/td>\n<\/tr>\n<tr>\n<td><span style=\"font-weight: 400\">PROGRAMA FALL TAILORING INTERVENTIONS FOR PATIENT SAFETY BRASIL: ESTUDO DE AVALIABILIDADE EM HOSPITAL DE ENSINO<\/span><\/td>\n<td style=\"text-align: center\"><span style=\"font-weight: 400\">2024<\/span><\/td>\n<td style=\"text-align: center\"><a href=\"https:\/\/www.scielo.br\/j\/reben\/a\/nbdC5mfhkhPhTz9jXZcQCHj\/?lang=pt\"><span style=\"font-weight: 400\">Clique aqui!<\/span><\/a><\/td>\n<\/tr>\n<tr>\n<td><span style=\"font-weight: 400\">A ATUA\u00c7\u00c3O DO L\u00cdDER NA IMPLANTA\u00c7\u00c3O DO PROGRAMA FALL TIPS BRASIL: UMA TECNOLOGIA EDUCACIONAL<\/span><\/td>\n<td style=\"text-align: center\"><span style=\"font-weight: 400\">2022<\/span><\/td>\n<td style=\"text-align: center\"><a href=\"https:\/\/pesquisa.bvsalud.org\/portal\/resource\/pt\/biblio-1419203\"><span style=\"font-weight: 400\">Clique aqui!<\/span><\/a><\/td>\n<\/tr>\n<tr>\n<td><span style=\"font-weight: 400\">ABORDAGEM INICIAL DO GESTOR PARA IMPLANTA\u00c7\u00c3O DA INOVA\u00c7\u00c3O: UM MODELO DE DISSEMINA\u00c7\u00c3O DO FALL TIPS BRASIL<\/span><\/td>\n<td style=\"text-align: center\"><span style=\"font-weight: 400\">2021<\/span><\/td>\n<td style=\"text-align: center\"><a href=\"https:\/\/pesquisa.bvsalud.org\/portal\/resource\/pt\/biblio-1412537\"><span style=\"font-weight: 400\">Clique aqui!<\/span><\/a><\/td>\n<\/tr>\n<tr>\n<td><span style=\"font-weight: 400\">USO DO MAPA DA EMPATIA NA PRODU\u00c7\u00c3O TECNOL\u00d3GICA PARA PREVEN\u00c7\u00c3O DE QUEDAS HOSPITALARES<\/span><\/td>\n<td style=\"text-align: center\"><span style=\"font-weight: 400\">2023<\/span><\/td>\n<td style=\"text-align: center\"><a href=\"https:\/\/jhi.sbis.org.br\/index.php\/jhi-sbis\/article\/view\/1094\"><span style=\"font-weight: 400\">Clique aqui!<\/span><\/a><\/td>\n<\/tr>\n<tr>\n<td><span style=\"font-weight: 400\">ENGAJAMENTO DO PACIENTE EM PROGRAMAS DE QUEDAS HOSPITALARES: PERCURSO PARA A ELABORA\u00c7\u00c3O DE UM MANUAL<\/span><\/td>\n<td style=\"text-align: center\"><span style=\"font-weight: 400\">2021<\/span><\/td>\n<td style=\"text-align: center\"><a href=\"https:\/\/pesquisa.bvsalud.org\/portal\/resource\/pt\/biblio-1396806\"><span style=\"font-weight: 400\">Clique aqui!<\/span><\/a><\/td>\n<\/tr>\n<tr>\n<td><span style=\"font-weight: 400\">QUEDAS ENTRE PACIENTES INTERNADOS EM UM HOSPITAL P\u00daBLICO E DE ENSINO: UMA AN\u00c1LISE DAS NOTIFICA\u00c7\u00d5ES<\/span><\/td>\n<td style=\"text-align: center\"><span style=\"font-weight: 400\">2023<\/span><\/td>\n<td style=\"text-align: center\"><a href=\"https:\/\/periodicos.ufmg.br\/index.php\/reme\/article\/view\/38457\"><span style=\"font-weight: 400\">Clique aqui!<\/span><\/a><\/td>\n<\/tr>\n<tr>\n<td><span style=\"font-weight: 400\">DIAGN\u00d3STICOS DE ENFERMAGEM NO CUIDADO ANTES E AP\u00d3S A OCORR\u00caNCIA DE QUEDAS HOSPITALARES COM OU SEM DANO<\/span><\/td>\n<td style=\"text-align: center\"><span style=\"font-weight: 400\">2021<\/span><\/td>\n<td style=\"text-align: center\"><a href=\"https:\/\/eventos.congresse.me\/conssae\/resumos\/19663.pdf\"><span style=\"font-weight: 400\">Clique aqui!<\/span><\/a><\/td>\n<\/tr>\n<tr>\n<td><span style=\"font-weight: 400\">ENGAJAMENTO DO PACIENTE EM PROGRAMAS DE QUEDAS HOSPITALARES: PERCURSO PARA A ELABORA\u00c7\u00c3O DE UM MANUAL<\/span><\/td>\n<td style=\"text-align: center\"><span style=\"font-weight: 400\">2021<\/span><\/td>\n<td style=\"text-align: center\"><a href=\"https:\/\/pesquisa.bvsalud.org\/portal\/resource\/pt\/biblio-1396806\"><span style=\"font-weight: 400\">Clique aqui!<\/span><\/a><\/td>\n<\/tr>\n<tr>\n<td><span style=\"font-weight: 400\">TECNOLOGIAS DIGITAIS UTILIZADAS PARA PREVEN\u00c7\u00c3O DE QUEDAS NO AMBIENTE HOSPITALAR: REVIS\u00c3O INTEGRATIVA<\/span><\/td>\n<td style=\"text-align: center\"><span style=\"font-weight: 400\">2023<\/span><\/td>\n<td style=\"text-align: center\"><a href=\"https:\/\/www.revistas.uevora.pt\/index.php\/saude_envelhecimento\/article\/view\/624\"><span style=\"font-weight: 400\">Clique aqui!<\/span><\/a><\/td>\n<\/tr>\n<tr>\n<td><span style=\"font-weight: 400\">SEGURAN\u00c7A DO PACIENTE NA UNIDADE DE PRONTO ATENDIMENTO: UMA REVIS\u00c3O INTEGRATIVA<\/span><\/td>\n<td style=\"text-align: center\"><span style=\"font-weight: 400\">2022<\/span><\/td>\n<td style=\"text-align: center\"><a href=\"https:\/\/digitaleditora.com.br\/uploads\/arquivos\/b1affa32b8d39c5f451cabf67e652d3923122022161258.pdf\"><span style=\"font-weight: 400\">Clique aqui!<\/span><\/a><\/td>\n<\/tr>\n<\/tbody>\n<\/table>\n<\/div>\n","protected":false},"excerpt":{"rendered":"<p>\u00a0\u00a0 \u00a0\u00a0 \u00a0\u00a0 \u00a0\u00a0 \u00a0\u00a0 \u00a0\u00a0 &nbsp; Confira algumas produ\u00e7\u00f5es cint\u00edficas relacionadas ao programa Fall TIPS Brasil\u00a0publicadas em peri\u00f3dicos online, revistas e reposit\u00f3rios digitais. &nbsp; &nbsp; T\u00cdTULO DA PUBLICA\u00c7\u00c3O ANO DA PUBLICA\u00c7\u00c3O ACESSE O TEXTO COMPLETO: AVALIA\u00c7\u00c3O DE TECNOLOGIA EDUCACIONAL DIGITAL SOBRE O PROGRAMA FALL TIPS BRASIL DE PREVEN\u00c7\u00c3O DE QUEDAS 2023 Clique aqui! TECNOLOGIA<br \/> <a href=\"https:\/\/saude.ufpr.br\/enfermagem\/producoes-cientificas-fall-tips\/\" class=\"button success small readmore\">Leia mais<\/a><\/p>\n","protected":false},"author":1675,"featured_media":0,"parent":0,"menu_order":0,"comment_status":"closed","ping_status":"closed","template":"","meta":{"_acf_changed":false,"_uag_custom_page_level_css":"","footnotes":""},"class_list":["post-5349","page","type-page","status-publish","hentry"],"acf":[],"featured_image_src":null,"uagb_featured_image_src":{"full":false,"thumbnail":false,"medium":false,"medium_large":false,"large":false,"1536x1536":false,"2048x2048":false,"noticias-thumb":false,"banners-thumb":false,"maisnoticias-thumb":false,"post-thumbnail":false},"uagb_author_info":{"display_name":"lucianagoncalves","author_link":"https:\/\/saude.ufpr.br\/enfermagem\/author\/lucianagoncalves\/"},"uagb_comment_info":0,"uagb_excerpt":"\u00a0\u00a0 \u00a0\u00a0 \u00a0\u00a0 \u00a0\u00a0 \u00a0\u00a0 \u00a0\u00a0 &nbsp; Confira algumas produ\u00e7\u00f5es cint\u00edficas relacionadas ao programa Fall TIPS Brasil\u00a0publicadas em peri\u00f3dicos online, revistas e reposit\u00f3rios digitais. &nbsp; &nbsp; T\u00cdTULO DA PUBLICA\u00c7\u00c3O ANO DA PUBLICA\u00c7\u00c3O ACESSE O TEXTO COMPLETO: AVALIA\u00c7\u00c3O DE TECNOLOGIA EDUCACIONAL DIGITAL SOBRE O PROGRAMA FALL TIPS BRASIL DE PREVEN\u00c7\u00c3O DE QUEDAS 2023 Clique aqui! TECNOLOGIA&hellip;","publishpress_future_action":{"enabled":false,"date":"2026-05-02 21:53:49","action":"change-status","newStatus":"draft","terms":[],"taxonomy":"","extraData":[]},"publishpress_future_workflow_manual_trigger":{"enabledWorkflows":[]},"_links":{"self":[{"href":"https:\/\/saude.ufpr.br\/enfermagem\/wp-json\/wp\/v2\/pages\/5349","targetHints":{"allow":["GET"]}}],"collection":[{"href":"https:\/\/saude.ufpr.br\/enfermagem\/wp-json\/wp\/v2\/pages"}],"about":[{"href":"https:\/\/saude.ufpr.br\/enfermagem\/wp-json\/wp\/v2\/types\/page"}],"author":[{"embeddable":true,"href":"https:\/\/saude.ufpr.br\/enfermagem\/wp-json\/wp\/v2\/users\/1675"}],"replies":[{"embeddable":true,"href":"https:\/\/saude.ufpr.br\/enfermagem\/wp-json\/wp\/v2\/comments?post=5349"}],"version-history":[{"count":12,"href":"https:\/\/saude.ufpr.br\/enfermagem\/wp-json\/wp\/v2\/pages\/5349\/revisions"}],"predecessor-version":[{"id":7600,"href":"https:\/\/saude.ufpr.br\/enfermagem\/wp-json\/wp\/v2\/pages\/5349\/revisions\/7600"}],"wp:attachment":[{"href":"https:\/\/saude.ufpr.br\/enfermagem\/wp-json\/wp\/v2\/media?parent=5349"}],"curies":[{"name":"wp","href":"https:\/\/api.w.org\/{rel}","templated":true}]}}