{"id":5450,"date":"2022-04-20T14:56:44","date_gmt":"2022-04-20T17:56:44","guid":{"rendered":"https:\/\/saude.ufpr.br\/enfermagem\/?page_id=5450"},"modified":"2022-04-20T14:56:44","modified_gmt":"2022-04-20T17:56:44","slug":"nepes","status":"publish","type":"page","link":"https:\/\/saude.ufpr.br\/enfermagem\/nepes\/","title":{"rendered":"N\u00daCLEO DE ENSINO, PESQUISA E EXTENS\u00c3O EM SA\u00daDE &#8211; NEPES"},"content":{"rendered":"<p><a href=\"https:\/\/saude.ufpr.br\/enfermagem\/lipvisa\/\" rel=\"attachment wp-att-5471\"><img decoding=\"async\" class=\"alignnone wp-image-5471\" src=\"https:\/\/saude.ufpr.br\/enfermagem\/wp-content\/uploads\/sites\/4\/2022\/03\/lipvisa-300x300.png\" alt=\"\" width=\"120\" height=\"120\" srcset=\"https:\/\/saude.ufpr.br\/enfermagem\/wp-content\/uploads\/sites\/4\/2022\/03\/lipvisa-300x300.png 300w, https:\/\/saude.ufpr.br\/enfermagem\/wp-content\/uploads\/sites\/4\/2022\/03\/lipvisa-150x150.png 150w, https:\/\/saude.ufpr.br\/enfermagem\/wp-content\/uploads\/sites\/4\/2022\/03\/lipvisa.png 500w\" sizes=\"(max-width: 120px) 100vw, 120px\" \/><\/a><a href=\"https:\/\/saude.ufpr.br\/enfermagem\/nepes-labesi\/\" rel=\"attachment wp-att-5687\"><img decoding=\"async\" class=\"alignnone size-medium wp-image-5708\" src=\"https:\/\/saude.ufpr.br\/enfermagem\/wp-content\/uploads\/sites\/4\/2022\/04\/LABESI_LOGO_-300x300.png\" alt=\"\" width=\"120\" height=\"120\" srcset=\"https:\/\/saude.ufpr.br\/enfermagem\/wp-content\/uploads\/sites\/4\/2022\/04\/LABESI_LOGO_-300x300.png 300w, https:\/\/saude.ufpr.br\/enfermagem\/wp-content\/uploads\/sites\/4\/2022\/04\/LABESI_LOGO_-150x150.png 150w, https:\/\/saude.ufpr.br\/enfermagem\/wp-content\/uploads\/sites\/4\/2022\/04\/LABESI_LOGO_.png 500w\" sizes=\"(max-width: 120px) 100vw, 120px\" \/><\/a><a href=\"https:\/\/saude.ufpr.br\/enfermagem\/nepes\/\"><img decoding=\"async\" class=\"alignnone wp-image-5454 \" src=\"https:\/\/saude.ufpr.br\/enfermagem\/wp-content\/uploads\/sites\/4\/2022\/03\/Nucleo-de-ensino-pesquisa-e-extensao-em-saude.png\" alt=\"\" width=\"120\" height=\"120\" srcset=\"https:\/\/saude.ufpr.br\/enfermagem\/wp-content\/uploads\/sites\/4\/2022\/03\/Nucleo-de-ensino-pesquisa-e-extensao-em-saude.png 225w, https:\/\/saude.ufpr.br\/enfermagem\/wp-content\/uploads\/sites\/4\/2022\/03\/Nucleo-de-ensino-pesquisa-e-extensao-em-saude-150x150.png 150w\" sizes=\"(max-width: 120px) 100vw, 120px\" \/><\/a><a style=\"border-radius: 30%;border: 100px;color: #76c7ca\" href=\"https:\/\/saude.ufpr.br\/enfermagem\/nepes-atividades\/\" rel=\"attachment wp-att-5472\"><img loading=\"lazy\" decoding=\"async\" class=\"alignnone size-medium wp-image-5601\" src=\"https:\/\/saude.ufpr.br\/enfermagem\/wp-content\/uploads\/sites\/4\/2022\/04\/ATIVIDADES_E_MIDIAS_SOCIAIS-300x300.png\" alt=\"\" width=\"120\" height=\"120\" srcset=\"https:\/\/saude.ufpr.br\/enfermagem\/wp-content\/uploads\/sites\/4\/2022\/04\/ATIVIDADES_E_MIDIAS_SOCIAIS-300x300.png 300w, https:\/\/saude.ufpr.br\/enfermagem\/wp-content\/uploads\/sites\/4\/2022\/04\/ATIVIDADES_E_MIDIAS_SOCIAIS-150x150.png 150w, https:\/\/saude.ufpr.br\/enfermagem\/wp-content\/uploads\/sites\/4\/2022\/04\/ATIVIDADES_E_MIDIAS_SOCIAIS.png 500w\" sizes=\"(max-width: 120px) 100vw, 120px\" \/><\/a><a href=\"https:\/\/saude.ufpr.br\/enfermagem\/nepes-projetos\/\" rel=\"attachment wp-att-5604\"><img loading=\"lazy\" decoding=\"async\" class=\"alignnone size-medium wp-image-5604\" src=\"https:\/\/saude.ufpr.br\/enfermagem\/wp-content\/uploads\/sites\/4\/2022\/04\/PROJETOS_-300x300.png\" alt=\"\" width=\"120\" height=\"120\" srcset=\"https:\/\/saude.ufpr.br\/enfermagem\/wp-content\/uploads\/sites\/4\/2022\/04\/PROJETOS_-300x300.png 300w, https:\/\/saude.ufpr.br\/enfermagem\/wp-content\/uploads\/sites\/4\/2022\/04\/PROJETOS_-150x150.png 150w, https:\/\/saude.ufpr.br\/enfermagem\/wp-content\/uploads\/sites\/4\/2022\/04\/PROJETOS_.png 500w\" sizes=\"(max-width: 120px) 100vw, 120px\" \/><\/a><a href=\"https:\/\/saude.ufpr.br\/enfermagem\/nepes-produtos\/\" rel=\"attachment wp-att-5599\"><img loading=\"lazy\" decoding=\"async\" class=\"alignnone size-medium wp-image-5599\" src=\"https:\/\/saude.ufpr.br\/enfermagem\/wp-content\/uploads\/sites\/4\/2022\/04\/PRODUTOS-300x300.png\" alt=\"\" width=\"120\" height=\"120\" srcset=\"https:\/\/saude.ufpr.br\/enfermagem\/wp-content\/uploads\/sites\/4\/2022\/04\/PRODUTOS-300x300.png 300w, https:\/\/saude.ufpr.br\/enfermagem\/wp-content\/uploads\/sites\/4\/2022\/04\/PRODUTOS-150x150.png 150w, https:\/\/saude.ufpr.br\/enfermagem\/wp-content\/uploads\/sites\/4\/2022\/04\/PRODUTOS.png 500w\" sizes=\"(max-width: 120px) 100vw, 120px\" \/><\/a><a href=\"https:\/\/saude.ufpr.br\/enfermagem\/nepes-guia-de-recomendacoes\/\" rel=\"attachment wp-att-5602\"><img loading=\"lazy\" decoding=\"async\" class=\"alignnone size-medium wp-image-5602\" src=\"https:\/\/saude.ufpr.br\/enfermagem\/wp-content\/uploads\/sites\/4\/2022\/04\/GUIA_REC_COVID19-300x300.png\" alt=\"\" width=\"120\" height=\"120\" srcset=\"https:\/\/saude.ufpr.br\/enfermagem\/wp-content\/uploads\/sites\/4\/2022\/04\/GUIA_REC_COVID19-300x300.png 300w, https:\/\/saude.ufpr.br\/enfermagem\/wp-content\/uploads\/sites\/4\/2022\/04\/GUIA_REC_COVID19-150x150.png 150w, https:\/\/saude.ufpr.br\/enfermagem\/wp-content\/uploads\/sites\/4\/2022\/04\/GUIA_REC_COVID19.png 500w\" sizes=\"(max-width: 120px) 100vw, 120px\" \/><\/a><a href=\"https:\/\/saude.ufpr.br\/enfermagem\/nepes-premios\/\" rel=\"attachment wp-att-5536\"><img loading=\"lazy\" decoding=\"async\" class=\"alignnone wp-image-5536\" src=\"https:\/\/saude.ufpr.br\/enfermagem\/wp-content\/uploads\/sites\/4\/2022\/04\/premios-300x300.png\" alt=\"\" width=\"100\" height=\"100\" srcset=\"https:\/\/saude.ufpr.br\/enfermagem\/wp-content\/uploads\/sites\/4\/2022\/04\/premios-300x300.png 300w, https:\/\/saude.ufpr.br\/enfermagem\/wp-content\/uploads\/sites\/4\/2022\/04\/premios-150x150.png 150w, https:\/\/saude.ufpr.br\/enfermagem\/wp-content\/uploads\/sites\/4\/2022\/04\/premios.png 500w\" sizes=\"(max-width: 100px) 100vw, 100px\" \/><\/a><\/p>\n<h2 style=\"color: #008b8b;text-align: center\">QUEM SOMOS<\/h2>\n<p>&nbsp;<\/p>\n<p style=\"text-align: left\">\u00a0\u00a0\u00a0\u00a0\u00a0\u00a0\u00a0\u00a0\u00a0\u00a0 O <strong>NEPES<\/strong> (N\u00facleo de Ensino, Pesquisa e Extens\u00e3o em Sa\u00fade), da Universidade Federal do Paran\u00e1 (UFPR), nasce no final de 2019, com o prop\u00f3sito de monitorar as doen\u00e7as transmiss\u00edveis incidentes na comunidade acad\u00eamica. Com o advento da pandemia do novo Coronav\u00edrus (SARS-CoV-2) em 2020, as atividades de vigil\u00e2ncia epidemiol\u00f3gica concentraram-se no COVID-19.<\/p>\n<p style=\"text-align: left\">\u00a0\u00a0\u00a0\u00a0\u00a0\u00a0\u00a0\u00a0\u00a0 Desde ent\u00e3o, o Projeto, que se divide em Extens\u00e3o e Pesquisa, tem trabalhado sem medir esfor\u00e7os, com um time composto majoritariamente por graduandos de diversas \u00e1reas e cursos e, cinco docentes do Curso de Enfermagem. Este time, com mais de 30 integrantes, se organizam em cinco grandes equipes, a saber: monitoramento e rastreamento; notifica\u00e7\u00e3o; m\u00eddias sociais; pesquisa; e, e-mail. E, assim, atende \u00e0s demandas da comunidade acad\u00eamica dos Campi UFPR.<\/p>\n<p style=\"text-align: left\">\u00a0\u00a0\u00a0\u00a0\u00a0\u00a0\u00a0\u00a0\u00a0 Os graduandos se enquadram entre os bolsistas e os volunt\u00e1rios, e cursam os seguintes cursos: Enfermagem; Medicina;\u00a0 Biomedicina; Farm\u00e1cia; Nutri\u00e7\u00e3o; Terapia Ocupacional; Engenharia Mec\u00e2nica; Inform\u00e1tica Biom\u00e9dica; Jornalismo. Assim, o trabalho \u00e9 desenvolvido sob a \u00f3tica da educa\u00e7\u00e3o interprofissional, somando-se \u00e1reas de conhecimento diversas.<\/p>\n<p>&nbsp;<\/p>\n<h2 style=\"color: #008b8b;text-align: center\">MEMBROS<\/h2>\n<p>&nbsp;<\/p>\n<table>\n<thead>\n<tr>\n<td style=\"border: 0px;text-align: center\"><a href=\"http:\/\/lattes.cnpq.br\/0224441398584273\"><img loading=\"lazy\" decoding=\"async\" class=\"alignnone wp-image-5269\" style=\"border-radius: 50%\" src=\"https:\/\/saude.ufpr.br\/enfermagem\/wp-content\/uploads\/sites\/4\/2022\/03\/docente-daiana-300x300.png\" alt=\"\" width=\"90\" height=\"90\" \/><\/a><\/td>\n<td style=\"border: 0px;text-align: center\"><a href=\"http:\/\/lattes.cnpq.br\/6166579062399881\"><img loading=\"lazy\" decoding=\"async\" class=\"alignnone wp-image-5268\" style=\"border-radius: 50%\" src=\"https:\/\/saude.ufpr.br\/enfermagem\/wp-content\/uploads\/sites\/4\/2022\/03\/docente-marcia-e1648151522258-300x300.jpg\" alt=\"\" width=\"90\" height=\"90\" \/><\/a><\/td>\n<td style=\"border: 0px;text-align: center\"><a href=\"http:\/\/lattes.cnpq.br\/1746446265812460\"><img loading=\"lazy\" decoding=\"async\" class=\"alignnone wp-image-5267\" style=\"border-radius: 50%\" src=\"https:\/\/saude.ufpr.br\/enfermagem\/wp-content\/uploads\/sites\/4\/2022\/03\/docente-rafaela-e1648151294573-300x300.jpg\" alt=\"\" width=\"90\" height=\"90\" \/><\/a><\/td>\n<td style=\"border: 0px;text-align: center\"><a href=\"http:\/\/lattes.cnpq.br\/8473012833980358\"><img loading=\"lazy\" decoding=\"async\" class=\"alignnone wp-image-5267\" style=\"border-radius: 50%\" src=\"https:\/\/saude.ufpr.br\/enfermagem\/wp-content\/uploads\/sites\/4\/2022\/04\/docente-shirley-289x300.png\" alt=\"\" width=\"90\" height=\"90\" \/><\/a><\/td>\n<td style=\"border: 0px;text-align: center\"><a href=\"http:\/\/lattes.cnpq.br\/8027027232828519\"><img loading=\"lazy\" decoding=\"async\" class=\"alignnone wp-image-5267\" style=\"border-radius: 50%\" src=\"https:\/\/saude.ufpr.br\/enfermagem\/wp-content\/uploads\/sites\/4\/2022\/04\/docente-laura-300x300.png\" alt=\"\" width=\"90\" height=\"90\" \/><\/a><\/td>\n<\/tr>\n<\/thead>\n<tbody>\n<tr>\n<td style=\"border: 0px;text-align: center\"><a href=\"http:\/\/lattes.cnpq.br\/0224441398584273\">Prof\u00aa Dr\u00aa Daiana Kloh Khalaf<\/a><\/td>\n<td style=\"border: 0px;text-align: center\"><a href=\"http:\/\/lattes.cnpq.br\/6166579062399881\">Prof\u00aa Dr\u00aa M\u00e1rcia Helena de Souza Freire <\/a><\/td>\n<td style=\"border: 0px;text-align: center\"><a href=\"http:\/\/lattes.cnpq.br\/1746446265812460\">Prof\u00aa Dr\u00aa Rafaela Gessner Louren\u00e7o<\/a><\/td>\n<td style=\"border: 0px;text-align: center\"><a href=\"http:\/\/lattes.cnpq.br\/8473012833980358\">Prof\u00aa Dr\u00aa Shirley Boller<\/a><\/td>\n<td style=\"border: 0px;text-align: center\"><a href=\"\/\/lattes.cnpq.br\/7929386229912337\">Prof\u00aa Dr\u00aa Laura Christina Macedo<\/a><\/td>\n<\/tr>\n<tr>\n<td style=\"border: 0px;text-align: center\">Docente Coordenadora<\/td>\n<td style=\"border: 0px;border-left: 2px solid #c0e9af;text-align: center\">Docente Participante<\/td>\n<td style=\"border: 0px;border-left: 2px solid #c0e9af;text-align: center\">Docente Participante<\/td>\n<td style=\"border: 0px;border-left: 2px solid #c0e9af;text-align: center\">Docente Participante<\/td>\n<td style=\"border: 0px;border-left: 2px solid #c0e9af;text-align: center\">Docente Participante<\/td>\n<\/tr>\n<\/tbody>\n<\/table>\n<p>&nbsp;<\/p>\n<table>\n<thead>\n<tr>\n<td style=\"border: 0px;text-align: center\"><a href=\"http:\/\/lattes.cnpq.br\/0058075035812178\"><img loading=\"lazy\" decoding=\"async\" class=\"alignnone wp-image-5269\" style=\"border-radius: 50%\" src=\"https:\/\/saude.ufpr.br\/enfermagem\/wp-content\/uploads\/sites\/4\/2022\/01\/graduacao-paula-300x300.png\" alt=\"\" width=\"90\" height=\"90\" \/><\/a><\/td>\n<td style=\"border: 0px;text-align: center\"><a href=\"http:\/\/lattes.cnpq.br\/8191580569394323\"><img loading=\"lazy\" decoding=\"async\" class=\"alignnone wp-image-5268\" style=\"border-radius: 50%\" src=\"https:\/\/saude.ufpr.br\/enfermagem\/wp-content\/uploads\/sites\/4\/2022\/03\/foto1-281x300.jpg\" alt=\"\" width=\"90\" height=\"90\" \/><\/a><\/td>\n<td style=\"border: 0px;text-align: center\"><a href=\"http:\/\/lattes.cnpq.br\/8027027232828519\"><img loading=\"lazy\" decoding=\"async\" class=\"alignnone wp-image-5267\" style=\"border-radius: 50%\" src=\"https:\/\/saude.ufpr.br\/enfermagem\/wp-content\/uploads\/sites\/4\/2022\/03\/discente-paloma-300x300.jpg\" alt=\"\" width=\"90\" height=\"90\" \/><\/a><\/td>\n<td style=\"border: 0px;text-align: center\"><a href=\"http:\/\/lattes.cnpq.br\/8092648129563005\"><img loading=\"lazy\" decoding=\"async\" class=\"alignnone wp-image-5267\" style=\"border-radius: 50%\" src=\"https:\/\/saude.ufpr.br\/enfermagem\/wp-content\/uploads\/sites\/4\/2022\/03\/discente-yan-300x300.png\" alt=\"\" width=\"90\" height=\"90\" \/><\/a><\/td>\n<td style=\"border: 0px;text-align: center\"><a href=\"http:\/\/lattes.cnpq.br\/8027027232828519\"><img loading=\"lazy\" decoding=\"async\" class=\"alignnone wp-image-5267\" style=\"border-radius: 50%\" src=\"https:\/\/saude.ufpr.br\/enfermagem\/wp-content\/uploads\/sites\/4\/2022\/03\/discente-celini-e1648151970684-300x300.jpg\" alt=\"\" width=\"90\" height=\"90\" \/><\/a><\/td>\n<\/tr>\n<\/thead>\n<tbody>\n<tr>\n<td style=\"border: 0px;text-align: center\"><a href=\"http:\/\/lattes.cnpq.br\/0058075035812178\">Paula Melo de Freitas<\/a><\/td>\n<td style=\"border: 0px;border-left: 2px solid white;text-align: center\">Maria Clara de Campos Salik<\/td>\n<td style=\"border: 0px;border-left: 2px solid white;text-align: center\"><span class=\"JsGRdQ\">Paloma Bas\u00edlio Marynowski<\/span><\/td>\n<td style=\"border: 0px;border-left: 2px solid white;text-align: center\"><a href=\"http:\/\/lattes.cnpq.br\/8092648129563005\">Yan Kubiak<\/a><\/td>\n<td style=\"border: 0px;border-left: 2px solid white;text-align: center\"><a href=\"http:\/\/lattes.cnpq.br\/5485941015189095\">Celini Medina<\/a><\/td>\n<\/tr>\n<tr>\n<td style=\"border: 0px;text-align: center\">Discente de Inform\u00e1tica Biom\u00e9dica<\/td>\n<td style=\"border: 0px;border-left: 2px solid #c0e9af;text-align: center\">Discente de Inform\u00e1tica Biom\u00e9dica<\/td>\n<td style=\"border: 0px;border-left: 2px solid #c0e9af;text-align: center\">Discente de Biomedicina<\/td>\n<td style=\"border: 0px;border-left: 2px solid #c0e9af;text-align: center\">Discente de Medicina<\/td>\n<td style=\"border: 0px;border-left: 2px solid #c0e9af;text-align: center\">Discente de Enfermagem<\/td>\n<\/tr>\n<\/tbody>\n<\/table>\n<p>&nbsp;<\/p>\n<p>&nbsp;<\/p>\n<table>\n<thead>\n<tr>\n<td style=\"border: 0px;text-align: center\"><a href=\"http:\/\/lattes.cnpq.br\/0058075035812178\"><img loading=\"lazy\" decoding=\"async\" class=\"alignnone wp-image-5269\" style=\"border-radius: 50%\" src=\"https:\/\/saude.ufpr.br\/enfermagem\/wp-content\/uploads\/sites\/4\/2022\/03\/discente-victoria-e1648151626218-300x297.jpg\" alt=\"\" width=\"90\" height=\"90\" \/><\/a><\/td>\n<td style=\"border: 0px;text-align: center\"><a href=\"http:\/\/lattes.cnpq.br\/8191580569394323\"><img loading=\"lazy\" decoding=\"async\" class=\"alignnone wp-image-5268\" style=\"border-radius: 50%\" src=\"https:\/\/saude.ufpr.br\/enfermagem\/wp-content\/uploads\/sites\/4\/2022\/03\/discente-antonio-300x300.jpg\" alt=\"\" width=\"90\" height=\"90\" \/><\/a><\/td>\n<td style=\"border: 0px;text-align: center\"><a href=\"http:\/\/lattes.cnpq.br\/8027027232828519\"><img loading=\"lazy\" decoding=\"async\" class=\"alignnone wp-image-5267\" style=\"border-radius: 50%\" src=\"https:\/\/saude.ufpr.br\/enfermagem\/wp-content\/uploads\/sites\/4\/2022\/03\/discente-camila-300x300.jpg\" alt=\"\" width=\"90\" height=\"90\" \/><\/a><\/td>\n<td style=\"border: 0px;text-align: center\"><a href=\"http:\/\/lattes.cnpq.br\/8027027232828519\"><img loading=\"lazy\" decoding=\"async\" class=\"alignnone wp-image-5267\" style=\"border-radius: 50%\" src=\"https:\/\/saude.ufpr.br\/enfermagem\/wp-content\/uploads\/sites\/4\/2022\/03\/discente-suelen-e1648151711517-300x300.png\" alt=\"\" width=\"90\" height=\"90\" \/><\/a><\/td>\n<td style=\"border: 0px;text-align: center\"><a href=\"http:\/\/lattes.cnpq.br\/8027027232828519\"><img loading=\"lazy\" decoding=\"async\" class=\"alignnone wp-image-5267\" style=\"border-radius: 50%\" src=\"https:\/\/saude.ufpr.br\/enfermagem\/wp-content\/uploads\/sites\/4\/2022\/03\/discente-pamela-e1648151818898-300x300.png\" alt=\"\" width=\"90\" height=\"90\" \/><\/a><\/td>\n<\/tr>\n<\/thead>\n<tbody>\n<tr>\n<td style=\"border: 0px;border-left: 2px solid white;text-align: center\"><a href=\"http:\/\/lattes.cnpq.br\/0707177382710226\">Victoria Schmitt<\/a><\/td>\n<td style=\"border: 0px;border-left: 2px solid white;text-align: center\"><a href=\"http:\/\/lattes.cnpq.br\/3700673289775903\">Ant\u00f4nio Rodrigues<\/a><\/td>\n<td style=\"border: 0px;border-left: 2px solid white;text-align: center\"><a href=\"http:\/\/lattes.cnpq.br\/6045163783489228\">Camila Ribeiro<\/a><\/td>\n<td style=\"border: 0px;border-left: 2px solid white;text-align: center\"><a href=\"http:\/\/lattes.cnpq.br\/9083806976538730\">Suelen Bertoli Alves Dias <\/a><\/td>\n<td style=\"border: 0px;border-left: 2px solid white;text-align: center\"><a href=\"http:\/\/lattes.cnpq.br\/4384100834621789\">Pamela Paix\u00e3o <\/a><\/td>\n<\/tr>\n<tr>\n<td style=\"border: 0px;border-left: 2px solid #c0e9af;text-align: center\">Discente de Enfermagem<\/td>\n<td style=\"border: 0px;border-left: 2px solid #c0e9af;text-align: center\">Discente de Enfermagem<\/td>\n<td style=\"border: 0px;border-left: 2px solid #c0e9af;text-align: center\">Discente de Biomedicina<\/td>\n<td style=\"border: 0px;border-left: 2px solid #c0e9af;text-align: center\">Discente de Enfermagem<\/td>\n<td style=\"border: 0px;border-left: 2px solid #c0e9af;text-align: center\">Discente de Terapia Ocupacional<\/td>\n<\/tr>\n<\/tbody>\n<\/table>\n<p>&nbsp;<\/p>\n<table>\n<thead>\n<tr>\n<td style=\"border: 0px;text-align: center\"><a href=\"http:\/\/lattes.cnpq.br\/8027027232828519\"><img loading=\"lazy\" decoding=\"async\" class=\"alignnone wp-image-5267\" style=\"border-radius: 50%\" src=\"https:\/\/saude.ufpr.br\/enfermagem\/wp-content\/uploads\/sites\/4\/2022\/04\/discente-gustavo-300x300.jpg\" alt=\"\" width=\"90\" height=\"90\" \/><\/a><\/td>\n<td style=\"border: 0px;text-align: center\"><a href=\"http:\/\/lattes.cnpq.br\/8027027232828519\"><img loading=\"lazy\" decoding=\"async\" class=\"alignnone wp-image-5267\" style=\"border-radius: 50%\" src=\"https:\/\/saude.ufpr.br\/enfermagem\/wp-content\/uploads\/sites\/4\/2022\/04\/discente-joao-300x300.jpg\" alt=\"\" width=\"90\" height=\"90\" \/><\/a><\/td>\n<td style=\"border: 0px;text-align: center\"><a href=\"http:\/\/lattes.cnpq.br\/8027027232828519\"><img loading=\"lazy\" decoding=\"async\" class=\"alignnone wp-image-5267\" style=\"border-radius: 50%\" src=\"https:\/\/saude.ufpr.br\/enfermagem\/wp-content\/uploads\/sites\/4\/2022\/04\/discente-luisa-300x300.jpg\" alt=\"\" width=\"90\" height=\"90\" \/><\/a><\/td>\n<td style=\"border: 0px;text-align: center\"><a href=\"http:\/\/lattes.cnpq.br\/8027027232828519\"><img loading=\"lazy\" decoding=\"async\" class=\"alignnone wp-image-5267\" style=\"border-radius: 50%\" src=\"https:\/\/saude.ufpr.br\/enfermagem\/wp-content\/uploads\/sites\/4\/2022\/04\/discente-leticia.jpg\" alt=\"\" width=\"90\" height=\"90\" \/><\/a><\/td>\n<\/tr>\n<\/thead>\n<tbody>\n<tr>\n<td style=\"border: 0px;border-left: 2px solid white;text-align: center\"><a>Gustavo Andreoli do Vale<\/a><\/td>\n<td style=\"border: 0px;border-left: 2px solid white;text-align: center\"><a href=\"http:\/\/lattes.cnpq.br\/2435684665946604\">Jo\u00e3o Francisco Moro<\/a><\/td>\n<td style=\"border: 0px;border-left: 2px solid white;text-align: center\"><a href=\"http:\/\/lattes.cnpq.br\/2619665179632498\">Lu\u00edsa Beatriz Tuleski<\/a><\/td>\n<td style=\"border: 0px;border-left: 2px solid white;text-align: center\"><a href=\"http:\/\/lattes.cnpq.br\/2341876565778634\">Let\u00edcia Lachouski<\/a><\/td>\n<\/tr>\n<tr>\n<td style=\"border: 0px;border-left: 2px solid #c0e9af;text-align: center\">Discente de Engenharia mec\u00e2nica<\/td>\n<td style=\"border: 0px;border-left: 2px solid #c0e9af;text-align: center\">Discente de Engenharia mec\u00e2nica<\/td>\n<td style=\"border: 0px;border-left: 2px solid #c0e9af;text-align: center\">Discente de Enfermagem<\/td>\n<td style=\"border: 0px;border-left: 2px solid #c0e9af;text-align: center\">Discente de Terapia ocupacional<\/td>\n<\/tr>\n<\/tbody>\n<\/table>\n<p>&nbsp;<\/p>\n<h2 style=\"color: #76c7ca;text-align: center\"><\/h2>\n","protected":false},"excerpt":{"rendered":"<p>QUEM SOMOS &nbsp; \u00a0\u00a0\u00a0\u00a0\u00a0\u00a0\u00a0\u00a0\u00a0\u00a0 O NEPES (N\u00facleo de Ensino, Pesquisa e Extens\u00e3o em Sa\u00fade), da Universidade Federal do Paran\u00e1 (UFPR), nasce no final de 2019, com o prop\u00f3sito de monitorar as doen\u00e7as transmiss\u00edveis incidentes na comunidade acad\u00eamica. Com o advento da pandemia do novo Coronav\u00edrus (SARS-CoV-2) em 2020, as atividades de vigil\u00e2ncia epidemiol\u00f3gica concentraram-se no<br \/> <a href=\"https:\/\/saude.ufpr.br\/enfermagem\/nepes\/\" class=\"button success small readmore\">Leia mais<\/a><\/p>\n","protected":false},"author":1699,"featured_media":0,"parent":0,"menu_order":0,"comment_status":"closed","ping_status":"closed","template":"","meta":{"_acf_changed":false,"_uag_custom_page_level_css":"","footnotes":""},"class_list":["post-5450","page","type-page","status-publish","hentry"],"acf":[],"featured_image_src":null,"uagb_featured_image_src":{"full":false,"thumbnail":false,"medium":false,"medium_large":false,"large":false,"1536x1536":false,"2048x2048":false,"noticias-thumb":false,"banners-thumb":false,"maisnoticias-thumb":false,"post-thumbnail":false},"uagb_author_info":{"display_name":"daiana","author_link":"https:\/\/saude.ufpr.br\/enfermagem\/author\/daiana\/"},"uagb_comment_info":0,"uagb_excerpt":"QUEM SOMOS &nbsp; \u00a0\u00a0\u00a0\u00a0\u00a0\u00a0\u00a0\u00a0\u00a0\u00a0 O NEPES (N\u00facleo de Ensino, Pesquisa e Extens\u00e3o em Sa\u00fade), da Universidade Federal do Paran\u00e1 (UFPR), nasce no final de 2019, com o prop\u00f3sito de monitorar as doen\u00e7as transmiss\u00edveis incidentes na comunidade acad\u00eamica. Com o advento da pandemia do novo Coronav\u00edrus (SARS-CoV-2) em 2020, as atividades de vigil\u00e2ncia epidemiol\u00f3gica concentraram-se no&hellip;","publishpress_future_action":{"enabled":false,"date":"2026-05-13 18:17:59","action":"change-status","newStatus":"draft","terms":[],"taxonomy":"","extraData":[]},"publishpress_future_workflow_manual_trigger":{"enabledWorkflows":[]},"_links":{"self":[{"href":"https:\/\/saude.ufpr.br\/enfermagem\/wp-json\/wp\/v2\/pages\/5450","targetHints":{"allow":["GET"]}}],"collection":[{"href":"https:\/\/saude.ufpr.br\/enfermagem\/wp-json\/wp\/v2\/pages"}],"about":[{"href":"https:\/\/saude.ufpr.br\/enfermagem\/wp-json\/wp\/v2\/types\/page"}],"author":[{"embeddable":true,"href":"https:\/\/saude.ufpr.br\/enfermagem\/wp-json\/wp\/v2\/users\/1699"}],"replies":[{"embeddable":true,"href":"https:\/\/saude.ufpr.br\/enfermagem\/wp-json\/wp\/v2\/comments?post=5450"}],"version-history":[{"count":46,"href":"https:\/\/saude.ufpr.br\/enfermagem\/wp-json\/wp\/v2\/pages\/5450\/revisions"}],"predecessor-version":[{"id":5716,"href":"https:\/\/saude.ufpr.br\/enfermagem\/wp-json\/wp\/v2\/pages\/5450\/revisions\/5716"}],"wp:attachment":[{"href":"https:\/\/saude.ufpr.br\/enfermagem\/wp-json\/wp\/v2\/media?parent=5450"}],"curies":[{"name":"wp","href":"https:\/\/api.w.org\/{rel}","templated":true}]}}