{"id":5477,"date":"2022-04-20T14:54:36","date_gmt":"2022-04-20T17:54:36","guid":{"rendered":"https:\/\/saude.ufpr.br\/enfermagem\/?page_id=5477"},"modified":"2022-05-01T00:20:20","modified_gmt":"2022-05-01T03:20:20","slug":"nepes-atividades","status":"publish","type":"page","link":"https:\/\/saude.ufpr.br\/enfermagem\/nepes-atividades\/","title":{"rendered":"ATIVIDADES E M\u00cdDIAS SOCIAIS"},"content":{"rendered":"<p><a href=\"https:\/\/saude.ufpr.br\/enfermagem\/lipvisa\/\" rel=\"attachment wp-att-5471\"><img decoding=\"async\" class=\"alignnone wp-image-5471\" src=\"https:\/\/saude.ufpr.br\/enfermagem\/wp-content\/uploads\/sites\/4\/2022\/03\/lipvisa-300x300.png\" alt=\"\" width=\"120\" height=\"120\" srcset=\"https:\/\/saude.ufpr.br\/enfermagem\/wp-content\/uploads\/sites\/4\/2022\/03\/lipvisa-300x300.png 300w, https:\/\/saude.ufpr.br\/enfermagem\/wp-content\/uploads\/sites\/4\/2022\/03\/lipvisa-150x150.png 150w, https:\/\/saude.ufpr.br\/enfermagem\/wp-content\/uploads\/sites\/4\/2022\/03\/lipvisa.png 500w\" sizes=\"(max-width: 120px) 100vw, 120px\" \/><\/a><a href=\"https:\/\/saude.ufpr.br\/enfermagem\/nepes-labesi\/\" rel=\"attachment wp-att-5687\"><img decoding=\"async\" class=\"alignnone size-medium wp-image-5708\" src=\"https:\/\/saude.ufpr.br\/enfermagem\/wp-content\/uploads\/sites\/4\/2022\/04\/LABESI_LOGO_-300x300.png\" alt=\"\" width=\"120\" height=\"120\" srcset=\"https:\/\/saude.ufpr.br\/enfermagem\/wp-content\/uploads\/sites\/4\/2022\/04\/LABESI_LOGO_-300x300.png 300w, https:\/\/saude.ufpr.br\/enfermagem\/wp-content\/uploads\/sites\/4\/2022\/04\/LABESI_LOGO_-150x150.png 150w, https:\/\/saude.ufpr.br\/enfermagem\/wp-content\/uploads\/sites\/4\/2022\/04\/LABESI_LOGO_.png 500w\" sizes=\"(max-width: 120px) 100vw, 120px\" \/><\/a><a href=\"https:\/\/saude.ufpr.br\/enfermagem\/nepes\/\"><img decoding=\"async\" class=\"alignnone wp-image-5454 \" src=\"https:\/\/saude.ufpr.br\/enfermagem\/wp-content\/uploads\/sites\/4\/2022\/03\/Nucleo-de-ensino-pesquisa-e-extensao-em-saude.png\" alt=\"\" width=\"120\" height=\"120\" srcset=\"https:\/\/saude.ufpr.br\/enfermagem\/wp-content\/uploads\/sites\/4\/2022\/03\/Nucleo-de-ensino-pesquisa-e-extensao-em-saude.png 225w, https:\/\/saude.ufpr.br\/enfermagem\/wp-content\/uploads\/sites\/4\/2022\/03\/Nucleo-de-ensino-pesquisa-e-extensao-em-saude-150x150.png 150w\" sizes=\"(max-width: 120px) 100vw, 120px\" \/><\/a><a style=\"border-radius: 30%;border: 100px;color: #76c7ca\" href=\"https:\/\/saude.ufpr.br\/enfermagem\/nepes-atividades\/\" rel=\"attachment wp-att-5472\"><img loading=\"lazy\" decoding=\"async\" class=\"alignnone size-medium wp-image-5601\" src=\"https:\/\/saude.ufpr.br\/enfermagem\/wp-content\/uploads\/sites\/4\/2022\/04\/ATIVIDADES_E_MIDIAS_SOCIAIS-300x300.png\" alt=\"\" width=\"120\" height=\"120\" srcset=\"https:\/\/saude.ufpr.br\/enfermagem\/wp-content\/uploads\/sites\/4\/2022\/04\/ATIVIDADES_E_MIDIAS_SOCIAIS-300x300.png 300w, https:\/\/saude.ufpr.br\/enfermagem\/wp-content\/uploads\/sites\/4\/2022\/04\/ATIVIDADES_E_MIDIAS_SOCIAIS-150x150.png 150w, https:\/\/saude.ufpr.br\/enfermagem\/wp-content\/uploads\/sites\/4\/2022\/04\/ATIVIDADES_E_MIDIAS_SOCIAIS.png 500w\" sizes=\"(max-width: 120px) 100vw, 120px\" \/><\/a><a href=\"https:\/\/saude.ufpr.br\/enfermagem\/nepes-projetos\/\" rel=\"attachment wp-att-5604\"><img loading=\"lazy\" decoding=\"async\" class=\"alignnone size-medium wp-image-5604\" src=\"https:\/\/saude.ufpr.br\/enfermagem\/wp-content\/uploads\/sites\/4\/2022\/04\/PROJETOS_-300x300.png\" alt=\"\" width=\"120\" height=\"120\" srcset=\"https:\/\/saude.ufpr.br\/enfermagem\/wp-content\/uploads\/sites\/4\/2022\/04\/PROJETOS_-300x300.png 300w, https:\/\/saude.ufpr.br\/enfermagem\/wp-content\/uploads\/sites\/4\/2022\/04\/PROJETOS_-150x150.png 150w, https:\/\/saude.ufpr.br\/enfermagem\/wp-content\/uploads\/sites\/4\/2022\/04\/PROJETOS_.png 500w\" sizes=\"(max-width: 120px) 100vw, 120px\" \/><\/a><a href=\"https:\/\/saude.ufpr.br\/enfermagem\/nepes-produtos\/\" rel=\"attachment wp-att-5599\"><img loading=\"lazy\" decoding=\"async\" class=\"alignnone size-medium wp-image-5599\" src=\"https:\/\/saude.ufpr.br\/enfermagem\/wp-content\/uploads\/sites\/4\/2022\/04\/PRODUTOS-300x300.png\" alt=\"\" width=\"120\" height=\"120\" srcset=\"https:\/\/saude.ufpr.br\/enfermagem\/wp-content\/uploads\/sites\/4\/2022\/04\/PRODUTOS-300x300.png 300w, https:\/\/saude.ufpr.br\/enfermagem\/wp-content\/uploads\/sites\/4\/2022\/04\/PRODUTOS-150x150.png 150w, https:\/\/saude.ufpr.br\/enfermagem\/wp-content\/uploads\/sites\/4\/2022\/04\/PRODUTOS.png 500w\" sizes=\"(max-width: 120px) 100vw, 120px\" \/><\/a><a href=\"https:\/\/saude.ufpr.br\/enfermagem\/nepes-guia-de-recomendacoes\/\" rel=\"attachment wp-att-5602\"><img loading=\"lazy\" decoding=\"async\" class=\"alignnone size-medium wp-image-5602\" src=\"https:\/\/saude.ufpr.br\/enfermagem\/wp-content\/uploads\/sites\/4\/2022\/04\/GUIA_REC_COVID19-300x300.png\" alt=\"\" width=\"120\" height=\"120\" srcset=\"https:\/\/saude.ufpr.br\/enfermagem\/wp-content\/uploads\/sites\/4\/2022\/04\/GUIA_REC_COVID19-300x300.png 300w, https:\/\/saude.ufpr.br\/enfermagem\/wp-content\/uploads\/sites\/4\/2022\/04\/GUIA_REC_COVID19-150x150.png 150w, https:\/\/saude.ufpr.br\/enfermagem\/wp-content\/uploads\/sites\/4\/2022\/04\/GUIA_REC_COVID19.png 500w\" sizes=\"(max-width: 120px) 100vw, 120px\" \/><\/a><a href=\"https:\/\/saude.ufpr.br\/enfermagem\/nepes-premios\/\" rel=\"attachment wp-att-5536\"><img loading=\"lazy\" decoding=\"async\" class=\"alignnone wp-image-5536\" src=\"https:\/\/saude.ufpr.br\/enfermagem\/wp-content\/uploads\/sites\/4\/2022\/04\/premios-300x300.png\" alt=\"\" width=\"100\" height=\"100\" srcset=\"https:\/\/saude.ufpr.br\/enfermagem\/wp-content\/uploads\/sites\/4\/2022\/04\/premios-300x300.png 300w, https:\/\/saude.ufpr.br\/enfermagem\/wp-content\/uploads\/sites\/4\/2022\/04\/premios-150x150.png 150w, https:\/\/saude.ufpr.br\/enfermagem\/wp-content\/uploads\/sites\/4\/2022\/04\/premios.png 500w\" sizes=\"(max-width: 100px) 100vw, 100px\" \/><\/a><\/p>\n<h2 style=\"color: #008b8b;text-align: center\"><\/h2>\n<p>&nbsp;<\/p>\n<p style=\"text-align: left\">\u00a0\u00a0\u00a0\u00a0\u00a0\u00a0\u00a0\u00a0\u00a0\u00a0\u00a0\u00a0\u00a0 O <strong>NEPES<\/strong> realiza o telemonitoramento de casos confirmados e suspeitos de COVID-19 por meio de contato telef\u00f4nico, dentro de 24 horas ap\u00f3s sinaliza\u00e7\u00e3o de caso suspeito e\/ou resultado positivo. Esses casos suspeitos s\u00e3o informados por meio do aplicativo Check UFPR &#8211; outra iniciativa na UFPR contra o COVID-19, e\/ou por demanda espont\u00e2nea. E os casos positivos s\u00e3o encaminhados pela equipe de testagem do Laborat\u00f3rio de Imunogen\u00e9tica e Histocompatibilidade, tamb\u00e9m na UFPR.<\/p>\n<p style=\"text-align: left\">\u00a0\u00a0\u00a0\u00a0\u00a0\u00a0\u00a0\u00a0\u00a0\u00a0\u00a0\u00a0 Durante o telemonitoramento, segue-se um question\u00e1rio para obten\u00e7\u00e3o dos seguintes dados: nome, informa\u00e7\u00f5es para contato, vacina\u00e7\u00e3o, uso de medicamentos, sintomas, busca por servi\u00e7os de sa\u00fade p\u00fablicos ou privados, e a finalidade; e poss\u00edveis d\u00favidas. Para compreens\u00e3o do quadro de sa\u00fade do monitorado. As informa\u00e7\u00f5es coletadas s\u00e3o essenciais para a notifica\u00e7\u00e3o dos casos no sistema Notifica COVID, do Estado do Paran\u00e1. E possibilita a alimenta\u00e7\u00e3o da planilha que gera boletins institucionais, para an\u00e1lise quinzenal da situa\u00e7\u00e3o epidemiol\u00f3gica na universidade. Desse modo, as informa\u00e7\u00f5es obtidas s\u00e3o utilizadas exclusivamente para fins acad\u00eamicos, respeitando a nova Lei Geral de Prote\u00e7\u00e3o de Dados (LGPD).<\/p>\n<p style=\"text-align: left\">\u00a0\u00a0\u00a0\u00a0\u00a0\u00a0\u00a0\u00a0\u00a0\u00a0\u00a0\u00a0 Nesse sentido, o NEPES j\u00e1 acompanhou mais de 800 pessoas vinculadas \u00e0 Institui\u00e7\u00e3o, entre novembro de 2019 e fevereiro de 2022, sejam servidores t\u00e9cnico-administrativos ou terceirizados, docentes, discentes e familiares, com os quais os positivados tiveram contato. Denota, portanto, a import\u00e2ncia do NEPES na manuten\u00e7\u00e3o do controle epidemiol\u00f3gico dentro da universidade, sendo essencial na orienta\u00e7\u00e3o em sa\u00fade e na divulga\u00e7\u00e3o de conhecimentos pautados na ci\u00eancia.<\/p>\n<h2 style=\"text-align: center;color: #008b8b\">\u00a0M\u00cdDIAS SOCIAIS<\/h2>\n<p>&nbsp;<\/p>\n<table>\n<thead>\n<tr>\n<td style=\"border: 0px;text-align: center\"><a href=\"http:\/\/lattes.cnpq.br\/0058075035812178\"><img loading=\"lazy\" decoding=\"async\" class=\"alignnone wp-image-5269\" style=\"border-radius: 50%\" src=\"https:\/\/saude.ufpr.br\/enfermagem\/wp-content\/uploads\/sites\/4\/2022\/03\/instagram-300x300.png\" alt=\"\" width=\"90\" height=\"90\" \/><\/a><\/td>\n<td style=\"border: 0px;text-align: center\"><a href=\"http:\/\/lattes.cnpq.br\/8191580569394323\"><img loading=\"lazy\" decoding=\"async\" class=\"alignnone wp-image-5268\" style=\"border-radius: 50%\" src=\"https:\/\/saude.ufpr.br\/enfermagem\/wp-content\/uploads\/sites\/4\/2022\/03\/facebook-300x300.png\" alt=\"\" width=\"90\" height=\"90\" \/><\/a><\/td>\n<td style=\"border: 0px;text-align: center\"><a href=\"http:\/\/lattes.cnpq.br\/8027027232828519\"><img loading=\"lazy\" decoding=\"async\" class=\"alignnone wp-image-5267\" style=\"border-radius: 50%\" src=\"https:\/\/saude.ufpr.br\/enfermagem\/wp-content\/uploads\/sites\/4\/2022\/03\/youtube-300x300.png\" alt=\"\" width=\"90\" height=\"90\" \/><\/a><\/td>\n<\/tr>\n<\/thead>\n<tbody>\n<tr>\n<td style=\"border: 0px;text-align: center\"><a href=\"https:\/\/www.instagram.com\/nepes_ufpr\/\">Instagram<\/a><\/td>\n<td style=\"border: 0px;text-align: center\"><a href=\"https:\/\/www.facebook.com\/NepesUFPR-355556468734001\">Facebook <\/a><\/td>\n<td style=\"border: 0px;text-align: center\"><a href=\"https:\/\/www.youtube.com\/channel\/UCOCG2g3r9KGY3Z9G8jHI8iQ\">Youtube<\/a><\/td>\n<\/tr>\n<tr>\n<td style=\"border: 0px;text-align: center\">@nepes_ufpr<\/td>\n<td style=\"border: 0px;border-left: 2px solid #c0e9af;text-align: center\">Nepes.UFPR<\/td>\n<td style=\"border: 0px;border-left: 2px solid #c0e9af;text-align: center\">NEPES UFPR<\/td>\n<\/tr>\n<\/tbody>\n<\/table>\n<p>&nbsp;<\/p>\n<h2 style=\"color: #008b8b;text-align: center\">ENTREVISTAS E LIVES<\/h2>\n<p><strong>Entrevistas :<\/strong><\/p>\n<ul>\n<li>Equipe da UFPR realiza rastreamento e monitoramento de casos para auxiliar no enfrentamento \u00e0 Covid-19\u00a0 <a href=\"https:\/\/www.ufpr.brufpr\/noticias\/equipe-da-ufpr-realiza-rastreamento-e-monitoramento-de-casos-para-auxiliar-no-enfrentamento-a-covid-19\/\" rel=\"attachment wp-att-5560\">Acesse -&gt;<\/a><\/li>\n<li>Trabalho de vigil\u00e2ncia em sa\u00fade desenvolvido na UFPR \u00e9 indicado a pr\u00eamio nacional de enfermagem\u00a0 <a href=\"https:\/\/www.ufpr.brufpr\/noticias\/trabalho-de-vigilancia-em-saude-desenvolvido-na-ufpr-e-indicado-a-premio-nacional-de-enfermagem\/\" rel=\"attachment wp-att-5560\">Acesse -&gt;<\/a><\/li>\n<\/ul>\n<p><strong>V\u00eddeos :<\/strong><\/p>\n<ul>\n<li>Trabalho do NEPES na SIEPE UFPR 2021 <a href=\"https:\/\/ne-np.facebook.com\/NepesUFPR-355556468734001\/videos\/trabalho-do-nepes-na-siepe-ufpr-2021-apresentado-pela-acad%C3%AAmica-de-enfermagem-iv\/582397152992083\/\" rel=\"attachment wp-att-5560\">Assista -&gt;<\/a><\/li>\n<li>Medidas de prote\u00e7\u00e3o individuais e coletivas contra o Covid-19 na UFPR\u00a0\u00a0 <a href=\"https:\/\/www.youtube.com\/watch?v=xRj6bvMDrZc\" rel=\"attachment wp-att-5560\">Assista -&gt;<\/a>\u00a0 Vers\u00e3o em libras <a href=\"https:\/\/ne-np.facebook.com\/355556468734001\/videos\/1025499101514980?__so__=permalink\" rel=\"attachment wp-att-5560\">Assista -&gt;<\/a><\/li>\n<li>Manejo de casos suspeitos, confirmados e contato de Covid-19 na UFPR\u00a0\u00a0 <a href=\"https:\/\/www.youtube.com\/watch?v=QVmJdgtcHsU\" rel=\"attachment wp-att-5560\">Assista -&gt;<\/a><\/li>\n<li>Vigil\u00e2ncia \u00e0 Covid-19 na UFPR, papel do NEPES e aplicativo CHECK UFPR\u00a0 <a href=\"https:\/\/www.youtube.com\/watch?v=GEv2hS2dZO0\" rel=\"attachment wp-att-5560\">Assista -&gt;<\/a><\/li>\n<\/ul>\n<p>&nbsp;<\/p>\n<h2 style=\"color: #008b8b;text-align: center\">PODCAST<\/h2>\n<p>&nbsp;<\/p>\n<ul>\n<li>Guia de Recomenda\u00e7\u00e3o NEPES UFPR\u00a0 <a href=\"https:\/\/acervodigital.ufpr.br\/handle\/1884\/72517\" rel=\"attachment wp-att-5560\">Acesse -&gt;<\/a><\/li>\n<\/ul>\n<p>&nbsp;<\/p>\n<h2 style=\"color: #008b8b;text-align: center\">AGENDA DE ENCONTROS DO GRUPO<\/h2>\n<p>&nbsp;<\/p>\n<ul>\n<li><a href=\"\/Users\/Cliente\/Downloads\/PENF_7016_2022_1sem_NESC_LIPVISA%20(1).pdf\">Acesse o cronograma -&gt;<\/a><\/li>\n<\/ul>\n<p>&nbsp;<\/p>\n<h2 style=\"color: #76c7ca;text-align: center\"><\/h2>\n","protected":false},"excerpt":{"rendered":"<p>&nbsp; \u00a0\u00a0\u00a0\u00a0\u00a0\u00a0\u00a0\u00a0\u00a0\u00a0\u00a0\u00a0\u00a0 O NEPES realiza o telemonitoramento de casos confirmados e suspeitos de COVID-19 por meio de contato telef\u00f4nico, dentro de 24 horas ap\u00f3s sinaliza\u00e7\u00e3o de caso suspeito e\/ou resultado positivo. Esses casos suspeitos s\u00e3o informados por meio do aplicativo Check UFPR &#8211; outra iniciativa na UFPR contra o COVID-19, e\/ou por demanda espont\u00e2nea. E<br \/> <a href=\"https:\/\/saude.ufpr.br\/enfermagem\/nepes-atividades\/\" class=\"button success small readmore\">Leia mais<\/a><\/p>\n","protected":false},"author":1699,"featured_media":0,"parent":0,"menu_order":0,"comment_status":"closed","ping_status":"closed","template":"","meta":{"_acf_changed":false,"_uag_custom_page_level_css":"","footnotes":""},"class_list":["post-5477","page","type-page","status-publish","hentry"],"acf":[],"featured_image_src":null,"uagb_featured_image_src":{"full":false,"thumbnail":false,"medium":false,"medium_large":false,"large":false,"1536x1536":false,"2048x2048":false,"noticias-thumb":false,"banners-thumb":false,"maisnoticias-thumb":false,"post-thumbnail":false},"uagb_author_info":{"display_name":"daiana","author_link":"https:\/\/saude.ufpr.br\/enfermagem\/author\/daiana\/"},"uagb_comment_info":0,"uagb_excerpt":"&nbsp; \u00a0\u00a0\u00a0\u00a0\u00a0\u00a0\u00a0\u00a0\u00a0\u00a0\u00a0\u00a0\u00a0 O NEPES realiza o telemonitoramento de casos confirmados e suspeitos de COVID-19 por meio de contato telef\u00f4nico, dentro de 24 horas ap\u00f3s sinaliza\u00e7\u00e3o de caso suspeito e\/ou resultado positivo. Esses casos suspeitos s\u00e3o informados por meio do aplicativo Check UFPR &#8211; outra iniciativa na UFPR contra o COVID-19, e\/ou por demanda espont\u00e2nea. E&hellip;","publishpress_future_action":{"enabled":false,"date":"2026-05-12 22:08:02","action":"change-status","newStatus":"draft","terms":[],"taxonomy":"","extraData":[]},"publishpress_future_workflow_manual_trigger":{"enabledWorkflows":[]},"_links":{"self":[{"href":"https:\/\/saude.ufpr.br\/enfermagem\/wp-json\/wp\/v2\/pages\/5477","targetHints":{"allow":["GET"]}}],"collection":[{"href":"https:\/\/saude.ufpr.br\/enfermagem\/wp-json\/wp\/v2\/pages"}],"about":[{"href":"https:\/\/saude.ufpr.br\/enfermagem\/wp-json\/wp\/v2\/types\/page"}],"author":[{"embeddable":true,"href":"https:\/\/saude.ufpr.br\/enfermagem\/wp-json\/wp\/v2\/users\/1699"}],"replies":[{"embeddable":true,"href":"https:\/\/saude.ufpr.br\/enfermagem\/wp-json\/wp\/v2\/comments?post=5477"}],"version-history":[{"count":43,"href":"https:\/\/saude.ufpr.br\/enfermagem\/wp-json\/wp\/v2\/pages\/5477\/revisions"}],"predecessor-version":[{"id":5817,"href":"https:\/\/saude.ufpr.br\/enfermagem\/wp-json\/wp\/v2\/pages\/5477\/revisions\/5817"}],"wp:attachment":[{"href":"https:\/\/saude.ufpr.br\/enfermagem\/wp-json\/wp\/v2\/media?parent=5477"}],"curies":[{"name":"wp","href":"https:\/\/api.w.org\/{rel}","templated":true}]}}