{"id":5538,"date":"2022-04-20T14:55:10","date_gmt":"2022-04-20T17:55:10","guid":{"rendered":"https:\/\/saude.ufpr.br\/enfermagem\/?page_id=5538"},"modified":"2022-04-20T14:55:10","modified_gmt":"2022-04-20T17:55:10","slug":"nepes-guia-de-recomendacoes","status":"publish","type":"page","link":"https:\/\/saude.ufpr.br\/enfermagem\/nepes-guia-de-recomendacoes\/","title":{"rendered":"GUIA DE RECOMENDA\u00c7\u00d5ES COVID-19"},"content":{"rendered":"<p><a href=\"https:\/\/saude.ufpr.br\/enfermagem\/lipvisa\/\" rel=\"attachment wp-att-5471\"><img decoding=\"async\" class=\"alignnone wp-image-5471\" src=\"https:\/\/saude.ufpr.br\/enfermagem\/wp-content\/uploads\/sites\/4\/2022\/03\/lipvisa-300x300.png\" alt=\"\" width=\"120\" height=\"120\" srcset=\"https:\/\/saude.ufpr.br\/enfermagem\/wp-content\/uploads\/sites\/4\/2022\/03\/lipvisa-300x300.png 300w, https:\/\/saude.ufpr.br\/enfermagem\/wp-content\/uploads\/sites\/4\/2022\/03\/lipvisa-150x150.png 150w, https:\/\/saude.ufpr.br\/enfermagem\/wp-content\/uploads\/sites\/4\/2022\/03\/lipvisa.png 500w\" sizes=\"(max-width: 120px) 100vw, 120px\" \/><\/a><a href=\"https:\/\/saude.ufpr.br\/enfermagem\/nepes-labesi\/\" rel=\"attachment wp-att-5687\"><img decoding=\"async\" class=\"alignnone size-medium wp-image-5708\" src=\"https:\/\/saude.ufpr.br\/enfermagem\/wp-content\/uploads\/sites\/4\/2022\/04\/LABESI_LOGO_-300x300.png\" alt=\"\" width=\"120\" height=\"120\" srcset=\"https:\/\/saude.ufpr.br\/enfermagem\/wp-content\/uploads\/sites\/4\/2022\/04\/LABESI_LOGO_-300x300.png 300w, https:\/\/saude.ufpr.br\/enfermagem\/wp-content\/uploads\/sites\/4\/2022\/04\/LABESI_LOGO_-150x150.png 150w, https:\/\/saude.ufpr.br\/enfermagem\/wp-content\/uploads\/sites\/4\/2022\/04\/LABESI_LOGO_.png 500w\" sizes=\"(max-width: 120px) 100vw, 120px\" \/><\/a><a href=\"https:\/\/saude.ufpr.br\/enfermagem\/nepes\/\"><img decoding=\"async\" class=\"alignnone wp-image-5454 \" src=\"https:\/\/saude.ufpr.br\/enfermagem\/wp-content\/uploads\/sites\/4\/2022\/03\/Nucleo-de-ensino-pesquisa-e-extensao-em-saude.png\" alt=\"\" width=\"120\" height=\"120\" srcset=\"https:\/\/saude.ufpr.br\/enfermagem\/wp-content\/uploads\/sites\/4\/2022\/03\/Nucleo-de-ensino-pesquisa-e-extensao-em-saude.png 225w, https:\/\/saude.ufpr.br\/enfermagem\/wp-content\/uploads\/sites\/4\/2022\/03\/Nucleo-de-ensino-pesquisa-e-extensao-em-saude-150x150.png 150w\" sizes=\"(max-width: 120px) 100vw, 120px\" \/><\/a><a style=\"border-radius: 30%;border: 100px;color: #76c7ca\" href=\"https:\/\/saude.ufpr.br\/enfermagem\/nepes-atividades\/\" rel=\"attachment wp-att-5472\"><img loading=\"lazy\" decoding=\"async\" class=\"alignnone size-medium wp-image-5601\" src=\"https:\/\/saude.ufpr.br\/enfermagem\/wp-content\/uploads\/sites\/4\/2022\/04\/ATIVIDADES_E_MIDIAS_SOCIAIS-300x300.png\" alt=\"\" width=\"120\" height=\"120\" srcset=\"https:\/\/saude.ufpr.br\/enfermagem\/wp-content\/uploads\/sites\/4\/2022\/04\/ATIVIDADES_E_MIDIAS_SOCIAIS-300x300.png 300w, https:\/\/saude.ufpr.br\/enfermagem\/wp-content\/uploads\/sites\/4\/2022\/04\/ATIVIDADES_E_MIDIAS_SOCIAIS-150x150.png 150w, https:\/\/saude.ufpr.br\/enfermagem\/wp-content\/uploads\/sites\/4\/2022\/04\/ATIVIDADES_E_MIDIAS_SOCIAIS.png 500w\" sizes=\"(max-width: 120px) 100vw, 120px\" \/><\/a><a href=\"https:\/\/saude.ufpr.br\/enfermagem\/nepes-projetos\/\" rel=\"attachment wp-att-5604\"><img loading=\"lazy\" decoding=\"async\" class=\"alignnone size-medium wp-image-5604\" src=\"https:\/\/saude.ufpr.br\/enfermagem\/wp-content\/uploads\/sites\/4\/2022\/04\/PROJETOS_-300x300.png\" alt=\"\" width=\"120\" height=\"120\" srcset=\"https:\/\/saude.ufpr.br\/enfermagem\/wp-content\/uploads\/sites\/4\/2022\/04\/PROJETOS_-300x300.png 300w, https:\/\/saude.ufpr.br\/enfermagem\/wp-content\/uploads\/sites\/4\/2022\/04\/PROJETOS_-150x150.png 150w, https:\/\/saude.ufpr.br\/enfermagem\/wp-content\/uploads\/sites\/4\/2022\/04\/PROJETOS_.png 500w\" sizes=\"(max-width: 120px) 100vw, 120px\" \/><\/a><a href=\"https:\/\/saude.ufpr.br\/enfermagem\/nepes-produtos\/\" rel=\"attachment wp-att-5599\"><img loading=\"lazy\" decoding=\"async\" class=\"alignnone size-medium wp-image-5599\" src=\"https:\/\/saude.ufpr.br\/enfermagem\/wp-content\/uploads\/sites\/4\/2022\/04\/PRODUTOS-300x300.png\" alt=\"\" width=\"120\" height=\"120\" srcset=\"https:\/\/saude.ufpr.br\/enfermagem\/wp-content\/uploads\/sites\/4\/2022\/04\/PRODUTOS-300x300.png 300w, https:\/\/saude.ufpr.br\/enfermagem\/wp-content\/uploads\/sites\/4\/2022\/04\/PRODUTOS-150x150.png 150w, https:\/\/saude.ufpr.br\/enfermagem\/wp-content\/uploads\/sites\/4\/2022\/04\/PRODUTOS.png 500w\" sizes=\"(max-width: 120px) 100vw, 120px\" \/><\/a><a href=\"https:\/\/saude.ufpr.br\/enfermagem\/nepes-guia-de-recomendacoes\/\" rel=\"attachment wp-att-5602\"><img loading=\"lazy\" decoding=\"async\" class=\"alignnone size-medium wp-image-5602\" src=\"https:\/\/saude.ufpr.br\/enfermagem\/wp-content\/uploads\/sites\/4\/2022\/04\/GUIA_REC_COVID19-300x300.png\" alt=\"\" width=\"120\" height=\"120\" srcset=\"https:\/\/saude.ufpr.br\/enfermagem\/wp-content\/uploads\/sites\/4\/2022\/04\/GUIA_REC_COVID19-300x300.png 300w, https:\/\/saude.ufpr.br\/enfermagem\/wp-content\/uploads\/sites\/4\/2022\/04\/GUIA_REC_COVID19-150x150.png 150w, https:\/\/saude.ufpr.br\/enfermagem\/wp-content\/uploads\/sites\/4\/2022\/04\/GUIA_REC_COVID19.png 500w\" sizes=\"(max-width: 120px) 100vw, 120px\" \/><\/a><a href=\"https:\/\/saude.ufpr.br\/enfermagem\/nepes-premios\/\" rel=\"attachment wp-att-5536\"><img loading=\"lazy\" decoding=\"async\" class=\"alignnone wp-image-5536\" src=\"https:\/\/saude.ufpr.br\/enfermagem\/wp-content\/uploads\/sites\/4\/2022\/04\/premios-300x300.png\" alt=\"\" width=\"100\" height=\"100\" srcset=\"https:\/\/saude.ufpr.br\/enfermagem\/wp-content\/uploads\/sites\/4\/2022\/04\/premios-300x300.png 300w, https:\/\/saude.ufpr.br\/enfermagem\/wp-content\/uploads\/sites\/4\/2022\/04\/premios-150x150.png 150w, https:\/\/saude.ufpr.br\/enfermagem\/wp-content\/uploads\/sites\/4\/2022\/04\/premios.png 500w\" sizes=\"(max-width: 100px) 100vw, 100px\" \/><\/a><\/p>\n<h2 style=\"color: #008b8b;text-align: center\"><\/h2>\n<p>&nbsp;<\/p>\n<table>\n<thead>\n<tr>\n<td style=\"border: 0px;text-align: center\"><\/td>\n<\/tr>\n<\/thead>\n<tbody>\n<tr>\n<td style=\"border: 0px;border-left: 2px solid white;text-align: center\"><a href=\"https:\/\/www.ufpr.brufpr\/wp-content\/uploads\/2021\/09\/af_guia-de-recomenda%C3%A7%C3%B5es2.pdf\">GUIA DE RECOMENDA\u00c7\u00d5ES 1\u00aa edi\u00e7\u00e3o<\/a><\/td>\n<\/tr>\n<tr>\n<td style=\"border: 0px;border-left: 2px solid #c0e9af;text-align: center\">Retorno das Atividades Acad\u00eamicas Presenciais durante a Pandemia COVID-19<\/td>\n<\/tr>\n<\/tbody>\n<\/table>\n<p>&nbsp;<\/p>\n<table>\n<thead>\n<tr>\n<td style=\"border: 0px;text-align: center\"><\/td>\n<\/tr>\n<\/thead>\n<tbody>\n<tr>\n<td style=\"border: 0px;border-left: 2px solid white;text-align: center\"><a href=\"https:\/\/www.ufpr.brufpr\/wp-content\/uploads\/2022\/02\/Guia-do-NEPES-VE.pdf\">GUIA PARA ENFRENTAMENTO DA COVID-19 2\u00aa edi\u00e7\u00e3o<\/a><\/td>\n<\/tr>\n<tr>\n<td style=\"border: 0px;border-left: 2px solid #c0e9af;text-align: center\">Retorno das Atividades Presenciais<\/td>\n<\/tr>\n<\/tbody>\n<\/table>\n<p>&nbsp;<\/p>\n<h2 style=\"color: #76c7ca;text-align: center\"><\/h2>\n","protected":false},"excerpt":{"rendered":"<p>&nbsp; GUIA DE RECOMENDA\u00c7\u00d5ES 1\u00aa edi\u00e7\u00e3o Retorno das Atividades Acad\u00eamicas Presenciais durante a Pandemia COVID-19 &nbsp; GUIA PARA ENFRENTAMENTO DA COVID-19 2\u00aa edi\u00e7\u00e3o Retorno das Atividades Presenciais &nbsp;<\/p>\n","protected":false},"author":1699,"featured_media":0,"parent":0,"menu_order":0,"comment_status":"closed","ping_status":"closed","template":"","meta":{"_acf_changed":false,"_uag_custom_page_level_css":"","footnotes":""},"class_list":["post-5538","page","type-page","status-publish","hentry"],"acf":[],"featured_image_src":null,"uagb_featured_image_src":{"full":false,"thumbnail":false,"medium":false,"medium_large":false,"large":false,"1536x1536":false,"2048x2048":false,"noticias-thumb":false,"banners-thumb":false,"maisnoticias-thumb":false,"post-thumbnail":false},"uagb_author_info":{"display_name":"daiana","author_link":"https:\/\/saude.ufpr.br\/enfermagem\/author\/daiana\/"},"uagb_comment_info":0,"uagb_excerpt":"&nbsp; GUIA DE RECOMENDA\u00c7\u00d5ES 1\u00aa edi\u00e7\u00e3o Retorno das Atividades Acad\u00eamicas Presenciais durante a Pandemia COVID-19 &nbsp; GUIA PARA ENFRENTAMENTO DA COVID-19 2\u00aa edi\u00e7\u00e3o Retorno das Atividades Presenciais &nbsp;","publishpress_future_action":{"enabled":false,"date":"2026-05-13 11:00:11","action":"change-status","newStatus":"draft","terms":[],"taxonomy":"","extraData":[]},"publishpress_future_workflow_manual_trigger":{"enabledWorkflows":[]},"_links":{"self":[{"href":"https:\/\/saude.ufpr.br\/enfermagem\/wp-json\/wp\/v2\/pages\/5538","targetHints":{"allow":["GET"]}}],"collection":[{"href":"https:\/\/saude.ufpr.br\/enfermagem\/wp-json\/wp\/v2\/pages"}],"about":[{"href":"https:\/\/saude.ufpr.br\/enfermagem\/wp-json\/wp\/v2\/types\/page"}],"author":[{"embeddable":true,"href":"https:\/\/saude.ufpr.br\/enfermagem\/wp-json\/wp\/v2\/users\/1699"}],"replies":[{"embeddable":true,"href":"https:\/\/saude.ufpr.br\/enfermagem\/wp-json\/wp\/v2\/comments?post=5538"}],"version-history":[{"count":11,"href":"https:\/\/saude.ufpr.br\/enfermagem\/wp-json\/wp\/v2\/pages\/5538\/revisions"}],"predecessor-version":[{"id":5714,"href":"https:\/\/saude.ufpr.br\/enfermagem\/wp-json\/wp\/v2\/pages\/5538\/revisions\/5714"}],"wp:attachment":[{"href":"https:\/\/saude.ufpr.br\/enfermagem\/wp-json\/wp\/v2\/media?parent=5538"}],"curies":[{"name":"wp","href":"https:\/\/api.w.org\/{rel}","templated":true}]}}