{"id":5542,"date":"2022-04-20T14:57:00","date_gmt":"2022-04-20T17:57:00","guid":{"rendered":"https:\/\/saude.ufpr.br\/enfermagem\/?page_id=5542"},"modified":"2022-04-20T14:57:00","modified_gmt":"2022-04-20T17:57:00","slug":"nepes-premios","status":"publish","type":"page","link":"https:\/\/saude.ufpr.br\/enfermagem\/nepes-premios\/","title":{"rendered":"PR\u00caMIOS"},"content":{"rendered":"<p><a href=\"https:\/\/saude.ufpr.br\/enfermagem\/lipvisa\/\" rel=\"attachment wp-att-5471\"><img decoding=\"async\" class=\"alignnone wp-image-5471\" src=\"https:\/\/saude.ufpr.br\/enfermagem\/wp-content\/uploads\/sites\/4\/2022\/03\/lipvisa-300x300.png\" alt=\"\" width=\"120\" height=\"120\" srcset=\"https:\/\/saude.ufpr.br\/enfermagem\/wp-content\/uploads\/sites\/4\/2022\/03\/lipvisa-300x300.png 300w, https:\/\/saude.ufpr.br\/enfermagem\/wp-content\/uploads\/sites\/4\/2022\/03\/lipvisa-150x150.png 150w, https:\/\/saude.ufpr.br\/enfermagem\/wp-content\/uploads\/sites\/4\/2022\/03\/lipvisa.png 500w\" sizes=\"(max-width: 120px) 100vw, 120px\" \/><\/a><a href=\"https:\/\/saude.ufpr.br\/enfermagem\/nepes-labesi\/\" rel=\"attachment wp-att-5687\"><img decoding=\"async\" class=\"alignnone size-medium wp-image-5708\" src=\"https:\/\/saude.ufpr.br\/enfermagem\/wp-content\/uploads\/sites\/4\/2022\/04\/LABESI_LOGO_-300x300.png\" alt=\"\" width=\"120\" height=\"120\" srcset=\"https:\/\/saude.ufpr.br\/enfermagem\/wp-content\/uploads\/sites\/4\/2022\/04\/LABESI_LOGO_-300x300.png 300w, https:\/\/saude.ufpr.br\/enfermagem\/wp-content\/uploads\/sites\/4\/2022\/04\/LABESI_LOGO_-150x150.png 150w, https:\/\/saude.ufpr.br\/enfermagem\/wp-content\/uploads\/sites\/4\/2022\/04\/LABESI_LOGO_.png 500w\" sizes=\"(max-width: 120px) 100vw, 120px\" \/><\/a><a href=\"https:\/\/saude.ufpr.br\/enfermagem\/nepes\/\"><img decoding=\"async\" class=\"alignnone wp-image-5454 \" src=\"https:\/\/saude.ufpr.br\/enfermagem\/wp-content\/uploads\/sites\/4\/2022\/03\/Nucleo-de-ensino-pesquisa-e-extensao-em-saude.png\" alt=\"\" width=\"120\" height=\"120\" srcset=\"https:\/\/saude.ufpr.br\/enfermagem\/wp-content\/uploads\/sites\/4\/2022\/03\/Nucleo-de-ensino-pesquisa-e-extensao-em-saude.png 225w, https:\/\/saude.ufpr.br\/enfermagem\/wp-content\/uploads\/sites\/4\/2022\/03\/Nucleo-de-ensino-pesquisa-e-extensao-em-saude-150x150.png 150w\" sizes=\"(max-width: 120px) 100vw, 120px\" \/><\/a><a style=\"border-radius: 30%;border: 100px;color: #76c7ca\" href=\"https:\/\/saude.ufpr.br\/enfermagem\/nepes-atividades\/\" rel=\"attachment wp-att-5472\"><img loading=\"lazy\" decoding=\"async\" class=\"alignnone size-medium wp-image-5601\" src=\"https:\/\/saude.ufpr.br\/enfermagem\/wp-content\/uploads\/sites\/4\/2022\/04\/ATIVIDADES_E_MIDIAS_SOCIAIS-300x300.png\" alt=\"\" width=\"120\" height=\"120\" srcset=\"https:\/\/saude.ufpr.br\/enfermagem\/wp-content\/uploads\/sites\/4\/2022\/04\/ATIVIDADES_E_MIDIAS_SOCIAIS-300x300.png 300w, https:\/\/saude.ufpr.br\/enfermagem\/wp-content\/uploads\/sites\/4\/2022\/04\/ATIVIDADES_E_MIDIAS_SOCIAIS-150x150.png 150w, https:\/\/saude.ufpr.br\/enfermagem\/wp-content\/uploads\/sites\/4\/2022\/04\/ATIVIDADES_E_MIDIAS_SOCIAIS.png 500w\" sizes=\"(max-width: 120px) 100vw, 120px\" \/><\/a><a href=\"https:\/\/saude.ufpr.br\/enfermagem\/nepes-projetos\/\" rel=\"attachment wp-att-5604\"><img loading=\"lazy\" decoding=\"async\" class=\"alignnone size-medium wp-image-5604\" src=\"https:\/\/saude.ufpr.br\/enfermagem\/wp-content\/uploads\/sites\/4\/2022\/04\/PROJETOS_-300x300.png\" alt=\"\" width=\"120\" height=\"120\" srcset=\"https:\/\/saude.ufpr.br\/enfermagem\/wp-content\/uploads\/sites\/4\/2022\/04\/PROJETOS_-300x300.png 300w, https:\/\/saude.ufpr.br\/enfermagem\/wp-content\/uploads\/sites\/4\/2022\/04\/PROJETOS_-150x150.png 150w, https:\/\/saude.ufpr.br\/enfermagem\/wp-content\/uploads\/sites\/4\/2022\/04\/PROJETOS_.png 500w\" sizes=\"(max-width: 120px) 100vw, 120px\" \/><\/a><a href=\"https:\/\/saude.ufpr.br\/enfermagem\/nepes-produtos\/\" rel=\"attachment wp-att-5599\"><img loading=\"lazy\" decoding=\"async\" class=\"alignnone size-medium wp-image-5599\" src=\"https:\/\/saude.ufpr.br\/enfermagem\/wp-content\/uploads\/sites\/4\/2022\/04\/PRODUTOS-300x300.png\" alt=\"\" width=\"120\" height=\"120\" srcset=\"https:\/\/saude.ufpr.br\/enfermagem\/wp-content\/uploads\/sites\/4\/2022\/04\/PRODUTOS-300x300.png 300w, https:\/\/saude.ufpr.br\/enfermagem\/wp-content\/uploads\/sites\/4\/2022\/04\/PRODUTOS-150x150.png 150w, https:\/\/saude.ufpr.br\/enfermagem\/wp-content\/uploads\/sites\/4\/2022\/04\/PRODUTOS.png 500w\" sizes=\"(max-width: 120px) 100vw, 120px\" \/><\/a><a href=\"https:\/\/saude.ufpr.br\/enfermagem\/nepes-guia-de-recomendacoes\/\" rel=\"attachment wp-att-5602\"><img loading=\"lazy\" decoding=\"async\" class=\"alignnone size-medium wp-image-5602\" src=\"https:\/\/saude.ufpr.br\/enfermagem\/wp-content\/uploads\/sites\/4\/2022\/04\/GUIA_REC_COVID19-300x300.png\" alt=\"\" width=\"120\" height=\"120\" srcset=\"https:\/\/saude.ufpr.br\/enfermagem\/wp-content\/uploads\/sites\/4\/2022\/04\/GUIA_REC_COVID19-300x300.png 300w, https:\/\/saude.ufpr.br\/enfermagem\/wp-content\/uploads\/sites\/4\/2022\/04\/GUIA_REC_COVID19-150x150.png 150w, https:\/\/saude.ufpr.br\/enfermagem\/wp-content\/uploads\/sites\/4\/2022\/04\/GUIA_REC_COVID19.png 500w\" sizes=\"(max-width: 120px) 100vw, 120px\" \/><\/a><a href=\"https:\/\/saude.ufpr.br\/enfermagem\/nepes-premios\/\" rel=\"attachment wp-att-5536\"><img loading=\"lazy\" decoding=\"async\" class=\"alignnone wp-image-5536\" src=\"https:\/\/saude.ufpr.br\/enfermagem\/wp-content\/uploads\/sites\/4\/2022\/04\/premios-300x300.png\" alt=\"\" width=\"100\" height=\"100\" srcset=\"https:\/\/saude.ufpr.br\/enfermagem\/wp-content\/uploads\/sites\/4\/2022\/04\/premios-300x300.png 300w, https:\/\/saude.ufpr.br\/enfermagem\/wp-content\/uploads\/sites\/4\/2022\/04\/premios-150x150.png 150w, https:\/\/saude.ufpr.br\/enfermagem\/wp-content\/uploads\/sites\/4\/2022\/04\/premios.png 500w\" sizes=\"(max-width: 100px) 100vw, 100px\" \/><\/a><\/p>\n<h2 style=\"color: #76c7ca;text-align: center\"><\/h2>\n<p>&nbsp;<\/p>\n<p style=\"text-align: left\">\u00a0\u00a0\u00a0\u00a0\u00a0\u00a0\u00a0\u00a0\u00a0\u00a0\u00a0 O <strong>NEPES<\/strong> tem a indica\u00e7\u00e3o para a segunda fase do Laborat\u00f3rio de Inova\u00e7\u00e3o em Enfermagem: Valorizar e Fortalecer a Sa\u00fade Universal. A iniciativa, promovida pelo Conselho Federal de Enfermagem (Cofen) e pela Organiza\u00e7\u00e3o Pan-Americana da Sa\u00fade no Brasil (OPAS\/OMS), permitir\u00e1 ter um panorama das estrat\u00e9gias adotadas pelos profissionais da Enfermagem ao enfrentar os desafios do sistema de sa\u00fade como a necessidade de ampliar o acesso dos cidad\u00e3os aos cuidados de sa\u00fade, de melhorar a capacidade resolutiva dos servi\u00e7os de sa\u00fade e da qualidade do cuidado ofertado e de reduzir custos e gastos em sa\u00fade.<\/p>\n<p>&nbsp;<\/p>\n<table>\n<thead>\n<tr>\n<td style=\"border: 0px;text-align: center\"><\/td>\n<\/tr>\n<\/thead>\n<tbody>\n<tr>\n<td style=\"border: 0px;border-left: 2px solid white;text-align: center\"><a href=\"https:\/\/www.ufpr.brufpr\/noticias\/trabalho-de-vigilancia-em-saude-desenvolvido-na-ufpr-e-indicado-a-premio-nacional-de-enfermagem\/\">Saiba mais -&gt; <\/a><\/td>\n<\/tr>\n<tr>\n<td style=\"border: 0px;border-left: 2px solid #c0e9af;text-align: center\">Pr\u00eamio Nacional de Enfermagem<\/td>\n<\/tr>\n<\/tbody>\n<\/table>\n<table>\n<thead>\n<tr>\n<td style=\"border: 0px;text-align: center\"><\/td>\n<\/tr>\n<\/thead>\n<tbody>\n<tr>\n<td style=\"border: 0px;border-left: 2px solid white;text-align: center\"><a href=\"http:\/\/www.cofen.gov.br\/opas-e-cofen-lancam-laboratorio-de-inovacao-em-enfermagem_74113.html\">Saiba mais -&gt; <\/a><\/td>\n<\/tr>\n<tr>\n<td style=\"border: 0px;border-left: 2px solid #c0e9af;text-align: center\">Laborat\u00f3rio de Inova\u00e7\u00e3o em Enfermagem &#8211; OPAS e Cofen<\/td>\n<\/tr>\n<\/tbody>\n<\/table>\n<p>&nbsp;<\/p>\n<h2 style=\"color: #76c7ca;text-align: center\"><\/h2>\n","protected":false},"excerpt":{"rendered":"<p>&nbsp; \u00a0\u00a0\u00a0\u00a0\u00a0\u00a0\u00a0\u00a0\u00a0\u00a0\u00a0 O NEPES tem a indica\u00e7\u00e3o para a segunda fase do Laborat\u00f3rio de Inova\u00e7\u00e3o em Enfermagem: Valorizar e Fortalecer a Sa\u00fade Universal. A iniciativa, promovida pelo Conselho Federal de Enfermagem (Cofen) e pela Organiza\u00e7\u00e3o Pan-Americana da Sa\u00fade no Brasil (OPAS\/OMS), permitir\u00e1 ter um panorama das estrat\u00e9gias adotadas pelos profissionais da Enfermagem ao enfrentar os<br \/> <a href=\"https:\/\/saude.ufpr.br\/enfermagem\/nepes-premios\/\" class=\"button success small readmore\">Leia mais<\/a><\/p>\n","protected":false},"author":1699,"featured_media":0,"parent":0,"menu_order":0,"comment_status":"closed","ping_status":"closed","template":"","meta":{"_acf_changed":false,"_uag_custom_page_level_css":"","footnotes":""},"class_list":["post-5542","page","type-page","status-publish","hentry"],"acf":[],"featured_image_src":null,"uagb_featured_image_src":{"full":false,"thumbnail":false,"medium":false,"medium_large":false,"large":false,"1536x1536":false,"2048x2048":false,"noticias-thumb":false,"banners-thumb":false,"maisnoticias-thumb":false,"post-thumbnail":false},"uagb_author_info":{"display_name":"daiana","author_link":"https:\/\/saude.ufpr.br\/enfermagem\/author\/daiana\/"},"uagb_comment_info":0,"uagb_excerpt":"&nbsp; \u00a0\u00a0\u00a0\u00a0\u00a0\u00a0\u00a0\u00a0\u00a0\u00a0\u00a0 O NEPES tem a indica\u00e7\u00e3o para a segunda fase do Laborat\u00f3rio de Inova\u00e7\u00e3o em Enfermagem: Valorizar e Fortalecer a Sa\u00fade Universal. A iniciativa, promovida pelo Conselho Federal de Enfermagem (Cofen) e pela Organiza\u00e7\u00e3o Pan-Americana da Sa\u00fade no Brasil (OPAS\/OMS), permitir\u00e1 ter um panorama das estrat\u00e9gias adotadas pelos profissionais da Enfermagem ao enfrentar os&hellip;","publishpress_future_action":{"enabled":false,"date":"2026-05-13 07:29:09","action":"change-status","newStatus":"draft","terms":[],"taxonomy":"","extraData":[]},"publishpress_future_workflow_manual_trigger":{"enabledWorkflows":[]},"_links":{"self":[{"href":"https:\/\/saude.ufpr.br\/enfermagem\/wp-json\/wp\/v2\/pages\/5542","targetHints":{"allow":["GET"]}}],"collection":[{"href":"https:\/\/saude.ufpr.br\/enfermagem\/wp-json\/wp\/v2\/pages"}],"about":[{"href":"https:\/\/saude.ufpr.br\/enfermagem\/wp-json\/wp\/v2\/types\/page"}],"author":[{"embeddable":true,"href":"https:\/\/saude.ufpr.br\/enfermagem\/wp-json\/wp\/v2\/users\/1699"}],"replies":[{"embeddable":true,"href":"https:\/\/saude.ufpr.br\/enfermagem\/wp-json\/wp\/v2\/comments?post=5542"}],"version-history":[{"count":19,"href":"https:\/\/saude.ufpr.br\/enfermagem\/wp-json\/wp\/v2\/pages\/5542\/revisions"}],"predecessor-version":[{"id":5740,"href":"https:\/\/saude.ufpr.br\/enfermagem\/wp-json\/wp\/v2\/pages\/5542\/revisions\/5740"}],"wp:attachment":[{"href":"https:\/\/saude.ufpr.br\/enfermagem\/wp-json\/wp\/v2\/media?parent=5542"}],"curies":[{"name":"wp","href":"https:\/\/api.w.org\/{rel}","templated":true}]}}