{"id":5550,"date":"2022-04-20T14:57:20","date_gmt":"2022-04-20T17:57:20","guid":{"rendered":"https:\/\/saude.ufpr.br\/enfermagem\/?page_id=5550"},"modified":"2022-04-20T14:57:20","modified_gmt":"2022-04-20T17:57:20","slug":"nepes-produtos","status":"publish","type":"page","link":"https:\/\/saude.ufpr.br\/enfermagem\/nepes-produtos\/","title":{"rendered":"PRODUTOS"},"content":{"rendered":"<p><a href=\"https:\/\/saude.ufpr.br\/enfermagem\/lipvisa\/\" rel=\"attachment wp-att-5471\"><img decoding=\"async\" class=\"alignnone wp-image-5471\" src=\"https:\/\/saude.ufpr.br\/enfermagem\/wp-content\/uploads\/sites\/4\/2022\/03\/lipvisa-300x300.png\" alt=\"\" width=\"120\" height=\"120\" srcset=\"https:\/\/saude.ufpr.br\/enfermagem\/wp-content\/uploads\/sites\/4\/2022\/03\/lipvisa-300x300.png 300w, https:\/\/saude.ufpr.br\/enfermagem\/wp-content\/uploads\/sites\/4\/2022\/03\/lipvisa-150x150.png 150w, https:\/\/saude.ufpr.br\/enfermagem\/wp-content\/uploads\/sites\/4\/2022\/03\/lipvisa.png 500w\" sizes=\"(max-width: 120px) 100vw, 120px\" \/><\/a><a href=\"https:\/\/saude.ufpr.br\/enfermagem\/nepes-labesi\/\" rel=\"attachment wp-att-5687\"><img decoding=\"async\" class=\"alignnone size-medium wp-image-5708\" src=\"https:\/\/saude.ufpr.br\/enfermagem\/wp-content\/uploads\/sites\/4\/2022\/04\/LABESI_LOGO_-300x300.png\" alt=\"\" width=\"120\" height=\"120\" srcset=\"https:\/\/saude.ufpr.br\/enfermagem\/wp-content\/uploads\/sites\/4\/2022\/04\/LABESI_LOGO_-300x300.png 300w, https:\/\/saude.ufpr.br\/enfermagem\/wp-content\/uploads\/sites\/4\/2022\/04\/LABESI_LOGO_-150x150.png 150w, https:\/\/saude.ufpr.br\/enfermagem\/wp-content\/uploads\/sites\/4\/2022\/04\/LABESI_LOGO_.png 500w\" sizes=\"(max-width: 120px) 100vw, 120px\" \/><\/a><a href=\"https:\/\/saude.ufpr.br\/enfermagem\/nepes\/\"><img decoding=\"async\" class=\"alignnone wp-image-5454 \" src=\"https:\/\/saude.ufpr.br\/enfermagem\/wp-content\/uploads\/sites\/4\/2022\/03\/Nucleo-de-ensino-pesquisa-e-extensao-em-saude.png\" alt=\"\" width=\"120\" height=\"120\" srcset=\"https:\/\/saude.ufpr.br\/enfermagem\/wp-content\/uploads\/sites\/4\/2022\/03\/Nucleo-de-ensino-pesquisa-e-extensao-em-saude.png 225w, https:\/\/saude.ufpr.br\/enfermagem\/wp-content\/uploads\/sites\/4\/2022\/03\/Nucleo-de-ensino-pesquisa-e-extensao-em-saude-150x150.png 150w\" sizes=\"(max-width: 120px) 100vw, 120px\" \/><\/a><a style=\"border-radius: 30%;border: 100px;color: #76c7ca\" href=\"https:\/\/saude.ufpr.br\/enfermagem\/nepes-atividades\/\" rel=\"attachment wp-att-5472\"><img loading=\"lazy\" decoding=\"async\" class=\"alignnone size-medium wp-image-5601\" src=\"https:\/\/saude.ufpr.br\/enfermagem\/wp-content\/uploads\/sites\/4\/2022\/04\/ATIVIDADES_E_MIDIAS_SOCIAIS-300x300.png\" alt=\"\" width=\"120\" height=\"120\" srcset=\"https:\/\/saude.ufpr.br\/enfermagem\/wp-content\/uploads\/sites\/4\/2022\/04\/ATIVIDADES_E_MIDIAS_SOCIAIS-300x300.png 300w, https:\/\/saude.ufpr.br\/enfermagem\/wp-content\/uploads\/sites\/4\/2022\/04\/ATIVIDADES_E_MIDIAS_SOCIAIS-150x150.png 150w, https:\/\/saude.ufpr.br\/enfermagem\/wp-content\/uploads\/sites\/4\/2022\/04\/ATIVIDADES_E_MIDIAS_SOCIAIS.png 500w\" sizes=\"(max-width: 120px) 100vw, 120px\" \/><\/a><a href=\"https:\/\/saude.ufpr.br\/enfermagem\/nepes-projetos\/\" rel=\"attachment wp-att-5604\"><img loading=\"lazy\" decoding=\"async\" class=\"alignnone size-medium wp-image-5604\" src=\"https:\/\/saude.ufpr.br\/enfermagem\/wp-content\/uploads\/sites\/4\/2022\/04\/PROJETOS_-300x300.png\" alt=\"\" width=\"120\" height=\"120\" srcset=\"https:\/\/saude.ufpr.br\/enfermagem\/wp-content\/uploads\/sites\/4\/2022\/04\/PROJETOS_-300x300.png 300w, https:\/\/saude.ufpr.br\/enfermagem\/wp-content\/uploads\/sites\/4\/2022\/04\/PROJETOS_-150x150.png 150w, https:\/\/saude.ufpr.br\/enfermagem\/wp-content\/uploads\/sites\/4\/2022\/04\/PROJETOS_.png 500w\" sizes=\"(max-width: 120px) 100vw, 120px\" \/><\/a><a href=\"https:\/\/saude.ufpr.br\/enfermagem\/nepes-produtos\/\" rel=\"attachment wp-att-5599\"><img loading=\"lazy\" decoding=\"async\" class=\"alignnone size-medium wp-image-5599\" src=\"https:\/\/saude.ufpr.br\/enfermagem\/wp-content\/uploads\/sites\/4\/2022\/04\/PRODUTOS-300x300.png\" alt=\"\" width=\"120\" height=\"120\" srcset=\"https:\/\/saude.ufpr.br\/enfermagem\/wp-content\/uploads\/sites\/4\/2022\/04\/PRODUTOS-300x300.png 300w, https:\/\/saude.ufpr.br\/enfermagem\/wp-content\/uploads\/sites\/4\/2022\/04\/PRODUTOS-150x150.png 150w, https:\/\/saude.ufpr.br\/enfermagem\/wp-content\/uploads\/sites\/4\/2022\/04\/PRODUTOS.png 500w\" sizes=\"(max-width: 120px) 100vw, 120px\" \/><\/a><a href=\"https:\/\/saude.ufpr.br\/enfermagem\/nepes-guia-de-recomendacoes\/\" rel=\"attachment wp-att-5602\"><img loading=\"lazy\" decoding=\"async\" class=\"alignnone size-medium wp-image-5602\" src=\"https:\/\/saude.ufpr.br\/enfermagem\/wp-content\/uploads\/sites\/4\/2022\/04\/GUIA_REC_COVID19-300x300.png\" alt=\"\" width=\"120\" height=\"120\" srcset=\"https:\/\/saude.ufpr.br\/enfermagem\/wp-content\/uploads\/sites\/4\/2022\/04\/GUIA_REC_COVID19-300x300.png 300w, https:\/\/saude.ufpr.br\/enfermagem\/wp-content\/uploads\/sites\/4\/2022\/04\/GUIA_REC_COVID19-150x150.png 150w, https:\/\/saude.ufpr.br\/enfermagem\/wp-content\/uploads\/sites\/4\/2022\/04\/GUIA_REC_COVID19.png 500w\" sizes=\"(max-width: 120px) 100vw, 120px\" \/><\/a><a href=\"https:\/\/saude.ufpr.br\/enfermagem\/nepes-premios\/\" rel=\"attachment wp-att-5536\"><img loading=\"lazy\" decoding=\"async\" class=\"alignnone wp-image-5536\" src=\"https:\/\/saude.ufpr.br\/enfermagem\/wp-content\/uploads\/sites\/4\/2022\/04\/premios-300x300.png\" alt=\"\" width=\"100\" height=\"100\" srcset=\"https:\/\/saude.ufpr.br\/enfermagem\/wp-content\/uploads\/sites\/4\/2022\/04\/premios-300x300.png 300w, https:\/\/saude.ufpr.br\/enfermagem\/wp-content\/uploads\/sites\/4\/2022\/04\/premios-150x150.png 150w, https:\/\/saude.ufpr.br\/enfermagem\/wp-content\/uploads\/sites\/4\/2022\/04\/premios.png 500w\" sizes=\"(max-width: 100px) 100vw, 100px\" \/><\/a><\/p>\n<h2 style=\"color: #008b8b;text-align: center\">MATERIAL EDUCATIVO<\/h2>\n<p>&nbsp;<\/p>\n<ul>\n<li style=\"text-align: left\"><strong>Livro Pesquisas e A\u00e7\u00f5es em Sa\u00fade P\u00fablica &#8211; Edi\u00e7\u00e3o III\u00a0\u00a0 <\/strong><\/li>\n<\/ul>\n<p style=\"text-align: left\"><strong> Cap. 18<\/strong> &#8211; COVID-19 E A VIGIL\u00c2NCIA EM SA\u00daDE : Relato de experi\u00eancia da Universidade Federal do Paran\u00e1 \u00a0 <a href=\"https:\/\/saude.ufpr.br\/enfermagem\/wp-content\/uploads\/sites\/4\/2022\/04\/LIVRO-PUBLICADO-PESQ.-AC%CC%A7OES-EM-SAU%CC%81DE-PU%CC%81BLICA.-Ed.-III.pdf\" rel=\"attachment wp-att-5560\">Ver -&gt;<\/a><\/p>\n<p style=\"text-align: left\"><strong>Cap. 19<\/strong> &#8211; UMA VIV\u00caNCIA EM EDUCA\u00c7\u00c3O, PROMO\u00c7\u00c3O E PROCESSO DE FORMA\u00c7\u00c3O EM SA\u00daDE EM \u00c2MBITO UNIVERSIT\u00c1RIO P\u00daBLICO \u00a0 <a href=\"https:\/\/saude.ufpr.br\/enfermagem\/wp-content\/uploads\/sites\/4\/2022\/04\/LIVRO-PUBLICADO-PESQ.-AC%CC%A7OES-EM-SAU%CC%81DE-PU%CC%81BLICA.-Ed.-III.pdf\" rel=\"attachment wp-att-5560\">Ver -&gt;<\/a><\/p>\n<p style=\"text-align: left\"><strong>Cap. 20<\/strong> &#8211; EDUCA\u00c7\u00c3O INTERPROFISSIONAL E PR\u00c1TICAS COLABORATIVAS COM PESQUISA E EXTENS\u00c3O EM SA\u00daDE : Relato de experi\u00eancia de sucesso \u00a0 <a href=\"https:\/\/saude.ufpr.br\/enfermagem\/wp-content\/uploads\/sites\/4\/2022\/04\/LIVRO-PUBLICADO-PESQ.-AC%CC%A7OES-EM-SAU%CC%81DE-PU%CC%81BLICA.-Ed.-III.pdf\" rel=\"attachment wp-att-5560\">Ver -&gt;<\/a><\/p>\n<p>&nbsp;<\/p>\n<h2 style=\"color: #008b8b;text-align: center\">CARTAZES<\/h2>\n<p>&nbsp;<\/p>\n<p><a href=\"https:\/\/saude.ufpr.br\/enfermagem\/nepes-produtos\/para_diminuir_prop\/\" rel=\"attachment wp-att-5660\"><img loading=\"lazy\" decoding=\"async\" class=\"alignnone size-medium wp-image-5660\" src=\"https:\/\/saude.ufpr.br\/enfermagem\/wp-content\/uploads\/sites\/4\/2022\/04\/PARA_DIMINUIR_PROP-212x300.png\" alt=\"\" width=\"152\" height=\"250\" \/>\u00a0\u00a0\u00a0\u00a0\u00a0<\/a> <a href=\"https:\/\/saude.ufpr.br\/enfermagem\/nepes-produtos\/para_diminuir_prop_amb\/\" rel=\"attachment wp-att-5661\"><img loading=\"lazy\" decoding=\"async\" class=\"alignnone size-medium wp-image-5661\" src=\"https:\/\/saude.ufpr.br\/enfermagem\/wp-content\/uploads\/sites\/4\/2022\/04\/PARA_DIMINUIR_PROP_AMB-212x300.png\" alt=\"\" width=\"152\" height=\"250\" \/>\u00a0\u00a0\u00a0\u00a0\u00a0<\/a> <a href=\"https:\/\/saude.ufpr.br\/enfermagem\/nepes-produtos\/janelas_abertas\/\" rel=\"attachment wp-att-5662\"><img loading=\"lazy\" decoding=\"async\" class=\"alignnone size-medium wp-image-5662\" src=\"https:\/\/saude.ufpr.br\/enfermagem\/wp-content\/uploads\/sites\/4\/2022\/04\/JANELAS_ABERTAS-212x300.png\" alt=\"\" width=\"152\" height=\"250\" \/><\/a> \u00a0\u00a0 \u00a0 <a href=\"https:\/\/saude.ufpr.br\/enfermagem\/nepes-produtos\/cuidados_com_mascara\/\" rel=\"attachment wp-att-5663\"><img loading=\"lazy\" decoding=\"async\" class=\"alignnone size-medium wp-image-5663\" src=\"https:\/\/saude.ufpr.br\/enfermagem\/wp-content\/uploads\/sites\/4\/2022\/04\/CUIDADOS_COM_MASCARA-212x300.png\" alt=\"\" width=\"152\" height=\"250\" \/>\u00a0\u00a0\u00a0\u00a0 <\/a><a href=\"https:\/\/saude.ufpr.br\/enfermagem\/nepes-produtos\/higienizacao_maos\/\" rel=\"attachment wp-att-5690\"><img loading=\"lazy\" decoding=\"async\" class=\"alignnone size-medium wp-image-5690\" src=\"https:\/\/saude.ufpr.br\/enfermagem\/wp-content\/uploads\/sites\/4\/2022\/04\/HIGIENIZACAO_MAOS-300x182.png\" alt=\"\" width=\"250\" height=\"132\" \/><\/a><\/p>\n<h2 style=\"color: #76c7ca;text-align: center\"><\/h2>\n","protected":false},"excerpt":{"rendered":"<p>MATERIAL EDUCATIVO &nbsp; Livro Pesquisas e A\u00e7\u00f5es em Sa\u00fade P\u00fablica &#8211; Edi\u00e7\u00e3o III\u00a0\u00a0 Cap. 18 &#8211; COVID-19 E A VIGIL\u00c2NCIA EM SA\u00daDE : Relato de experi\u00eancia da Universidade Federal do Paran\u00e1 \u00a0 Ver -&gt; Cap. 19 &#8211; UMA VIV\u00caNCIA EM EDUCA\u00c7\u00c3O, PROMO\u00c7\u00c3O E PROCESSO DE FORMA\u00c7\u00c3O EM SA\u00daDE EM \u00c2MBITO UNIVERSIT\u00c1RIO P\u00daBLICO \u00a0 Ver -&gt;<br \/> <a href=\"https:\/\/saude.ufpr.br\/enfermagem\/nepes-produtos\/\" class=\"button success small readmore\">Leia mais<\/a><\/p>\n","protected":false},"author":1699,"featured_media":0,"parent":0,"menu_order":0,"comment_status":"closed","ping_status":"closed","template":"","meta":{"_acf_changed":false,"_uag_custom_page_level_css":"","footnotes":""},"class_list":["post-5550","page","type-page","status-publish","hentry"],"acf":[],"featured_image_src":null,"uagb_featured_image_src":{"full":false,"thumbnail":false,"medium":false,"medium_large":false,"large":false,"1536x1536":false,"2048x2048":false,"noticias-thumb":false,"banners-thumb":false,"maisnoticias-thumb":false,"post-thumbnail":false},"uagb_author_info":{"display_name":"daiana","author_link":"https:\/\/saude.ufpr.br\/enfermagem\/author\/daiana\/"},"uagb_comment_info":0,"uagb_excerpt":"MATERIAL EDUCATIVO &nbsp; Livro Pesquisas e A\u00e7\u00f5es em Sa\u00fade P\u00fablica &#8211; Edi\u00e7\u00e3o III\u00a0\u00a0 Cap. 18 &#8211; COVID-19 E A VIGIL\u00c2NCIA EM SA\u00daDE : Relato de experi\u00eancia da Universidade Federal do Paran\u00e1 \u00a0 Ver -&gt; Cap. 19 &#8211; UMA VIV\u00caNCIA EM EDUCA\u00c7\u00c3O, PROMO\u00c7\u00c3O E PROCESSO DE FORMA\u00c7\u00c3O EM SA\u00daDE EM \u00c2MBITO UNIVERSIT\u00c1RIO P\u00daBLICO \u00a0 Ver -&gt;&hellip;","publishpress_future_action":{"enabled":false,"date":"2026-05-13 11:00:10","action":"change-status","newStatus":"draft","terms":[],"taxonomy":"","extraData":[]},"publishpress_future_workflow_manual_trigger":{"enabledWorkflows":[]},"_links":{"self":[{"href":"https:\/\/saude.ufpr.br\/enfermagem\/wp-json\/wp\/v2\/pages\/5550","targetHints":{"allow":["GET"]}}],"collection":[{"href":"https:\/\/saude.ufpr.br\/enfermagem\/wp-json\/wp\/v2\/pages"}],"about":[{"href":"https:\/\/saude.ufpr.br\/enfermagem\/wp-json\/wp\/v2\/types\/page"}],"author":[{"embeddable":true,"href":"https:\/\/saude.ufpr.br\/enfermagem\/wp-json\/wp\/v2\/users\/1699"}],"replies":[{"embeddable":true,"href":"https:\/\/saude.ufpr.br\/enfermagem\/wp-json\/wp\/v2\/comments?post=5550"}],"version-history":[{"count":33,"href":"https:\/\/saude.ufpr.br\/enfermagem\/wp-json\/wp\/v2\/pages\/5550\/revisions"}],"predecessor-version":[{"id":5766,"href":"https:\/\/saude.ufpr.br\/enfermagem\/wp-json\/wp\/v2\/pages\/5550\/revisions\/5766"}],"wp:attachment":[{"href":"https:\/\/saude.ufpr.br\/enfermagem\/wp-json\/wp\/v2\/media?parent=5550"}],"curies":[{"name":"wp","href":"https:\/\/api.w.org\/{rel}","templated":true}]}}