{"id":5685,"date":"2022-04-20T14:55:26","date_gmt":"2022-04-20T17:55:26","guid":{"rendered":"https:\/\/saude.ufpr.br\/enfermagem\/?page_id=5685"},"modified":"2022-04-28T22:22:59","modified_gmt":"2022-04-29T01:22:59","slug":"nepes-labesi","status":"publish","type":"page","link":"https:\/\/saude.ufpr.br\/enfermagem\/nepes-labesi\/","title":{"rendered":"LABESI &#8211; Laborat\u00f3rio de Estudos em Sa\u00fade Integrativa"},"content":{"rendered":"<p><a href=\"https:\/\/saude.ufpr.br\/enfermagem\/lipvisa\/\" rel=\"attachment wp-att-5471\"><img decoding=\"async\" class=\"alignnone wp-image-5471\" src=\"https:\/\/saude.ufpr.br\/enfermagem\/wp-content\/uploads\/sites\/4\/2022\/03\/lipvisa-300x300.png\" alt=\"\" width=\"120\" height=\"120\" srcset=\"https:\/\/saude.ufpr.br\/enfermagem\/wp-content\/uploads\/sites\/4\/2022\/03\/lipvisa-300x300.png 300w, https:\/\/saude.ufpr.br\/enfermagem\/wp-content\/uploads\/sites\/4\/2022\/03\/lipvisa-150x150.png 150w, https:\/\/saude.ufpr.br\/enfermagem\/wp-content\/uploads\/sites\/4\/2022\/03\/lipvisa.png 500w\" sizes=\"(max-width: 120px) 100vw, 120px\" \/><\/a><a href=\"https:\/\/saude.ufpr.br\/enfermagem\/nepes-labesi\/labesi_logo_\/\" rel=\"attachment wp-att-5708\"><img decoding=\"async\" class=\"alignnone size-medium wp-image-5708\" src=\"https:\/\/saude.ufpr.br\/enfermagem\/wp-content\/uploads\/sites\/4\/2022\/04\/LABESI_LOGO_-300x300.png\" alt=\"\" width=\"120\" height=\"120\" srcset=\"https:\/\/saude.ufpr.br\/enfermagem\/wp-content\/uploads\/sites\/4\/2022\/04\/LABESI_LOGO_-300x300.png 300w, https:\/\/saude.ufpr.br\/enfermagem\/wp-content\/uploads\/sites\/4\/2022\/04\/LABESI_LOGO_-150x150.png 150w, https:\/\/saude.ufpr.br\/enfermagem\/wp-content\/uploads\/sites\/4\/2022\/04\/LABESI_LOGO_.png 500w\" sizes=\"(max-width: 120px) 100vw, 120px\" \/><\/a><a href=\"https:\/\/saude.ufpr.br\/enfermagem\/nepes\/\"><img decoding=\"async\" class=\"alignnone wp-image-5454 \" src=\"https:\/\/saude.ufpr.br\/enfermagem\/wp-content\/uploads\/sites\/4\/2022\/03\/Nucleo-de-ensino-pesquisa-e-extensao-em-saude.png\" alt=\"\" width=\"120\" height=\"120\" srcset=\"https:\/\/saude.ufpr.br\/enfermagem\/wp-content\/uploads\/sites\/4\/2022\/03\/Nucleo-de-ensino-pesquisa-e-extensao-em-saude.png 225w, https:\/\/saude.ufpr.br\/enfermagem\/wp-content\/uploads\/sites\/4\/2022\/03\/Nucleo-de-ensino-pesquisa-e-extensao-em-saude-150x150.png 150w\" sizes=\"(max-width: 120px) 100vw, 120px\" \/><\/a><a href=\"https:\/\/saude.ufpr.br\/enfermagem\/nepes-atividades\/\" rel=\"attachment wp-att-5601\"><img loading=\"lazy\" decoding=\"async\" class=\"alignnone size-medium wp-image-5601\" src=\"https:\/\/saude.ufpr.br\/enfermagem\/wp-content\/uploads\/sites\/4\/2022\/04\/ATIVIDADES_E_MIDIAS_SOCIAIS-300x300.png\" alt=\"\" width=\"120\" height=\"120\" srcset=\"https:\/\/saude.ufpr.br\/enfermagem\/wp-content\/uploads\/sites\/4\/2022\/04\/ATIVIDADES_E_MIDIAS_SOCIAIS-300x300.png 300w, https:\/\/saude.ufpr.br\/enfermagem\/wp-content\/uploads\/sites\/4\/2022\/04\/ATIVIDADES_E_MIDIAS_SOCIAIS-150x150.png 150w, https:\/\/saude.ufpr.br\/enfermagem\/wp-content\/uploads\/sites\/4\/2022\/04\/ATIVIDADES_E_MIDIAS_SOCIAIS.png 500w\" sizes=\"(max-width: 120px) 100vw, 120px\" \/><\/a><a href=\"https:\/\/saude.ufpr.br\/enfermagem\/nepes-projetos\/\" rel=\"attachment wp-att-5604\"><img loading=\"lazy\" decoding=\"async\" class=\"alignnone size-medium wp-image-5604\" src=\"https:\/\/saude.ufpr.br\/enfermagem\/wp-content\/uploads\/sites\/4\/2022\/04\/PROJETOS_-300x300.png\" alt=\"\" width=\"120\" height=\"120\" srcset=\"https:\/\/saude.ufpr.br\/enfermagem\/wp-content\/uploads\/sites\/4\/2022\/04\/PROJETOS_-300x300.png 300w, https:\/\/saude.ufpr.br\/enfermagem\/wp-content\/uploads\/sites\/4\/2022\/04\/PROJETOS_-150x150.png 150w, https:\/\/saude.ufpr.br\/enfermagem\/wp-content\/uploads\/sites\/4\/2022\/04\/PROJETOS_.png 500w\" sizes=\"(max-width: 120px) 100vw, 120px\" \/><\/a><a href=\"https:\/\/saude.ufpr.br\/enfermagem\/nepes-produtos\/\" rel=\"attachment wp-att-5599\"><img loading=\"lazy\" decoding=\"async\" class=\"alignnone size-medium wp-image-5599\" src=\"https:\/\/saude.ufpr.br\/enfermagem\/wp-content\/uploads\/sites\/4\/2022\/04\/PRODUTOS-300x300.png\" alt=\"\" width=\"120\" height=\"120\" srcset=\"https:\/\/saude.ufpr.br\/enfermagem\/wp-content\/uploads\/sites\/4\/2022\/04\/PRODUTOS-300x300.png 300w, https:\/\/saude.ufpr.br\/enfermagem\/wp-content\/uploads\/sites\/4\/2022\/04\/PRODUTOS-150x150.png 150w, https:\/\/saude.ufpr.br\/enfermagem\/wp-content\/uploads\/sites\/4\/2022\/04\/PRODUTOS.png 500w\" sizes=\"(max-width: 120px) 100vw, 120px\" \/><\/a><a href=\"https:\/\/saude.ufpr.br\/enfermagem\/nepes-guia-de-recomendacoes\/\" rel=\"attachment wp-att-5602\"><img loading=\"lazy\" decoding=\"async\" class=\"alignnone size-medium wp-image-5602\" src=\"https:\/\/saude.ufpr.br\/enfermagem\/wp-content\/uploads\/sites\/4\/2022\/04\/GUIA_REC_COVID19-300x300.png\" alt=\"\" width=\"120\" height=\"120\" srcset=\"https:\/\/saude.ufpr.br\/enfermagem\/wp-content\/uploads\/sites\/4\/2022\/04\/GUIA_REC_COVID19-300x300.png 300w, https:\/\/saude.ufpr.br\/enfermagem\/wp-content\/uploads\/sites\/4\/2022\/04\/GUIA_REC_COVID19-150x150.png 150w, https:\/\/saude.ufpr.br\/enfermagem\/wp-content\/uploads\/sites\/4\/2022\/04\/GUIA_REC_COVID19.png 500w\" sizes=\"(max-width: 120px) 100vw, 120px\" \/><\/a><a href=\"https:\/\/saude.ufpr.br\/enfermagem\/nepes-premios\/\" rel=\"attachment wp-att-5536\"><img loading=\"lazy\" decoding=\"async\" class=\"alignnone wp-image-5536\" src=\"https:\/\/saude.ufpr.br\/enfermagem\/wp-content\/uploads\/sites\/4\/2022\/04\/premios-300x300.png\" alt=\"\" width=\"120\" height=\"120\" srcset=\"https:\/\/saude.ufpr.br\/enfermagem\/wp-content\/uploads\/sites\/4\/2022\/04\/premios-300x300.png 300w, https:\/\/saude.ufpr.br\/enfermagem\/wp-content\/uploads\/sites\/4\/2022\/04\/premios-150x150.png 150w, https:\/\/saude.ufpr.br\/enfermagem\/wp-content\/uploads\/sites\/4\/2022\/04\/premios.png 500w\" sizes=\"(max-width: 120px) 100vw, 120px\" \/><\/a><\/p>\n<h2 style=\"color: #008b8b;text-align: center\">APRESENTA\u00c7\u00c3O<\/h2>\n<p>&nbsp;<\/p>\n<p style=\"text-align: left\">\u00a0 \u00a0 \u00a0 \u00a0 \u00a0 \u00a0 \u00a0 \u00a0 \u00a0 \u00a0 \u00a0 \u00a0\u00a0O <strong>LABESI<\/strong> &#8211; Laborato\u0301rio de Estudos em Sau\u0301de Integrativa foi implantado na Universidade do Vale do Rio dos Sinos (Unisinos), no Rio Grande do Sul (RS) mediante a cria\u00e7\u00e3o e coordena\u00e7\u00e3o da Profa Doutora Rosa\u0301lia Figueiro\u0301 Borges, na Linha de Pesquisa de Cuidado em Sau\u0301de e Enfermagem, do Programa de Po\u0301s-Graduac\u0327a\u0303o em Enfermagem, em 2019. Recebeu apoio por parte do Conso\u0301rcio Acade\u0302mico Brasileiro de Sau\u0301de Integrativa (CABSIN), da Coordenac\u0327a\u0303o Estadual de Pra\u0301ticas Integrativas e Complementares (Pepic) da Secretaria Estadual de Sau\u0301de do Rio Grande do Sul, e da Secretaria Municipal de Porto Alegre (Borges et al., 2021).<\/p>\n<p style=\"text-align: left\">\u00a0 \u00a0 \u00a0 \u00a0 \u00a0 \u00a0 \u00a0 \u00a0 \u00a0 \u00a0 \u00a0 \u00a0\u00a0Contudo, o processo de desenvolvimento iniciou-se em agosto de 2018, por meio de m\u00faltiplas parcerias entre pesquisadores de quatro universidades, dentre elas a Universidade Federal do Parana\u0301 (UFPR), por interm\u00e9dio de docente do Departamento de Enfermagem, Profa Doutora M\u00e1rcia Helena de Souza Freire. E, ainda: Universidade Federal de Santa Catarina (UFSC); Universidade Federal de Cie\u0302ncias Me\u0301dicas de Porto Alegre (UFCSPA); e Instituto Metodista de Porto Alegre (IPA) (Borges et al., 2021).<\/p>\n<p style=\"text-align: left\">\u00a0 \u00a0 \u00a0 \u00a0 \u00a0 \u00a0 \u00a0 \u00a0 \u00a0 \u00a0 \u00a0 \u00a0\u00a0Sua constru\u00e7\u00e3o foi desenvolvida pensando na integralidade do cuidado, nos fundamentos do paradigma vitalista, bem como nas mudanc\u0327as paradigma\u0301ticas em pesquisa. Trata-se da constitui\u00e7\u00e3o de uma rede colaborativa de pesquisadores, universidades, profissionais e servic\u0327os de sau\u0301de, por meio de um Laborato\u0301rio de Estudos em Sau\u0301de Integrativa para a promoc\u0327a\u0303o das Pra\u0301ticas Integrativas e Complementares no Sul do Brasil (Borges et al., 2021). Em 2020, oficializou-se como Grupo de Pesquisa no Direto\u0301rio do <a href=\"http:\/\/dgp.cnpq.br\/dgp\/espelhogrupo\/2778487513452423\">CPNq.<\/a><\/p>\n<p style=\"text-align: left\">\u00a0 \u00a0 \u00a0 \u00a0 \u00a0 \u00a0 \u00a0 \u00a0 \u00a0 \u00a0 \u00a0 \u00a0\u00a0Assim, o LABESI \u2013 Conex\u00e3o Sul \u00e9 constitu\u00eddo pelos tr\u00eas estados da regi\u00e3o, sendo denominados de LABESI\/RS, LABESI\/SC e LABESI\/PR, cada grupo congrega de maneira inclusiva os interlocutores das PICS em seus estados, e tem uma coordena\u00e7\u00e3o formal para fins da agiliza\u00e7\u00e3o na condu\u00e7\u00e3o de suas atividades.<br \/>\n&nbsp;<br \/>\n<strong>Fonte:<\/strong><br \/>\nBORGES, R. F.; AMANTE, L. N.; FREIRE, M. H. F. Laborato\u0301rio de Estudos em Sau\u0301de Integrativa (Labesi): a experie\u0302ncia de uma rede colaborativa da Regia\u0303o Sul do Brasil. In: MACHADO, K.; S\u00c9GIO, J.V.; NUNES, G. M; MARIANO, G.; GHELMAN, R.; PORTELLA, C. (ORG). Trajet\u00f3ria das Pr\u00e1ticas Integrativas e Complementares no SUS \u2013 Volume 1. Rio de Janeiro: IdeiaSUS\/Fiocruz, 2021. p. 112 \u2013 124.<a href=\"http:\/\/www.ideiasus.fiocruz.br\/publicacoes-ideiasus\/livros\/293-trajetorias-das-praticas-integrativas-e-complementares-no-sus-volume-i&amp;gt\">  Dispon\u00edvel aqui -&gt;<\/a><\/p>\n<p>&nbsp;<br \/>\n&nbsp;<\/p>\n<h2 style=\"color: #76c7ca;text-align: center\"><\/h2>\n","protected":false},"excerpt":{"rendered":"<p>APRESENTA\u00c7\u00c3O &nbsp; \u00a0 \u00a0 \u00a0 \u00a0 \u00a0 \u00a0 \u00a0 \u00a0 \u00a0 \u00a0 \u00a0 \u00a0\u00a0O LABESI &#8211; Laborato\u0301rio de Estudos em Sau\u0301de Integrativa foi implantado na Universidade do Vale do Rio dos Sinos (Unisinos), no Rio Grande do Sul (RS) mediante a cria\u00e7\u00e3o e coordena\u00e7\u00e3o da Profa Doutora Rosa\u0301lia Figueiro\u0301 Borges, na Linha de Pesquisa de<br \/> <a href=\"https:\/\/saude.ufpr.br\/enfermagem\/nepes-labesi\/\" class=\"button success small readmore\">Leia mais<\/a><\/p>\n","protected":false},"author":1699,"featured_media":0,"parent":0,"menu_order":0,"comment_status":"closed","ping_status":"closed","template":"","meta":{"_acf_changed":false,"_uag_custom_page_level_css":"","footnotes":""},"class_list":["post-5685","page","type-page","status-publish","hentry"],"acf":[],"featured_image_src":null,"uagb_featured_image_src":{"full":false,"thumbnail":false,"medium":false,"medium_large":false,"large":false,"1536x1536":false,"2048x2048":false,"noticias-thumb":false,"banners-thumb":false,"maisnoticias-thumb":false,"post-thumbnail":false},"uagb_author_info":{"display_name":"daiana","author_link":"https:\/\/saude.ufpr.br\/enfermagem\/author\/daiana\/"},"uagb_comment_info":0,"uagb_excerpt":"APRESENTA\u00c7\u00c3O &nbsp; \u00a0 \u00a0 \u00a0 \u00a0 \u00a0 \u00a0 \u00a0 \u00a0 \u00a0 \u00a0 \u00a0 \u00a0\u00a0O LABESI &#8211; Laborato\u0301rio de Estudos em Sau\u0301de Integrativa foi implantado na Universidade do Vale do Rio dos Sinos (Unisinos), no Rio Grande do Sul (RS) mediante a cria\u00e7\u00e3o e coordena\u00e7\u00e3o da Profa Doutora Rosa\u0301lia Figueiro\u0301 Borges, na Linha de Pesquisa de&hellip;","publishpress_future_action":{"enabled":false,"date":"2026-05-13 07:27:52","action":"change-status","newStatus":"draft","terms":[],"taxonomy":"","extraData":[]},"publishpress_future_workflow_manual_trigger":{"enabledWorkflows":[]},"_links":{"self":[{"href":"https:\/\/saude.ufpr.br\/enfermagem\/wp-json\/wp\/v2\/pages\/5685","targetHints":{"allow":["GET"]}}],"collection":[{"href":"https:\/\/saude.ufpr.br\/enfermagem\/wp-json\/wp\/v2\/pages"}],"about":[{"href":"https:\/\/saude.ufpr.br\/enfermagem\/wp-json\/wp\/v2\/types\/page"}],"author":[{"embeddable":true,"href":"https:\/\/saude.ufpr.br\/enfermagem\/wp-json\/wp\/v2\/users\/1699"}],"replies":[{"embeddable":true,"href":"https:\/\/saude.ufpr.br\/enfermagem\/wp-json\/wp\/v2\/comments?post=5685"}],"version-history":[{"count":18,"href":"https:\/\/saude.ufpr.br\/enfermagem\/wp-json\/wp\/v2\/pages\/5685\/revisions"}],"predecessor-version":[{"id":5808,"href":"https:\/\/saude.ufpr.br\/enfermagem\/wp-json\/wp\/v2\/pages\/5685\/revisions\/5808"}],"wp:attachment":[{"href":"https:\/\/saude.ufpr.br\/enfermagem\/wp-json\/wp\/v2\/media?parent=5685"}],"curies":[{"name":"wp","href":"https:\/\/api.w.org\/{rel}","templated":true}]}}