{"id":6055,"date":"2022-06-12T22:03:29","date_gmt":"2022-06-13T01:03:29","guid":{"rendered":"https:\/\/saude.ufpr.br\/enfermagem\/?page_id=6055"},"modified":"2022-07-31T21:49:06","modified_gmt":"2022-08-01T00:49:06","slug":"material-educativo-lideres","status":"publish","type":"page","link":"https:\/\/saude.ufpr.br\/enfermagem\/material-educativo-lideres\/","title":{"rendered":"Material Educativo &#8211; L\u00edderes"},"content":{"rendered":"<div>\n<p style=\"text-align: center\"><a href=\"https:\/\/saude.ufpr.br\/enfermagem\/projeto-fall-tips\/\"><img decoding=\"async\" class=\"alignnone size-thumbnail wp-image-5241\" src=\"https:\/\/saude.ufpr.br\/enfermagem\/wp-content\/uploads\/sites\/4\/2022\/01\/inicial-desativado-908x1024.png\" alt=\"\" width=\"145\" height=\"145\" \/><\/a> \u00a0\u00a0 <a href=\"https:\/\/saude.ufpr.br\/enfermagem\/sobre-o-fall-tips\/\"><img decoding=\"async\" class=\"alignnone size-thumbnail wp-image-5251\" src=\"https:\/\/saude.ufpr.br\/enfermagem\/wp-content\/uploads\/sites\/4\/2022\/01\/sobre-desativado-908x1024.png\" alt=\"\" width=\"145\" height=\"145\" \/><\/a> \u00a0\u00a0 <a href=\"https:\/\/saude.ufpr.br\/enfermagem\/sobre-a-implementacao\/\"><img decoding=\"async\" class=\"alignnone size-thumbnail wp-image-5240\" src=\"https:\/\/saude.ufpr.br\/enfermagem\/wp-content\/uploads\/sites\/4\/2022\/01\/implementacao-desativado-908x1024.png\" alt=\"\" width=\"145\" height=\"145\" \/><\/a> \u00a0\u00a0 <a href=\"https:\/\/saude.ufpr.br\/enfermagem\/sobre-a-equipe-fall-tips\/\"><img loading=\"lazy\" decoding=\"async\" class=\"alignnone size-thumbnail wp-image-5264\" src=\"https:\/\/saude.ufpr.br\/enfermagem\/wp-content\/uploads\/sites\/4\/2022\/01\/equipe-desativado-908x1024.png\" alt=\"\" width=\"145\" height=\"145\" \/><\/a> \u00a0\u00a0 <a href=\"https:\/\/saude.ufpr.br\/enfermagem\/instrumentos-fall-tips\/\"><img loading=\"lazy\" decoding=\"async\" class=\"alignnone size-thumbnail wp-image-5239\" src=\"https:\/\/saude.ufpr.br\/enfermagem\/wp-content\/uploads\/sites\/4\/2022\/05\/instrumentos-desativado-3-908x1024.png\" alt=\"\" width=\"145\" height=\"145\" \/><\/a> \u00a0\u00a0 <a href=\"https:\/\/saude.ufpr.br\/enfermagem\/material-educativo-fall-tips\/\"><img loading=\"lazy\" decoding=\"async\" class=\"alignnone size-thumbnail wp-image-5242\" src=\"https:\/\/saude.ufpr.br\/enfermagem\/wp-content\/uploads\/sites\/4\/2022\/01\/material-ativado-908x1024.png\" alt=\"\" width=\"145\" height=\"145\" \/><\/a> \u00a0\u00a0 <a href=\"https:\/\/saude.ufpr.br\/enfermagem\/producoes-cientificas-fall-tips\/\"><img loading=\"lazy\" decoding=\"async\" class=\"alignnone size-thumbnail wp-image-5243\" src=\"https:\/\/saude.ufpr.br\/enfermagem\/wp-content\/uploads\/sites\/4\/2022\/01\/producao-desativado-908x1024.png\" alt=\"\" width=\"145\" height=\"145\" \/><\/a><\/p>\n<\/div>\n<p><!-- O corpo --><\/p>\n<div>\n<h1><\/h1>\n<h1 style=\"text-align: center\"><span style=\"color: #003300\">L\u00edderes &#8211; Programa <em>Fall<\/em> TIPS Brasil<\/span><\/h1>\n<p>&nbsp;<\/p>\n<p><span style=\"color: #2d4225;font-size: 1.125em\">Tecnologia educativa e ambienta\u00e7\u00e3o do tema:<\/span><\/p>\n<p><a href=\"https:\/\/saude.ufpr.br\/enfermagem\/wp-content\/uploads\/sites\/4\/2022\/06\/mod-01-01.png\" target=\"_blank\" rel=\"noopener\"><img loading=\"lazy\" decoding=\"async\" class=\"alignnone size-full wp-image-6090\" src=\"https:\/\/saude.ufpr.br\/enfermagem\/wp-content\/uploads\/sites\/4\/2022\/06\/mod-01-01.png\" alt=\"\" width=\"8000\" height=\"4500\" \/><\/a><\/p>\n<p><a href=\"https:\/\/open.spotify.com\/episode\/5L2wT7c4TmmRFBsaMYA2Oy?si=bedeced2a8524d1b\" target=\"_blank\" rel=\"https:\/\/open.spotify.com\/show\/0vxQoPso6BYuhALoA9PMnD?si=77bd56d0fd7e4f7b noopener\"><img loading=\"lazy\" decoding=\"async\" class=\"alignnone\" src=\"https:\/\/logodownload.org\/wp-content\/uploads\/2016\/09\/Spotify-logo.png\" alt=\"Spotify Logo \u2013 PNG e Vetor \u2013 Download de Logo\" width=\"127\" height=\"38\" \/><\/a><strong>Ou\u00e7a o podcast<\/strong>: <a href=\"https:\/\/open.spotify.com\/episode\/5L2wT7c4TmmRFBsaMYA2Oy?si=bedeced2a8524d1b\">Lideran\u00e7a Transformacional <\/a><\/p>\n<p>&nbsp;<\/p>\n<p><span style=\"color: #2d4225;font-size: 1.125em\">Pontos de discuss\u00e3o para a implanta\u00e7\u00e3o do Programa <em>Fall<\/em> TIPS Brasil:<\/span><\/p>\n<p><a href=\"https:\/\/saude.ufpr.br\/enfermagem\/wp-content\/uploads\/sites\/4\/2022\/06\/mod-03-01.png\" target=\"_blank\" rel=\"noopener\"><img loading=\"lazy\" decoding=\"async\" class=\"alignnone size-full wp-image-6092\" src=\"https:\/\/saude.ufpr.br\/enfermagem\/wp-content\/uploads\/sites\/4\/2022\/06\/mod-03-01.png\" alt=\"\" width=\"8000\" height=\"4500\" \/><\/a><\/p>\n<p>&nbsp;<\/p>\n<p><span style=\"color: #2d4225;font-size: 1.125em\">Prontid\u00e3o para implementa\u00e7\u00e3o do Programa <em>Fall<\/em> TIPS Brasil:<\/span><\/p>\n<p><a href=\"https:\/\/saude.ufpr.br\/enfermagem\/wp-content\/uploads\/sites\/4\/2022\/06\/mod-04-01.png\" target=\"_blank\" rel=\"noopener\"><img loading=\"lazy\" decoding=\"async\" class=\"alignnone size-full wp-image-6093\" src=\"https:\/\/saude.ufpr.br\/enfermagem\/wp-content\/uploads\/sites\/4\/2022\/06\/mod-04-01.png\" alt=\"\" width=\"8000\" height=\"4500\" \/><\/a><\/p>\n<p><a href=\"https:\/\/open.spotify.com\/episode\/5L2wT7c4TmmRFBsaMYA2Oy?si=bedeced2a8524d1b\" target=\"_blank\" rel=\"https:\/\/open.spotify.com\/show\/0vxQoPso6BYuhALoA9PMnD?si=77bd56d0fd7e4f7b noopener\"><img loading=\"lazy\" decoding=\"async\" class=\"alignnone\" src=\"https:\/\/logodownload.org\/wp-content\/uploads\/2016\/09\/Spotify-logo.png\" alt=\"Spotify Logo \u2013 PNG e Vetor \u2013 Download de Logo\" width=\"127\" height=\"38\" \/><\/a><strong>Ou\u00e7a o podcast<\/strong>: <a href=\"https:\/\/open.spotify.com\/episode\/5o7RrU9P49n1Fr7QmqrMDv?si=a2f930284309428f\"><em>Checklist<\/em> para a prontid\u00e3o<\/a><\/p>\n<p>&nbsp;<\/p>\n<p><span style=\"color: #2d4225;font-size: 1.125em\">An\u00e1lise de lacunas &#8211; Uma ferramenta para o sucesso na implementa\u00e7\u00e3o do Programa <em>Fall<\/em> TIPS Brasil:<\/span><\/p>\n<p><a href=\"https:\/\/saude.ufpr.br\/enfermagem\/wp-content\/uploads\/sites\/4\/2022\/06\/mod-05-01.png\" target=\"_blank\" rel=\"noopener\"><img loading=\"lazy\" decoding=\"async\" class=\"alignnone size-full wp-image-6094\" src=\"https:\/\/saude.ufpr.br\/enfermagem\/wp-content\/uploads\/sites\/4\/2022\/06\/mod-05-01.png\" alt=\"\" width=\"8000\" height=\"4500\" \/><\/a><\/p>\n<p>&nbsp;<\/p>\n<p><span style=\"color: #2d4225;font-size: 1.125em\">Lista de verifica\u00e7\u00e3o de implementa\u00e7\u00e3o:<\/span><\/p>\n<p><a href=\"https:\/\/saude.ufpr.br\/enfermagem\/wp-content\/uploads\/sites\/4\/2022\/06\/mod-06-01.png\" target=\"_blank\" rel=\"noopener\"><img loading=\"lazy\" decoding=\"async\" class=\"alignnone size-full wp-image-6095\" src=\"https:\/\/saude.ufpr.br\/enfermagem\/wp-content\/uploads\/sites\/4\/2022\/06\/mod-06-01.png\" alt=\"\" width=\"8000\" height=\"4500\" \/><\/a><\/p>\n<p>&nbsp;<\/p>\n<p><span style=\"color: #2d4225;font-size: 1.125em\">Classifica\u00e7\u00e3o do sucesso do Programa <em>Fall<\/em> TIPS Brasil:<\/span><\/p>\n<p><a href=\"https:\/\/saude.ufpr.br\/enfermagem\/wp-content\/uploads\/sites\/4\/2022\/06\/mod-07-01.png\" target=\"_blank\" rel=\"noopener\"><img loading=\"lazy\" decoding=\"async\" class=\"alignnone size-full wp-image-6096\" src=\"https:\/\/saude.ufpr.br\/enfermagem\/wp-content\/uploads\/sites\/4\/2022\/06\/mod-07-01.png\" alt=\"\" width=\"8000\" height=\"4500\" \/><\/a><\/p>\n<p>&nbsp;<\/p>\n<p><span style=\"color: #2d4225;font-size: 1.125em\">Relat\u00f3rio mensal de envolvimento:<\/span><\/p>\n<p><a href=\"https:\/\/saude.ufpr.br\/enfermagem\/wp-content\/uploads\/sites\/4\/2022\/06\/mod-08-01.png\" target=\"_blank\" rel=\"noopener\"><img loading=\"lazy\" decoding=\"async\" class=\"alignnone size-full wp-image-6097\" src=\"https:\/\/saude.ufpr.br\/enfermagem\/wp-content\/uploads\/sites\/4\/2022\/06\/mod-08-01.png\" alt=\"\" width=\"8000\" height=\"4500\" \/><\/a><\/p>\n<\/div>\n<div>\n<p>&nbsp;<\/p>\n<p style=\"text-align: justify\"><span style=\"color: #2d4225\">Programa<i> Fall<\/i> TIPS Brasil nas redes sociais:<\/span><\/p>\n<p><a href=\"https:\/\/www.facebook.com\/falltipsbrasil\/\"><img loading=\"lazy\" decoding=\"async\" class=\"alignnone size-thumbnail wp-image-5234\" src=\"https:\/\/saude.ufpr.br\/enfermagem\/wp-content\/uploads\/sites\/4\/2022\/01\/facebook-logo-2019-thumb-150x150.png\" alt=\"\" width=\"60\" height=\"60\" \/> <\/a><a href=\"https:\/\/www.instagram.com\/falltipsbrasil\/\" target=\"_blank\" rel=\"https:\/\/www.instagram.com\/falltipsbrasil\/ noopener\"><img loading=\"lazy\" decoding=\"async\" class=\"alignnone wp-image-4009 size-thumbnail\" src=\"https:\/\/saude.ufpr.br\/enfermagem\/wp-content\/uploads\/sites\/4\/2020\/07\/logo-Instagram-150x150.png\" alt=\"\" width=\"55\" height=\"55\" srcset=\"https:\/\/saude.ufpr.br\/enfermagem\/wp-content\/uploads\/sites\/4\/2020\/07\/logo-Instagram-150x150.png 150w, https:\/\/saude.ufpr.br\/enfermagem\/wp-content\/uploads\/sites\/4\/2020\/07\/logo-Instagram-300x300.png 300w, https:\/\/saude.ufpr.br\/enfermagem\/wp-content\/uploads\/sites\/4\/2020\/07\/logo-Instagram-1024x1024.png 1024w, https:\/\/saude.ufpr.br\/enfermagem\/wp-content\/uploads\/sites\/4\/2020\/07\/logo-Instagram-768x768.png 768w, https:\/\/saude.ufpr.br\/enfermagem\/wp-content\/uploads\/sites\/4\/2020\/07\/logo-Instagram-1536x1536.png 1536w, https:\/\/saude.ufpr.br\/enfermagem\/wp-content\/uploads\/sites\/4\/2020\/07\/logo-Instagram-2048x2048.png 2048w\" sizes=\"(max-width: 55px) 100vw, 55px\" \/><\/a><a href=\"https:\/\/open.spotify.com\/show\/0vxQoPso6BYuhALoA9PMnD?si=875666517a414f0d&amp;nd=1\" target=\"_blank\" rel=\"https:\/\/open.spotify.com\/show\/0vxQoPso6BYuhALoA9PMnD?si=875666517a414f0d&amp;nd=1 noopener\"> \u00a0<img loading=\"lazy\" decoding=\"async\" class=\"alignnone\" src=\"https:\/\/logopng.com.br\/logos\/spotify-149.png\" alt=\"Spotify Logo (PNG e SVG) Download Vetorial Transparente\" width=\"55\" height=\"55\" \/> \u00a0<\/a><a href=\"https:\/\/www.youtube.com\/channel\/UCe_nLdzkQzcqAmMmARG7CAQ\/about\" target=\"_blank\" rel=\"https:\/\/www.youtube.com\/channel\/UCe_nLdzkQzcqAmMmARG7CAQ\/about noopener\"><img loading=\"lazy\" decoding=\"async\" class=\"alignnone\" src=\"https:\/\/www.apaulista.org.br\/wp-content\/uploads\/2021\/02\/youtube-logo.png\" alt=\"youtube-logo - APM\" width=\"55\" height=\"55\" \/><\/a><\/p>\n<p style=\"text-align: justify\">\n<\/div>\n","protected":false},"excerpt":{"rendered":"<p>\u00a0\u00a0 \u00a0\u00a0 \u00a0\u00a0 \u00a0\u00a0 \u00a0\u00a0 \u00a0\u00a0 L\u00edderes &#8211; Programa Fall TIPS Brasil &nbsp; Tecnologia educativa e ambienta\u00e7\u00e3o do tema: Ou\u00e7a o podcast: Lideran\u00e7a Transformacional &nbsp; Pontos de discuss\u00e3o para a implanta\u00e7\u00e3o do Programa Fall TIPS Brasil: &nbsp; Prontid\u00e3o para implementa\u00e7\u00e3o do Programa Fall TIPS Brasil: Ou\u00e7a o podcast: Checklist para a prontid\u00e3o &nbsp; An\u00e1lise de<br \/> <a href=\"https:\/\/saude.ufpr.br\/enfermagem\/material-educativo-lideres\/\" class=\"button success small readmore\">Leia mais<\/a><\/p>\n","protected":false},"author":1675,"featured_media":0,"parent":0,"menu_order":0,"comment_status":"closed","ping_status":"closed","template":"","meta":{"_acf_changed":false,"_uag_custom_page_level_css":"","footnotes":""},"class_list":["post-6055","page","type-page","status-publish","hentry"],"acf":[],"featured_image_src":null,"uagb_featured_image_src":{"full":false,"thumbnail":false,"medium":false,"medium_large":false,"large":false,"1536x1536":false,"2048x2048":false,"noticias-thumb":false,"banners-thumb":false,"maisnoticias-thumb":false,"post-thumbnail":false},"uagb_author_info":{"display_name":"lucianagoncalves","author_link":"https:\/\/saude.ufpr.br\/enfermagem\/author\/lucianagoncalves\/"},"uagb_comment_info":0,"uagb_excerpt":"\u00a0\u00a0 \u00a0\u00a0 \u00a0\u00a0 \u00a0\u00a0 \u00a0\u00a0 \u00a0\u00a0 L\u00edderes &#8211; Programa Fall TIPS Brasil &nbsp; Tecnologia educativa e ambienta\u00e7\u00e3o do tema: Ou\u00e7a o podcast: Lideran\u00e7a Transformacional &nbsp; Pontos de discuss\u00e3o para a implanta\u00e7\u00e3o do Programa Fall TIPS Brasil: &nbsp; Prontid\u00e3o para implementa\u00e7\u00e3o do Programa Fall TIPS Brasil: Ou\u00e7a o podcast: Checklist para a prontid\u00e3o &nbsp; An\u00e1lise de&hellip;","publishpress_future_action":{"enabled":false,"date":"2026-05-03 18:14:31","action":"change-status","newStatus":"draft","terms":[],"taxonomy":"","extraData":[]},"publishpress_future_workflow_manual_trigger":{"enabledWorkflows":[]},"_links":{"self":[{"href":"https:\/\/saude.ufpr.br\/enfermagem\/wp-json\/wp\/v2\/pages\/6055","targetHints":{"allow":["GET"]}}],"collection":[{"href":"https:\/\/saude.ufpr.br\/enfermagem\/wp-json\/wp\/v2\/pages"}],"about":[{"href":"https:\/\/saude.ufpr.br\/enfermagem\/wp-json\/wp\/v2\/types\/page"}],"author":[{"embeddable":true,"href":"https:\/\/saude.ufpr.br\/enfermagem\/wp-json\/wp\/v2\/users\/1675"}],"replies":[{"embeddable":true,"href":"https:\/\/saude.ufpr.br\/enfermagem\/wp-json\/wp\/v2\/comments?post=6055"}],"version-history":[{"count":12,"href":"https:\/\/saude.ufpr.br\/enfermagem\/wp-json\/wp\/v2\/pages\/6055\/revisions"}],"predecessor-version":[{"id":6300,"href":"https:\/\/saude.ufpr.br\/enfermagem\/wp-json\/wp\/v2\/pages\/6055\/revisions\/6300"}],"wp:attachment":[{"href":"https:\/\/saude.ufpr.br\/enfermagem\/wp-json\/wp\/v2\/media?parent=6055"}],"curies":[{"name":"wp","href":"https:\/\/api.w.org\/{rel}","templated":true}]}}