{"id":6153,"date":"2022-06-28T23:30:06","date_gmt":"2022-06-29T02:30:06","guid":{"rendered":"https:\/\/saude.ufpr.br\/enfermagem\/?page_id=6153"},"modified":"2022-07-31T21:50:23","modified_gmt":"2022-08-01T00:50:23","slug":"material-educativo-champions","status":"publish","type":"page","link":"https:\/\/saude.ufpr.br\/enfermagem\/material-educativo-champions\/","title":{"rendered":"Material Educativo &#8211; Champions"},"content":{"rendered":"<div>\n<p style=\"text-align: center\"><a href=\"https:\/\/saude.ufpr.br\/enfermagem\/projeto-fall-tips\/\"><img decoding=\"async\" class=\"alignnone size-thumbnail wp-image-5241\" src=\"https:\/\/saude.ufpr.br\/enfermagem\/wp-content\/uploads\/sites\/4\/2022\/01\/inicial-desativado-908x1024.png\" alt=\"\" width=\"145\" height=\"145\" \/><\/a> \u00a0\u00a0 <a href=\"https:\/\/saude.ufpr.br\/enfermagem\/sobre-o-fall-tips\/\"><img decoding=\"async\" class=\"alignnone size-thumbnail wp-image-5251\" src=\"https:\/\/saude.ufpr.br\/enfermagem\/wp-content\/uploads\/sites\/4\/2022\/01\/sobre-desativado-908x1024.png\" alt=\"\" width=\"145\" height=\"145\" \/><\/a> \u00a0\u00a0 <a href=\"https:\/\/saude.ufpr.br\/enfermagem\/sobre-a-implementacao\/\"><img decoding=\"async\" class=\"alignnone size-thumbnail wp-image-5240\" src=\"https:\/\/saude.ufpr.br\/enfermagem\/wp-content\/uploads\/sites\/4\/2022\/01\/implementacao-desativado-908x1024.png\" alt=\"\" width=\"145\" height=\"145\" \/><\/a> \u00a0\u00a0 <a href=\"https:\/\/saude.ufpr.br\/enfermagem\/sobre-a-equipe-fall-tips\/\"><img loading=\"lazy\" decoding=\"async\" class=\"alignnone size-thumbnail wp-image-5264\" src=\"https:\/\/saude.ufpr.br\/enfermagem\/wp-content\/uploads\/sites\/4\/2022\/01\/equipe-desativado-908x1024.png\" alt=\"\" width=\"145\" height=\"145\" \/><\/a> \u00a0\u00a0 <a href=\"https:\/\/saude.ufpr.br\/enfermagem\/instrumentos-fall-tips\/\"><img loading=\"lazy\" decoding=\"async\" class=\"alignnone size-thumbnail wp-image-5239\" src=\"https:\/\/saude.ufpr.br\/enfermagem\/wp-content\/uploads\/sites\/4\/2022\/05\/instrumentos-desativado-3-908x1024.png\" alt=\"\" width=\"145\" height=\"145\" \/><\/a> \u00a0\u00a0 <a href=\"https:\/\/saude.ufpr.br\/enfermagem\/material-educativo-fall-tips\/\"><img loading=\"lazy\" decoding=\"async\" class=\"alignnone size-thumbnail wp-image-5242\" src=\"https:\/\/saude.ufpr.br\/enfermagem\/wp-content\/uploads\/sites\/4\/2022\/01\/material-ativado-908x1024.png\" alt=\"\" width=\"145\" height=\"145\" \/><\/a> \u00a0\u00a0 <a href=\"https:\/\/saude.ufpr.br\/enfermagem\/producoes-cientificas-fall-tips\/\"><img loading=\"lazy\" decoding=\"async\" class=\"alignnone size-thumbnail wp-image-5243\" src=\"https:\/\/saude.ufpr.br\/enfermagem\/wp-content\/uploads\/sites\/4\/2022\/01\/producao-desativado-908x1024.png\" alt=\"\" width=\"145\" height=\"145\" \/><\/a><\/p>\n<\/div>\n<p><!-- O corpo --><\/p>\n<div>\n<h1><\/h1>\n<h1 style=\"text-align: center\"><span style=\"color: #003300\"><em>Champions &#8211; <\/em>Programa <em>Fall<\/em> TIPS Brasil<\/span><\/h1>\n<p>&nbsp;<\/p>\n<p><span style=\"font-size: 1.125em\"><em>Champion<\/em> e seu papel na implementa\u00e7\u00e3o do Programa <em>Fall <\/em>TIPS Brasil:<\/span><\/p>\n<p><a href=\"https:\/\/saude.ufpr.br\/enfermagem\/wp-content\/uploads\/sites\/4\/2022\/06\/INFO-CHAMPION1-01.png\"><img loading=\"lazy\" decoding=\"async\" class=\"alignnone size-full wp-image-6154\" src=\"https:\/\/saude.ufpr.br\/enfermagem\/wp-content\/uploads\/sites\/4\/2022\/06\/INFO-CHAMPION1-01.png\" alt=\"\" width=\"8000\" height=\"4500\" \/><\/a><\/p>\n<p><a href=\"https:\/\/open.spotify.com\/episode\/5L2wT7c4TmmRFBsaMYA2Oy?si=bedeced2a8524d1b\" target=\"_blank\" rel=\"https:\/\/open.spotify.com\/show\/0vxQoPso6BYuhALoA9PMnD?si=77bd56d0fd7e4f7b noopener\"><img loading=\"lazy\" decoding=\"async\" class=\"alignnone\" src=\"https:\/\/logodownload.org\/wp-content\/uploads\/2016\/09\/Spotify-logo.png\" alt=\"Spotify Logo \u2013 PNG e Vetor \u2013 Download de Logo\" width=\"127\" height=\"38\" \/><\/a><strong>Ou\u00e7a o podcast<\/strong>: <a href=\"https:\/\/open.spotify.com\/episode\/2OxNThpLhwQH2sIxytZcC1?si=d8fa02bf34e94dad\">Quem s\u00e3o os <em>Champions<\/em><\/a><\/p>\n<p><img loading=\"lazy\" decoding=\"async\" class=\"alignnone wp-image-6196\" src=\"https:\/\/saude.ufpr.br\/enfermagem\/wp-content\/uploads\/sites\/4\/2022\/07\/download.png\" alt=\"\" width=\"121\" height=\"27\" srcset=\"https:\/\/saude.ufpr.br\/enfermagem\/wp-content\/uploads\/sites\/4\/2022\/07\/download.png 475w, https:\/\/saude.ufpr.br\/enfermagem\/wp-content\/uploads\/sites\/4\/2022\/07\/download-300x67.png 300w\" sizes=\"(max-width: 121px) 100vw, 121px\" \/> <strong>Assista o v\u00eddeo sobre os<\/strong><em>\u00a0<\/em><a href=\"https:\/\/youtu.be\/pfleYiOwLTc\"><em>Champions<\/em><\/a><\/p>\n<p>&nbsp;<\/p>\n<p><span style=\"font-size: 1.125em\">Ferramentas do Programa <em>Fall <\/em>TIPS Brasil:<\/span><br \/>\n<a href=\"https:\/\/saude.ufpr.br\/enfermagem\/wp-content\/uploads\/sites\/4\/2022\/06\/INFO-CHAMPION2-01.png\"><img loading=\"lazy\" decoding=\"async\" class=\"alignnone size-full wp-image-6155\" src=\"https:\/\/saude.ufpr.br\/enfermagem\/wp-content\/uploads\/sites\/4\/2022\/06\/INFO-CHAMPION2-01.png\" alt=\"\" width=\"8000\" height=\"4500\" \/><\/a><\/p>\n<\/div>\n<div>\n<p>&nbsp;<\/p>\n<p style=\"text-align: justify\"><span style=\"color: #2d4225\">Programa<i> Fall<\/i> TIPS Brasil nas redes sociais:<\/span><\/p>\n<p><a href=\"https:\/\/www.facebook.com\/falltipsbrasil\/\"><img loading=\"lazy\" decoding=\"async\" class=\"alignnone size-thumbnail wp-image-5234\" src=\"https:\/\/saude.ufpr.br\/enfermagem\/wp-content\/uploads\/sites\/4\/2022\/01\/facebook-logo-2019-thumb-150x150.png\" alt=\"\" width=\"60\" height=\"60\" \/> <\/a><a href=\"https:\/\/www.instagram.com\/falltipsbrasil\/\" target=\"_blank\" rel=\"https:\/\/www.instagram.com\/falltipsbrasil\/ noopener\"><img loading=\"lazy\" decoding=\"async\" class=\"alignnone wp-image-4009 size-thumbnail\" src=\"https:\/\/saude.ufpr.br\/enfermagem\/wp-content\/uploads\/sites\/4\/2020\/07\/logo-Instagram-150x150.png\" alt=\"\" width=\"55\" height=\"55\" srcset=\"https:\/\/saude.ufpr.br\/enfermagem\/wp-content\/uploads\/sites\/4\/2020\/07\/logo-Instagram-150x150.png 150w, https:\/\/saude.ufpr.br\/enfermagem\/wp-content\/uploads\/sites\/4\/2020\/07\/logo-Instagram-300x300.png 300w, https:\/\/saude.ufpr.br\/enfermagem\/wp-content\/uploads\/sites\/4\/2020\/07\/logo-Instagram-1024x1024.png 1024w, https:\/\/saude.ufpr.br\/enfermagem\/wp-content\/uploads\/sites\/4\/2020\/07\/logo-Instagram-768x768.png 768w, https:\/\/saude.ufpr.br\/enfermagem\/wp-content\/uploads\/sites\/4\/2020\/07\/logo-Instagram-1536x1536.png 1536w, https:\/\/saude.ufpr.br\/enfermagem\/wp-content\/uploads\/sites\/4\/2020\/07\/logo-Instagram-2048x2048.png 2048w\" sizes=\"(max-width: 55px) 100vw, 55px\" \/><\/a><a href=\"https:\/\/open.spotify.com\/show\/0vxQoPso6BYuhALoA9PMnD?si=875666517a414f0d&amp;nd=1\" target=\"_blank\" rel=\"https:\/\/open.spotify.com\/show\/0vxQoPso6BYuhALoA9PMnD?si=875666517a414f0d&amp;nd=1 noopener\"> \u00a0<img loading=\"lazy\" decoding=\"async\" class=\"alignnone\" src=\"https:\/\/logopng.com.br\/logos\/spotify-149.png\" alt=\"Spotify Logo (PNG e SVG) Download Vetorial Transparente\" width=\"55\" height=\"55\" \/> \u00a0<\/a><a href=\"https:\/\/www.youtube.com\/channel\/UCe_nLdzkQzcqAmMmARG7CAQ\/about\" target=\"_blank\" rel=\"https:\/\/www.youtube.com\/channel\/UCe_nLdzkQzcqAmMmARG7CAQ\/about noopener\"><img loading=\"lazy\" decoding=\"async\" class=\"alignnone\" src=\"https:\/\/www.apaulista.org.br\/wp-content\/uploads\/2021\/02\/youtube-logo.png\" alt=\"youtube-logo - APM\" width=\"55\" height=\"55\" \/><\/a><\/p>\n<p>&nbsp;<\/p>\n<\/div>\n","protected":false},"excerpt":{"rendered":"<p>\u00a0\u00a0 \u00a0\u00a0 \u00a0\u00a0 \u00a0\u00a0 \u00a0\u00a0 \u00a0\u00a0 Champions &#8211; Programa Fall TIPS Brasil &nbsp; Champion e seu papel na implementa\u00e7\u00e3o do Programa Fall TIPS Brasil: Ou\u00e7a o podcast: Quem s\u00e3o os Champions Assista o v\u00eddeo sobre os\u00a0Champions &nbsp; Ferramentas do Programa Fall TIPS Brasil: &nbsp; Programa Fall TIPS Brasil nas redes sociais: \u00a0 \u00a0 &nbsp;<\/p>\n","protected":false},"author":1675,"featured_media":0,"parent":0,"menu_order":0,"comment_status":"closed","ping_status":"closed","template":"","meta":{"_acf_changed":false,"_uag_custom_page_level_css":"","footnotes":""},"class_list":["post-6153","page","type-page","status-publish","hentry"],"acf":[],"featured_image_src":null,"uagb_featured_image_src":{"full":false,"thumbnail":false,"medium":false,"medium_large":false,"large":false,"1536x1536":false,"2048x2048":false,"noticias-thumb":false,"banners-thumb":false,"maisnoticias-thumb":false,"post-thumbnail":false},"uagb_author_info":{"display_name":"lucianagoncalves","author_link":"https:\/\/saude.ufpr.br\/enfermagem\/author\/lucianagoncalves\/"},"uagb_comment_info":0,"uagb_excerpt":"\u00a0\u00a0 \u00a0\u00a0 \u00a0\u00a0 \u00a0\u00a0 \u00a0\u00a0 \u00a0\u00a0 Champions &#8211; Programa Fall TIPS Brasil &nbsp; Champion e seu papel na implementa\u00e7\u00e3o do Programa Fall TIPS Brasil: Ou\u00e7a o podcast: Quem s\u00e3o os Champions Assista o v\u00eddeo sobre os\u00a0Champions &nbsp; Ferramentas do Programa Fall TIPS Brasil: &nbsp; Programa Fall TIPS Brasil nas redes sociais: \u00a0 \u00a0 &nbsp;","publishpress_future_action":{"enabled":false,"date":"2026-05-01 21:26:53","action":"change-status","newStatus":"draft","terms":[],"taxonomy":"","extraData":[]},"publishpress_future_workflow_manual_trigger":{"enabledWorkflows":[]},"_links":{"self":[{"href":"https:\/\/saude.ufpr.br\/enfermagem\/wp-json\/wp\/v2\/pages\/6153","targetHints":{"allow":["GET"]}}],"collection":[{"href":"https:\/\/saude.ufpr.br\/enfermagem\/wp-json\/wp\/v2\/pages"}],"about":[{"href":"https:\/\/saude.ufpr.br\/enfermagem\/wp-json\/wp\/v2\/types\/page"}],"author":[{"embeddable":true,"href":"https:\/\/saude.ufpr.br\/enfermagem\/wp-json\/wp\/v2\/users\/1675"}],"replies":[{"embeddable":true,"href":"https:\/\/saude.ufpr.br\/enfermagem\/wp-json\/wp\/v2\/comments?post=6153"}],"version-history":[{"count":6,"href":"https:\/\/saude.ufpr.br\/enfermagem\/wp-json\/wp\/v2\/pages\/6153\/revisions"}],"predecessor-version":[{"id":6303,"href":"https:\/\/saude.ufpr.br\/enfermagem\/wp-json\/wp\/v2\/pages\/6153\/revisions\/6303"}],"wp:attachment":[{"href":"https:\/\/saude.ufpr.br\/enfermagem\/wp-json\/wp\/v2\/media?parent=6153"}],"curies":[{"name":"wp","href":"https:\/\/api.w.org\/{rel}","templated":true}]}}