{"id":6227,"date":"2022-07-25T17:00:09","date_gmt":"2022-07-25T20:00:09","guid":{"rendered":"https:\/\/saude.ufpr.br\/enfermagem\/?page_id=6227"},"modified":"2022-07-31T21:49:48","modified_gmt":"2022-08-01T00:49:48","slug":"material-educativo-profissionais-saude","status":"publish","type":"page","link":"https:\/\/saude.ufpr.br\/enfermagem\/material-educativo-profissionais-saude\/","title":{"rendered":"Material Educativo &#8211; Profissionais da Sa\u00fade"},"content":{"rendered":"<div>\n<p style=\"text-align: center\"><a href=\"https:\/\/saude.ufpr.br\/enfermagem\/projeto-fall-tips\/\"><img decoding=\"async\" class=\"alignnone size-thumbnail wp-image-5241\" src=\"https:\/\/saude.ufpr.br\/enfermagem\/wp-content\/uploads\/sites\/4\/2022\/01\/inicial-desativado-908x1024.png\" alt=\"\" width=\"145\" height=\"145\" \/><\/a> \u00a0\u00a0 <a href=\"https:\/\/saude.ufpr.br\/enfermagem\/sobre-o-fall-tips\/\"><img decoding=\"async\" class=\"alignnone size-thumbnail wp-image-5251\" src=\"https:\/\/saude.ufpr.br\/enfermagem\/wp-content\/uploads\/sites\/4\/2022\/01\/sobre-desativado-908x1024.png\" alt=\"\" width=\"145\" height=\"145\" \/><\/a> \u00a0\u00a0 <a href=\"https:\/\/saude.ufpr.br\/enfermagem\/sobre-a-implementacao\/\"><img decoding=\"async\" class=\"alignnone size-thumbnail wp-image-5240\" src=\"https:\/\/saude.ufpr.br\/enfermagem\/wp-content\/uploads\/sites\/4\/2022\/01\/implementacao-desativado-908x1024.png\" alt=\"\" width=\"145\" height=\"145\" \/><\/a> \u00a0\u00a0 <a href=\"https:\/\/saude.ufpr.br\/enfermagem\/sobre-a-equipe-fall-tips\/\"><img loading=\"lazy\" decoding=\"async\" class=\"alignnone size-thumbnail wp-image-5264\" src=\"https:\/\/saude.ufpr.br\/enfermagem\/wp-content\/uploads\/sites\/4\/2022\/01\/equipe-desativado-908x1024.png\" alt=\"\" width=\"145\" height=\"145\" \/><\/a> \u00a0\u00a0 <a href=\"https:\/\/saude.ufpr.br\/enfermagem\/instrumentos-fall-tips\/\"><img loading=\"lazy\" decoding=\"async\" class=\"alignnone size-thumbnail wp-image-5239\" src=\"https:\/\/saude.ufpr.br\/enfermagem\/wp-content\/uploads\/sites\/4\/2022\/05\/instrumentos-desativado-3-908x1024.png\" alt=\"\" width=\"145\" height=\"145\" \/><\/a> \u00a0\u00a0 <a href=\"https:\/\/saude.ufpr.br\/enfermagem\/material-educativo-fall-tips\/\"><img loading=\"lazy\" decoding=\"async\" class=\"alignnone size-thumbnail wp-image-5242\" src=\"https:\/\/saude.ufpr.br\/enfermagem\/wp-content\/uploads\/sites\/4\/2022\/01\/material-ativado-908x1024.png\" alt=\"\" width=\"145\" height=\"145\" \/><\/a> \u00a0\u00a0 <a href=\"https:\/\/saude.ufpr.br\/enfermagem\/producoes-cientificas-fall-tips\/\"><img loading=\"lazy\" decoding=\"async\" class=\"alignnone size-thumbnail wp-image-5243\" src=\"https:\/\/saude.ufpr.br\/enfermagem\/wp-content\/uploads\/sites\/4\/2022\/01\/producao-desativado-908x1024.png\" alt=\"\" width=\"145\" height=\"145\" \/><\/a><\/p>\n<\/div>\n<p><!-- O corpo --><\/p>\n<div>\n<h1><\/h1>\n<h1 style=\"text-align: center\"><span style=\"color: #003300\">Profissionais da Sa\u00fade<em> &#8211; <\/em>Programa <em>Fall<\/em> TIPS Brasil<\/span><\/h1>\n<\/div>\n<p>Panorama geral das quedas hospitalares:<\/p>\n<p><a href=\"https:\/\/saude.ufpr.br\/enfermagem\/wp-content\/uploads\/sites\/4\/2022\/07\/INFO_01-1.png\"><img loading=\"lazy\" decoding=\"async\" class=\"alignnone size-full wp-image-6242\" src=\"https:\/\/saude.ufpr.br\/enfermagem\/wp-content\/uploads\/sites\/4\/2022\/07\/INFO_01-1.png\" alt=\"\" width=\"8000\" height=\"4500\" \/><\/a><\/p>\n<p><a href=\"https:\/\/open.spotify.com\/episode\/5L2wT7c4TmmRFBsaMYA2Oy?si=bedeced2a8524d1b\" target=\"_blank\" rel=\"https:\/\/open.spotify.com\/show\/0vxQoPso6BYuhALoA9PMnD?si=77bd56d0fd7e4f7b noopener\"><img loading=\"lazy\" decoding=\"async\" class=\"alignnone\" src=\"https:\/\/logodownload.org\/wp-content\/uploads\/2016\/09\/Spotify-logo.png\" alt=\"Spotify Logo \u2013 PNG e Vetor \u2013 Download de Logo\" width=\"127\" height=\"38\" \/><\/a><strong>Ou\u00e7a o podcast<\/strong>: <a href=\"https:\/\/open.spotify.com\/episode\/5D0pLIb9mc55SjHY0IVfaZ\">Programa <em>Fall<\/em> TIPS Brasil &#8211; Introdu\u00e7\u00e3o<\/a><\/p>\n<p>&nbsp;<\/p>\n<p>Fatores de risco para quedas em ambientes hospitalares:<\/p>\n<p><a href=\"https:\/\/saude.ufpr.br\/enfermagem\/wp-content\/uploads\/sites\/4\/2022\/07\/INFO_02-01-2.png\"><img loading=\"lazy\" decoding=\"async\" class=\"alignnone size-full wp-image-6240\" src=\"https:\/\/saude.ufpr.br\/enfermagem\/wp-content\/uploads\/sites\/4\/2022\/07\/INFO_02-01-2.png\" alt=\"\" width=\"8000\" height=\"4500\" \/><\/a><\/p>\n<p><a href=\"https:\/\/open.spotify.com\/episode\/5L2wT7c4TmmRFBsaMYA2Oy?si=bedeced2a8524d1b\" target=\"_blank\" rel=\"https:\/\/open.spotify.com\/show\/0vxQoPso6BYuhALoA9PMnD?si=77bd56d0fd7e4f7b noopener\"><img loading=\"lazy\" decoding=\"async\" class=\"alignnone\" src=\"https:\/\/logodownload.org\/wp-content\/uploads\/2016\/09\/Spotify-logo.png\" alt=\"Spotify Logo \u2013 PNG e Vetor \u2013 Download de Logo\" width=\"127\" height=\"38\" \/><\/a><strong>Ou\u00e7a o podcast<\/strong>: <a href=\"https:\/\/open.spotify.com\/episode\/2Jk1KCAq33Btfxbofkh2Xk\">Programa <em>Fall<\/em> TIPS Brasil &#8211; Aspectos relacionados \u00e0s quedas hospitalares<\/a><\/p>\n<p>&nbsp;<\/p>\n<p>Conhecendo o Programa <em>Fall<\/em> TIPS Brasil:<\/p>\n<p><a href=\"https:\/\/saude.ufpr.br\/enfermagem\/wp-content\/uploads\/sites\/4\/2022\/07\/INFO_03-2.png\"><img loading=\"lazy\" decoding=\"async\" class=\"alignnone size-full wp-image-6244\" src=\"https:\/\/saude.ufpr.br\/enfermagem\/wp-content\/uploads\/sites\/4\/2022\/07\/INFO_03-2.png\" alt=\"\" width=\"9339\" height=\"5543\" \/><\/a><\/p>\n<p><a href=\"https:\/\/open.spotify.com\/episode\/5L2wT7c4TmmRFBsaMYA2Oy?si=bedeced2a8524d1b\" target=\"_blank\" rel=\"https:\/\/open.spotify.com\/show\/0vxQoPso6BYuhALoA9PMnD?si=77bd56d0fd7e4f7b noopener\"><img loading=\"lazy\" decoding=\"async\" class=\"alignnone\" src=\"https:\/\/logodownload.org\/wp-content\/uploads\/2016\/09\/Spotify-logo.png\" alt=\"Spotify Logo \u2013 PNG e Vetor \u2013 Download de Logo\" width=\"127\" height=\"38\" \/><\/a><strong>Ou\u00e7a o podcast<\/strong>: <a href=\"https:\/\/open.spotify.com\/episode\/72pABrAg4sOOdsmbPViprj\">Conhecendo o Programa <em>Fall<\/em> TIPS Brasil<\/a><\/p>\n<p>&nbsp;<\/p>\n<p><span class=\"TextRun Highlight SCXW63282978 BCX0\" lang=\"PT-BR\" xml:lang=\"PT-BR\" data-contrast=\"none\"><span class=\"NormalTextRun SCXW63282978 BCX0\" data-ccp-charstyle=\"normaltextrun\" data-ccp-charstyle-defn=\"{&quot;ObjectId&quot;:&quot;e18e0c66-af74-4cae-ba18-8f8b0a9e81a7|24&quot;,&quot;ClassId&quot;:1073872969,&quot;Properties&quot;:[469775450,&quot;normaltextrun&quot;,201340122,&quot;1&quot;,134233614,&quot;true&quot;,469778129,&quot;normaltextrun&quot;,335572020,&quot;1&quot;,469778324,&quot;Default Paragraph Font&quot;]}\">Ferramenta para identifica\u00e7\u00e3o de riscos e sele\u00e7\u00e3o de cuidados para preven\u00e7\u00e3o de quedas:<\/span><\/span><span class=\"EOP SCXW63282978 BCX0\" data-ccp-props=\"{&quot;201341983&quot;:0,&quot;335559739&quot;:160,&quot;335559740&quot;:259}\">\u00a0<\/span><\/p>\n<p><a href=\"https:\/\/saude.ufpr.br\/enfermagem\/wp-content\/uploads\/sites\/4\/2022\/07\/INFO_04-01-1-1.png\"><img loading=\"lazy\" decoding=\"async\" class=\"alignnone size-full wp-image-6246\" src=\"https:\/\/saude.ufpr.br\/enfermagem\/wp-content\/uploads\/sites\/4\/2022\/07\/INFO_04-01-1-1.png\" alt=\"\" width=\"8000\" height=\"4500\" \/><\/a><\/p>\n<p>&nbsp;<\/p>\n<p><span class=\"TextRun Highlight SCXW118716485 BCX0\" lang=\"PT-BR\" xml:lang=\"PT-BR\" data-contrast=\"none\"><span class=\"NormalTextRun SCXW118716485 BCX0\" data-ccp-charstyle=\"normaltextrun\" data-ccp-charstyle-defn=\"{&quot;ObjectId&quot;:&quot;e18e0c66-af74-4cae-ba18-8f8b0a9e81a7|24&quot;,&quot;ClassId&quot;:1073872969,&quot;Properties&quot;:[469775450,&quot;normaltextrun&quot;,201340122,&quot;1&quot;,134233614,&quot;true&quot;,469778129,&quot;normaltextrun&quot;,335572020,&quot;1&quot;,469778324,&quot;Default Paragraph Font&quot;]}\">A aplica\u00e7\u00e3o da Sistematiza\u00e7\u00e3o da Assist\u00eancia de Enfermagem no programa <\/span><\/span><em><span class=\"TextRun Highlight SCXW118716485 BCX0\" lang=\"PT-BR\" xml:lang=\"PT-BR\" data-contrast=\"none\"><span class=\"NormalTextRun SCXW118716485 BCX0\" data-ccp-charstyle=\"normaltextrun\">Fall <\/span><\/span><\/em><span class=\"TextRun Highlight SCXW118716485 BCX0\" lang=\"PT-BR\" xml:lang=\"PT-BR\" data-contrast=\"none\"><span class=\"NormalTextRun SCXW118716485 BCX0\" data-ccp-charstyle=\"normaltextrun\">TIPS Brasil:<\/span><\/span><span class=\"EOP SCXW118716485 BCX0\" data-ccp-props=\"{&quot;201341983&quot;:0,&quot;335559739&quot;:160,&quot;335559740&quot;:259}\">\u00a0<\/span><\/p>\n<p><a href=\"https:\/\/saude.ufpr.br\/enfermagem\/wp-content\/uploads\/sites\/4\/2022\/07\/INFO_05-1-1.png\"><img loading=\"lazy\" decoding=\"async\" class=\"alignnone size-full wp-image-6250\" src=\"https:\/\/saude.ufpr.br\/enfermagem\/wp-content\/uploads\/sites\/4\/2022\/07\/INFO_05-1-1.png\" alt=\"\" width=\"9747\" height=\"5543\" \/><\/a><\/p>\n<p>&nbsp;<\/p>\n<p><span data-contrast=\"none\">Engajamento entre pacientes, acompanhantes e profissionais de sa\u00fade:\u202f<\/span><span data-ccp-props=\"{&quot;134233117&quot;:false,&quot;134233118&quot;:false,&quot;201341983&quot;:0,&quot;335551550&quot;:6,&quot;335551620&quot;:6,&quot;335559738&quot;:0,&quot;335559739&quot;:0,&quot;335559740&quot;:240}\">\u00a0<\/span><\/p>\n<p><span data-contrast=\"none\">\u202f<\/span><span data-ccp-props=\"{&quot;134233117&quot;:false,&quot;134233118&quot;:false,&quot;201341983&quot;:0,&quot;335551550&quot;:6,&quot;335551620&quot;:6,&quot;335559738&quot;:0,&quot;335559739&quot;:0,&quot;335559740&quot;:240}\"> <a href=\"https:\/\/saude.ufpr.br\/enfermagem\/wp-content\/uploads\/sites\/4\/2022\/07\/INFO_06-1.png\"><img loading=\"lazy\" decoding=\"async\" class=\"alignnone size-full wp-image-6251\" src=\"https:\/\/saude.ufpr.br\/enfermagem\/wp-content\/uploads\/sites\/4\/2022\/07\/INFO_06-1.png\" alt=\"\" width=\"10340\" height=\"5746\" \/><\/a><\/span><\/p>\n<p><span class=\"TextRun SCXW13225028 BCX0\" lang=\"PT-BR\" xml:lang=\"PT-BR\" data-contrast=\"none\"><span class=\"NormalTextRun SCXW13225028 BCX0\" data-ccp-charstyle=\"normaltextrun\" data-ccp-charstyle-defn=\"{&quot;ObjectId&quot;:&quot;e18e0c66-af74-4cae-ba18-8f8b0a9e81a7|24&quot;,&quot;ClassId&quot;:1073872969,&quot;Properties&quot;:[469775450,&quot;normaltextrun&quot;,201340122,&quot;1&quot;,134233614,&quot;true&quot;,469778129,&quot;normaltextrun&quot;,335572020,&quot;1&quot;,469778324,&quot;Default Paragraph Font&quot;]}\">Engajamento entre pacientes, acompanhantes e profissionais de sa\u00fade:<\/span><\/span><span class=\"EOP SCXW13225028 BCX0\" data-ccp-props=\"{&quot;201341983&quot;:0,&quot;335559739&quot;:160,&quot;335559740&quot;:259}\">\u00a0<\/span><\/p>\n<p><a href=\"https:\/\/saude.ufpr.br\/enfermagem\/wp-content\/uploads\/sites\/4\/2022\/07\/INFO_07-1.png\"><img loading=\"lazy\" decoding=\"async\" class=\"alignnone size-full wp-image-6253\" src=\"https:\/\/saude.ufpr.br\/enfermagem\/wp-content\/uploads\/sites\/4\/2022\/07\/INFO_07-1.png\" alt=\"\" width=\"10326\" height=\"5596\" \/><\/a><\/p>\n<p><a href=\"https:\/\/open.spotify.com\/episode\/5L2wT7c4TmmRFBsaMYA2Oy?si=bedeced2a8524d1b\" target=\"_blank\" rel=\"https:\/\/open.spotify.com\/show\/0vxQoPso6BYuhALoA9PMnD?si=77bd56d0fd7e4f7b noopener\"><img loading=\"lazy\" decoding=\"async\" class=\"alignnone\" src=\"https:\/\/logodownload.org\/wp-content\/uploads\/2016\/09\/Spotify-logo.png\" alt=\"Spotify Logo \u2013 PNG e Vetor \u2013 Download de Logo\" width=\"127\" height=\"38\" \/><\/a><strong>Ou\u00e7a o podcast<\/strong>: <a href=\"https:\/\/open.spotify.com\/episode\/6H4OIduRUcuAxjDFJb5msA\">Programa <em>Fall<\/em> TIPS Brasil &#8211; Engajamento de pacientes, acompanhantes e equipes de sa\u00fade<\/a><\/p>\n<p>&nbsp;<\/p>\n<p><span class=\"TextRun Highlight SCXW170086719 BCX0\" lang=\"PT-BR\" xml:lang=\"PT-BR\" data-contrast=\"none\"><span class=\"NormalTextRun SCXW170086719 BCX0\" data-ccp-charstyle=\"normaltextrun\" data-ccp-charstyle-defn=\"{&quot;ObjectId&quot;:&quot;e18e0c66-af74-4cae-ba18-8f8b0a9e81a7|24&quot;,&quot;ClassId&quot;:1073872969,&quot;Properties&quot;:[469775450,&quot;normaltextrun&quot;,201340122,&quot;1&quot;,134233614,&quot;true&quot;,469778129,&quot;normaltextrun&quot;,335572020,&quot;1&quot;,469778324,&quot;Default Paragraph Font&quot;]}\">Etapas de aplica\u00e7\u00e3o do programa<em> Fall<\/em> TIPS Brasil\u202f:<\/span><\/span><\/p>\n<p><span class=\"EOP SCXW170086719 BCX0\" data-ccp-props=\"{&quot;201341983&quot;:0,&quot;335559739&quot;:160,&quot;335559740&quot;:259}\"><a href=\"https:\/\/saude.ufpr.br\/enfermagem\/wp-content\/uploads\/sites\/4\/2022\/07\/INFO_091-1.png\"><img loading=\"lazy\" decoding=\"async\" class=\"alignnone size-full wp-image-6252\" src=\"https:\/\/saude.ufpr.br\/enfermagem\/wp-content\/uploads\/sites\/4\/2022\/07\/INFO_091-1.png\" alt=\"\" width=\"8000\" height=\"4500\" \/><\/a><\/span><\/p>\n<p><a href=\"https:\/\/open.spotify.com\/episode\/5L2wT7c4TmmRFBsaMYA2Oy?si=bedeced2a8524d1b\" target=\"_blank\" rel=\"https:\/\/open.spotify.com\/show\/0vxQoPso6BYuhALoA9PMnD?si=77bd56d0fd7e4f7b noopener\"><img loading=\"lazy\" decoding=\"async\" class=\"alignnone\" src=\"https:\/\/logodownload.org\/wp-content\/uploads\/2016\/09\/Spotify-logo.png\" alt=\"Spotify Logo \u2013 PNG e Vetor \u2013 Download de Logo\" width=\"127\" height=\"38\" \/><\/a><strong>Ou\u00e7a os podcasts<\/strong>: <a href=\"https:\/\/open.spotify.com\/episode\/32TZQM30SUdNMo5l356Iu3\">Programa Fall TIPS Brasil &#8211; Execu\u00e7\u00e3o do programa em hospitais<\/a><\/p>\n<p><a href=\"https:\/\/open.spotify.com\/episode\/5oFHXn9ceHoMimvgZUthxQ\">Programa <em>Fall<\/em> TIPS Brasil &#8211; Etapas e envolvidos no programa de preven\u00e7\u00e3o de quedas <em>Fall<\/em> TIPS Brasil<\/a><\/p>\n<div>\n<p>&nbsp;<\/p>\n<p style=\"text-align: justify\"><span style=\"color: #2d4225\">Programa<i> Fall<\/i> TIPS Brasil nas redes sociais:<\/span><\/p>\n<p><a href=\"https:\/\/www.facebook.com\/falltipsbrasil\/\"><img loading=\"lazy\" decoding=\"async\" class=\"alignnone size-thumbnail wp-image-5234\" src=\"https:\/\/saude.ufpr.br\/enfermagem\/wp-content\/uploads\/sites\/4\/2022\/01\/facebook-logo-2019-thumb-150x150.png\" alt=\"\" width=\"60\" height=\"60\" \/><\/a><a href=\"https:\/\/www.instagram.com\/falltipsbrasil\/\" target=\"_blank\" rel=\"https:\/\/www.instagram.com\/falltipsbrasil\/ noopener\"><img loading=\"lazy\" decoding=\"async\" class=\"alignnone wp-image-4009 size-thumbnail\" src=\"https:\/\/saude.ufpr.br\/enfermagem\/wp-content\/uploads\/sites\/4\/2020\/07\/logo-Instagram-150x150.png\" alt=\"\" width=\"55\" height=\"55\" srcset=\"https:\/\/saude.ufpr.br\/enfermagem\/wp-content\/uploads\/sites\/4\/2020\/07\/logo-Instagram-150x150.png 150w, https:\/\/saude.ufpr.br\/enfermagem\/wp-content\/uploads\/sites\/4\/2020\/07\/logo-Instagram-300x300.png 300w, https:\/\/saude.ufpr.br\/enfermagem\/wp-content\/uploads\/sites\/4\/2020\/07\/logo-Instagram-1024x1024.png 1024w, https:\/\/saude.ufpr.br\/enfermagem\/wp-content\/uploads\/sites\/4\/2020\/07\/logo-Instagram-768x768.png 768w, https:\/\/saude.ufpr.br\/enfermagem\/wp-content\/uploads\/sites\/4\/2020\/07\/logo-Instagram-1536x1536.png 1536w, https:\/\/saude.ufpr.br\/enfermagem\/wp-content\/uploads\/sites\/4\/2020\/07\/logo-Instagram-2048x2048.png 2048w\" sizes=\"(max-width: 55px) 100vw, 55px\" \/><\/a><a href=\"https:\/\/open.spotify.com\/show\/0vxQoPso6BYuhALoA9PMnD?si=875666517a414f0d&amp;nd=1\" target=\"_blank\" rel=\"https:\/\/open.spotify.com\/show\/0vxQoPso6BYuhALoA9PMnD?si=875666517a414f0d&amp;nd=1 noopener\"><img loading=\"lazy\" decoding=\"async\" class=\"alignnone\" src=\"https:\/\/logopng.com.br\/logos\/spotify-149.png\" alt=\"Spotify Logo (PNG e SVG) Download Vetorial Transparente\" width=\"55\" height=\"55\" \/><\/a><a href=\"https:\/\/www.youtube.com\/channel\/UCe_nLdzkQzcqAmMmARG7CAQ\/about\" target=\"_blank\" rel=\"https:\/\/www.youtube.com\/channel\/UCe_nLdzkQzcqAmMmARG7CAQ\/about noopener\"><img loading=\"lazy\" decoding=\"async\" class=\"alignnone\" src=\"https:\/\/www.apaulista.org.br\/wp-content\/uploads\/2021\/02\/youtube-logo.png\" alt=\"youtube-logo - APM\" width=\"55\" height=\"55\" \/><\/a><\/p>\n<p>&nbsp;<\/p>\n<\/div>\n","protected":false},"excerpt":{"rendered":"<p>\u00a0\u00a0 \u00a0\u00a0 \u00a0\u00a0 \u00a0\u00a0 \u00a0\u00a0 \u00a0\u00a0 Profissionais da Sa\u00fade &#8211; Programa Fall TIPS Brasil Panorama geral das quedas hospitalares: Ou\u00e7a o podcast: Programa Fall TIPS Brasil &#8211; Introdu\u00e7\u00e3o &nbsp; Fatores de risco para quedas em ambientes hospitalares: Ou\u00e7a o podcast: Programa Fall TIPS Brasil &#8211; Aspectos relacionados \u00e0s quedas hospitalares &nbsp; Conhecendo o Programa Fall<br \/> <a href=\"https:\/\/saude.ufpr.br\/enfermagem\/material-educativo-profissionais-saude\/\" class=\"button success small readmore\">Leia mais<\/a><\/p>\n","protected":false},"author":1675,"featured_media":0,"parent":0,"menu_order":0,"comment_status":"closed","ping_status":"closed","template":"","meta":{"_acf_changed":false,"_uag_custom_page_level_css":"","footnotes":""},"class_list":["post-6227","page","type-page","status-publish","hentry"],"acf":[],"featured_image_src":null,"uagb_featured_image_src":{"full":false,"thumbnail":false,"medium":false,"medium_large":false,"large":false,"1536x1536":false,"2048x2048":false,"noticias-thumb":false,"banners-thumb":false,"maisnoticias-thumb":false,"post-thumbnail":false},"uagb_author_info":{"display_name":"lucianagoncalves","author_link":"https:\/\/saude.ufpr.br\/enfermagem\/author\/lucianagoncalves\/"},"uagb_comment_info":0,"uagb_excerpt":"\u00a0\u00a0 \u00a0\u00a0 \u00a0\u00a0 \u00a0\u00a0 \u00a0\u00a0 \u00a0\u00a0 Profissionais da Sa\u00fade &#8211; Programa Fall TIPS Brasil Panorama geral das quedas hospitalares: Ou\u00e7a o podcast: Programa Fall TIPS Brasil &#8211; Introdu\u00e7\u00e3o &nbsp; Fatores de risco para quedas em ambientes hospitalares: Ou\u00e7a o podcast: Programa Fall TIPS Brasil &#8211; Aspectos relacionados \u00e0s quedas hospitalares &nbsp; Conhecendo o Programa Fall&hellip;","publishpress_future_action":{"enabled":false,"date":"2026-05-01 20:35:12","action":"change-status","newStatus":"draft","terms":[],"taxonomy":"","extraData":[]},"publishpress_future_workflow_manual_trigger":{"enabledWorkflows":[]},"_links":{"self":[{"href":"https:\/\/saude.ufpr.br\/enfermagem\/wp-json\/wp\/v2\/pages\/6227","targetHints":{"allow":["GET"]}}],"collection":[{"href":"https:\/\/saude.ufpr.br\/enfermagem\/wp-json\/wp\/v2\/pages"}],"about":[{"href":"https:\/\/saude.ufpr.br\/enfermagem\/wp-json\/wp\/v2\/types\/page"}],"author":[{"embeddable":true,"href":"https:\/\/saude.ufpr.br\/enfermagem\/wp-json\/wp\/v2\/users\/1675"}],"replies":[{"embeddable":true,"href":"https:\/\/saude.ufpr.br\/enfermagem\/wp-json\/wp\/v2\/comments?post=6227"}],"version-history":[{"count":4,"href":"https:\/\/saude.ufpr.br\/enfermagem\/wp-json\/wp\/v2\/pages\/6227\/revisions"}],"predecessor-version":[{"id":6302,"href":"https:\/\/saude.ufpr.br\/enfermagem\/wp-json\/wp\/v2\/pages\/6227\/revisions\/6302"}],"wp:attachment":[{"href":"https:\/\/saude.ufpr.br\/enfermagem\/wp-json\/wp\/v2\/media?parent=6227"}],"curies":[{"name":"wp","href":"https:\/\/api.w.org\/{rel}","templated":true}]}}