{"id":6813,"date":"2023-09-15T10:00:10","date_gmt":"2023-09-15T13:00:10","guid":{"rendered":"https:\/\/saude.ufpr.br\/enfermagem\/?page_id=6813"},"modified":"2024-08-14T17:24:18","modified_gmt":"2024-08-14T20:24:18","slug":"espaco-da-memoria-colecoes","status":"publish","type":"page","link":"https:\/\/saude.ufpr.br\/enfermagem\/espaco-da-memoria-colecoes\/","title":{"rendered":"Espa\u00e7o da mem\u00f3ria &#8211; cole\u00e7\u00f5es"},"content":{"rendered":"<p><a href=\"https:\/\/saude.ufpr.br\/enfermagem\/wp-content\/uploads\/sites\/4\/2023\/09\/Banner-medio-agencia-de-turismo-moderno-colorido2.png\"><img fetchpriority=\"high\" decoding=\"async\" class=\"alignnone size-full wp-image-6791\" src=\"https:\/\/saude.ufpr.br\/enfermagem\/wp-content\/uploads\/sites\/4\/2023\/09\/Banner-medio-agencia-de-turismo-moderno-colorido2.png\" alt=\"\" width=\"1920\" height=\"650\" srcset=\"https:\/\/saude.ufpr.br\/enfermagem\/wp-content\/uploads\/sites\/4\/2023\/09\/Banner-medio-agencia-de-turismo-moderno-colorido2.png 1920w, https:\/\/saude.ufpr.br\/enfermagem\/wp-content\/uploads\/sites\/4\/2023\/09\/Banner-medio-agencia-de-turismo-moderno-colorido2-300x102.png 300w, https:\/\/saude.ufpr.br\/enfermagem\/wp-content\/uploads\/sites\/4\/2023\/09\/Banner-medio-agencia-de-turismo-moderno-colorido2-1024x347.png 1024w, https:\/\/saude.ufpr.br\/enfermagem\/wp-content\/uploads\/sites\/4\/2023\/09\/Banner-medio-agencia-de-turismo-moderno-colorido2-768x260.png 768w, https:\/\/saude.ufpr.br\/enfermagem\/wp-content\/uploads\/sites\/4\/2023\/09\/Banner-medio-agencia-de-turismo-moderno-colorido2-1536x520.png 1536w\" sizes=\"(max-width: 1920px) 100vw, 1920px\" \/><\/a><\/p>\n<p><a href=\"https:\/\/saude.ufpr.br\/enfermagem\/wp-content\/uploads\/sites\/4\/2023\/09\/2-1.png\">\u00a0\u00a0 <\/a><a href=\"https:\/\/saude.ufpr.br\/enfermagem\/sobre-espaco-da-memoria\/\"><img decoding=\"async\" class=\"alignnone wp-image-6798\" src=\"https:\/\/saude.ufpr.br\/enfermagem\/wp-content\/uploads\/sites\/4\/2023\/09\/2-1.png\" alt=\"\" width=\"90\" height=\"90\" srcset=\"https:\/\/saude.ufpr.br\/enfermagem\/wp-content\/uploads\/sites\/4\/2023\/09\/2-1.png 1024w, https:\/\/saude.ufpr.br\/enfermagem\/wp-content\/uploads\/sites\/4\/2023\/09\/2-1-300x300.png 300w, https:\/\/saude.ufpr.br\/enfermagem\/wp-content\/uploads\/sites\/4\/2023\/09\/2-1-150x150.png 150w, https:\/\/saude.ufpr.br\/enfermagem\/wp-content\/uploads\/sites\/4\/2023\/09\/2-1-768x768.png 768w\" sizes=\"(max-width: 90px) 100vw, 90px\" \/><\/a>\u00a0\u00a0 <a href=\"https:\/\/saude.ufpr.br\/enfermagem\/equipe-espaco-da-memoria\/\"><img decoding=\"async\" class=\"alignnone wp-image-6799\" src=\"https:\/\/saude.ufpr.br\/enfermagem\/wp-content\/uploads\/sites\/4\/2023\/09\/3-1.png\" alt=\"\" width=\"90\" height=\"90\" srcset=\"https:\/\/saude.ufpr.br\/enfermagem\/wp-content\/uploads\/sites\/4\/2023\/09\/3-1.png 1024w, https:\/\/saude.ufpr.br\/enfermagem\/wp-content\/uploads\/sites\/4\/2023\/09\/3-1-300x300.png 300w, https:\/\/saude.ufpr.br\/enfermagem\/wp-content\/uploads\/sites\/4\/2023\/09\/3-1-150x150.png 150w, https:\/\/saude.ufpr.br\/enfermagem\/wp-content\/uploads\/sites\/4\/2023\/09\/3-1-768x768.png 768w\" sizes=\"(max-width: 90px) 100vw, 90px\" \/> \u00a0 <\/a><a href=\"https:\/\/saude.ufpr.br\/enfermagem\/espaco-da-memoria-exposicao-de-fotos-50-anos\/\"><img loading=\"lazy\" decoding=\"async\" class=\"alignnone wp-image-6808\" src=\"https:\/\/saude.ufpr.br\/enfermagem\/wp-content\/uploads\/sites\/4\/2023\/09\/Modern-Design-IOS-Icon3.png\" alt=\"\" width=\"90\" height=\"90\" srcset=\"https:\/\/saude.ufpr.br\/enfermagem\/wp-content\/uploads\/sites\/4\/2023\/09\/Modern-Design-IOS-Icon3.png 1024w, https:\/\/saude.ufpr.br\/enfermagem\/wp-content\/uploads\/sites\/4\/2023\/09\/Modern-Design-IOS-Icon3-300x300.png 300w, https:\/\/saude.ufpr.br\/enfermagem\/wp-content\/uploads\/sites\/4\/2023\/09\/Modern-Design-IOS-Icon3-150x150.png 150w, https:\/\/saude.ufpr.br\/enfermagem\/wp-content\/uploads\/sites\/4\/2023\/09\/Modern-Design-IOS-Icon3-768x768.png 768w\" sizes=\"(max-width: 90px) 100vw, 90px\" \/><\/a><a href=\"https:\/\/saude.ufpr.br\/enfermagem\/wp-content\/uploads\/sites\/4\/2023\/09\/4.png\"> \u00a0 <\/a><a href=\"https:\/\/saude.ufpr.br\/enfermagem\/espaco-da-memoria-colecoes\/\"><img loading=\"lazy\" decoding=\"async\" class=\"alignnone wp-image-6804\" src=\"https:\/\/saude.ufpr.br\/enfermagem\/wp-content\/uploads\/sites\/4\/2023\/09\/Modern-Design-IOS-Icon2.png\" alt=\"\" width=\"90\" height=\"90\" srcset=\"https:\/\/saude.ufpr.br\/enfermagem\/wp-content\/uploads\/sites\/4\/2023\/09\/Modern-Design-IOS-Icon2.png 1024w, https:\/\/saude.ufpr.br\/enfermagem\/wp-content\/uploads\/sites\/4\/2023\/09\/Modern-Design-IOS-Icon2-300x300.png 300w, https:\/\/saude.ufpr.br\/enfermagem\/wp-content\/uploads\/sites\/4\/2023\/09\/Modern-Design-IOS-Icon2-150x150.png 150w, https:\/\/saude.ufpr.br\/enfermagem\/wp-content\/uploads\/sites\/4\/2023\/09\/Modern-Design-IOS-Icon2-768x768.png 768w\" sizes=\"(max-width: 90px) 100vw, 90px\" \/><\/a><a href=\"https:\/\/saude.ufpr.br\/enfermagem\/wp-content\/uploads\/sites\/4\/2023\/09\/5.png\"> \u00a0 <\/a><img loading=\"lazy\" decoding=\"async\" class=\"alignnone wp-image-6802\" src=\"https:\/\/saude.ufpr.br\/enfermagem\/wp-content\/uploads\/sites\/4\/2023\/09\/6.png\" alt=\"\" width=\"90\" height=\"90\" srcset=\"https:\/\/saude.ufpr.br\/enfermagem\/wp-content\/uploads\/sites\/4\/2023\/09\/6.png 1024w, https:\/\/saude.ufpr.br\/enfermagem\/wp-content\/uploads\/sites\/4\/2023\/09\/6-300x300.png 300w, https:\/\/saude.ufpr.br\/enfermagem\/wp-content\/uploads\/sites\/4\/2023\/09\/6-150x150.png 150w, https:\/\/saude.ufpr.br\/enfermagem\/wp-content\/uploads\/sites\/4\/2023\/09\/6-768x768.png 768w\" sizes=\"(max-width: 90px) 100vw, 90px\" \/><\/p>\n<h5><!--StyleSheet Link--><\/h5>\n<hr \/>\n<p>&nbsp;<\/p>\n<p><a href=\"https:\/\/saude.ufpr.br\/enfermagem\/galeriacoordenadores\/\"><img loading=\"lazy\" decoding=\"async\" class=\"alignnone wp-image-6815\" src=\"https:\/\/saude.ufpr.br\/enfermagem\/wp-content\/uploads\/sites\/4\/2023\/09\/Modern-Design-IOS-Icon4.png\" alt=\"\" width=\"150\" height=\"150\" srcset=\"https:\/\/saude.ufpr.br\/enfermagem\/wp-content\/uploads\/sites\/4\/2023\/09\/Modern-Design-IOS-Icon4.png 1024w, https:\/\/saude.ufpr.br\/enfermagem\/wp-content\/uploads\/sites\/4\/2023\/09\/Modern-Design-IOS-Icon4-300x300.png 300w, https:\/\/saude.ufpr.br\/enfermagem\/wp-content\/uploads\/sites\/4\/2023\/09\/Modern-Design-IOS-Icon4-150x150.png 150w, https:\/\/saude.ufpr.br\/enfermagem\/wp-content\/uploads\/sites\/4\/2023\/09\/Modern-Design-IOS-Icon4-768x768.png 768w\" sizes=\"(max-width: 150px) 100vw, 150px\" \/>\u00a0\u00a0\u00a0\u00a0 <\/a><a href=\"https:\/\/saude.ufpr.br\/enfermagem\/todas-as-turmas-do-curso-de-enfermagem\/\"><img loading=\"lazy\" decoding=\"async\" class=\"alignnone wp-image-6824\" src=\"https:\/\/saude.ufpr.br\/enfermagem\/wp-content\/uploads\/sites\/4\/2023\/09\/Modern-Design-IOS-Icon5.png\" alt=\"\" width=\"150\" height=\"150\" srcset=\"https:\/\/saude.ufpr.br\/enfermagem\/wp-content\/uploads\/sites\/4\/2023\/09\/Modern-Design-IOS-Icon5.png 1024w, https:\/\/saude.ufpr.br\/enfermagem\/wp-content\/uploads\/sites\/4\/2023\/09\/Modern-Design-IOS-Icon5-300x300.png 300w, https:\/\/saude.ufpr.br\/enfermagem\/wp-content\/uploads\/sites\/4\/2023\/09\/Modern-Design-IOS-Icon5-150x150.png 150w, https:\/\/saude.ufpr.br\/enfermagem\/wp-content\/uploads\/sites\/4\/2023\/09\/Modern-Design-IOS-Icon5-768x768.png 768w\" sizes=\"(max-width: 150px) 100vw, 150px\" \/><\/a> \u00a0 \u00a0 <a href=\"https:\/\/saude.ufpr.br\/enfermagem\/convites-de-formatura-e-fotos-das-turmas\/\"><img loading=\"lazy\" decoding=\"async\" class=\"alignnone wp-image-6857 size-thumbnail\" src=\"https:\/\/saude.ufpr.br\/enfermagem\/wp-content\/uploads\/sites\/4\/2023\/11\/Modern-Design-IOS-Icon1-150x150.png\" alt=\"\" width=\"150\" height=\"150\" srcset=\"https:\/\/saude.ufpr.br\/enfermagem\/wp-content\/uploads\/sites\/4\/2023\/11\/Modern-Design-IOS-Icon1-150x150.png 150w, https:\/\/saude.ufpr.br\/enfermagem\/wp-content\/uploads\/sites\/4\/2023\/11\/Modern-Design-IOS-Icon1-300x300.png 300w, https:\/\/saude.ufpr.br\/enfermagem\/wp-content\/uploads\/sites\/4\/2023\/11\/Modern-Design-IOS-Icon1-768x768.png 768w, https:\/\/saude.ufpr.br\/enfermagem\/wp-content\/uploads\/sites\/4\/2023\/11\/Modern-Design-IOS-Icon1.png 1024w\" sizes=\"(max-width: 150px) 100vw, 150px\" \/><\/a><\/p>\n","protected":false},"excerpt":{"rendered":"<p>\u00a0\u00a0 \u00a0\u00a0 \u00a0 \u00a0 \u00a0 &nbsp; \u00a0\u00a0\u00a0\u00a0 \u00a0 \u00a0<\/p>\n","protected":false},"author":6,"featured_media":0,"parent":0,"menu_order":0,"comment_status":"closed","ping_status":"closed","template":"","meta":{"_acf_changed":false,"_uag_custom_page_level_css":"","footnotes":""},"class_list":["post-6813","page","type-page","status-publish","hentry"],"acf":[],"featured_image_src":null,"uagb_featured_image_src":{"full":false,"thumbnail":false,"medium":false,"medium_large":false,"large":false,"1536x1536":false,"2048x2048":false,"noticias-thumb":false,"banners-thumb":false,"maisnoticias-thumb":false,"post-thumbnail":false},"uagb_author_info":{"display_name":"Josi Dourado","author_link":"https:\/\/saude.ufpr.br\/enfermagem\/author\/josidourados\/"},"uagb_comment_info":0,"uagb_excerpt":"\u00a0\u00a0 \u00a0\u00a0 \u00a0 \u00a0 \u00a0 &nbsp; \u00a0\u00a0\u00a0\u00a0 \u00a0 \u00a0","publishpress_future_action":{"enabled":false,"date":"2026-04-10 19:11:54","action":"change-status","newStatus":"draft","terms":[],"taxonomy":"","extraData":[]},"publishpress_future_workflow_manual_trigger":{"enabledWorkflows":[]},"_links":{"self":[{"href":"https:\/\/saude.ufpr.br\/enfermagem\/wp-json\/wp\/v2\/pages\/6813","targetHints":{"allow":["GET"]}}],"collection":[{"href":"https:\/\/saude.ufpr.br\/enfermagem\/wp-json\/wp\/v2\/pages"}],"about":[{"href":"https:\/\/saude.ufpr.br\/enfermagem\/wp-json\/wp\/v2\/types\/page"}],"author":[{"embeddable":true,"href":"https:\/\/saude.ufpr.br\/enfermagem\/wp-json\/wp\/v2\/users\/6"}],"replies":[{"embeddable":true,"href":"https:\/\/saude.ufpr.br\/enfermagem\/wp-json\/wp\/v2\/comments?post=6813"}],"version-history":[{"count":14,"href":"https:\/\/saude.ufpr.br\/enfermagem\/wp-json\/wp\/v2\/pages\/6813\/revisions"}],"predecessor-version":[{"id":7088,"href":"https:\/\/saude.ufpr.br\/enfermagem\/wp-json\/wp\/v2\/pages\/6813\/revisions\/7088"}],"wp:attachment":[{"href":"https:\/\/saude.ufpr.br\/enfermagem\/wp-json\/wp\/v2\/media?parent=6813"}],"curies":[{"name":"wp","href":"https:\/\/api.w.org\/{rel}","templated":true}]}}