{"id":7597,"date":"2025-07-22T11:29:07","date_gmt":"2025-07-22T14:29:07","guid":{"rendered":"https:\/\/saude.ufpr.br\/enfermagem\/?page_id=7597"},"modified":"2025-07-27T16:44:58","modified_gmt":"2025-07-27T19:44:58","slug":"sugestoes-de-leituras-fall-tips","status":"publish","type":"page","link":"https:\/\/saude.ufpr.br\/enfermagem\/sugestoes-de-leituras-fall-tips\/","title":{"rendered":"Sugest\u00f5es de leituras"},"content":{"rendered":"<p><a href=\"https:\/\/saude.ufpr.br\/enfermagem\/projeto-fall-tips\/\"><img decoding=\"async\" class=\"alignnone size-thumbnail wp-image-5310\" src=\"https:\/\/saude.ufpr.br\/enfermagem\/wp-content\/uploads\/sites\/4\/2022\/01\/inicial-ativado-908x1024.png\" alt=\"\" width=\"145\" height=\"145\" \/><\/a> \u00a0\u00a0 <a href=\"https:\/\/saude.ufpr.br\/enfermagem\/sobre-o-fall-tips\/\"><img decoding=\"async\" class=\"alignnone size-thumbnail wp-image-5251\" src=\"https:\/\/saude.ufpr.br\/enfermagem\/wp-content\/uploads\/sites\/4\/2022\/01\/sobre-desativado-908x1024.png\" alt=\"\" width=\"145\" height=\"145\" \/><\/a> \u00a0\u00a0 <a href=\"https:\/\/saude.ufpr.br\/enfermagem\/sobre-a-implementacao\/\"><img decoding=\"async\" class=\"alignnone size-thumbnail wp-image-5240\" src=\"https:\/\/saude.ufpr.br\/enfermagem\/wp-content\/uploads\/sites\/4\/2022\/01\/implementacao-desativado-908x1024.png\" alt=\"\" width=\"145\" height=\"145\" \/><\/a> \u00a0\u00a0 <a href=\"https:\/\/saude.ufpr.br\/enfermagem\/sobre-a-equipe-fall-tips\/\"><img loading=\"lazy\" decoding=\"async\" class=\"alignnone size-thumbnail wp-image-5239\" src=\"https:\/\/saude.ufpr.br\/enfermagem\/wp-content\/uploads\/sites\/4\/2022\/01\/equipe-desativado-908x1024.png\" alt=\"\" width=\"145\" height=\"145\" \/><\/a> \u00a0\u00a0 <a href=\"https:\/\/saude.ufpr.br\/enfermagem\/instrumentos-fall-tips\/\"><img loading=\"lazy\" decoding=\"async\" class=\"alignnone size-thumbnail wp-image-5239\" src=\"https:\/\/saude.ufpr.br\/enfermagem\/wp-content\/uploads\/sites\/4\/2022\/05\/instrumentos-desativado-3-908x1024.png\" alt=\"\" width=\"145\" height=\"145\" \/><\/a> \u00a0\u00a0 <a href=\"https:\/\/saude.ufpr.br\/enfermagem\/material-educativo-fall-tips\/\"><img loading=\"lazy\" decoding=\"async\" class=\"alignnone size-thumbnail wp-image-5242\" src=\"https:\/\/saude.ufpr.br\/enfermagem\/wp-content\/uploads\/sites\/4\/2022\/01\/material-desativado-908x1024.png\" alt=\"\" width=\"145\" height=\"145\" \/><\/a> \u00a0\u00a0 <a href=\"https:\/\/saude.ufpr.br\/enfermagem\/producoes-cientificas-fall-tips\/\"><img loading=\"lazy\" decoding=\"async\" class=\"alignnone size-thumbnail wp-image-5243\" src=\"https:\/\/saude.ufpr.br\/enfermagem\/wp-content\/uploads\/sites\/4\/2022\/01\/producao-desativado-908x1024.png\" alt=\"\" width=\"145\" height=\"145\" \/><\/a><a href=\"https:\/\/saude.ufpr.br\/enfermagem\/wp-content\/uploads\/sites\/4\/2025\/07\/imagem-sugestoes-de-leitura-min.png\"><img loading=\"lazy\" decoding=\"async\" class=\"alignnone wp-image-7604 size-thumbnail\" src=\"https:\/\/saude.ufpr.br\/enfermagem\/wp-content\/uploads\/sites\/4\/2025\/07\/imagem-sugestoes-de-leitura-min-150x150.png\" alt=\"\" width=\"150\" height=\"150\" srcset=\"https:\/\/saude.ufpr.br\/enfermagem\/wp-content\/uploads\/sites\/4\/2025\/07\/imagem-sugestoes-de-leitura-min-150x150.png 150w, https:\/\/saude.ufpr.br\/enfermagem\/wp-content\/uploads\/sites\/4\/2025\/07\/imagem-sugestoes-de-leitura-min-300x300.png 300w, https:\/\/saude.ufpr.br\/enfermagem\/wp-content\/uploads\/sites\/4\/2025\/07\/imagem-sugestoes-de-leitura-min.png 1024w\" sizes=\"(max-width: 150px) 100vw, 150px\" \/><\/a><a href=\"https:\/\/saude.ufpr.br\/enfermagem\/recursos-online-fall-tips\/\"><img loading=\"lazy\" decoding=\"async\" class=\"alignnone wp-image-7602 size-thumbnail\" src=\"https:\/\/saude.ufpr.br\/enfermagem\/wp-content\/uploads\/sites\/4\/2025\/07\/imagem-recursos-online-150x150.png\" alt=\"\" width=\"150\" height=\"150\" srcset=\"https:\/\/saude.ufpr.br\/enfermagem\/wp-content\/uploads\/sites\/4\/2025\/07\/imagem-recursos-online-150x150.png 150w, https:\/\/saude.ufpr.br\/enfermagem\/wp-content\/uploads\/sites\/4\/2025\/07\/imagem-recursos-online-300x300.png 300w, https:\/\/saude.ufpr.br\/enfermagem\/wp-content\/uploads\/sites\/4\/2025\/07\/imagem-recursos-online.png 1024w\" sizes=\"(max-width: 150px) 100vw, 150px\" \/><\/a><\/p>\n<p>&nbsp;<\/p>\n<p>Quer se aprofundar a respeito da preven\u00e7\u00e3o de quedas hospitalares, seguran\u00e7a do paciente e sobre assuntos relacionados ao programa <em>Fall<\/em> TIPS Brasil? Realize as leituras sugeridas a seguir:<\/p>\n<p><strong>Leitura 1:<\/strong> <a href=\"https:\/\/journals.lww.com\/jbisrir\/fulltext\/2017\/01000\/effectiveness_of_patient_centered_interventions_on.9.aspx\"><span style=\"font-weight: 400\">A effectiveness of patient-centered interventions on falls in the acute care setting: a quantitative systematic review protocol.\u00a0<\/span><\/a><\/p>\n<p><strong>Leitura 2:<\/strong> <a href=\"https:\/\/www.lidsen.com\/journals\/geriatrics\/geriatrics-04-02-119\"><span style=\"font-weight: 400\">Adoption of a Patient-Tailored Fall Prevention Program in Academic Health Systems: A Qualitative Study of Barriers and Facilitators.<\/span><\/a><\/p>\n<p><strong>Leitura 3:<\/strong> <a href=\"https:\/\/www.scielo.br\/j\/csp\/a\/Yj4QxnXJJxJbsVhrrrCQwQr\/?lang=pt\"><span style=\"font-weight: 400\">Seguran\u00e7a do paciente no cuidado hospitalar: uma revis\u00e3o sobre a perspectiva do paciente.<\/span><\/a><\/p>\n<p><strong>Leitura 4:<\/strong> <a href=\"https:\/\/www.scielo.br\/j\/ape\/a\/sdMHvYVY8hLzRdMCBJTZz9p\/?lang=pt\"><span style=\"font-weight: 400\">Lideran\u00e7a transformacional na pr\u00e1tica dos enfermeiros em um hospital universit\u00e1rio.<\/span><\/a><\/p>\n<p>&nbsp;<\/p>\n","protected":false},"excerpt":{"rendered":"<p>\u00a0\u00a0 \u00a0\u00a0 \u00a0\u00a0 \u00a0\u00a0 \u00a0\u00a0 \u00a0\u00a0 &nbsp; Quer se aprofundar a respeito da preven\u00e7\u00e3o de quedas hospitalares, seguran\u00e7a do paciente e sobre assuntos relacionados ao programa Fall TIPS Brasil? Realize as leituras sugeridas a seguir: Leitura 1: A effectiveness of patient-centered interventions on falls in the acute care setting: a quantitative systematic review protocol.\u00a0 Leitura<br \/> <a href=\"https:\/\/saude.ufpr.br\/enfermagem\/sugestoes-de-leituras-fall-tips\/\" class=\"button success small readmore\">Leia mais<\/a><\/p>\n","protected":false},"author":1675,"featured_media":0,"parent":0,"menu_order":0,"comment_status":"closed","ping_status":"closed","template":"","meta":{"_acf_changed":false,"_uag_custom_page_level_css":"","footnotes":""},"class_list":["post-7597","page","type-page","status-publish","hentry"],"acf":[],"featured_image_src":null,"uagb_featured_image_src":{"full":false,"thumbnail":false,"medium":false,"medium_large":false,"large":false,"1536x1536":false,"2048x2048":false,"noticias-thumb":false,"banners-thumb":false,"maisnoticias-thumb":false,"post-thumbnail":false},"uagb_author_info":{"display_name":"lucianagoncalves","author_link":"https:\/\/saude.ufpr.br\/enfermagem\/author\/lucianagoncalves\/"},"uagb_comment_info":0,"uagb_excerpt":"\u00a0\u00a0 \u00a0\u00a0 \u00a0\u00a0 \u00a0\u00a0 \u00a0\u00a0 \u00a0\u00a0 &nbsp; Quer se aprofundar a respeito da preven\u00e7\u00e3o de quedas hospitalares, seguran\u00e7a do paciente e sobre assuntos relacionados ao programa Fall TIPS Brasil? Realize as leituras sugeridas a seguir: Leitura 1: A effectiveness of patient-centered interventions on falls in the acute care setting: a quantitative systematic review protocol.\u00a0 Leitura&hellip;","publishpress_future_action":{"enabled":false,"date":"2026-05-02 10:51:07","action":"change-status","newStatus":"draft","terms":[],"taxonomy":"","extraData":[]},"publishpress_future_workflow_manual_trigger":{"enabledWorkflows":[]},"_links":{"self":[{"href":"https:\/\/saude.ufpr.br\/enfermagem\/wp-json\/wp\/v2\/pages\/7597","targetHints":{"allow":["GET"]}}],"collection":[{"href":"https:\/\/saude.ufpr.br\/enfermagem\/wp-json\/wp\/v2\/pages"}],"about":[{"href":"https:\/\/saude.ufpr.br\/enfermagem\/wp-json\/wp\/v2\/types\/page"}],"author":[{"embeddable":true,"href":"https:\/\/saude.ufpr.br\/enfermagem\/wp-json\/wp\/v2\/users\/1675"}],"replies":[{"embeddable":true,"href":"https:\/\/saude.ufpr.br\/enfermagem\/wp-json\/wp\/v2\/comments?post=7597"}],"version-history":[{"count":5,"href":"https:\/\/saude.ufpr.br\/enfermagem\/wp-json\/wp\/v2\/pages\/7597\/revisions"}],"predecessor-version":[{"id":7628,"href":"https:\/\/saude.ufpr.br\/enfermagem\/wp-json\/wp\/v2\/pages\/7597\/revisions\/7628"}],"wp:attachment":[{"href":"https:\/\/saude.ufpr.br\/enfermagem\/wp-json\/wp\/v2\/media?parent=7597"}],"curies":[{"name":"wp","href":"https:\/\/api.w.org\/{rel}","templated":true}]}}