{"id":8,"date":"2013-06-12T12:27:58","date_gmt":"2013-06-12T12:27:58","guid":{"rendered":"http:\/\/127.0.0.1\/site%20DENF\/?page_id=5"},"modified":"2026-02-04T14:29:29","modified_gmt":"2026-02-04T17:29:29","slug":"estrutura-administrativa","status":"publish","type":"page","link":"https:\/\/saude.ufpr.br\/enfermagem\/estrutura-administrativa\/","title":{"rendered":"Contatos"},"content":{"rendered":"<hr \/>\n<p style=\"text-align: right\"><span style=\"color: #ff0000\">Atualizada em 06\/05\/2025<br \/>\n<\/span><\/p>\n<p><strong><br \/>\nCoordena\u00e7\u00e3o do Curso de Gradua\u00e7\u00e3o em Enfermagem<\/strong><b><br \/>\n<\/b>Prof.\u00aa Dr\u00aa. Marcia Helena de Souza Freire<br \/>\nProf.\u00aa Dr\u00aa. Kariane Gomes Cezario Roscoche<br \/>\nAdministrador: Paulo Gustavo M. Mikosz<br \/>\nTelefone: 3361-3752<br \/>\n<em>e-mail:<\/em> ufprcenf@gmail.com<\/p>\n<p><b><span data-contrast=\"auto\">** PRESENCIAL nas ter\u00e7as-feiras e quintas-feiras<\/span><\/b><span data-ccp-props=\"{&quot;134233117&quot;:false,&quot;134233118&quot;:false,&quot;201341983&quot;:0,&quot;335551550&quot;:2,&quot;335551620&quot;:2,&quot;335559738&quot;:240,&quot;335559739&quot;:240,&quot;335559740&quot;:240}\">\u00a0<\/span><span data-contrast=\"auto\">das 08h00 \u00e0s 12h00 e 13h30 \u00e0s 16h30. Atendimento online de segunda-feira \u00e0 sexta-feira, via e-mail ufprcenf@gmail.com ou Teams.\u00a0<\/span><span data-ccp-props=\"{&quot;134233117&quot;:false,&quot;134233118&quot;:false,&quot;201341983&quot;:0,&quot;335551550&quot;:2,&quot;335551620&quot;:2,&quot;335559738&quot;:240,&quot;335559739&quot;:240,&quot;335559740&quot;:240}\"><br \/>\n<\/span><b><span data-contrast=\"auto\">** <\/span><\/b><span data-contrast=\"auto\">Servidor participante do Programa de Gest\u00e3o e Desempenho, realizando teletrabalho em regime de execu\u00e7\u00e3o parcial, conforme Instru\u00e7\u00e3o Normativa n\u00b0 01\/2026\/UFPR\/R\/GAB..<\/span><\/p>\n<hr \/>\n<p><span style=\"color: #000000\"><strong>Departamento de Enfermagem<br \/>\n<\/strong><\/span><\/p>\n<p style=\"margin: 0cm;margin-bottom: .0001pt\"><span style=\"color: black\">Prof.\u00aa <span data-olk-copy-source=\"MessageBody\">Dr\u00aa Shirley Boller<\/span><br \/>\n<\/span><span style=\"color: black\">Telefone:\u00a0 3361-3766<\/span><\/p>\n<p style=\"margin: 0cm;margin-bottom: .0001pt\"><em><span style=\"color: black\">e-mail e teams:<\/span><\/em><span style=\"color: black\"> secdenfer@ufpr.br<\/span><\/p>\n<p style=\"margin: 0cm;margin-bottom: .0001pt\">Secretaria:<\/p>\n<p style=\"margin: 0cm;margin-bottom: .0001pt\">Enfermeira Dr\u00aa Jaqueline D. N. Selleti<\/p>\n<p style=\"margin: 0cm;margin-bottom: .0001pt\"><span style=\"color: black\"><span style=\"color: #000000\">Esp. <\/span><span data-olk-copy-source=\"MessageBody\">Tha\u00eds Loures Bello<\/span><\/span><\/p>\n<p><span data-contrast=\"auto\">Atendimento de segunda \u00e0 sexta-feira, das 8h \u00e0s 17h via email ou teams: secdenfer@ufpr.br<\/span><span data-ccp-props=\"{&quot;134233117&quot;:false,&quot;134233118&quot;:false,&quot;201341983&quot;:0,&quot;335551550&quot;:2,&quot;335551620&quot;:2,&quot;335559685&quot;:0,&quot;335559737&quot;:0,&quot;335559738&quot;:0,&quot;335559739&quot;:200,&quot;335559740&quot;:240}\">\u00a0<\/span><\/p>\n<p><b><span data-contrast=\"auto\">** PRESENCIAL de segunda-feira a sexta-feira <\/span><\/b><span data-ccp-props=\"{&quot;134233117&quot;:false,&quot;134233118&quot;:false,&quot;201341983&quot;:0,&quot;335551550&quot;:2,&quot;335551620&quot;:2,&quot;335559738&quot;:240,&quot;335559739&quot;:240,&quot;335559740&quot;:240}\">\u00a0<\/span><span data-contrast=\"auto\">das 8h30 \u00e0s 12h e 13h30 \u00e0s 16h30.<\/span><span data-ccp-props=\"{&quot;134233117&quot;:false,&quot;134233118&quot;:false,&quot;201341983&quot;:0,&quot;335551550&quot;:2,&quot;335551620&quot;:2,&quot;335559738&quot;:240,&quot;335559739&quot;:240,&quot;335559740&quot;:240}\"><br \/>\n<\/span><b><span data-contrast=\"auto\">** <\/span><\/b><span data-contrast=\"auto\">Servidoras participantes do Programa de Gest\u00e3o e Desempenho, realizando teletrabalho em regime de execu\u00e7\u00e3o parcial, conforme Instru\u00e7\u00e3o Normativa n\u00b0 01\/2026\/UFPR\/R\/GAB.<\/span><\/p>\n<hr \/>\n<p><span style=\"color: #000000\"><b>Laborat\u00f3rios<\/b><\/span><\/p>\n<p><span style=\"color: black\">Enfermeira: <\/span>Debora Hoinaski Verbinski<\/p>\n<p><span style=\"color: black\">e-mail: lab_enf@ufpr.br<br \/>\nTelefone: 3361-3753<\/span><span style=\"color: #000000\">\u00a0<\/span><\/p>\n<hr \/>\n<p><span style=\"color: #000000\"><strong>Programa de P\u00f3s-Gradua\u00e7\u00e3o em Enfermagem<br \/>\n<\/strong><\/span><\/p>\n<p style=\"margin: 0cm;margin-bottom: .0001pt\"><span style=\"color: black\">Prof.\u00aa Dr. <\/span>Jorge Vinicius Cestari Felix<\/p>\n<p style=\"margin: 0cm;margin-bottom: .0001pt\"><span style=\"color: black\">Prof. Dr\u00aa. Elizabeth Bernardino<\/span><br \/>\n<span style=\"color: black\">Telefone: 41 3361-3756 e 3361-3799<\/span><br \/>\n<em><span style=\"color: black\">e-mail:<\/span><\/em><span style=\"color: black\"> ppgenf@ufpr.br<\/span><\/p>\n<p style=\"margin: 0cm;margin-bottom: .0001pt\"><span style=\"color: #000000\"> site: <a style=\"color: #000000\" title=\"P\u00f3s gradua\u00e7\u00e3o enfermagem\" href=\"http:\/\/www.prppg.ufpr.br\/ppgenf\/\" target=\"_blank\" rel=\"noopener noreferrer\"><span style=\"color: #0000ff\">http:\/\/www.ppgenf.ufpr.br\/<\/span><\/a><\/span><\/p>\n<p style=\"margin: 0cm;margin-bottom: .0001pt\"><span style=\"color: #000000\">Secret\u00e1ria: Cinthia Ruriko Sakagami<\/span><br \/>\n<span style=\"color: #000000\"> Enfermeira: Adelita Gonzalez M. Denipote<\/span><\/p>\n<hr \/>\n<p><span style=\"color: #000000\"><strong>Programa de P\u00f3s gradua\u00e7\u00e3o Pr\u00e1tica do Cuidado em Sa\u00fade<br \/>\n<\/strong>Prof.\u00aa Dr\u00aa. Karina Silveira de Almeida Hammerschmidt<\/span><br \/>\n<span style=\"color: #000000\"> Prof.\u00aa Dr\u00aa. Susanne Elero Betiolli<\/span><br \/>\n<span style=\"color: #000000\"> Telefone: 41 3361-3626<\/span><br \/>\n<span style=\"color: #000000\"><em> e-mail:<\/em> mestradoprofissionalenfermagem@ufpr.br<br \/>\nsite: <a href=\"http:\/\/www.ppgenf-profissional.ufpr.br\/\">http:\/\/www.ppgenf-profissional.ufpr.br\/<\/a><br \/>\n<\/span>Secret\u00e1ria: Kelli Fabiane Langovski Gomes Krajevski<\/p>\n<hr \/>\n<p><span style=\"color: #000000\"><strong>Revista Cogitare<br \/>\n<\/strong>Editora Chefe Prof.\u00aa Dr\u00aa. \u00a0Luciana de Alcantara Nogueira<\/span><br \/>\n<span style=\"color: #000000\"> Telefone: 41 3361-3755<\/span><br \/>\n<span style=\"color: #000000\"><em> e-mail:<\/em>\u00a0 <a style=\"color: #000000\" href=\"mailto:cogitare@ufpr.br\"><span style=\"text-decoration: underline;color: #0000ff\">cogitare@ufpr.br<\/span><br \/>\n<\/a>site: <a href=\"https:\/\/revistas.ufpr.br\/cogitare\/\">https:\/\/revistas.ufpr.br\/cogitare\/<\/a><a style=\"color: #000000\" title=\"Revista Cogitare\" href=\"www.ser.ufpr.br\/cogitare\" target=\"_blank\" rel=\"noopener noreferrer\"><br \/>\n<\/a><\/span>Assistente em Administra\u00e7\u00e3o: Liciane Sallum<br \/>\nBibliotec\u00e1ria: Cristiane da Silva Camelo<\/p>\n","protected":false},"excerpt":{"rendered":"<p>Atualizada em 06\/05\/2025 Coordena\u00e7\u00e3o do Curso de Gradua\u00e7\u00e3o em Enfermagem Prof.\u00aa Dr\u00aa. Marcia Helena de Souza Freire Prof.\u00aa Dr\u00aa. Kariane Gomes Cezario Roscoche Administrador: Paulo Gustavo M. Mikosz Telefone: 3361-3752 e-mail: ufprcenf@gmail.com ** PRESENCIAL nas ter\u00e7as-feiras e quintas-feiras\u00a0das 08h00 \u00e0s 12h00 e 13h30 \u00e0s 16h30. Atendimento online de segunda-feira \u00e0 sexta-feira, via e-mail ufprcenf@gmail.com ou<br \/> <a href=\"https:\/\/saude.ufpr.br\/enfermagem\/estrutura-administrativa\/\" class=\"button success small readmore\">Leia mais<\/a><\/p>\n","protected":false},"author":6,"featured_media":0,"parent":0,"menu_order":0,"comment_status":"open","ping_status":"open","template":"","meta":{"_acf_changed":false,"_uag_custom_page_level_css":"","footnotes":""},"class_list":["post-8","page","type-page","status-publish","hentry"],"acf":[],"featured_image_src":null,"uagb_featured_image_src":{"full":false,"thumbnail":false,"medium":false,"medium_large":false,"large":false,"1536x1536":false,"2048x2048":false,"noticias-thumb":false,"banners-thumb":false,"maisnoticias-thumb":false,"post-thumbnail":false},"uagb_author_info":{"display_name":"Josi Dourado","author_link":"https:\/\/saude.ufpr.br\/enfermagem\/author\/josidourados\/"},"uagb_comment_info":0,"uagb_excerpt":"Atualizada em 06\/05\/2025 Coordena\u00e7\u00e3o do Curso de Gradua\u00e7\u00e3o em Enfermagem Prof.\u00aa Dr\u00aa. Marcia Helena de Souza Freire Prof.\u00aa Dr\u00aa. Kariane Gomes Cezario Roscoche Administrador: Paulo Gustavo M. Mikosz Telefone: 3361-3752 e-mail: ufprcenf@gmail.com ** PRESENCIAL nas ter\u00e7as-feiras e quintas-feiras\u00a0das 08h00 \u00e0s 12h00 e 13h30 \u00e0s 16h30. Atendimento online de segunda-feira \u00e0 sexta-feira, via e-mail ufprcenf@gmail.com ou&hellip;","publishpress_future_action":{"enabled":false,"date":"2026-04-29 12:49:13","action":"change-status","newStatus":"draft","terms":[],"taxonomy":"","extraData":[]},"publishpress_future_workflow_manual_trigger":{"enabledWorkflows":[]},"_links":{"self":[{"href":"https:\/\/saude.ufpr.br\/enfermagem\/wp-json\/wp\/v2\/pages\/8","targetHints":{"allow":["GET"]}}],"collection":[{"href":"https:\/\/saude.ufpr.br\/enfermagem\/wp-json\/wp\/v2\/pages"}],"about":[{"href":"https:\/\/saude.ufpr.br\/enfermagem\/wp-json\/wp\/v2\/types\/page"}],"author":[{"embeddable":true,"href":"https:\/\/saude.ufpr.br\/enfermagem\/wp-json\/wp\/v2\/users\/6"}],"replies":[{"embeddable":true,"href":"https:\/\/saude.ufpr.br\/enfermagem\/wp-json\/wp\/v2\/comments?post=8"}],"version-history":[{"count":92,"href":"https:\/\/saude.ufpr.br\/enfermagem\/wp-json\/wp\/v2\/pages\/8\/revisions"}],"predecessor-version":[{"id":7822,"href":"https:\/\/saude.ufpr.br\/enfermagem\/wp-json\/wp\/v2\/pages\/8\/revisions\/7822"}],"wp:attachment":[{"href":"https:\/\/saude.ufpr.br\/enfermagem\/wp-json\/wp\/v2\/media?parent=8"}],"curies":[{"name":"wp","href":"https:\/\/api.w.org\/{rel}","templated":true}]}}