{"id":135,"date":"2016-11-11T19:19:01","date_gmt":"2016-11-11T19:19:01","guid":{"rendered":"https:\/\/saude.ufpr.br\/ensinomedico\/?page_id=135"},"modified":"2016-11-16T12:43:20","modified_gmt":"2016-11-16T12:43:20","slug":"resolucoes","status":"publish","type":"page","link":"https:\/\/saude.ufpr.br\/ensinomedico\/resolucoes\/","title":{"rendered":"Resolu\u00e7\u00f5es"},"content":{"rendered":"<p><a href=\"https:\/\/saude.ufpr.br\/ensinomedico\/wp-content\/uploads\/sites\/26\/2016\/11\/Resolucao-42.03-COUN.pdf\">Normas dos cursos de Especializa\u00e7\u00e3o e Aperfei\u00e7oamento da UFPR<\/a><\/p>\n<p><a href=\"https:\/\/saude.ufpr.br\/ensinomedico\/wp-content\/uploads\/sites\/26\/2016\/11\/Resolucao-01.07-CNE.-MEC.pdf\">Normas para Especializa\u00e7\u00f5es &#8211; CNE<\/a><\/p>\n<p><a href=\"https:\/\/saude.ufpr.br\/ensinomedico\/wp-content\/uploads\/sites\/26\/2016\/11\/OS-001.2011-PRPPG.pdf\">Procedimentos para dep\u00f3sito legal de Monografias<\/a><\/p>\n<p>&nbsp;<\/p>\n","protected":false},"excerpt":{"rendered":"<p>Normas dos cursos de Especializa\u00e7\u00e3o e Aperfei\u00e7oamento da UFPR Normas para Especializa\u00e7\u00f5es &#8211; CNE Procedimentos para dep\u00f3sito legal de Monografias &nbsp;<\/p>\n","protected":false},"author":15,"featured_media":0,"parent":0,"menu_order":0,"comment_status":"closed","ping_status":"closed","template":"","meta":{"_acf_changed":false,"_uag_custom_page_level_css":"","footnotes":""},"class_list":["post-135","page","type-page","status-publish","hentry"],"acf":[],"featured_image_src":null,"uagb_featured_image_src":{"full":false,"thumbnail":false,"medium":false,"medium_large":false,"large":false,"1536x1536":false,"2048x2048":false},"uagb_author_info":{"display_name":"Andrea Jankoski","author_link":"https:\/\/saude.ufpr.br\/ensinomedico\/author\/andrea\/"},"uagb_comment_info":0,"uagb_excerpt":"Normas dos cursos de Especializa\u00e7\u00e3o e Aperfei\u00e7oamento da UFPR Normas para Especializa\u00e7\u00f5es &#8211; CNE Procedimentos para dep\u00f3sito legal de Monografias &nbsp;","publishpress_future_action":{"enabled":false,"date":"2026-05-07 17:58:47","action":"change-status","newStatus":"draft","terms":[],"taxonomy":"","extraData":[]},"publishpress_future_workflow_manual_trigger":{"enabledWorkflows":[]},"_links":{"self":[{"href":"https:\/\/saude.ufpr.br\/ensinomedico\/wp-json\/wp\/v2\/pages\/135","targetHints":{"allow":["GET"]}}],"collection":[{"href":"https:\/\/saude.ufpr.br\/ensinomedico\/wp-json\/wp\/v2\/pages"}],"about":[{"href":"https:\/\/saude.ufpr.br\/ensinomedico\/wp-json\/wp\/v2\/types\/page"}],"author":[{"embeddable":true,"href":"https:\/\/saude.ufpr.br\/ensinomedico\/wp-json\/wp\/v2\/users\/15"}],"replies":[{"embeddable":true,"href":"https:\/\/saude.ufpr.br\/ensinomedico\/wp-json\/wp\/v2\/comments?post=135"}],"version-history":[{"count":3,"href":"https:\/\/saude.ufpr.br\/ensinomedico\/wp-json\/wp\/v2\/pages\/135\/revisions"}],"predecessor-version":[{"id":143,"href":"https:\/\/saude.ufpr.br\/ensinomedico\/wp-json\/wp\/v2\/pages\/135\/revisions\/143"}],"wp:attachment":[{"href":"https:\/\/saude.ufpr.br\/ensinomedico\/wp-json\/wp\/v2\/media?parent=135"}],"curies":[{"name":"wp","href":"https:\/\/api.w.org\/{rel}","templated":true}]}}